{"id":5668,"date":"2024-08-14T10:24:09","date_gmt":"2024-08-14T10:24:09","guid":{"rendered":"https:\/\/bandyforbundet.no\/oslo-og-akershus\/?page_id=5668"},"modified":"2025-10-09T13:43:18","modified_gmt":"2025-10-09T13:43:18","slug":"kursoversikt-sesongen-24-25","status":"publish","type":"page","link":"https:\/\/bandyforbundet.no\/oslo-og-akershus\/?page_id=5668","title":{"rendered":"Kursoversikt"},"content":{"rendered":"\n<p>Her finner dere en oversikt over ulike kurs som skal bli gjennomf\u00f8rt av OABR den kommende sesongen. Oversikten vil bli oppdatert jevnlig med nye kurs og datoer.<\/p>\n\n\n\n<p>Hvis du lurer p\u00e5 noe ang\u00e5ende ta kontakt med Nikolai Omdahl &#8211; <a href=\"mailto:nikolai.omdahl@nif.idrett.no\" target=\"_blank\" rel=\"noreferrer noopener\">nikolai.omdahl@nif.idrett.no<\/a><\/p>\n\n\n\n<div class=\"wp-block-msswb-spacer msswb-spacer-container\" style=\"height:50px\"><div class=\"line\" style=\"height:25px\"><\/div><div class=\"line-center-divider\"><\/div><\/div>\n\n\n\n<div class=\"wp-block-msswb-panel msswb-panel-container\"><div class=\"mwwsb-panel-header\"><div class=\"mwwsb-panel-title\">Trenerkurs<\/div><div class=\"mwwsb-panel-icon\"><span class=\"dashicon dashicons dashicons-arrow-down-alt2\"><\/span><\/div><\/div><div class=\"msswb-panel-content\">\n<h6 class=\"wp-block-heading\">Minirundetreneren<\/h6>\n\n\n\n<p><a rel=\"noreferrer noopener\" href=\"https:\/\/isonen.no\/finder\/?offset=0&amp;search=minirundetreneren&amp;club=oslo+og+akershus+bandyregion\" target=\"_blank\">Klikk her for \u00e5 se kommende minirundetreneren-ku<\/a><a rel=\"noreferrer noopener\" href=\"https:\/\/isonen.no\/finder\/?offset=0&amp;search=minirundetreneren&amp;club=oslo+og+akershus+bandyregion\" target=\"_blank\">r<\/a><a rel=\"noreferrer noopener\" href=\"https:\/\/isonen.no\/finder\/?offset=0&amp;search=minirundetreneren&amp;club=oslo+og+akershus+bandyregion\" target=\"_blank\">s<\/a>.<\/p>\n\n\n\n<div class=\"wp-block-msswb-spacer msswb-spacer-container\" style=\"height:50px\"><div class=\"line\" style=\"height:25px\"><\/div><div class=\"line-center-divider\"><\/div><\/div>\n\n\n\n<h6 class=\"wp-block-heading\">Trener 1<\/h6>\n\n\n\n<p><a rel=\"noreferrer noopener\" href=\"https:\/\/isonen.no\/finder\/?offset=0&amp;search=trener+1&amp;club=oslo+og+akershus+bandyregion\" target=\"_blank\">Klikk her for \u00e5 se kommende trener 1-kurs<\/a>.<\/p>\n<\/div><\/div>\n\n\n\n<div class=\"wp-block-msswb-panel msswb-panel-container\"><div class=\"mwwsb-panel-header\"><div class=\"mwwsb-panel-title\">Lagleder<\/div><div class=\"mwwsb-panel-icon\"><span class=\"dashicon dashicons dashicons-arrow-down-alt2\"><\/span><\/div><\/div><div class=\"msswb-panel-content\">\n<p><a href=\"https:\/\/isonen.no\/finder\/?offset=0&amp;search=lagleder&amp;club=oslo+og+akershus+bandyregion&amp;sfName=Norges+Bandyforbund\" target=\"_blank\" rel=\"noreferrer noopener\">Klikk her for \u00e5 se kommende laglederkurs<\/a>.<\/p>\n\n\n\n<p><em>(Det blir satt opp laglederkurs i l\u00f8pet av h\u00f8sten 2025. Datoer og steder kommer s\u00e5 snart dette er klart.)<\/em><\/p>\n<\/div><\/div>\n\n\n\n<div class=\"wp-block-msswb-panel msswb-panel-container\"><div class=\"mwwsb-panel-header\"><div class=\"mwwsb-panel-title\">Dommerkurs<\/div><div class=\"mwwsb-panel-icon\"><span class=\"dashicon dashicons dashicons-arrow-down-alt2\"><\/span><\/div><\/div><div class=\"msswb-panel-content\">\n<h6 class=\"wp-block-heading\">Klubbdommerkurs<\/h6>\n\n\n\n<p><a href=\"https:\/\/isonen.no\/finder\/?offset=0&amp;search=klubbdommerkurs&amp;club=oslo+og+akershus+bandyregion&amp;organizer=Oslo+og+Akershus+Bandyregion&amp;location=Akershus%2COslo&amp;sfName=Norges+Bandyforbund\" target=\"_blank\" rel=\"noreferrer noopener\">Klikk her for \u00e5 se kommende klubbdommerkurs<\/a>.<\/p>\n\n\n\n<p>Klubbdommerkurs kan ogs\u00e5 bli arrangert lokalt i klubb p\u00e5 foresp\u00f8rsel. Ta kontakt via <a href=\"mailto:innebandy.oabr@nif.idrett.no\" target=\"_blank\" rel=\"noreferrer noopener\">innebandy.oabr@nif.idrett.no<\/a> for \u00e5 avtale n\u00e6rmere.<\/p>\n\n\n\n<p><em><strong>MERK!<\/strong> For \u00e5 delta p\u00e5 klubbdommerkurs m\u00e5 dommeren fylle 14 \u00e5r i l\u00f8pet av 2025 (f\u00f8dt 2011).<\/em><\/p>\n\n\n\n<div class=\"wp-block-msswb-spacer msswb-spacer-container\" style=\"height:50px\"><div class=\"line\" style=\"height:25px\"><\/div><div class=\"line-center-divider\"><\/div><\/div>\n\n\n\n<h6 class=\"wp-block-heading\">Grunnkurs 1<\/h6>\n\n\n\n<p><a href=\"https:\/\/isonen.no\/finder\/?offset=0&amp;search=grunnkurs+1&amp;club=oslo+og+akershus+bandyregion&amp;organizer=Oslo+og+Akershus+Bandyregion&amp;location=Akershus%2COslo&amp;sfName=Norges+Bandyforbund\" target=\"_blank\" rel=\"noreferrer noopener\">Klikk her for \u00e5 se kommende GK1-kurs<\/a>.<\/p>\n\n\n\n<p><em><strong>MERK!<\/strong> For \u00e5 delta p\u00e5 grunnkurs 1 sesongen 25\/26 m\u00e5 deltageren fylle 16 \u00e5r i l\u00f8pet av 2025 (f\u00f8dt 2009).<\/em><\/p>\n\n\n\n<div class=\"wp-block-msswb-spacer msswb-spacer-container\" style=\"height:50px\"><div class=\"line\" style=\"height:25px\"><\/div><div class=\"line-center-divider\"><\/div><\/div>\n\n\n\n<h6 class=\"wp-block-heading\">Grunnkurs 2<\/h6>\n\n\n\n<p><a href=\"https:\/\/isonen.no\/finder\/?offset=0&amp;search=grunnkurs+2&amp;club=oslo+og+akershus+bandyregion&amp;organizer=Oslo+og+Akershus+Bandyregion&amp;location=Akershus%2COslo&amp;sfName=Norges+Bandyforbund\" target=\"_blank\" rel=\"noreferrer noopener\">Klikk her for \u00e5 se kommende GK2-kurs<\/a>.<\/p>\n\n\n\n<p><em><strong>MERK!<\/strong> For \u00e5 delta p\u00e5 grunnkurs 2 <em>sesongen 25\/26 <\/em>m\u00e5 deltageren fylle 16 \u00e5r i l\u00f8pet av 2025 (f\u00f8dt 2009) og ha best\u00e5tt grunnkurs 1.<\/em><\/p>\n\n\n\n<div class=\"wp-block-msswb-spacer msswb-spacer-container\" style=\"height:50px\"><div class=\"line\" style=\"height:25px\"><\/div><div class=\"line-center-divider\"><\/div><\/div>\n\n\n\n<h6 class=\"wp-block-heading\">Videreg\u00e5ende kurs 1<\/h6>\n\n\n\n<p><a href=\"https:\/\/isonen.no\/finder\/?offset=0&amp;search=videreg%C3%A5ende+kurs+1&amp;club=oslo+og+akershus+bandyregion&amp;organizer=Oslo+og+Akershus+Bandyregion&amp;location=Akershus%2COslo&amp;sfName=Norges+Bandyforbund\" target=\"_blank\" rel=\"noreferrer noopener\">Klikk her for \u00e5 se kommende VK1-kurs<\/a>.<\/p>\n\n\n\n<p><em><strong>MERK!<\/strong> For \u00e5 delta p\u00e5 videreg\u00e5ende kurs 1 m\u00e5 deltageren og ha best\u00e5tt grunnkurs 1 og grunnkurs 2.<\/em><\/p>\n<\/div><\/div>\n\n\n\n<div class=\"wp-block-msswb-panel msswb-panel-container\"><div class=\"mwwsb-panel-header\"><div class=\"mwwsb-panel-title\">For klubbens ledelse, komiteer og utvalg<\/div><div class=\"mwwsb-panel-icon\"><span class=\"dashicon dashicons dashicons-arrow-down-alt2\"><\/span><\/div><\/div><div class=\"msswb-panel-content\">\n<h6 class=\"wp-block-heading\">Kurs i KlubbAdmin<\/h6>\n\n\n\n<p>NIF Digital setter jevnlig opp kurs relatert til KlubbAdmin.<\/p>\n\n\n\n<ul class=\"wp-block-list\">\n<li><a rel=\"noreferrer noopener\" href=\"https:\/\/www.idrettsforbundet.no\/digital\/klubbadmin\/klubbadmin-kurs\/\" target=\"_blank\">Klikk her for \u00e5 se kommende KlubbAdmin-kurs<\/a>.<\/li>\n<\/ul>\n\n\n\n<div class=\"wp-block-msswb-spacer msswb-spacer-container\" style=\"height:50px\"><div class=\"line\" style=\"height:25px\"><\/div><div class=\"line-center-divider\"><\/div><\/div>\n\n\n\n<h6 class=\"wp-block-heading\">Kurs for kontrollutvalg, valgkomit\u00e9 og \u00f8konomistyring<\/h6>\n\n\n\n<p>Idrettskretsene arrangerer jevnlig kurs innen disse fagomr\u00e5dene.<\/p>\n\n\n\n<ul class=\"wp-block-list\">\n<li><a href=\"https:\/\/www.idrettsforbundet.no\/idrettskrets\/oslo\/kalender\/\" target=\"_blank\" rel=\"noreferrer noopener\">Klikk her for \u00e5 se kurs arrangert av Oslo Idrettskrets.<\/a><\/li>\n\n\n\n<li><a href=\"https:\/\/www.idrettsforbundet.no\/idrettskrets\/viken\/kalender\/\" target=\"_blank\" rel=\"noreferrer noopener\">Klikk her for \u00e5 se kurs arrangert av Viken Idrettskrets.<\/a><\/li>\n<\/ul>\n<\/div><\/div>\n","protected":false},"excerpt":{"rendered":"<p>Her finner dere en oversikt over ulike kurs som skal bli gjennomf\u00f8rt av OABR den kommende sesongen. Oversikten vil bli oppdatert jevnlig med nye kurs og datoer. Hvis du lurer p\u00e5 noe ang\u00e5ende ta kontakt med Nikolai Omdahl &#8211; nikolai.omdahl@nif.idrett.no<\/p>\n","protected":false},"author":63,"featured_media":0,"parent":655,"menu_order":4,"comment_status":"closed","ping_status":"closed","template":"","meta":{"cover_meta":"","footnotes":""},"class_list":["post-5668","page","type-page","status-publish","hentry"],"_links":{"self":[{"href":"https:\/\/bandyforbundet.no\/oslo-og-akershus\/index.php?rest_route=\/wp\/v2\/pages\/5668","targetHints":{"allow":["GET"]}}],"collection":[{"href":"https:\/\/bandyforbundet.no\/oslo-og-akershus\/index.php?rest_route=\/wp\/v2\/pages"}],"about":[{"href":"https:\/\/bandyforbundet.no\/oslo-og-akershus\/index.php?rest_route=\/wp\/v2\/types\/page"}],"author":[{"embeddable":true,"href":"https:\/\/bandyforbundet.no\/oslo-og-akershus\/index.php?rest_route=\/wp\/v2\/users\/63"}],"replies":[{"embeddable":true,"href":"https:\/\/bandyforbundet.no\/oslo-og-akershus\/index.php?rest_route=%2Fwp%2Fv2%2Fcomments&post=5668"}],"version-history":[{"count":32,"href":"https:\/\/bandyforbundet.no\/oslo-og-akershus\/index.php?rest_route=\/wp\/v2\/pages\/5668\/revisions"}],"predecessor-version":[{"id":7713,"href":"https:\/\/bandyforbundet.no\/oslo-og-akershus\/index.php?rest_route=\/wp\/v2\/pages\/5668\/revisions\/7713"}],"up":[{"embeddable":true,"href":"https:\/\/bandyforbundet.no\/oslo-og-akershus\/index.php?rest_route=\/wp\/v2\/pages\/655"}],"wp:attachment":[{"href":"https:\/\/bandyforbundet.no\/oslo-og-akershus\/index.php?rest_route=%2Fwp%2Fv2%2Fmedia&parent=5668"}],"curies":[{"name":"wp","href":"https:\/\/api.w.org\/{rel}","templated":true}]}}