{"id":6071,"date":"2024-09-26T08:38:38","date_gmt":"2024-09-26T08:38:38","guid":{"rendered":"https:\/\/bandyforbundet.no\/oslo-og-akershus\/?page_id=6071"},"modified":"2024-09-26T08:38:38","modified_gmt":"2024-09-26T08:38:38","slug":"dommerkvote-klubb","status":"publish","type":"page","link":"https:\/\/bandyforbundet.no\/oslo-og-akershus\/?page_id=6071","title":{"rendered":"Dommerkvote klubb"},"content":{"rendered":"\n<p>F\u00f8lgende klasser teller i kvotebestemmelsene&nbsp;ihht.&nbsp;NBFs&nbsp;kampreglementet \u00a7 6, punkt 10:&nbsp;<br>Alle klubber med seniorlag (innebefatter Old Boys og Veteran) og J\/G17\/18\/19\/20 m\u00e5 minimum ha to (2) dommere.&nbsp;<\/p>\n\n\n\n<p>Antall dommere klubbene er forpliktet til \u00e5 ha:&nbsp;<\/p>\n\n\n\n<ul class=\"wp-block-list\">\n<li>F\u00f8rste tellende lag to (2) dommere.&nbsp;<\/li>\n\n\n\n<li>For hvert av de \u00f8vrig tellende lag en (1) dommer.&nbsp;<\/li>\n\n\n\n<li>Ingen klubb kan p\u00e5legges \u00e5 ha mer enn \u00e5tte (8) dommere.&nbsp;<\/li>\n\n\n\n<li>Hver dommer skal d\u00f8mme minimum 15 kamper. F\u00f8rste \u00e5rs dommere skal forpliktes til minst 8 kamper. Avdelingsstyret kan dispensere fra den regelen.&nbsp;<\/li>\n\n\n\n<li>Forbundsseriedommere m\u00e5 d\u00f8mme minimum 10 kamper for \u00e5 telle p\u00e5 kvoten.&nbsp;<\/li>\n\n\n\n<li>Klubber, som skal ha fire eller fem dommere, m\u00e5 ha en (1) dommer over 20 \u00e5r p\u00e5 sin kvote.&nbsp;<\/li>\n<\/ul>\n\n\n\n<p>Klubber, som skal ha fire eller fem dommere, kan ha en (1) observat\u00f8r\/veileder p\u00e5 kvoten. Klubber, som skal ha fra seks til \u00e5tte dommere, kan ha to (2) observat\u00f8rer\/veiledere p\u00e5 kvoten. Observat\u00f8rer\/veiledere m\u00e5 ogs\u00e5 forplikte seg til minst 15 kamper pr. sesong.&nbsp;<\/p>\n\n\n\n<p>Alle dommere m\u00e5 ha betalt spiller- eller dommerlisens og best\u00e5tt&nbsp;regeltest&nbsp;for \u00e5 telle p\u00e5 kvoten.&nbsp;<\/p>\n\n\n\n<div class=\"wp-block-msswb-spacer msswb-spacer-container\" style=\"height:50px\"><div class=\"line\" style=\"height:25px\"><\/div><div class=\"line-center-divider\"><\/div><\/div>\n\n\n\n<h6 class=\"wp-block-heading\">Gebyr for manglende dommere\u00a0<\/h6>\n\n\n\n<p>Ihht. Straffereaksjoner for brudd p\u00e5 NBF `s kampreglement pkt.5 gjelder f\u00f8lgende:&nbsp;<\/p>\n\n\n\n<p>Kr. 4000,- pr. manglende dommer. Klubber uten noen dommere, innbetaler dette sammen med serieavgiften. Bel\u00f8pet refunderes, hvis klubben i l\u00f8pet av sesongen f\u00e5r aktive dommere. Klubber som har 3 eller f\u00e6rre tellende dommere, betaler kr. 2000,- pr. dommer.&nbsp;<\/p>\n","protected":false},"excerpt":{"rendered":"<p>F\u00f8lgende klasser teller i kvotebestemmelsene&nbsp;ihht.&nbsp;NBFs&nbsp;kampreglementet \u00a7 6, punkt 10:&nbsp;Alle klubber med seniorlag (innebefatter Old Boys og Veteran) og J\/G17\/18\/19\/20 m\u00e5 minimum ha to (2) dommere.&nbsp; Antall dommere klubbene er forpliktet til \u00e5 ha:&nbsp; Klubber, som skal ha fire eller fem dommere, kan ha en (1) observat\u00f8r\/veileder p\u00e5 kvoten. Klubber, som skal ha fra seks til [&hellip;]<\/p>\n","protected":false},"author":73,"featured_media":0,"parent":0,"menu_order":0,"comment_status":"closed","ping_status":"closed","template":"","meta":{"cover_meta":"","footnotes":""},"class_list":["post-6071","page","type-page","status-publish","hentry"],"_links":{"self":[{"href":"https:\/\/bandyforbundet.no\/oslo-og-akershus\/index.php?rest_route=\/wp\/v2\/pages\/6071","targetHints":{"allow":["GET"]}}],"collection":[{"href":"https:\/\/bandyforbundet.no\/oslo-og-akershus\/index.php?rest_route=\/wp\/v2\/pages"}],"about":[{"href":"https:\/\/bandyforbundet.no\/oslo-og-akershus\/index.php?rest_route=\/wp\/v2\/types\/page"}],"author":[{"embeddable":true,"href":"https:\/\/bandyforbundet.no\/oslo-og-akershus\/index.php?rest_route=\/wp\/v2\/users\/73"}],"replies":[{"embeddable":true,"href":"https:\/\/bandyforbundet.no\/oslo-og-akershus\/index.php?rest_route=%2Fwp%2Fv2%2Fcomments&post=6071"}],"version-history":[{"count":1,"href":"https:\/\/bandyforbundet.no\/oslo-og-akershus\/index.php?rest_route=\/wp\/v2\/pages\/6071\/revisions"}],"predecessor-version":[{"id":6072,"href":"https:\/\/bandyforbundet.no\/oslo-og-akershus\/index.php?rest_route=\/wp\/v2\/pages\/6071\/revisions\/6072"}],"wp:attachment":[{"href":"https:\/\/bandyforbundet.no\/oslo-og-akershus\/index.php?rest_route=%2Fwp%2Fv2%2Fmedia&parent=6071"}],"curies":[{"name":"wp","href":"https:\/\/api.w.org\/{rel}","templated":true}]}}