{"id":609,"date":"2017-09-26T14:41:59","date_gmt":"2017-09-26T12:41:59","guid":{"rendered":"http:\/\/bandyforbundet.no\/oslo-og-akershus\/?page_id=609"},"modified":"2024-10-08T11:19:40","modified_gmt":"2024-10-08T11:19:40","slug":"dommerhonorar-2","status":"publish","type":"page","link":"https:\/\/bandyforbundet.no\/oslo-og-akershus\/?page_id=609","title":{"rendered":"Dommerhonorar"},"content":{"rendered":"\n<figure class=\"wp-block-table is-style-stripes\"><table><thead><tr><th>Niv\u00e5<\/th><th class=\"has-text-align-right\" data-align=\"right\">Sesongen 24\/25<\/th><th class=\"has-text-align-right\" data-align=\"right\">Sesongen 25\/26<\/th><\/tr><\/thead><tbody><tr><td>2. div menn, 1. div kvinner, G\/J 18-23, 19, 18, 17<br><em>(\u00abGruppe 1 og 2 kamper\u00bb)<\/em><\/td><td class=\"has-text-align-right\" data-align=\"right\">500 kr<\/td><td class=\"has-text-align-right\" data-align=\"right\">600 kr<\/td><\/tr><tr><td>\u00d8vrige seniorkamper menn og kvinner, old boys, G\/J16\/15<br><em>(\u00abGruppe 2 kamper\u00bb)<\/em><\/td><td class=\"has-text-align-right\" data-align=\"right\">400 kr<\/td><td class=\"has-text-align-right\" data-align=\"right\">450 kr<\/td><\/tr><tr><td>G\/J 14\/13\/12<br><em>(\u00abGruppe 2 og 3 kamper\u00bb)<\/em><\/td><td class=\"has-text-align-right\" data-align=\"right\">300 kr<\/td><td class=\"has-text-align-right\" data-align=\"right\">350 kr<\/td><\/tr><tr><td>Veteran<\/td><td class=\"has-text-align-right\" data-align=\"right\">300 kr<\/td><td class=\"has-text-align-right\" data-align=\"right\">300 kr<\/td><\/tr><tr><td>Superveteran, old girls<br><em>(\u00abGruppe 2 kamper\u00bb)<\/em><\/td><td class=\"has-text-align-right\" data-align=\"right\">250 kr<\/td><td class=\"has-text-align-right\" data-align=\"right\">250 kr<\/td><\/tr><tr><td>G\/J 11\/10<br><em>(\u00abGruppe 4 kamper\u00bb)<\/em><\/td><td class=\"has-text-align-right\" data-align=\"right\">150 kr<\/td><td class=\"has-text-align-right\" data-align=\"right\">200 kr<\/td><\/tr><\/tbody><\/table><\/figure>\n\n\n\n<p>I Regionscupens innledendekamper er spilletiden forkortet og der gjelder egne dommersatser.<\/p>\n\n\n\n<p>Kj\u00f8regodtgj\u00f8relse f\u00f8lger &laquo;statens satser&raquo; for trekkfri og skattefri kilometergodtgj\u00f8relse. Gjeldende sats er kr. 3,50 pr. km.<\/p>\n\n\n\n<p>Sist vedtatt p\u00e5 regionstinget OABR 02.06.2022 og honorarsatser fra sesongen 25\/26 sist vedtatt p\u00e5 ekstraordin\u00e6rt regionsting 25.09.2024.<\/p>\n\n\n\n<p><strong>KJ\u00d8REGODTGJ\u00d8RELSE, DIETT, PASSASJERTILLEGG&nbsp;<\/strong><\/p>\n\n\n\n<ul class=\"wp-block-list\">\n<li>Statens skattefrie satser pr. kilometer i kj\u00f8regodtgj\u00f8relse<\/li>\n\n\n\n<li>1 kr pr km i passasjertillegg&nbsp;<\/li>\n\n\n\n<li>200 kr i diett hvis reisen varer over 6 timer&nbsp;<\/li>\n<\/ul>\n\n\n\n<p>Dersom en kamp utg\u00e5r&nbsp;etter&nbsp;klokken 12:00 siste virkedag f\u00f8r kampdag, er det laget som for\u00e5rsaker hendelsen som er ansvarlig for \u00e5 betale dommerhonoraret til dommerne.&nbsp;<\/p>\n\n\n\n<p>Dersom dommerhonoraret ikke er utbetalt til dommerne innen 7 dager etter at bilag\/dommerkvittering er sendt den klubben som er ansvarlig for betalingen, m\u00e5 dommerne rapportere dette inn til administrasjonen. OABR vil i etterkant kreve inn kamphonoraret til dommerne fra de involverte klubbene.&nbsp;<\/p>\n\n\n\n<p>Dersom OABR m\u00e5 kreve inn dommerhonoraret fra klubbene tillegges et&nbsp;en bot p\u00e5 kr 600 i tillegg til dommerhonorarene.&nbsp;<\/p>\n\n\n\n<p>I de tilfeller som faller innenfor force majeure, hvor ingen av lagene\/klubbene kan lastes for at kampen(e) ikke kan gjennomf\u00f8res som planlagt, gis ikke rett p\u00e5 dommerbetaling og dommerne kan p\u00e5 bakgrunn av dette ikke kreve kompensasjon for utg\u00e5tt kamp(er).<\/p>\n","protected":false},"excerpt":{"rendered":"<p>Niv\u00e5 Sesongen 24\/25 Sesongen 25\/26 2. div menn, 1. div kvinner, G\/J 18-23, 19, 18, 17(\u00abGruppe 1 og 2 kamper\u00bb) 500 kr 600 kr \u00d8vrige seniorkamper menn og kvinner, old boys, G\/J16\/15(\u00abGruppe 2 kamper\u00bb) 400 kr 450 kr G\/J 14\/13\/12(\u00abGruppe 2 og 3 kamper\u00bb) 300 kr 350 kr Veteran 300 kr 300 kr Superveteran, old [&hellip;]<\/p>\n","protected":false},"author":24,"featured_media":0,"parent":608,"menu_order":0,"comment_status":"closed","ping_status":"closed","template":"","meta":{"cover_meta":"","footnotes":""},"class_list":["post-609","page","type-page","status-publish","hentry"],"_links":{"self":[{"href":"https:\/\/bandyforbundet.no\/oslo-og-akershus\/index.php?rest_route=\/wp\/v2\/pages\/609","targetHints":{"allow":["GET"]}}],"collection":[{"href":"https:\/\/bandyforbundet.no\/oslo-og-akershus\/index.php?rest_route=\/wp\/v2\/pages"}],"about":[{"href":"https:\/\/bandyforbundet.no\/oslo-og-akershus\/index.php?rest_route=\/wp\/v2\/types\/page"}],"author":[{"embeddable":true,"href":"https:\/\/bandyforbundet.no\/oslo-og-akershus\/index.php?rest_route=\/wp\/v2\/users\/24"}],"replies":[{"embeddable":true,"href":"https:\/\/bandyforbundet.no\/oslo-og-akershus\/index.php?rest_route=%2Fwp%2Fv2%2Fcomments&post=609"}],"version-history":[{"count":15,"href":"https:\/\/bandyforbundet.no\/oslo-og-akershus\/index.php?rest_route=\/wp\/v2\/pages\/609\/revisions"}],"predecessor-version":[{"id":6220,"href":"https:\/\/bandyforbundet.no\/oslo-og-akershus\/index.php?rest_route=\/wp\/v2\/pages\/609\/revisions\/6220"}],"up":[{"embeddable":true,"href":"https:\/\/bandyforbundet.no\/oslo-og-akershus\/index.php?rest_route=\/wp\/v2\/pages\/608"}],"wp:attachment":[{"href":"https:\/\/bandyforbundet.no\/oslo-og-akershus\/index.php?rest_route=%2Fwp%2Fv2%2Fmedia&parent=609"}],"curies":[{"name":"wp","href":"https:\/\/api.w.org\/{rel}","templated":true}]}}