{"id":635,"date":"2017-06-20T09:23:51","date_gmt":"2017-06-20T07:23:51","guid":{"rendered":"http:\/\/bandyforbundet.no\/oslo-og-akershus\/?page_id=635"},"modified":"2024-11-29T07:34:18","modified_gmt":"2024-11-29T07:34:18","slug":"skjema-2","status":"publish","type":"page","link":"https:\/\/bandyforbundet.no\/oslo-og-akershus\/?page_id=635","title":{"rendered":"Hederstegn"},"content":{"rendered":"\n<div class=\"wp-block-msswb-panel msswb-panel-container\"><div class=\"mwwsb-panel-header\"><div class=\"mwwsb-panel-title\">Statutter Hedersbevisninger i Oslo og Akershus Bandyregion  &#8211; Innebandy<\/div><div class=\"mwwsb-panel-icon\"><span class=\"dashicon dashicons dashicons-arrow-down-alt2\"><\/span><\/div><\/div><div class=\"msswb-panel-content\">\n<ol class=\"wp-block-list\">\n<li>Oslo og Akershus Bandyregions merke i gull tildeles personer som i en \u00e5rrekke har utf\u00f8rt et administrativt betydningsfullt og uegennyttig arbeid for innebandy i Oslo og Akershus Bandyregion.<br>Innehavere av regionens gullmerke tildeles Oslo og Akershus Bandyregions diplom og regionens adgangskort for 2 personer.<br><\/li>\n\n\n\n<li>Oslo og Akershus Bandyregions merke i s\u00f8lv tildeles personer som har nedlagt et betydningsfullt arbeid for innebandy i Oslo og Akershus Bandyregion eller ved utmerket aktiv innsats p\u00e5 region og\/eller forbundslag eller som dommer.<br>Innehaver av regionens s\u00f8lvmerke tildeles Oslo og Akershus Bandyregions diplom og regionens adgangskort for 2 personer.<br><\/li>\n\n\n\n<li>Oslo og Akershus Bandyregions hedersgave tildeles enkeltpersoner eller grupper, som i en \u00e5rrekke har nedlagt et betydningsfullt arbeid for \u00e5 fremme innebandy p\u00e5 klubb og eller kretsplan.<br><\/li>\n\n\n\n<li>Avdelingsstyret oppnevner hvert annet \u00e5r en hedersbevisningskomit\u00e8 p\u00e5 5 medlemmer, som selv velger sin leder, til \u00e5 utnevne personer til hedersbevisninger.<br>Ett av medlemmene skal v\u00e6re tilknyttet avdelingsstyret.<br>Det forutsettes at komit\u00e8en har l\u00f8pende kontinuitet og at de oppnevnte personer har bred og langvarig kjennskap til det arbeid og de aktiviteter som har funnet sted over en lengre periode, eksempelvis personer tilknyttet regionsadministrasjonen og merkeinnehavere.<br><\/li>\n\n\n\n<li>Forslag p\u00e5 kandidater til hedersmerke og hedersgave kan ogs\u00e5 komme fra enkeltpersoner eller klubber og m\u00e5 v\u00e6re region i hende senest 1. april. Utdelingen av hedersbevisninger finner sted p\u00e5 innebandyavdelingens \u00e5rsm\u00f8te eller ved en annen spesiell anledning.<br>Hederskomite\u00e8ns vedtak er endelig og leveres skriftlig til avdelingsstyret senest fire uker f\u00f8r utdeling sammen med beretning.<br><\/li>\n\n\n\n<li>Hedersmerke kan tildeles post mortem.<\/li>\n<\/ol>\n<\/div><\/div>\n\n\n\n<h5 class=\"wp-block-heading\">Tildelte hederstegn<\/h5>\n\n\n\n<h6 class=\"wp-block-heading\">Hedersmerke i gull<\/h6>\n\n\n\n<p>2012: Morten Isnes, Sveiva<br>2013: Ivar Nordberg, Holmlia<br>2016: Jan Nordli, H\u00f8ybr\u00e5ten\/Stovner<br>2018: Odd H. Arntzen, B\u00e6kkelaget<br>2018: Morten Lindem, Tunet<\/p>\n\n\n\n<h6 class=\"wp-block-heading\">Hedersmerke i s\u00f8lv<\/h6>\n\n\n\n<p><strong>Ledere<\/strong><\/p>\n\n\n\n<p>2012: Terje Bratland, Grei<br>2014: Rebekka Bondesen, Bygd\u00f8 Monolitten<br>2014: Gitte Bjerkelund, Tunet<br>2014: Roger Andersen, Gjeller\u00e5sen<br>2015: Erik Eriksson, Fjerdingby<br>2015: Monica Bakke, Holmlia<br>2015: Andreas Hildremyr, Holmlia<br>2015: Carl-Otto Evensen, \u00d8stensj\u00f8\/Dverg<br>2016: Henrik \u00d8steby, \u00d8stensj\u00f8\/Dverg<br>2017: Sigurd Solem, Bygd\u00f8 Monolitten<br>2019: Terje Sletten, Sveiva<br>2022: Bj\u00f8rn-Erik Thorp, Tunet<\/p>\n\n\n\n<p><strong>Spillere<\/strong><\/p>\n\n\n\n<p>2012: Raymond Evensen, Fjerdingby<br>2014: Andreas Sletten, Sveiva<br>2017: Ketil Kronberg, Gjeller\u00e5sen<\/p>\n\n\n\n<p><strong>Dommere<\/strong><\/p>\n\n\n\n<p>2013: Rune Ali Zouhar, Bygd\u00f8 Monolitten<br>2013: Kim A. J\u00f8rstad, Bygd\u00f8 Monolitten<br>2017: Jan Magnar Ingebrigtsli, Nittedal<br>2019: Bj\u00f8rn Aksel Henriksen, Sagene<br>2024: Ronny Myhrhaug, Str\u00f8mmen<\/p>\n\n\n\n<h6 class=\"wp-block-heading\">Hedersgave<\/h6>\n\n\n\n<p>2012: Johnny Finstad, Tunet<br>2012: Thor Johnsen, Roms\u00e5s<br>2012: Stig Rune Backs\u00e6ther, Str\u00f8mmen<br>2014: Jan Frode Snellingen, Sagene<br>2015: J\u00f8rgen Klem, Nittedal<br>2015: David Garcia, Grei<br>2016: Arne Semb, B\u00e6rums Verk Hauger<br>2016: Jim A. Nymoen, B\u00e6rums Verk Hauger<br>2017: Lena Bergersen Franang, Tunet<br>2018: Ann Marit Ansnes, Gjeller\u00e5sen<br>2018: Thor Dag Falkeid, Gjeller\u00e5sen<br>2019: Lotte Nesbakken, Holmlia<br>2019: Andre Luytkis, B\u00e6rums Verk Hauger<\/p>\n","protected":false},"excerpt":{"rendered":"<p>Tildelte hederstegn Hedersmerke i gull 2012: Morten Isnes, Sveiva2013: Ivar Nordberg, Holmlia2016: Jan Nordli, H\u00f8ybr\u00e5ten\/Stovner2018: Odd H. Arntzen, B\u00e6kkelaget2018: Morten Lindem, Tunet Hedersmerke i s\u00f8lv Ledere 2012: Terje Bratland, Grei2014: Rebekka Bondesen, Bygd\u00f8 Monolitten2014: Gitte Bjerkelund, Tunet2014: Roger Andersen, Gjeller\u00e5sen2015: Erik Eriksson, Fjerdingby2015: Monica Bakke, Holmlia2015: Andreas Hildremyr, Holmlia2015: Carl-Otto Evensen, \u00d8stensj\u00f8\/Dverg2016: Henrik \u00d8steby, \u00d8stensj\u00f8\/Dverg2017: [&hellip;]<\/p>\n","protected":false},"author":6,"featured_media":0,"parent":624,"menu_order":0,"comment_status":"closed","ping_status":"closed","template":"","meta":{"cover_meta":"","footnotes":""},"class_list":["post-635","page","type-page","status-publish","hentry"],"_links":{"self":[{"href":"https:\/\/bandyforbundet.no\/oslo-og-akershus\/index.php?rest_route=\/wp\/v2\/pages\/635","targetHints":{"allow":["GET"]}}],"collection":[{"href":"https:\/\/bandyforbundet.no\/oslo-og-akershus\/index.php?rest_route=\/wp\/v2\/pages"}],"about":[{"href":"https:\/\/bandyforbundet.no\/oslo-og-akershus\/index.php?rest_route=\/wp\/v2\/types\/page"}],"author":[{"embeddable":true,"href":"https:\/\/bandyforbundet.no\/oslo-og-akershus\/index.php?rest_route=\/wp\/v2\/users\/6"}],"replies":[{"embeddable":true,"href":"https:\/\/bandyforbundet.no\/oslo-og-akershus\/index.php?rest_route=%2Fwp%2Fv2%2Fcomments&post=635"}],"version-history":[{"count":8,"href":"https:\/\/bandyforbundet.no\/oslo-og-akershus\/index.php?rest_route=\/wp\/v2\/pages\/635\/revisions"}],"predecessor-version":[{"id":6413,"href":"https:\/\/bandyforbundet.no\/oslo-og-akershus\/index.php?rest_route=\/wp\/v2\/pages\/635\/revisions\/6413"}],"up":[{"embeddable":true,"href":"https:\/\/bandyforbundet.no\/oslo-og-akershus\/index.php?rest_route=\/wp\/v2\/pages\/624"}],"wp:attachment":[{"href":"https:\/\/bandyforbundet.no\/oslo-og-akershus\/index.php?rest_route=%2Fwp%2Fv2%2Fmedia&parent=635"}],"curies":[{"name":"wp","href":"https:\/\/api.w.org\/{rel}","templated":true}]}}