{"id":636,"date":"2019-08-30T10:12:59","date_gmt":"2019-08-30T08:12:59","guid":{"rendered":"http:\/\/bandyforbundet.no\/oslo-og-akershus\/?page_id=636"},"modified":"2025-09-16T10:50:57","modified_gmt":"2025-09-16T10:50:57","slug":"treningstid","status":"publish","type":"page","link":"https:\/\/bandyforbundet.no\/oslo-og-akershus\/?page_id=636","title":{"rendered":"Treningstid"},"content":{"rendered":"\n<p>I Oslo blir treningstider og arrangementstider i hallene fordelt av Oslo Idrettskrets p\u00e5 vegne av Oslo kommune. Fordelingsprosessen har flere ulike trinn, noe som er illustrert i figuren under:<\/p>\n\n\n<div class=\"msswb-image-frontend-app\"data-href-target=\"false\" data-href=\"%22%22\" data-use-link=\"false\" data-screen-width=\"false\" data-alignment=\"%22center%22\" data-url=\"%22%5C%2Fwp-content%5C%2Fuploads%5C%2Fsites%5C%2F7%5C%2F2024%5C%2F06%5C%2Ffordelingsprosess.png%22\" data-is-background-image=\"false\" data-border-radius=\"0\" data-image-width=\"1329\" data-image-height=\"169\" data-selected-image=\"%7B%22image_id%22%3A5542%2C%22blog_id%22%3A7%2C%22term_id%22%3A-1%2C%22selected_size%22%3A%22full%22%7D\" data-image-aspect-ratio=\"0.13\" data-alt-text=\"%22%22\" data-caption=\"%22%22\" data-width=\"799\" data-height=\"103\" data-focal-point=\"\" data-show-light-box=\"false\" >\n<div class=\"msswb-image-block msswbcenter\" style=\"width:799px\"><div class=\"msswb-image \"><div class=\"image-container\" style=\"width:799px;height:103px\"><img decoding=\"async\" style=\"width:799px;height:103px\" src=\"\/wp-content\/uploads\/sites\/7\/2024\/06\/fordelingsprosess.png\" \/><\/div><\/div><div class=\"msswb-image-caption-container\"><div class=\"msswb-image-caption\"><\/div><\/div><\/div>\n<\/div>\n\n\n<ul class=\"wp-block-list\">\n<li><strong><em>Rammer<\/em><\/strong>: Rammene for fordelingen bestemmes av de ulike etatene og kommunale foretakene i Oslo kommune. Eksempler p\u00e5 slike rammer er sesonglengde, \u00e5pningstider i sesong, begrensninger i bruk osv.<\/li>\n\n\n\n<li><strong><em>Trinn 1<\/em><\/strong>: Fra Oslo Idrettskrets og til s\u00e6ridretter. Eks: Fra Oslo Idrettskrets til Oslo og Akershus Bandyregion.<\/li>\n\n\n\n<li><strong><em>Trinn 2<\/em><\/strong>: Fra s\u00e6ridrett og til klubb. Eks: Fra Oslo og Akershus Bandyregion til innebandygruppa i Monolitten IL.<\/li>\n\n\n\n<li><strong><em>Trinn 3<\/em><\/strong>: Fordeling i klubb. Eks: Fordeling mellom treningsgruppene i innebandygruppa til Monolitten IL.<\/li>\n<\/ul>\n\n\n\n<p>En oversikt over hvilke haller som er med i fordelingen finnes p\u00e5 <a rel=\"noreferrer noopener\" href=\"https:\/\/www.idrettsforbundet.no\/idrettskrets\/oslo\/idrettsanlegg\/idretthaller\/\" target=\"_blank\">Oslo Idrettskrets&#8217; nettsider<\/a>. P\u00e5 denne siden finnes ogs\u00e5 retningslinjene for trinn 1 i fordelingsprosessen.<\/p>\n\n\n\n<div class=\"wp-block-msswb-spacer msswb-spacer-container\" style=\"height:50px\"><div class=\"line\" style=\"height:25px\"><\/div><div class=\"line-center-divider\"><\/div><\/div>\n\n\n\n<h6 class=\"wp-block-heading\">Fordeling av tidene til innebandy<\/h6>\n\n\n\n<p>Oslo og Akershus Bandyregion har ansvaret for \u00e5 fordele tiden som blir fordelt til innebandy. Tidene blir fordelt av administrasjonen p\u00e5 bakgrunn av retningslinjer vedtatt av avdelingsstyret innebandy.<\/p>\n\n\n\n<div class=\"wp-block-msswb-panel msswb-panel-container\"><div class=\"mwwsb-panel-header\"><div class=\"mwwsb-panel-title\">RETNINGSLINJER FOR FORDELING AV\u00a0INNEBANDYTID<\/div><div class=\"mwwsb-panel-icon\"><span class=\"dashicon dashicons dashicons-arrow-down-alt2\"><\/span><\/div><\/div><div class=\"msswb-panel-content\">\n<p><em>Sist vedtatt p\u00e5 styrem\u00f8te i OABR Innebandy 11.04.2023<\/em><\/p>\n\n\n\n<div class=\"wp-block-msswb-spacer msswb-spacer-container\" style=\"height:50px\"><div class=\"line\" style=\"height:25px\"><\/div><div class=\"line-center-divider\"><\/div><\/div>\n\n\n\n<p><strong>Grunnlag for utregning<\/strong><\/p>\n\n\n\n<p>Grunnlaget for fordelingen er omfanget av terminfestede aktiviteter som fullf\u00f8rte foreg\u00e5ende sesong.<\/p>\n\n\n\n<p>Aktivitet som teller med, er fra klasse 8 \u00e5r.<\/p>\n\n\n\n<p>Oldboys\/-girls og veteranklassene teller ikke med.<\/p>\n\n\n\n<p>Der det gjennomf\u00f8res alternative konkurranseformer som erstatning for ordin\u00e6rt seriespill (minirunder), teller de lag som har gjennomf\u00f8rt minimum 50 % av den terminfestede aktiviteten. Lag som skal telle med m\u00e5 ha gjennomf\u00f8rt minimum 4 konkurransedager\/konkurransehelger.<\/p>\n\n\n\n<div class=\"wp-block-msswb-spacer msswb-spacer-container\" style=\"height:50px\"><div class=\"line\" style=\"height:25px\"><\/div><div class=\"line-center-divider\"><\/div><\/div>\n\n\n\n<p><strong>Matematisk fordeling<\/strong><\/p>\n\n\n\n<p>Et lag regnes som barnelag fra og med 8-\u00e5rsklassen. Barnelag gis vektfaktor 0,5.<\/p>\n\n\n\n<p>Et lag regnes som ungdomslag fra og med den \u00e5rsklassen det spilles etter tilsvarende regler som senioraktiviteten (antall spillere og banest\u00f8rrelse), dog ikke tidligere enn 11- \u00e5rsklassen. Ungdomslag gis vektfaktor 1.<\/p>\n\n\n\n<p>Seniorlag gis vektfaktor 0,5.<\/p>\n<\/div><\/div>\n\n\n\n<div class=\"wp-block-msswb-panel msswb-panel-container\"><div class=\"mwwsb-panel-header\"><div class=\"mwwsb-panel-title\">Fordeling sesongen 2025\/2026<\/div><div class=\"mwwsb-panel-icon\"><span class=\"dashicon dashicons dashicons-arrow-down-alt2\"><\/span><\/div><\/div><div class=\"msswb-panel-content\">\n<p>Treningstid er et stort knapphetsgode i Osloidretten, og vi f\u00e5r ikke n\u00f8dvendigvis all treningstiden i de haller vi \u00f8nsker oss og\/eller p\u00e5 de tidspunkt vi \u00f8nsker oss. Det samme gjelder stort sett ogs\u00e5 for de andre idrettene som har utfordringer i de samme geografiske omr\u00e5dene som oss.<\/p>\n\n\n\n<p>Treningstid er et stort knapphetsgode i Osloidretten, og vi f\u00e5r ikke n\u00f8dvendigvis all treningstiden i de haller vi \u00f8nsker oss og\/eller p\u00e5 de tidspunkt vi \u00f8nsker oss. Det samme gjelder stort sett ogs\u00e5 for de andre idrettene som har utfordringer i de samme geografiske omr\u00e5dene som oss.<\/p>\n\n\n\n<p>Fordelingen er gjort basert p\u00e5 de tidene vi f\u00e5r tildelt av OIK og er fordelt s\u00e5 n\u00e6rt opp mot det matematiske grunnlaget vi klarte \u00e5 komme i denne omgang. Dessverre blir det en del reising og ukurante tider p\u00e5 flere av klubbene kommende sesong ogs\u00e5.<\/p>\n\n\n\n<ul class=\"wp-block-list\">\n<li><a rel=\"noreferrer noopener\" href=\"https:\/\/docs.google.com\/spreadsheets\/d\/1BajXjelLZ0lLyt5FroXcBnhbDwc1mX7eGrKUH_zZRpo\/edit?usp=sharing\" target=\"_blank\">Treningstider for sesongen 2025\/2026<\/a>.<\/li>\n<\/ul>\n\n\n\n<p>I \u00e5rets fordeling utl\u00f8ste ett lag f\u00f8lgende mengde treningstid:<\/p>\n\n\n\n<figure class=\"wp-block-table\"><table><tbody><tr><th>Lag<\/th><th>Tid<\/th><\/tr><tr><td>Minirundelag fra og med 8 \u00e5r pluss lag deltatt i 3mot3<\/td><td>59 minutter<\/td><\/tr><tr><td>Lag fra og med 11 \u00e5r og opp til klassen 18-23 \u00e5r<\/td><td>1 timer og 57 minutter<\/td><\/tr><tr><td>Seniorlag (eliteserie til 5. div)<\/td><td>59 minutter<\/td><\/tr><tr><td>Old girls, old boys og veteran<\/td><td>0 minutter<\/td><\/tr><\/tbody><\/table><figcaption class=\"wp-element-caption\">(Lag i seriespill m\u00e5 ha avsluttet forrige sesong. Lag i minirunder\/3mot3 m\u00e5 ha deltatt i minst 4 runder.)<\/figcaption><\/figure>\n\n\n\n<p><strong>Bytter og ubenyttet tid<\/strong><br>Skulle det v\u00e6re noen som \u00f8nsker \u00e5 gj\u00f8re interne bytter med andre innebandyklubber (eller andre idretter for den saks skyld) \u00f8nsker vi \u00e5 bli informert om dette. V\u00e5r fordeling skal sendes inn til OIK etter at v\u00e5r fordeling er ferdigstilt og det er \u00f8nskelig at den er s\u00e5 korrekt som mulig.<\/p>\n\n\n\n<p>Vi \u00f8nsker ogs\u00e5 \u00e5 f\u00e5 beskjed hvis dere har blitt tildelt tider dere IKKE kommer til \u00e5 benytte. Som nevnt er treningstid mangelvare og tid dere ikke kan utnytte kan v\u00e6re til god nytte for andre innebandyklubber. Vi m\u00e5 beskjed s\u00e5 fort som mulig, men senest s\u00f8ndag 1. september 2024.<\/p>\n\n\n\n<p><strong>Klageadgang<\/strong><br>Eventuelle klager p\u00e5 treningstidene behandles av regionstyret i Oslo og Akershus Bandyregion. Klager kan sendes til <a href=\"mailto:innebandy.oabr@nif.idrett.no\" target=\"_blank\" rel=\"noreferrer noopener\">innebandy.oabr@nif.idrett.no<\/a>.<\/p>\n<\/div><\/div>\n\n\n\n<div class=\"wp-block-msswb-panel msswb-panel-container\"><div class=\"mwwsb-panel-header\"><div class=\"mwwsb-panel-title\">Fordeling sesongen 2024\/2025<\/div><div class=\"mwwsb-panel-icon\"><span class=\"dashicon dashicons dashicons-arrow-down-alt2\"><\/span><\/div><\/div><div class=\"msswb-panel-content\">\n<p>Treningstid er et stort knapphetsgode i Osloidretten, og vi f\u00e5r ikke n\u00f8dvendigvis all treningstiden i de haller vi \u00f8nsker oss og\/eller p\u00e5 de tidspunkt vi \u00f8nsker oss. Det samme gjelder stort sett ogs\u00e5 for de andre idrettene som har utfordringer i de samme geografiske omr\u00e5dene som oss.<\/p>\n\n\n\n<p>Treningstid er et stort knapphetsgode i Osloidretten, og vi f\u00e5r ikke n\u00f8dvendigvis all treningstiden i de haller vi \u00f8nsker oss og\/eller p\u00e5 de tidspunkt vi \u00f8nsker oss. Det samme gjelder stort sett ogs\u00e5 for de andre idrettene som har utfordringer i de samme geografiske omr\u00e5dene som oss.<\/p>\n\n\n\n<p>Fordelingen er gjort basert p\u00e5 de tidene vi f\u00e5r tildelt av OIK og er fordelt s\u00e5 n\u00e6rt opp mot det matematiske grunnlaget vi klarte \u00e5 komme i denne omgang. Dessverre blir det en del reising og ukurante tider p\u00e5 flere av klubbene kommende sesong ogs\u00e5.<\/p>\n\n\n\n<ul class=\"wp-block-list\">\n<li><a href=\"https:\/\/docs.google.com\/spreadsheets\/d\/1sZUFciR0LcbwE76uKuxCv9lT59NDiHz3V2H4tKezShs\/edit?usp=sharing\" target=\"_blank\" rel=\"noreferrer noopener\">Treningstider for sesongen 2024\/2025 v2<\/a>.<\/li>\n\n\n\n<li><a href=\"https:\/\/eur03.safelinks.protection.outlook.com\/?url=https%3A%2F%2Fdocs.google.com%2Fspreadsheets%2Fd%2F1zU38w4zB_eLCviBHtye41PEFCuVWI4iaoyDPAPrmwFo%2Fedit%3Fusp%3Dsharing&amp;data=05%7C02%7Cinnebandy.oabr%40nif.idrett.no%7C046370df2b73483cc33108dc871fb667%7C5ca933991184430d88a8107721ef7b66%7C0%7C0%7C638533817478333348%7CUnknown%7CTWFpbGZsb3d8eyJWIjoiMC4wLjAwMDAiLCJQIjoiV2luMzIiLCJBTiI6Ik1haWwiLCJXVCI6Mn0%3D%7C0%7C%7C%7C&amp;sdata=bnQLaeDMHnaF7%2FOWWqIrN3PnpQ4sVdLX%2BOW4%2FOGqbMM%3D&amp;reserved=0\" target=\"_blank\" rel=\"noreferrer noopener\">Treningstider for sesongen 2024\/2025 v1 (ikke i bruk)<\/a>.<\/li>\n<\/ul>\n\n\n\n<p>I \u00e5rets fordeling utl\u00f8ste ett lag f\u00f8lgende mengde treningstid:<\/p>\n\n\n\n<figure class=\"wp-block-table\"><table><tbody><tr><th>Lag<\/th><th>Tid<\/th><\/tr><tr><td>Minirundelag fra og med 8 \u00e5r pluss lag deltatt i 3mot3<\/td><td>55 minutter<\/td><\/tr><tr><td>Lag fra og med 11 \u00e5r og opp til klassen 18-23 \u00e5r<\/td><td>1 timer og 50 minutter<\/td><\/tr><tr><td>Seniorlag (eliteserie til 5. div)<\/td><td>55 minutter<\/td><\/tr><tr><td>Old girls, old boys og veteran<\/td><td>0 minutter<\/td><\/tr><\/tbody><\/table><figcaption class=\"wp-element-caption\">(Lag i seriespill m\u00e5 ha avsluttet forrige sesong. Lag i minirunder\/3mot3 m\u00e5 ha deltatt i minst 4 runder.)<\/figcaption><\/figure>\n\n\n\n<p><strong>Bytter og ubenyttet tid<\/strong><br>Skulle det v\u00e6re noen som \u00f8nsker \u00e5 gj\u00f8re interne bytter med andre innebandyklubber (eller andre idretter for den saks skyld) \u00f8nsker vi \u00e5 bli informert om dette. V\u00e5r fordeling skal sendes inn til OIK etter at v\u00e5r fordeling er ferdigstilt og det er \u00f8nskelig at den er s\u00e5 korrekt som mulig.<\/p>\n\n\n\n<p>Vi \u00f8nsker ogs\u00e5 \u00e5 f\u00e5 beskjed hvis dere har blitt tildelt tider dere IKKE kommer til \u00e5 benytte. Som nevnt er treningstid mangelvare og tid dere ikke kan utnytte kan v\u00e6re til god nytte for andre innebandyklubber. Vi m\u00e5 beskjed s\u00e5 fort som mulig, men senest s\u00f8ndag 1. september 2024.<\/p>\n\n\n\n<p><strong>Klageadgang<\/strong><br>Eventuelle klager p\u00e5 treningstidene behandles av regionstyret i Oslo og Akershus Bandyregion. Klager kan sendes til <a href=\"mailto:innebandy.oabr@nif.idrett.no\" target=\"_blank\" rel=\"noreferrer noopener\">innebandy.oabr@nif.idrett.no<\/a>.<\/p>\n<\/div><\/div>\n\n\n\n<div class=\"wp-block-msswb-spacer msswb-spacer-container\" style=\"height:50px\"><div class=\"line\" style=\"height:25px\"><\/div><div class=\"line-center-divider\"><\/div><\/div>\n\n\n\n<h6 class=\"wp-block-heading\">Gymsaler<\/h6>\n\n\n\n<p>Gymsaler p\u00e5 de skolene som <em>ikke<\/em> har en idrettshall blir fordelt av skolen lokalt. Mer informasjon om fordeling av gymsaler finnes p\u00e5 <a href=\"https:\/\/www.idrettsforbundet.no\/idrettskrets\/oslo\/idrettsanlegg\/gymsaler\/\" target=\"_blank\" rel=\"noreferrer noopener\">denne siden<\/a>.<\/p>\n","protected":false},"excerpt":{"rendered":"<p>I Oslo blir treningstider og arrangementstider i hallene fordelt av Oslo Idrettskrets p\u00e5 vegne av Oslo kommune. Fordelingsprosessen har flere ulike trinn, noe som er illustrert i figuren under: En oversikt over hvilke haller som er med i fordelingen finnes p\u00e5 Oslo Idrettskrets&#8217; nettsider. P\u00e5 denne siden finnes ogs\u00e5 retningslinjene for trinn 1 i fordelingsprosessen. [&hellip;]<\/p>\n","protected":false},"author":40,"featured_media":0,"parent":624,"menu_order":0,"comment_status":"closed","ping_status":"closed","template":"templates\/template-cover.php","meta":{"cover_meta":"{\"showBackgroundImage\":true,\"bgImage\":{\"image_id\":10410,\"blog_id\":3,\"term_id\":173,\"selected_size\":\"full\"},\"showOverlay\":true,\"overlayColor\":\"#007cba\",\"overlayOpacity\":0.2,\"showIntro\":false,\"introColor\":\"white\",\"intro\":\"\",\"title\":\"Treningstid i Oslo\",\"titleColor\":\"white\",\"showOutro\":false,\"outroColor\":\"white\",\"outro\":\"\"}","footnotes":""},"class_list":["post-636","page","type-page","status-publish","hentry"],"_links":{"self":[{"href":"https:\/\/bandyforbundet.no\/oslo-og-akershus\/index.php?rest_route=\/wp\/v2\/pages\/636","targetHints":{"allow":["GET"]}}],"collection":[{"href":"https:\/\/bandyforbundet.no\/oslo-og-akershus\/index.php?rest_route=\/wp\/v2\/pages"}],"about":[{"href":"https:\/\/bandyforbundet.no\/oslo-og-akershus\/index.php?rest_route=\/wp\/v2\/types\/page"}],"author":[{"embeddable":true,"href":"https:\/\/bandyforbundet.no\/oslo-og-akershus\/index.php?rest_route=\/wp\/v2\/users\/40"}],"replies":[{"embeddable":true,"href":"https:\/\/bandyforbundet.no\/oslo-og-akershus\/index.php?rest_route=%2Fwp%2Fv2%2Fcomments&post=636"}],"version-history":[{"count":16,"href":"https:\/\/bandyforbundet.no\/oslo-og-akershus\/index.php?rest_route=\/wp\/v2\/pages\/636\/revisions"}],"predecessor-version":[{"id":7607,"href":"https:\/\/bandyforbundet.no\/oslo-og-akershus\/index.php?rest_route=\/wp\/v2\/pages\/636\/revisions\/7607"}],"up":[{"embeddable":true,"href":"https:\/\/bandyforbundet.no\/oslo-og-akershus\/index.php?rest_route=\/wp\/v2\/pages\/624"}],"wp:attachment":[{"href":"https:\/\/bandyforbundet.no\/oslo-og-akershus\/index.php?rest_route=%2Fwp%2Fv2%2Fmedia&parent=636"}],"curies":[{"name":"wp","href":"https:\/\/api.w.org\/{rel}","templated":true}]}}