{"id":643,"date":"2017-09-27T12:04:51","date_gmt":"2017-09-27T10:04:51","guid":{"rendered":"http:\/\/bandyforbundet.no\/oslo-og-akershus\/?page_id=643"},"modified":"2024-08-27T07:07:18","modified_gmt":"2024-08-27T07:07:18","slug":"lover-4","status":"publish","type":"page","link":"https:\/\/bandyforbundet.no\/oslo-og-akershus\/?page_id=643","title":{"rendered":"Lover og regler"},"content":{"rendered":"\n<p>P\u00e5 denne siden finnes relevante lover, regler og bestemmelser<\/p>\n\n\n\n<h6 class=\"wp-block-heading\">Lov for Oslo og Akershus Bandyregion<\/h6>\n\n\n\n<p>Loven i sin helhet kan lastes ned som pdf her eller leses i menyen under.<\/p>\n\n\n\n<div class=\"msswb-file\"><a href=\"https:\/\/bandyforbundet.no\/oslo-og-akershus\/wp-content\/uploads\/sites\/7\/2024\/06\/Lov-for-Oslo-og-Akershus-Bandyregion-vedtatt-29.05.2024.pdf\" class=\"file-button\" download><span class=\"dashicon dashicons dashicons-download\"><\/span><\/a><a class=\"file-link\" href=\"https:\/\/bandyforbundet.no\/oslo-og-akershus\/wp-content\/uploads\/sites\/7\/2024\/06\/Lov-for-Oslo-og-Akershus-Bandyregion-vedtatt-29.05.2024.pdf\">Lov for Oslo og Akershus Bandyregion &#8211; vedtatt 29.05.2024<\/a><\/div>\n\n\n\n<div class=\"wp-block-msswb-panel msswb-panel-container\"><div class=\"mwwsb-panel-header\"><div class=\"mwwsb-panel-title\">Lov for Oslo og Akershus Bandyregion<\/div><div class=\"mwwsb-panel-icon\"><span class=\"dashicon dashicons dashicons-arrow-down-alt2\"><\/span><\/div><\/div><div class=\"msswb-panel-content\">\n<p>Basert p\u00e5 lovnorm for s\u00e6rkretser\/-regioner, vedtatt av Idrettsstyret 13. desember 2023 med ikrafttredelse 1. januar 2024.<\/p>\n\n\n\n<p>Sist endret 29. mai 2024.<\/p>\n\n\n\n<p>Regionen ble stiftet 2. juni 2004 og er etablert p\u00e5 grunnlag av NBFs klubber, som tidligere h\u00f8rte under Oslo Bandykrets og Akershus bandykrets.<\/p>\n\n\n\n<p>Oslo Bandykrets ble stiftet 15. mai 1922 under navnet Oslo Ishockeykrets.<br>Kretsen endret navn 20. november 1929 til Oslo Bandykrets.<\/p>\n\n\n\n<p>Akershus Bandykrets ble stiftet 15. november 1929.<\/p>\n\n\n\n<div class=\"wp-block-msswb-panel msswb-panel-container\"><div class=\"mwwsb-panel-header\"><div class=\"mwwsb-panel-title\">\u00a7 1   Form\u00e5l<\/div><div class=\"mwwsb-panel-icon\"><span class=\"dashicon dashicons dashicons-arrow-down-alt2\"><\/span><\/div><\/div><div class=\"msswb-panel-content\">\n<p>Oslo og Akershus Bandyregion (heretter \u00abregionen\u00bb) sitt form\u00e5l er \u00e5 arbeide for utviklingen av Norges Bandyforbunds idretter innenfor fylkene Oslo og Akershus, og \u00e5 fremme samarbeidet med idrettslagene. Regionen skal bist\u00e5 Norges Bandyforbund (heretter \u00abs\u00e6rforbundet\u00bb) i alle sp\u00f8rsm\u00e5l som gjelder NBFs idretter innen regionen. Arbeidet skal preges av frivillighet, demokrati, lojalitet og likeverd. All idrettslig aktivitet skal bygge p\u00e5 de verdier som er vedtatt av Idrettstinget.<\/p>\n<\/div><\/div>\n\n\n\n<div class=\"wp-block-msswb-panel msswb-panel-container\"><div class=\"mwwsb-panel-header\"><div class=\"mwwsb-panel-title\">\u00a7 2 Organisasjon<\/div><div class=\"mwwsb-panel-icon\"><span class=\"dashicon dashicons dashicons-arrow-down-alt2\"><\/span><\/div><\/div><div class=\"msswb-panel-content\">\n<p>(1) Regioner opprettes, sammensl\u00e5s og oppl\u00f8ses av s\u00e6rforbundet, som ogs\u00e5 fastsetter regionens grenser.<\/p>\n\n\n\n<p>(2) Regionen best\u00e5r av alle idrettslag innen regionens grenser som er medlem av s\u00e6rforbundet og Norges idrettsforbund og olympiske og paralympiske komit\u00e9 (NIF).<\/p>\n\n\n\n<p>(3) Gjennom s\u00e6rforbundet er regionen et organisasjonsledd innen NIF.<\/p>\n\n\n\n<p>(4) For regler om regionens plikt til \u00e5 overholde NIF og s\u00e6rforbundets regelverk og vedtak, gjelder <a href=\"https:\/\/www.idrettsforbundet.no\/tema\/juss\/nifs-lov\/kapittel-2-felles-bestemmelser-for-hele-organisasjonen\/#%C2%A72-2\" target=\"_blank\" rel=\"noreferrer noopener\">NIFs lov \u00a7\u00a7 2-2<\/a> og <a href=\"https:\/\/www.idrettsforbundet.no\/tema\/juss\/nifs-lov\/kapittel-2-felles-bestemmelser-for-hele-organisasjonen\/#%C2%A72-3\" target=\"_blank\" rel=\"noreferrer noopener\">2-3<\/a>.<\/p>\n<\/div><\/div>\n\n\n\n<div class=\"wp-block-msswb-panel msswb-panel-container\"><div class=\"mwwsb-panel-header\"><div class=\"mwwsb-panel-title\">\u00a7 3   Oppgaver<\/div><div class=\"mwwsb-panel-icon\"><span class=\"dashicon dashicons dashicons-arrow-down-alt2\"><\/span><\/div><\/div><div class=\"msswb-panel-content\">\n<p>Regionen skal:<\/p>\n\n\n\n<p>a) Representere s\u00e6rforbundet og bist\u00e5 det i saker knyttet til den enkelte idrett.<\/p>\n\n\n\n<p>b) Stimulere til samarbeid mellom de idrettslag som driver vedkommende idrett. Bist\u00e5 idrettskretsen i sp\u00f8rsm\u00e5l av felles interesse for flere idretter.<\/p>\n\n\n\n<p>c) Godkjenne idrettsarrangementer, oppnevne n\u00f8dvendige dommere, samt utarbeide terminliste.<\/p>\n\n\n\n<p>d) Forest\u00e5 s\u00e6ridrettsfaglig utdanning i samsvar med s\u00e6rforbundets planer.<\/p>\n\n\n\n<p>e) S\u00f8rge for gjennomf\u00f8ring av regionmesterskap, samt stimulere til annen idrettslig virksomhet med st\u00f8rst mulig variasjon og omfang.<\/p>\n\n\n\n<p>f) Gi faglig bistand ved planlegging og bygging av idrettsanlegg.<\/p>\n\n\n\n<p>g) Avgi beretning og regnskap innen fastsatte frister, og s\u00f8ke om \u00f8konomisk st\u00f8tte fra s\u00e6rforbund og idrettskrets.<\/p>\n<\/div><\/div>\n\n\n\n<div class=\"wp-block-msswb-panel msswb-panel-container\"><div class=\"mwwsb-panel-header\"><div class=\"mwwsb-panel-title\">\u00a7 4   Kontingent og avgifter<\/div><div class=\"mwwsb-panel-icon\"><span class=\"dashicon dashicons dashicons-arrow-down-alt2\"><\/span><\/div><\/div><div class=\"msswb-panel-content\">\n<p>(1) Kontingenter og avgifter fastsettes av regionstinget.<\/p>\n\n\n\n<p>(2) Skyldig kontingent og\/eller avgifter fastsatt av \u00e5rsm\u00f8tet medf\u00f8rer tap av m\u00f8terett, stemmerett og forslagsrett til og p\u00e5 regionstinget.<\/p>\n<\/div><\/div>\n\n\n\n<div class=\"wp-block-msswb-panel msswb-panel-container\"><div class=\"mwwsb-panel-header\"><div class=\"mwwsb-panel-title\">\u00a7 5   Kj\u00f8nnsfordeling<\/div><div class=\"mwwsb-panel-icon\"><span class=\"dashicon dashicons dashicons-arrow-down-alt2\"><\/span><\/div><\/div><div class=\"msswb-panel-content\">\n<p>For regler om kj\u00f8nnsfordeling i styre, utvalg mv. og ved representasjon til \u00e5rsm\u00f8te\/ting i overordnet organisasjonsledd, gjelder <a href=\"https:\/\/www.idrettsforbundet.no\/tema\/juss\/nifs-lov\/kapittel-2-felles-bestemmelser-for-hele-organisasjonen\/#%C2%A72-4\">NIFs lov \u00a7 2-4<\/a>.<\/p>\n<\/div><\/div>\n\n\n\n<div class=\"wp-block-msswb-panel msswb-panel-container\"><div class=\"mwwsb-panel-header\"><div class=\"mwwsb-panel-title\">\u00a7 6   Regler om stemmerett, valgbarhet og forslagsrett mv.<\/div><div class=\"mwwsb-panel-icon\"><span class=\"dashicon dashicons dashicons-arrow-down-alt2\"><\/span><\/div><\/div><div class=\"msswb-panel-content\">\n<p>For regler om stemmerett, valgbarhet og forslagsrett, gjelder \u00a7 12 og <a href=\"https:\/\/www.idrettsforbundet.no\/tema\/juss\/nifs-lov\/kapittel-2-felles-bestemmelser-for-hele-organisasjonen\/#%C2%A7%202-5\">NIFs lov \u00a7\u00a7 2-5<\/a>, <a href=\"https:\/\/www.idrettsforbundet.no\/tema\/juss\/nifs-lov\/kapittel-2-felles-bestemmelser-for-hele-organisasjonen\/#%C2%A72-6\">2-6<\/a>, <a href=\"https:\/\/www.idrettsforbundet.no\/tema\/juss\/nifs-lov\/kapittel-2-felles-bestemmelser-for-hele-organisasjonen\/#%C2%A72-7\">2-7<\/a>.<\/p>\n<\/div><\/div>\n\n\n\n<div class=\"wp-block-msswb-panel msswb-panel-container\"><div class=\"mwwsb-panel-header\"><div class=\"mwwsb-panel-title\">\u00a7 7   Inhabilitet<\/div><div class=\"mwwsb-panel-icon\"><span class=\"dashicon dashicons dashicons-arrow-down-alt2\"><\/span><\/div><\/div><div class=\"msswb-panel-content\">\n<p>For regler om inhabilitet, gjelder <a href=\"https:\/\/www.idrettsforbundet.no\/tema\/juss\/nifs-lov\/kapittel-2-felles-bestemmelser-for-hele-organisasjonen\/#%C2%A72-8\">NIFs lov \u00a7 2-8<\/a>.<\/p>\n<\/div><\/div>\n\n\n\n<div class=\"wp-block-msswb-panel msswb-panel-container\"><div class=\"mwwsb-panel-header\"><div class=\"mwwsb-panel-title\">\u00a7 8   Vedtaksf\u00f8rhet, flertallskrav og protokoll<\/div><div class=\"mwwsb-panel-icon\"><span class=\"dashicon dashicons dashicons-arrow-down-alt2\"><\/span><\/div><\/div><div class=\"msswb-panel-content\">\n<p>For regler om vedtaksf\u00f8rhet, flertallskrav og protokoll, gjelder<a href=\"https:\/\/www.idrettsforbundet.no\/tema\/juss\/nifs-lov\/kapittel-2-felles-bestemmelser-for-hele-organisasjonen\/#%C2%A72-9\"> NIFs lov \u00a7 2-9<\/a>.<\/p>\n<\/div><\/div>\n\n\n\n<div class=\"wp-block-msswb-panel msswb-panel-container\"><div class=\"mwwsb-panel-header\"><div class=\"mwwsb-panel-title\">\u00a7 9   Refusjon av utgifter og godtgj\u00f8relse<\/div><div class=\"mwwsb-panel-icon\"><span class=\"dashicon dashicons dashicons-arrow-down-alt2\"><\/span><\/div><\/div><div class=\"msswb-panel-content\">\n<p> <span style=\"font-size: revert;color: black\">For regler om refusjon av utgifter og godtgj\u00f8relse, gjelder <\/span><a style=\"font-size: revert\" href=\"https:\/\/www.idrettsforbundet.no\/tema\/juss\/nifs-lov\/kapittel-2-felles-bestemmelser-for-hele-organisasjonen\/#%C2%A72-10\">NIFs lov \u00a7 2-10<\/a><span style=\"font-size: revert;color: black\">.<\/span> <\/p>\n<\/div><\/div>\n\n\n\n<div class=\"wp-block-msswb-panel msswb-panel-container\"><div class=\"mwwsb-panel-header\"><div class=\"mwwsb-panel-title\">\u00a7   10 Regnskaps- og revisjon mv.<\/div><div class=\"mwwsb-panel-icon\"><span class=\"dashicon dashicons dashicons-arrow-down-alt2\"><\/span><\/div><\/div><div class=\"msswb-panel-content\">\n<p>For regler om regnskap og revisjon mv., gjelder <a href=\"https:\/\/www.idrettsforbundet.no\/tema\/juss\/nifs-lov\/kapittel-1-innledende-bestemmelser\/#%C2%A71-7\">NIFs lov \u00a7\u00a7 1-7<\/a>, <a href=\"https:\/\/www.idrettsforbundet.no\/tema\/juss\/nifs-lov\/kapittel-2-felles-bestemmelser-for-hele-organisasjonen\/#%C2%A72-11\">2-11<\/a>, <a href=\"https:\/\/www.idrettsforbundet.no\/tema\/juss\/nifs-lov\/kapittel-2-felles-bestemmelser-for-hele-organisasjonen\/#%C2%A72-13\">2-13<\/a> og <a href=\"https:\/\/www.idrettsforbundet.no\/tema\/juss\/nifs-lov\/kapittel-2-felles-bestemmelser-for-hele-organisasjonen\/#%C2%A72-14\">2-14<\/a>.<\/p>\n<\/div><\/div>\n\n\n\n<div class=\"wp-block-msswb-panel msswb-panel-container\"><div class=\"mwwsb-panel-header\"><div class=\"mwwsb-panel-title\">\u00a7   11 Regionstinget<\/div><div class=\"mwwsb-panel-icon\"><span class=\"dashicon dashicons dashicons-arrow-down-alt2\"><\/span><\/div><\/div><div class=\"msswb-panel-content\">\n<p>(1) Regionens h\u00f8yeste myndighet er regionstinget, som avholdes hvert annet \u00e5r (like \u00e5r) innen utgangen av juni.<\/p>\n\n\n\n<p>(2)&nbsp;Ordin\u00e6rt og ekstraordin\u00e6rt regionsting gjennomf\u00f8res i samsvar med denne lov og <a href=\"https:\/\/www.idrettsforbundet.no\/tema\/juss\/nifs-lov\/kapittel-2-felles-bestemmelser-for-hele-organisasjonen\/#%C2%A72-15\">NIFs lov \u00a7\u00a7 2-15<\/a>, <a href=\"https:\/\/www.idrettsforbundet.no\/tema\/juss\/nifs-lov\/kapittel-2-felles-bestemmelser-for-hele-organisasjonen\/#%C2%A72-16\">2-16<\/a>, <a href=\"https:\/\/www.idrettsforbundet.no\/tema\/juss\/nifs-lov\/kapittel-2-felles-bestemmelser-for-hele-organisasjonen\/#%C2%A72-17\">2-17<\/a>, <a href=\"https:\/\/www.idrettsforbundet.no\/tema\/juss\/nifs-lov\/kapittel-2-felles-bestemmelser-for-hele-organisasjonen\/#%C2%A72-19\">2-19<\/a>, <a href=\"https:\/\/www.idrettsforbundet.no\/tema\/juss\/nifs-lov\/kapittel-2-felles-bestemmelser-for-hele-organisasjonen\/#%C2%A72-20\">2-20<\/a>.<\/p>\n<\/div><\/div>\n\n\n\n<div class=\"wp-block-msswb-panel msswb-panel-container\"><div class=\"mwwsb-panel-header\"><div class=\"mwwsb-panel-title\">\u00a7 12   M\u00f8terett, talerett, forslagsrett og stemmerett<\/div><div class=\"mwwsb-panel-icon\"><span class=\"dashicon dashicons dashicons-arrow-down-alt2\"><\/span><\/div><\/div><div class=\"msswb-panel-content\">\n<p>(1) Forslagsrett til regionstinget:<br>      a) Styret<br>      b) Et representasjonsberettiget idrettslag<br>      c) M\u00f8teberettiget komit\u00e9\/utvalg, i saker som ligger innenfor sitt arbeidsomr\u00e5de<\/p>\n\n\n\n<p>(2) M\u00f8terett, talerett, forslagsrett og stemmerett p\u00e5 regionstinget:<br>      a) Styret<br>      b) Representanter fra idrettslagene med registrerte aktive ut\u00f8vere pr. 31. desember \u00e5ret f\u00f8r regionstinget etter f\u00f8lgende skala:<br>           For idrettslag med antall aktive til og med 250 1 representant<br>           For idrettslag med antall aktive fra 251 til og med 500 2 representanter<br>           For idrettslag med antall aktive fra 501 og oppover 3 representanter<\/p>\n\n\n\n<p>      Beregning av representasjon meddeles organisasjonen samtidig med innkallingen til regionstinget.<\/p>\n\n\n\n<p>      For representasjonsrett for idrettslag, gjelder <a href=\"https:\/\/www.idrettsforbundet.no\/tema\/juss\/nifs-lov\/kapittel-10-idrettslag\/#%C2%A710-3\" target=\"_blank\" rel=\"noreferrer noopener\">NIFs lov \u00a7 10-3 (1)<\/a>.<\/p>\n\n\n\n<p>      Reiseutgiftsfordeling kan benyttes.<\/p>\n\n\n\n<p>(3) M\u00f8terett, talerett og forslagsrett p\u00e5 regionstinget i saker som ligger innenfor utvalget\/komiteens arbeidsomr\u00e5de:<br>      a) Kontrollutvalgets medlemmer<br>      b) Valgkomiteens medlemmer<br>      c) Lederne i tingvalgte utvalg\/komiteer, eventuelt nestleder eller medlem dersom leder er forhindret fra \u00e5 m\u00f8te.<\/p>\n\n\n\n<p>(4) M\u00f8terett og talerett p\u00e5 regionstinget:<br>      a) Representant fra s\u00e6rforbundet og NIF<br>      b) Daglig leder i regionen<br>      c) Engasjert revisor, i saker som ligger innenfor sitt arbeidsomr\u00e5de.<br>      d) Ledere i oppnevnte utvalg eventuelt nestleder eller medlem dersom leder er forhindret fra \u00e5 m\u00f8te.<\/p>\n<\/div><\/div>\n\n\n\n<div class=\"wp-block-msswb-panel msswb-panel-container\"><div class=\"mwwsb-panel-header\"><div class=\"mwwsb-panel-title\">\u00a7 13   Regionstingets oppgaver<\/div><div class=\"mwwsb-panel-icon\"><span class=\"dashicon dashicons dashicons-arrow-down-alt2\"><\/span><\/div><\/div><div class=\"msswb-panel-content\">\n<p>Regionstingets oppgaver:<\/p>\n\n\n\n<ol class=\"wp-block-list\">\n<li>Godkjenne de fremm\u00f8tte representantene<\/li>\n\n\n\n<li>Velge dirigent(er)<\/li>\n\n\n\n<li>Velge protokollf\u00f8rer(e)<\/li>\n\n\n\n<li>Velge to representanter til \u00e5 underskrive protokollen<\/li>\n\n\n\n<li>Godkjenne forretningsorden<\/li>\n\n\n\n<li>Godkjenne innkallingen<\/li>\n\n\n\n<li>Godkjenne saklisten<\/li>\n\n\n\n<li>Behandle beretning for regionen, herunder beretninger fra tingvalgte organer<\/li>\n\n\n\n<li>Behandle<br>a. regionens regnskap<br>b. styrets \u00f8konomiske beretning<br>c. kontrollutvalgets beretning<br>d. eventuell beretning fra engasjert revisor<\/li>\n\n\n\n<li>Behandle saker som fremg\u00e5r av godkjent sakliste<\/li>\n\n\n\n<li>Fastsette kontingent.<\/li>\n\n\n\n<li>Behandle langtidsplan og langtidsbudsjett.<\/li>\n\n\n\n<li>Foreta f\u00f8lgende valg:<br>a. Regionstyret med:<br>    i. Leder<br>    ii. Nestleder<br>    iii. Tre styremedlemmer<br>    iv. To varamedlemmer<br>b. Kontrollutvalg med leder, to medlemmer og ett varamedlem<br>c. Representanter til ting og m\u00f8ter i de organisasjonsledd regionen har representasjonsrett eller gi styret fullmakt til \u00e5 oppnevne representantene.<br>d. Valgkomit\u00e9 med leder, to medlemmer og ett varamedlem<\/li>\n<\/ol>\n\n\n\n<p>Ledere og nestledere velges enkeltvis. \u00d8vrige medlemmer velges samlet. Deretter velges varamedlemmene samlet. Der det velges flere nestledere\/varamedlemmer skal det velges 1. nestleder\/varamedlem, 2. nestleder\/varamedlem osv.<\/p>\n\n\n\n<ol class=\"wp-block-list\" start=\"14\">\n<li>Ev. beslutte om det skal engasjeres revisor til \u00e5 revidere regionens regnskap.<\/li>\n<\/ol>\n\n\n\n<p>For regler om stemmegivningen p\u00e5 regionstinget, gjelder <a href=\"https:\/\/www.idrettsforbundet.no\/tema\/juss\/nifs-lov\/kapittel-2-felles-bestemmelser-for-hele-organisasjonen\/#%C2%A72-21\" target=\"_blank\" rel=\"noreferrer noopener\">NIFs lov \u00a7 2-21<\/a>.<\/p>\n<\/div><\/div>\n\n\n\n<div class=\"wp-block-msswb-panel msswb-panel-container\"><div class=\"mwwsb-panel-header\"><div class=\"mwwsb-panel-title\">\u00a7 14   Regionstyret<\/div><div class=\"mwwsb-panel-icon\"><span class=\"dashicon dashicons dashicons-arrow-down-alt2\"><\/span><\/div><\/div><div class=\"msswb-panel-content\">\n<p>Regionstyret skal:<\/p>\n\n\n\n<p>a) Iverksette regionstingets og overordnede organisasjonsledds regelverk og vedtak.<br>b) Forest\u00e5 regionens daglige administrasjon, representere regionen utad og ut\u00f8ve faglige myndighet innen regionens grenser.<br>c) P\u00e5se at regionens midler brukes og forvaltes p\u00e5 en forsiktig m\u00e5te i samsvar med de vedtak som er fattet p\u00e5 tinget eller av overordnet organisasjonsledd, og s\u00f8rge for at regionen har en tilfredsstillende organisering av regnskaps- og budsjettfunksjonen, og har en forsvarlig \u00f8konomistyring.<br>d) Arrangere konkurranser innen regionen og utarbeide terminlister for dette.<br>e) Bist\u00e5 i utvikling regionens organisasjon og aktivitetstilbud.<br>f) Oppnevne utvalg, r\u00e5d og komiteer etter behov samt utarbeide mandat\/instruks for disse.<br>g) Oppnevne representanter til forbundstinget dersom regionstinget ikke har valgt representanter.<\/p>\n<\/div><\/div>\n\n\n\n<div class=\"wp-block-msswb-panel msswb-panel-container\"><div class=\"mwwsb-panel-header\"><div class=\"mwwsb-panel-title\">\u00a7 15   Kontrollutvalg og valgkomit\u00e9<\/div><div class=\"mwwsb-panel-icon\"><span class=\"dashicon dashicons dashicons-arrow-down-alt2\"><\/span><\/div><\/div><div class=\"msswb-panel-content\">\n<p>(1) For regler om kontrollutvalget, gjelder <a href=\"https:\/\/www.idrettsforbundet.no\/tema\/juss\/nifs-lov\/kapittel-2-felles-bestemmelser-for-hele-organisasjonen\/#%C2%A72-12\">NIFs lov \u00a7 2-12<\/a>.<\/p>\n\n\n\n<p>(2) For regler om valgkomiteen, gjelder <a href=\"https:\/\/www.idrettsforbundet.no\/tema\/juss\/nifs-lov\/kapittel-2-felles-bestemmelser-for-hele-organisasjonen\/#%C2%A72-18\">NIFs lov \u00a7 2-18<\/a>.<\/p>\n<\/div><\/div>\n\n\n\n<div class=\"wp-block-msswb-panel msswb-panel-container\"><div class=\"mwwsb-panel-header\"><div class=\"mwwsb-panel-title\">\u00a7 16   Alminnelige disiplin\u00e6rforf\u00f8yninger, sanksjoner og straff<\/div><div class=\"mwwsb-panel-icon\"><span class=\"dashicon dashicons dashicons-arrow-down-alt2\"><\/span><\/div><\/div><div class=\"msswb-panel-content\">\n<p>For alminnelige disiplin\u00e6rforf\u00f8yninger, sanksjoner og straff gjelder NIFs regelverk og regelverk gitt av s\u00e6rforbundet.<\/p>\n<\/div><\/div>\n\n\n\n<div class=\"wp-block-msswb-panel msswb-panel-container\"><div class=\"mwwsb-panel-header\"><div class=\"mwwsb-panel-title\">\u00a7 17   Avtaler og samarbeid mellom regionen og n\u00e6ringslivet<\/div><div class=\"mwwsb-panel-icon\"><span class=\"dashicon dashicons dashicons-arrow-down-alt2\"><\/span><\/div><\/div><div class=\"msswb-panel-content\">\n<p>For regler om avtaler og samarbeid mellom regionen og n\u00e6ringslivet, gjelder <a href=\"https:\/\/www.idrettsforbundet.no\/tema\/juss\/nifs-lov\/kapittel-13-avtaler-og-samarbeid-mellom-idrettens-organisasjonsledd-og-naringslivet\/\">NIFs lov kapittel 13<\/a> og regelverk gitt av s\u00e6rforbundet.<\/p>\n<\/div><\/div>\n\n\n\n<div class=\"wp-block-msswb-panel msswb-panel-container\"><div class=\"mwwsb-panel-header\"><div class=\"mwwsb-panel-title\">\u00a7 18   Idrettens markeds-, medie- og arrangementsrettigheter<\/div><div class=\"mwwsb-panel-icon\"><span class=\"dashicon dashicons dashicons-arrow-down-alt2\"><\/span><\/div><\/div><div class=\"msswb-panel-content\">\n<p>For regler om markeds-, medie- og arrangementsrettigheter, gjelder <a href=\"https:\/\/www.idrettsforbundet.no\/tema\/juss\/nifs-lov\/kapittel-14-idrettens-markeds-og-rettighetsbestemmelser\/\">NIFs lov kapittel 14<\/a> og regelverk gitt av s\u00e6rforbundet.<\/p>\n<\/div><\/div>\n\n\n\n<div class=\"wp-block-msswb-panel msswb-panel-container\"><div class=\"mwwsb-panel-header\"><div class=\"mwwsb-panel-title\">\u00a7 19   Lovendring<\/div><div class=\"mwwsb-panel-icon\"><span class=\"dashicon dashicons dashicons-arrow-down-alt2\"><\/span><\/div><\/div><div class=\"msswb-panel-content\">\n<p>For regler om lovendring, gjelder <a href=\"https:\/\/www.idrettsforbundet.no\/tema\/juss\/nifs-lov\/kapittel-2-felles-bestemmelser-for-hele-organisasjonen\/#%C2%A72-2\">NIFs lov \u00a7 2-2<\/a>.<\/p>\n<\/div><\/div>\n\n\n\n<div class=\"wp-block-msswb-panel msswb-panel-container\"><div class=\"mwwsb-panel-header\"><div class=\"mwwsb-panel-title\">\u00a7 20   Oppl\u00f8sning<\/div><div class=\"mwwsb-panel-icon\"><span class=\"dashicon dashicons dashicons-arrow-down-alt2\"><\/span><\/div><\/div><div class=\"msswb-panel-content\">\n<p>Regionen kan bare oppl\u00f8ses av s\u00e6rforbundet. Ved oppl\u00f8sning eller annet opph\u00f8r av regionen tilfaller regionen overskytende midler etter avvikling et form\u00e5l godkjent av s\u00e6rforbundet.<\/p>\n<\/div><\/div>\n<\/div><\/div>\n\n\n\n<div class=\"wp-block-msswb-spacer msswb-spacer-container\" style=\"height:50px\"><div class=\"line\" style=\"height:25px\"><\/div><div class=\"line-center-divider\"><\/div><\/div>\n\n\n\n<h6 class=\"wp-block-heading\">Andre relevante lover og bestemmelser<\/h6>\n\n\n\n<ul class=\"wp-block-list\">\n<li><a rel=\"noreferrer noopener\" href=\"https:\/\/www.idrettsforbundet.no\/tema\/juss\/\" target=\"_blank\">Norges idrettsforbund &#8211; lover og bestemmelser<\/a><\/li>\n\n\n\n<li><a href=\"https:\/\/www.idrettsforbundet.no\/tema\/barneidrett\/bestemmelser-om-barneidrett\/\" target=\"_blank\" rel=\"noreferrer noopener\">NIFs barneidrettsbestemmelser<\/a><\/li>\n\n\n\n<li><a href=\"https:\/\/www.idrettsforbundet.no\/tema\/barneidrett\/idrettens-barnerettigheter\/\" target=\"_blank\" rel=\"noreferrer noopener\">NIFs barnerettigheter<\/a><\/li>\n\n\n\n<li><a href=\"https:\/\/www.idrettsforbundet.no\/tema\/retningslinjer\/retningslinjer-for-publisering-av-bilder-og-film-av-barn\/\" target=\"_blank\" rel=\"noreferrer noopener\">Retningslinjer for publisering av bilder og film<\/a><\/li>\n\n\n\n<li><a href=\"https:\/\/www.idrettsforbundet.no\/tema\/retningslinjer\/seksuell-trakassering-og-overgrep\/\" target=\"_blank\" rel=\"noreferrer noopener\">Retningslinjer mot seksuell trakassering og overgrep i idretten<\/a><\/li>\n<\/ul>\n\n\n\n<div class=\"wp-block-msswb-spacer msswb-spacer-container\" style=\"height:50px\"><div class=\"line\" style=\"height:25px\"><\/div><div class=\"line-center-divider\"><\/div><\/div>\n\n\n\n<ul class=\"wp-block-list\">\n<li><a href=\"https:\/\/bandyforbundet.no\/forbundet\/?page_id=320\" target=\"_blank\" rel=\"noreferrer noopener\">Lov for Norges Bandyforbund<\/a><\/li>\n\n\n\n<li><a rel=\"noreferrer noopener\" href=\"https:\/\/bandyforbundet.no\/forbundet\/?page_id=322\" target=\"_blank\">NBF &#8211; retningslinjer<\/a><\/li>\n<\/ul>\n","protected":false},"excerpt":{"rendered":"<p>P\u00e5 denne siden finnes relevante lover, regler og bestemmelser Lov for Oslo og Akershus Bandyregion Loven i sin helhet kan lastes ned som pdf her eller leses i menyen under. Andre relevante lover og bestemmelser<\/p>\n","protected":false},"author":24,"featured_media":0,"parent":637,"menu_order":0,"comment_status":"closed","ping_status":"closed","template":"templates\/template-cover.php","meta":{"cover_meta":"{\"showBackgroundImage\":true,\"bgImage\":{\"image_id\":8475,\"blog_id\":3,\"term_id\":173,\"selected_size\":\"full\"},\"showOverlay\":true,\"overlayColor\":\"#007cba\",\"overlayOpacity\":0.2,\"showIntro\":false,\"introColor\":\"white\",\"intro\":\"\",\"title\":\"Lover og regler\",\"titleColor\":\"white\",\"showOutro\":false,\"outroColor\":\"white\",\"outro\":\"\"}","footnotes":""},"class_list":["post-643","page","type-page","status-publish","hentry"],"_links":{"self":[{"href":"https:\/\/bandyforbundet.no\/oslo-og-akershus\/index.php?rest_route=\/wp\/v2\/pages\/643","targetHints":{"allow":["GET"]}}],"collection":[{"href":"https:\/\/bandyforbundet.no\/oslo-og-akershus\/index.php?rest_route=\/wp\/v2\/pages"}],"about":[{"href":"https:\/\/bandyforbundet.no\/oslo-og-akershus\/index.php?rest_route=\/wp\/v2\/types\/page"}],"author":[{"embeddable":true,"href":"https:\/\/bandyforbundet.no\/oslo-og-akershus\/index.php?rest_route=\/wp\/v2\/users\/24"}],"replies":[{"embeddable":true,"href":"https:\/\/bandyforbundet.no\/oslo-og-akershus\/index.php?rest_route=%2Fwp%2Fv2%2Fcomments&post=643"}],"version-history":[{"count":11,"href":"https:\/\/bandyforbundet.no\/oslo-og-akershus\/index.php?rest_route=\/wp\/v2\/pages\/643\/revisions"}],"predecessor-version":[{"id":5858,"href":"https:\/\/bandyforbundet.no\/oslo-og-akershus\/index.php?rest_route=\/wp\/v2\/pages\/643\/revisions\/5858"}],"up":[{"embeddable":true,"href":"https:\/\/bandyforbundet.no\/oslo-og-akershus\/index.php?rest_route=\/wp\/v2\/pages\/637"}],"wp:attachment":[{"href":"https:\/\/bandyforbundet.no\/oslo-og-akershus\/index.php?rest_route=%2Fwp%2Fv2%2Fmedia&parent=643"}],"curies":[{"name":"wp","href":"https:\/\/api.w.org\/{rel}","templated":true}]}}