{"id":656,"date":"2017-09-26T15:13:07","date_gmt":"2017-09-26T15:13:07","guid":{"rendered":"http:\/\/bandyforbundet.no\/oslo-og-akershus\/?page_id=656"},"modified":"2024-08-21T10:29:04","modified_gmt":"2024-08-21T10:29:04","slug":"dommerkurs-2","status":"publish","type":"page","link":"https:\/\/bandyforbundet.no\/oslo-og-akershus\/?page_id=656","title":{"rendered":"Dommer"},"content":{"rendered":"\n<div class=\"wp-block-msswb-panel msswb-panel-container\"><div class=\"mwwsb-panel-header\"><div class=\"mwwsb-panel-title\">Klubbdommer &#8211; Innebandy<\/div><div class=\"mwwsb-panel-icon\"><span class=\"dashicon dashicons dashicons-arrow-down-alt2\"><\/span><\/div><\/div><div class=\"msswb-panel-content\">\n<p><strong>Navn:&nbsp;<\/strong><\/p>\n\n\n\n<p>Klubbdommer &#8211; Innebandy<\/p>\n\n\n\n<p><strong>Beskrivelse:&nbsp;<\/strong><\/p>\n\n\n\n<p>Kurset er egnet for alle som \u00f8nsker \u00e5 bli dommer i innebandy eller l\u00e6re mer om dommerens rolle.<\/p>\n\n\n\n<p><strong>Emner:<\/strong><\/p>\n\n\n\n<ul class=\"wp-block-list\">\n<li>Skape trygghet for korrekt fl\u00f8yte- og tegnbruk.<\/li>\n\n\n\n<li>Skape et bevegelsesm\u00f8nster tilpasset spillet.<\/li>\n\n\n\n<li>Kunne kommunisere f\u00f8r, under og etter situasjoner i spillet.<\/li>\n<\/ul>\n\n\n\n<p><strong>M\u00e5lgruppe:&nbsp;<\/strong><\/p>\n\n\n\n<p>Alle<\/p>\n\n\n\n<p><strong>L\u00e6ringsm\u00e5l:<\/strong><\/p>\n\n\n\n<p>Vi \u00f8nsker at alle kamper skal ledes p\u00e5 en trygg, positiv og veiledende m\u00e5te av kamplederne.&nbsp;<\/p>\n\n\n\n<p>Spillerne i Aktivitetsserien trenger hjelp til \u00e5 forst\u00e5 spillet og kamplederne m\u00e5 veilede disse slik at de ung\u00e5r \u00e5 gj\u00f8re feil.<\/p>\n\n\n\n<p>Kampledere i Aktivitetsserien skal:<\/p>\n\n\n\n<ul class=\"wp-block-list\">\n<li>Vise respekt for spillere og lagledelse.<\/li>\n\n\n\n<li>Ha en positiv tankegang.<\/li>\n\n\n\n<li>V\u00e6re engasjerte.<\/li>\n\n\n\n<li>Bidra til \u00e5 skape trivsel, motivere til mestring og opplevelse for ut\u00f8verne.<\/li>\n\n\n\n<li>Bidra til god stemning.<\/li>\n\n\n\n<li>Ta hensyn til spillernes ferdigheter og bruke reglene deretter.<\/li>\n<\/ul>\n\n\n\n<p><strong>Holdningsm\u00e5l:&nbsp;<\/strong><\/p>\n\n\n\n<p>Innarbeide de holdninger Norges Bandyforbund forventer at man har i dommerrollen.<\/p>\n\n\n\n<p><strong>Ferdighetsm\u00e5l:&nbsp;<\/strong><\/p>\n\n\n\n<p>Kunnskapen l\u00e6rt p\u00e5 kurset skal sette dommeren i stand til \u00e5 lede innebandykamper p\u00e5 lavere aldersniv\u00e5er i tr\u00e5d med regelverket og fair play.<\/p>\n\n\n\n<p><strong>Varighet:&nbsp;<\/strong><\/p>\n\n\n\n<p>3 timer (1 time e-l\u00e6ring og 2 timer praksis i hall\/klasserom).<\/p>\n\n\n\n<p><strong>Minimumsalder:&nbsp;<\/strong><\/p>\n\n\n\n<p>14 \u00e5r. Men dommerkomiteer regionalt\/krets kan gj\u00f8re s\u00e6rskilte unntak fra aldersgrensen.<\/p>\n\n\n\n<p><strong>Kompetanse:&nbsp;<\/strong><\/p>\n\n\n\n<p>Klubbdommer &#8211; Innebandy<\/p>\n\n\n\n<p><strong>Kompetansekrav:&nbsp;<\/strong><\/p>\n\n\n\n<p>Fullf\u00f8rt kursdeltakelse.<\/p>\n<\/div><\/div>\n\n\n\n<div class=\"wp-block-msswb-panel msswb-panel-container\"><div class=\"mwwsb-panel-header\"><div class=\"mwwsb-panel-title\">Dommer Grunnkurs 1<\/div><div class=\"mwwsb-panel-icon\"><span class=\"dashicon dashicons dashicons-arrow-down-alt2\"><\/span><\/div><\/div><div class=\"msswb-panel-content\"><div class=\"msswb-display-internal-post-frontend-app-v2\" data-url-encoded-attrs=\"%7B%22displayInternalPost%22%3A%7B%22blog_id%22%3A2%2C%22ID%22%3A836%7D%7D\" data-dip-id=\"\" ><\/div><\/div><\/div>\n\n\n\n<div class=\"wp-block-msswb-panel msswb-panel-container\"><div class=\"mwwsb-panel-header\"><div class=\"mwwsb-panel-title\">Dommer Grunnkurs 2<\/div><div class=\"mwwsb-panel-icon\"><span class=\"dashicon dashicons dashicons-arrow-down-alt2\"><\/span><\/div><\/div><div class=\"msswb-panel-content\"><div class=\"msswb-display-internal-post-frontend-app-v2\" data-url-encoded-attrs=\"%7B%22displayInternalPost%22%3A%7B%22blog_id%22%3A2%2C%22ID%22%3A835%7D%7D\" data-dip-id=\"\" ><\/div><\/div><\/div>\n\n\n\n<div class=\"wp-block-msswb-panel msswb-panel-container\"><div class=\"mwwsb-panel-header\"><div class=\"mwwsb-panel-title\">Dommer Videreg\u00e5ende 1<\/div><div class=\"mwwsb-panel-icon\"><span class=\"dashicon dashicons dashicons-arrow-down-alt2\"><\/span><\/div><\/div><div class=\"msswb-panel-content\"><div class=\"msswb-display-internal-post-frontend-app-v2\" data-url-encoded-attrs=\"%7B%22displayInternalPost%22%3A%7B%22blog_id%22%3A2%2C%22ID%22%3A834%7D%7D\" data-dip-id=\"\" ><\/div><\/div><\/div>\n\n\n\n<div class=\"wp-block-msswb-panel msswb-panel-container\"><div class=\"mwwsb-panel-header\"><div class=\"mwwsb-panel-title\">Dommer Videreg\u00e5ende 2<\/div><div class=\"mwwsb-panel-icon\"><span class=\"dashicon dashicons dashicons-arrow-down-alt2\"><\/span><\/div><\/div><div class=\"msswb-panel-content\"><div class=\"msswb-display-internal-post-frontend-app-v2\" data-url-encoded-attrs=\"%7B%22displayInternalPost%22%3A%7B%22blog_id%22%3A2%2C%22ID%22%3A825%7D%7D\" data-dip-id=\"\" ><\/div><\/div><\/div>\n\n\n\n<div class=\"wp-block-msswb-panel msswb-panel-container\"><div class=\"mwwsb-panel-header\"><div class=\"mwwsb-panel-title\">Dommerobservat\u00f8rkurs<\/div><div class=\"mwwsb-panel-icon\"><span class=\"dashicon dashicons dashicons-arrow-down-alt2\"><\/span><\/div><\/div><div class=\"msswb-panel-content\"><div class=\"msswb-display-internal-post-frontend-app-v2\" data-url-encoded-attrs=\"%7B%22displayInternalPost%22%3A%7B%22blog_id%22%3A2%2C%22ID%22%3A833%7D%7D\" data-dip-id=\"\" ><\/div><\/div><\/div>\n\n\n\n<div class=\"wp-block-msswb-panel msswb-panel-container\"><div class=\"mwwsb-panel-header\"><div class=\"mwwsb-panel-title\">Dommerveilederkurs<\/div><div class=\"mwwsb-panel-icon\"><span class=\"dashicon dashicons dashicons-arrow-down-alt2\"><\/span><\/div><\/div><div class=\"msswb-panel-content\"><div class=\"msswb-display-internal-post-frontend-app-v2\" data-url-encoded-attrs=\"%7B%22displayInternalPost%22%3A%7B%22blog_id%22%3A2%2C%22ID%22%3A824%7D%7D\" data-dip-id=\"\" ><\/div><\/div><\/div>\n","protected":false},"excerpt":{"rendered":"","protected":false},"author":24,"featured_media":0,"parent":655,"menu_order":3,"comment_status":"closed","ping_status":"closed","template":"","meta":{"cover_meta":"","footnotes":""},"class_list":["post-656","page","type-page","status-publish","hentry"],"_links":{"self":[{"href":"https:\/\/bandyforbundet.no\/oslo-og-akershus\/index.php?rest_route=\/wp\/v2\/pages\/656","targetHints":{"allow":["GET"]}}],"collection":[{"href":"https:\/\/bandyforbundet.no\/oslo-og-akershus\/index.php?rest_route=\/wp\/v2\/pages"}],"about":[{"href":"https:\/\/bandyforbundet.no\/oslo-og-akershus\/index.php?rest_route=\/wp\/v2\/types\/page"}],"author":[{"embeddable":true,"href":"https:\/\/bandyforbundet.no\/oslo-og-akershus\/index.php?rest_route=\/wp\/v2\/users\/24"}],"replies":[{"embeddable":true,"href":"https:\/\/bandyforbundet.no\/oslo-og-akershus\/index.php?rest_route=%2Fwp%2Fv2%2Fcomments&post=656"}],"version-history":[{"count":9,"href":"https:\/\/bandyforbundet.no\/oslo-og-akershus\/index.php?rest_route=\/wp\/v2\/pages\/656\/revisions"}],"predecessor-version":[{"id":5722,"href":"https:\/\/bandyforbundet.no\/oslo-og-akershus\/index.php?rest_route=\/wp\/v2\/pages\/656\/revisions\/5722"}],"up":[{"embeddable":true,"href":"https:\/\/bandyforbundet.no\/oslo-og-akershus\/index.php?rest_route=\/wp\/v2\/pages\/655"}],"wp:attachment":[{"href":"https:\/\/bandyforbundet.no\/oslo-og-akershus\/index.php?rest_route=%2Fwp%2Fv2%2Fmedia&parent=656"}],"curies":[{"name":"wp","href":"https:\/\/api.w.org\/{rel}","templated":true}]}}