{"id":6560,"date":"2025-02-21T08:53:17","date_gmt":"2025-02-21T08:53:17","guid":{"rendered":"https:\/\/bandyforbundet.no\/oslo-og-akershus\/?page_id=6560"},"modified":"2026-04-21T06:59:54","modified_gmt":"2026-04-21T06:59:54","slug":"kriterier-for-tildeling-av-arrangementer-i-oslo-og-akershus-bandyregion","status":"publish","type":"page","link":"https:\/\/bandyforbundet.no\/oslo-og-akershus\/?page_id=6560","title":{"rendered":"Kriterier for tildeling av arrangementer i Oslo og Akershus Bandyregion"},"content":{"rendered":"\n<h2 class=\"wp-block-heading\">S\u00f8knadsfrist for arrangementer i Oslo og Akershus Bandyregion<\/h2>\n\n\n\n<p><strong>S\u00f8knadsfristen for alle arrangementer for sesongen 2026\/2027 er 20. april 2026.<\/strong><\/p>\n\n\n\n<div class=\"wp-block-msswb-spacer msswb-spacer-container\" style=\"height:50px\"><div class=\"line\" style=\"height:25px\"><\/div><div class=\"line-center-divider\"><\/div><\/div>\n\n\n\n<h2 class=\"wp-block-heading\">Kriterier<\/h2>\n\n\n\n<p><strong>Styret i Oslo og Akershus Bandyregion har vedtatt nedenst\u00e5ende kriterier for tildeling av arrangementer<\/strong> (sist oppdatert 04.02.2025)<\/p>\n\n\n\n<div class=\"wp-block-msswb-panel msswb-panel-container\"><div class=\"mwwsb-panel-header\"><div class=\"mwwsb-panel-title\">Kriterier for tildeling av rollen som teknisk arrang\u00f8r for Mini- og 3v3 runder i Oslo og Akershus Bandyregion<\/div><div class=\"mwwsb-panel-icon\"><span class=\"dashicon dashicons dashicons-arrow-down-alt2\"><\/span><\/div><\/div><div class=\"msswb-panel-content\">\n<figure class=\"wp-block-table\"><table class=\"has-fixed-layout\"><tbody><tr><td><strong>&nbsp;<\/strong><\/td><td><strong>Kriterier<\/strong><\/td><td><strong>Kommentar<\/strong><\/td><\/tr><tr><td><strong>Medlemskap<\/strong><\/td><td>Klubben som s\u00f8ker, m\u00e5 v\u00e6re medlem av Oslo og Akershus Bandyregion for \u00e5 bli tildelt arrangement.<\/td><td><em>Arrang\u00f8rs\u00f8knader fra klubber som tilh\u00f8rer andre regioner blir ikke vurdert.<\/em><\/td><\/tr><tr><td><strong>S\u00f8knadsfrist<\/strong><\/td><td>S\u00f8knadsfristen er 20. april.&nbsp;<\/td><td><em>Arrang\u00f8rs\u00f8knader etter fristen blir ikke vurdert.<\/em><\/td><\/tr><tr><td><strong>Sportslig<\/strong><\/td><td>Klubber skal som hovedregel ha deltatt med lag i minirunde og\/eller seriespill i aldersbestemte klasser foreg\u00e5ende sesong.&nbsp;&nbsp;<\/td><td><em>Arrang\u00f8rs\u00f8knader fra klubber som har deltatt med b\u00e5de jentelag og guttelag foreg\u00e5ende sesong prioriteres foran klubber som har deltatt med bare jentelag eller bare guttelag.<\/em><\/td><\/tr><tr><td><strong>Anlegg<\/strong><strong>&nbsp;<\/strong><\/td><td>Idrettshallen m\u00e5 ha minimum to minibaner p\u00e5 arrangementsdagen, men helst flere baner.&nbsp;&nbsp;&nbsp;<\/td><td><em>Arrang\u00f8rs\u00f8knader med flere minibaner prioriteres f\u00f8r arrang\u00f8rs\u00f8knader med f\u00e6rre baner. Split boards kan benyttes i Mini- og 3v3 runder.<\/em><\/td><\/tr><tr><td><strong>Anlegg<\/strong><\/td><td>Idrettshallen m\u00e5 v\u00e6re tilgjengelig i minimum ni timer p\u00e5 arrangementsdagen.&nbsp;<br> &#8211; L\u00f8rdag 09.00-18.00<br> &#8211; S\u00f8ndag 10.00-20.00&nbsp;<\/td><td><em>&nbsp;<\/em><em><\/em><\/td><\/tr><tr><td><strong>Anlegg<\/strong><\/td><td>Idrettshallen skal v\u00e6re egnet for \u00e5 gjennomf\u00f8re Mini- og 3v3 runde. Idrettshallen skal ha:<br> &#8211; Tilstrekkelig antall spillegarderober<br> &#8211; God tribunekapasitet&nbsp;<br> &#8211; Universell utforming<\/td><td><\/td><\/tr><tr><td><strong>\u00d8konomi<\/strong><\/td><td>For \u00e5 bli tildelt arrangement og rollen som teknisk arrang\u00f8r skal alle klubbens faktura fra Oslo og Akershus Bandyregion v\u00e6re betalt.&nbsp;<\/td><td><em>Arrang\u00f8rs\u00f8knader fra klubber som har gjeldsforpliktelser (regninger som har forfalt med mer enn 30 dager) prioriteres ikke i utvelgelsen av tekniske arrang\u00f8rer.&nbsp;<\/em><em><\/em><\/td><\/tr><tr><td><strong>\u00d8konomi<\/strong><strong>&nbsp;<\/strong><\/td><td>Kostnad p\u00e5 leie av tid i idrettshall, som blir belastet OABR i forbindelse med arrangementet&nbsp;<\/td><td><em>Arrang\u00f8rs\u00f8knader med ingen eller lav leiekostnad p\u00e5 idrettshall vil prioriteres f\u00f8r arrang\u00f8rs\u00f8knader med h\u00f8yere leiekostnader p\u00e5 idrettshall.&nbsp;<\/em><\/td><\/tr><tr><td><strong>\u00d8konomi<\/strong><strong>&nbsp;<\/strong><\/td><td>Kostnad p\u00e5 inngangsbillett for publikum.<\/td><td><em>&nbsp;<\/em><em>Arrang\u00f8rs\u00f8knader med lav eller ingen inngangsbillett prioriteres f\u00f8r arrang\u00f8rs\u00f8knader med h\u00f8yere inngangsbillett.&nbsp;<\/em><\/td><\/tr><tr><td><strong>Annet<\/strong><strong>&nbsp;<\/strong><\/td><td>Spesielle konsepter for arrangementet.&nbsp;&nbsp;<\/td><td><em>Arrang\u00f8rs\u00f8knader med gode\/spennende\/nyskapende konsepter&nbsp;i Mini- og 3v3 runden.prioriteres.<\/em><\/td><\/tr><\/tbody><\/table><\/figure>\n<\/div><\/div>\n\n\n\n<div class=\"wp-block-msswb-panel msswb-panel-container\"><div class=\"mwwsb-panel-header\"><div class=\"mwwsb-panel-title\">Kriterier for tildeling av rollen som teknisk arrang\u00f8r for Regionscup i Oslo og Akershus Bandyregion<\/div><div class=\"mwwsb-panel-icon\"><span class=\"dashicon dashicons dashicons-arrow-down-alt2\"><\/span><\/div><\/div><div class=\"msswb-panel-content\">\n<figure class=\"wp-block-table\"><table class=\"has-fixed-layout\"><tbody><tr><td><strong>&nbsp;<\/strong><\/td><td><strong>Kriterier<\/strong><\/td><td><strong>Kommentar<\/strong><\/td><\/tr><tr><td><strong>Medlemskap<\/strong><\/td><td>Klubben som s\u00f8ker, m\u00e5 v\u00e6re medlem av Oslo og Akershus Bandyregion for \u00e5 bli tildelt arrangement.<\/td><td><em>Arrang\u00f8rs\u00f8knader fra klubber som tilh\u00f8rer andre regioner blir ikke vurdert.<\/em><\/td><\/tr><tr><td><strong>S\u00f8knadsfrist<\/strong><\/td><td>S\u00f8knadsfristen er 20. april.&nbsp;<\/td><td><em>Arrang\u00f8rs\u00f8knader etter fristen blir ikke vurdert.<\/em><\/td><\/tr><tr><td><strong>Sportslig<\/strong><\/td><td>Klubber skal som hovedregel ha deltatt med lag i minirunde og\/eller seriespill i aldersbestemte klasser foreg\u00e5ende sesong.&nbsp;&nbsp;<\/td><td><em>Arrang\u00f8rs\u00f8knader fra klubber som har deltatt med b\u00e5de jentelag og guttelag foreg\u00e5ende sesong prioriteres foran klubber som har deltatt med bare jentelag eller bare guttelag.<\/em><\/td><\/tr><tr><td><strong>Anlegg<\/strong><\/td><td>Idrettshallen m\u00e5 v\u00e6re tilgjengelig i minimum ni timer p\u00e5 arrangementsdagen.&nbsp;<br> &#8211; L\u00f8rdag 09.00-18.00<br> &#8211; S\u00f8ndag 10.00-20.00&nbsp;<\/td><td><em>&nbsp;<\/em><em><\/em><\/td><\/tr><tr><td><strong>Anlegg<\/strong><\/td><td>Idrettshallen m\u00e5 ha:<br> &#8211; Tilstrekkelig antall spillegarderober<br> &#8211; Dommergarderobe<br> &#8211; God tribunekapasitet&nbsp;<br> &#8211; Universell utforming<\/td><td><\/td><\/tr><tr><td><strong>\u00d8konomi<\/strong><\/td><td>For \u00e5 bli tildelt arrangement og rollen som teknisk arrang\u00f8r skal alle klubbens faktura fra Oslo og Akershus Bandyregion v\u00e6re betalt.&nbsp;<\/td><td><em>Arrang\u00f8rs\u00f8knader fra klubber som har gjeldsforpliktelser (regninger som har forfalt med mer enn 30 dager) prioriteres ikke i utvelgelsen av tekniske arrang\u00f8rer.&nbsp;<\/em><em><\/em><\/td><\/tr><tr><td><strong>\u00d8konomi<\/strong><strong>&nbsp;<\/strong><\/td><td>Kostnad p\u00e5 leie av tid i idrettshall, som blir belastet OABR i forbindelse med arrangementet&nbsp;<\/td><td><em>Arrang\u00f8rs\u00f8knader med ingen eller lav leiekostnad p\u00e5 idrettshall vil prioriteres f\u00f8r arrang\u00f8rs\u00f8knader med h\u00f8yere leiekostnader p\u00e5 idrettshall.&nbsp;<\/em><\/td><\/tr><\/tbody><\/table><\/figure>\n<\/div><\/div>\n\n\n\n<div class=\"wp-block-msswb-panel msswb-panel-container\"><div class=\"mwwsb-panel-header\"><div class=\"mwwsb-panel-title\">Kriterier for tildeling av rollen som teknisk arrang\u00f8r for NM aldersbestemte klasser i Oslo og Akershus Bandyregion<\/div><div class=\"mwwsb-panel-icon\"><span class=\"dashicon dashicons dashicons-arrow-down-alt2\"><\/span><\/div><\/div><div class=\"msswb-panel-content\">\n<figure class=\"wp-block-table\"><table class=\"has-fixed-layout\"><tbody><tr><td><strong>&nbsp;<\/strong><\/td><td><strong>Kriterier<\/strong><\/td><td><strong>Kommentar<\/strong><\/td><\/tr><tr><td><strong>Medlemskap<\/strong><\/td><td>Klubben som s\u00f8ker, m\u00e5 v\u00e6re medlem av Oslo og Akershus Bandyregion for \u00e5 bli tildelt arrangement.<\/td><td><em>Arrang\u00f8rs\u00f8knader fra klubber som tilh\u00f8rer andre regioner blir ikke vurdert.<\/em><\/td><\/tr><tr><td><strong>S\u00f8knadsfrist<\/strong><\/td><td>S\u00f8knadsfristen er 20. april.&nbsp;<\/td><td><em>Arrang\u00f8rs\u00f8knader etter fristen blir ikke vurdert.<\/em><\/td><\/tr><tr><td><strong>Sportslig<\/strong><\/td><td>Klubber skal som hovedregel ha deltatt med lag i minirunde og\/eller seriespill i aldersbestemte klasser foreg\u00e5ende sesong.&nbsp;&nbsp;<\/td><td><em>Arrang\u00f8rs\u00f8knader fra klubber som har deltatt med b\u00e5de jentelag og guttelag foreg\u00e5ende sesong prioriteres foran klubber som har deltatt med bare jentelag eller bare guttelag.<\/em><\/td><\/tr><tr><td><strong>\u00d8konomi<\/strong><\/td><td>For \u00e5 bli tildelt arrangement og rollen som teknisk arrang\u00f8r skal alle klubbens faktura fra Oslo og Akershus Bandyregion v\u00e6re betalt.&nbsp;<\/td><td><em>Arrang\u00f8rs\u00f8knader fra klubber som har gjeldsforpliktelser (regninger som har forfalt med mer enn 30 dager) prioriteres ikke i utvelgelsen av tekniske arrang\u00f8rer.&nbsp;<\/em><em><\/em><\/td><\/tr><\/tbody><\/table><\/figure>\n\n\n\n<p><strong>NB! Det vises til ytterligere kriterier fra Norges Bandyforbund &#8211; under arrang\u00f8rinnstruks for NM aldersbestemte klasser nedenfor.<\/strong><\/p>\n<\/div><\/div>\n\n\n\n<div class=\"wp-block-msswb-spacer msswb-spacer-container\" style=\"height:50px\"><div class=\"line\" style=\"height:25px\"><\/div><div class=\"line-center-divider\"><\/div><\/div>\n\n\n\n<h2 class=\"wp-block-heading\">Arrang\u00f8rinstrukser<\/h2>\n\n\n\n<div class=\"wp-block-msswb-panel msswb-panel-container\"><div class=\"mwwsb-panel-header\"><div class=\"mwwsb-panel-title\">Arrang\u00f8rinstruks Mini- og 3v3 runder<\/div><div class=\"mwwsb-panel-icon\"><span class=\"dashicon dashicons dashicons-arrow-down-alt2\"><\/span><\/div><\/div><div class=\"msswb-panel-content\">\n<p><a href=\"https:\/\/bandyforbundet.no\/oslo-og-akershus\/?page_id=7192\" target=\"_blank\" rel=\"noreferrer noopener\">Arrang\u00f8rinnstruks for Mini- og 3v3 runder<\/a><\/p>\n<\/div><\/div>\n\n\n\n<div class=\"wp-block-msswb-panel msswb-panel-container\"><div class=\"mwwsb-panel-header\"><div class=\"mwwsb-panel-title\">Arrang\u00f8rinstruks Regionscup<\/div><div class=\"mwwsb-panel-icon\"><span class=\"dashicon dashicons dashicons-arrow-down-alt2\"><\/span><\/div><\/div><div class=\"msswb-panel-content\">\n<p>Instruks kommer<\/p>\n<\/div><\/div>\n\n\n\n<div class=\"wp-block-msswb-panel msswb-panel-container\"><div class=\"mwwsb-panel-header\"><div class=\"mwwsb-panel-title\">Arrang\u00f8rinstruks NM aldersbestemte klasser<\/div><div class=\"mwwsb-panel-icon\"><span class=\"dashicon dashicons dashicons-arrow-down-alt2\"><\/span><\/div><\/div><div class=\"msswb-panel-content\">\n<p><a href=\"https:\/\/bandyforbundet.no\/oslo-og-akershus\/wp-content\/uploads\/sites\/7\/2025\/03\/241104_Arrangorinstruks_NM-finaler_aldersbestemte_klasser.pdf\" target=\"_blank\" rel=\"noreferrer noopener\">Arrang\u00f8rinstruks for NM aldersbestemte klasser<\/a><\/p>\n<\/div><\/div>\n\n\n\n<div class=\"wp-block-msswb-spacer msswb-spacer-container\" style=\"height:50px\"><div class=\"line\" style=\"height:25px\"><\/div><div class=\"line-center-divider\"><\/div><\/div>\n\n\n\n<h2 class=\"wp-block-heading\">S\u00f8knadsskjema<\/h2>\n\n\n\n<div class=\"wp-block-msswb-panel msswb-panel-container\"><div class=\"mwwsb-panel-header\"><div class=\"mwwsb-panel-title\">S\u00f8knadsskjema &#8211; teknisk arrang\u00f8r Mini-og 3v3 runder sesongen 2026\/2027<\/div><div class=\"mwwsb-panel-icon\"><span class=\"dashicon dashicons dashicons-arrow-down-alt2\"><\/span><\/div><\/div><div class=\"msswb-panel-content\">\n<p><a href=\"https:\/\/forms.office.com\/e\/1vPztZuptk\">ARRANG\u00d8RS\u00d8KNAD FOR MINI- OG 3V3 RUNDER OSLO OG AKERSHUS BANDYREGION (OABR) 2026\/2027<\/a><\/p>\n<\/div><\/div>\n\n\n\n<div class=\"wp-block-msswb-panel msswb-panel-container\"><div class=\"mwwsb-panel-header\"><div class=\"mwwsb-panel-title\">S\u00f8knadsskjema &#8211; teknisk arrang\u00f8r Regionscup 2026\/2027<\/div><div class=\"mwwsb-panel-icon\"><span class=\"dashicon dashicons dashicons-arrow-down-alt2\"><\/span><\/div><\/div><div class=\"msswb-panel-content\">\n<p><a href=\"https:\/\/forms.office.com\/e\/GENR8kAbZG\">ARRANG\u00d8RS\u00d8KNAD FOR REGIONSCUP OSLO OG AKERSHUS BANDYREGION 2026<\/a><\/p>\n<\/div><\/div>\n\n\n\n<div class=\"wp-block-msswb-panel msswb-panel-container\"><div class=\"mwwsb-panel-header\"><div class=\"mwwsb-panel-title\">S\u00f8knadsskjema &#8211; teknisk arrang\u00f8r NM aldersbestemte klasser 2027<\/div><div class=\"mwwsb-panel-icon\"><span class=\"dashicon dashicons dashicons-arrow-down-alt2\"><\/span><\/div><\/div><div class=\"msswb-panel-content\">\n<p>S\u00f8knadsskjema kommer<\/p>\n<\/div><\/div>\n\n\n\n<div class=\"wp-block-msswb-spacer msswb-spacer-container\" style=\"height:50px\"><div class=\"line\" style=\"height:25px\"><\/div><div class=\"line-center-divider\"><\/div><\/div>\n\n\n\n<h2 class=\"wp-block-heading\">Oversikt over mottatte s\u00f8knader til rollen som teknisk arrang\u00f8r sesongen 2026\/2027<\/h2>\n\n\n\n<div class=\"wp-block-msswb-panel msswb-panel-container\"><div class=\"mwwsb-panel-header\"><div class=\"mwwsb-panel-title\">S\u00f8kere til teknisk arrang\u00f8r Mini- og 3v3 runder sesongen 2026\/2027<\/div><div class=\"mwwsb-panel-icon\"><span class=\"dashicon dashicons dashicons-arrow-down-alt2\"><\/span><\/div><\/div><div class=\"msswb-panel-content\">\n<figure class=\"wp-block-table\"><table class=\"has-fixed-layout\"><thead><tr><th>Klubb<\/th><th>Hall<\/th><th>Antall minibaner<\/th><\/tr><\/thead><tbody><tr><td>Lambertseter IF<\/td><td>Lambertseter Flerbrukshall<\/td><td>3<\/td><\/tr><tr><td>Dr\u00f8bak Frogn Innebandy<\/td><td>Frogn Arena<\/td><td>2<\/td><\/tr><tr><td>Gjerdrum IL Innebandy<\/td><td>Gjerdrum Idrettshall<\/td><td>2<\/td><\/tr><tr><td>Ellingsrud IL<\/td><td>Ellingsrudhallen<\/td><td>3<\/td><\/tr><tr><td>Gjeller\u00e5sen IF<\/td><td>Slattumhallen<\/td><td>2<\/td><\/tr><tr><td>Nittedal IL<\/td><td>Rotneshallen<\/td><td>4<\/td><\/tr><tr><td>Nes IBK<\/td><td>Neshallen<\/td><td>2<\/td><\/tr><tr><td>Fjerdingby IBK<\/td><td>Fjerdingbyhallen og Marikollhallen<\/td><td>3<\/td><\/tr><tr><td>Monolitten IL<\/td><td>Sk\u00f8yenhallen<\/td><td>3<\/td><\/tr><tr><td>IK Akerselva<\/td><td>Kringsj\u00e5hallen<\/td><td>3<\/td><\/tr><tr><td>Ullensaker\/Kisa Innebandy<\/td><td>Jessheim is- og flerbrukshall<\/td><td>8<\/td><\/tr><tr><td>Holmlia SK<\/td><td>Holmlia Idrettshall<\/td><td>4<\/td><\/tr><tr><td>Str\u00f8mmen IBK<\/td><td>Slorahallen <\/td><td>3<\/td><\/tr><tr><td>Frogner IL<\/td><td>Frogner Flerbrukshall<\/td><td>6<\/td><\/tr><tr><td>Tunet IBK<\/td><td>H\u00f8yenhallen<\/td><td>3<\/td><\/tr><tr><td>Fet IL Innebandy<\/td><td>Eika Fet Arena<\/td><td>4<\/td><\/tr><tr><td>SF Grei<\/td><td>Apall\u00f8kka Idrettshall<\/td><td>5<\/td><\/tr><tr><td>SK Sterling<\/td><td>Vahl Flerbrukshall<\/td><td>3<\/td><\/tr><tr><td>Sveiva Innebandy<\/td><td>Rommenhallen<\/td><td>2<\/td><\/tr><tr><td>Asker IBK<\/td><td>Heggedalshallen<\/td><td>3<\/td><\/tr><tr><td>Ski IL Innebandy<\/td><td>Ski Alliansehall<\/td><td>4<\/td><\/tr><tr><td>B\u00e6kkelagets Sportsklub<\/td><td>B\u00e6kkelagshallen<\/td><td>2<\/td><\/tr><tr><td>Sagene IF<\/td><td>Bj\u00f8lsenhallen<\/td><td>3<\/td><\/tr><tr><td>\u00d8stensj\u00f8 IBK<\/td><td>B\u00f8lerhallen<\/td><td>3<\/td><\/tr><tr><td>Fagerstrand IF<\/td><td>Bakkel\u00f8kka Flerbrukshall<\/td><td>2<\/td><\/tr><\/tbody><\/table><\/figure>\n\n\n\n<p><\/p>\n<\/div><\/div>\n\n\n\n<div class=\"wp-block-msswb-panel msswb-panel-container\"><div class=\"mwwsb-panel-header\"><div class=\"mwwsb-panel-title\">S\u00f8kere til teknisk arrang\u00f8r Regionscup 2026\/2027<\/div><div class=\"mwwsb-panel-icon\"><span class=\"dashicon dashicons dashicons-arrow-down-alt2\"><\/span><\/div><\/div><div class=\"msswb-panel-content\">\n<div class=\"wp-block-msswb-panel msswb-panel-container\"><div class=\"mwwsb-panel-header\"><div class=\"mwwsb-panel-title\">S\u00f8kere til rollen som teknisk arrang\u00f8r for puljespill aldersbestemte klasser i Ekeberg Idrettshall<\/div><div class=\"mwwsb-panel-icon\"><span class=\"dashicon dashicons dashicons-arrow-down-alt2\"><\/span><\/div><\/div><div class=\"msswb-panel-content\">\n<figure class=\"wp-block-table\"><table class=\"has-fixed-layout\"><thead><tr><th>Klubb<\/th><\/tr><\/thead><tbody><tr><td>Gjeller\u00e5sen IF<\/td><\/tr><tr><td>Nittedal IL<\/td><\/tr><tr><td>SF Grei<\/td><\/tr><tr><td>B\u00e6kkelagets Sportsklub<\/td><\/tr><tr><td><\/td><\/tr><tr><td><\/td><\/tr><tr><td><\/td><\/tr><tr><td><\/td><\/tr><tr><td><\/td><\/tr><tr><td><\/td><\/tr><\/tbody><\/table><\/figure>\n<\/div><\/div>\n\n\n\n<div class=\"wp-block-msswb-panel msswb-panel-container\"><div class=\"mwwsb-panel-header\"><div class=\"mwwsb-panel-title\">S\u00f8kere til rollen som teknisk arrang\u00f8r for puljespill senior<\/div><div class=\"mwwsb-panel-icon\"><span class=\"dashicon dashicons dashicons-arrow-down-alt2\"><\/span><\/div><\/div><div class=\"msswb-panel-content\">\n<figure class=\"wp-block-table\"><table class=\"has-fixed-layout\"><thead><tr><th>Klubb<\/th><th>Hall<\/th><\/tr><\/thead><tbody><tr><td>Gjeller\u00e5sen IF<\/td><td>Slattumhallen<\/td><\/tr><tr><td>Nittedal IL<\/td><td>Rotneshallen<\/td><\/tr><tr><td>IK Akerselva<\/td><td>Kringsj\u00e5hallen<\/td><\/tr><tr><td>SF Grei<\/td><td>Apall\u00f8kka<\/td><\/tr><tr><td><\/td><td><\/td><\/tr><tr><td><\/td><td><\/td><\/tr><tr><td><\/td><td><\/td><\/tr><tr><td><\/td><td><\/td><\/tr><tr><td><\/td><td><\/td><\/tr><tr><td><\/td><td><\/td><\/tr><\/tbody><\/table><\/figure>\n<\/div><\/div>\n\n\n\n<div class=\"wp-block-msswb-panel msswb-panel-container\"><div class=\"mwwsb-panel-header\"><div class=\"mwwsb-panel-title\">S\u00f8kere til rollen som teknisk arrang\u00f8r for finaler aldersbestemte klasser<\/div><div class=\"mwwsb-panel-icon\"><span class=\"dashicon dashicons dashicons-arrow-down-alt2\"><\/span><\/div><\/div><div class=\"msswb-panel-content\">\n<figure class=\"wp-block-table\"><table class=\"has-fixed-layout\"><thead><tr><th>Klubb<\/th><th>Hall<\/th><\/tr><\/thead><tbody><tr><td>Gjeller\u00e5sen IF<\/td><td>Slattumhallen<\/td><\/tr><tr><td>Nittedal IL<\/td><td>Rotneshallen<\/td><\/tr><tr><td>Fjerdingby IBK<\/td><td>Fjerdingbyhallen<\/td><\/tr><tr><td>IK Akerselva<\/td><td>Kringsj\u00e5hallen<\/td><\/tr><tr><td>Tunet IBK<\/td><td>H\u00f8yenhallen<\/td><\/tr><tr><td>SF Grei<\/td><td>Apall\u00f8kka<\/td><\/tr><tr><td>Fet IL Innebandy<\/td><td>Eika Fet Arena<\/td><\/tr><tr><td>Sveiva Innebandy<\/td><td>Rommenhallen<\/td><\/tr><tr><td>Ullensaker\/Kisa Innebandy<\/td><td>EV4 Arena<\/td><\/tr><tr><td><\/td><td><\/td><\/tr><\/tbody><\/table><\/figure>\n<\/div><\/div>\n\n\n\n<div class=\"wp-block-msswb-panel msswb-panel-container\"><div class=\"mwwsb-panel-header\"><div class=\"mwwsb-panel-title\">S\u00f8kere til rollen som teknisk arrang\u00f8r for finaler senior<\/div><div class=\"mwwsb-panel-icon\"><span class=\"dashicon dashicons dashicons-arrow-down-alt2\"><\/span><\/div><\/div><div class=\"msswb-panel-content\">\n<figure class=\"wp-block-table\"><table class=\"has-fixed-layout\"><thead><tr><th>Klubb<\/th><th>Hall<\/th><\/tr><\/thead><tbody><tr><td>Gjeller\u00e5sen IF<\/td><td>Slattumhallen<\/td><\/tr><tr><td>Nittedal IL<\/td><td>Rotneshallen<\/td><\/tr><tr><td>IK Akerselva<\/td><td>Kringsj\u00e5hallen<\/td><\/tr><tr><td>SF Grei<\/td><td>Apall\u00f8kka<\/td><\/tr><tr><td>Fet IL Innebandy<\/td><td>Eika Fet Arena<\/td><\/tr><tr><td><\/td><td><\/td><\/tr><tr><td><\/td><td><\/td><\/tr><tr><td><\/td><td><\/td><\/tr><tr><td><\/td><td><\/td><\/tr><tr><td><\/td><td><\/td><\/tr><\/tbody><\/table><\/figure>\n<\/div><\/div>\n<\/div><\/div>\n\n\n\n<div class=\"wp-block-msswb-panel msswb-panel-container\"><div class=\"mwwsb-panel-header\"><div class=\"mwwsb-panel-title\">S\u00f8kere til rollen som teknisk arrang\u00f8r for NM aldersbestemte klasser 2027<\/div><div class=\"mwwsb-panel-icon\"><span class=\"dashicon dashicons dashicons-arrow-down-alt2\"><\/span><\/div><\/div><div class=\"msswb-panel-content\">\n<p>S\u00f8knadsskjema kommer<\/p>\n<\/div><\/div>\n\n\n\n<div class=\"wp-block-msswb-panel msswb-panel-container\"><div class=\"mwwsb-panel-header\"><div class=\"mwwsb-panel-title\">S\u00f8kere til rollen som teknisk arrang\u00f8r for OABR V\u00e5rcup 2027<\/div><div class=\"mwwsb-panel-icon\"><span class=\"dashicon dashicons dashicons-arrow-down-alt2\"><\/span><\/div><\/div><div class=\"msswb-panel-content\">\n<p>S\u00f8knadsskjema kommer<\/p>\n<\/div><\/div>\n","protected":false},"excerpt":{"rendered":"<p>S\u00f8knadsfrist for arrangementer i Oslo og Akershus Bandyregion S\u00f8knadsfristen for alle arrangementer for sesongen 2026\/2027 er 20. april 2026. Kriterier Styret i Oslo og Akershus Bandyregion har vedtatt nedenst\u00e5ende kriterier for tildeling av arrangementer (sist oppdatert 04.02.2025) Arrang\u00f8rinstrukser S\u00f8knadsskjema Oversikt over mottatte s\u00f8knader til rollen som teknisk arrang\u00f8r sesongen 2026\/2027<\/p>\n","protected":false},"author":6,"featured_media":0,"parent":0,"menu_order":0,"comment_status":"closed","ping_status":"closed","template":"","meta":{"cover_meta":"","footnotes":""},"class_list":["post-6560","page","type-page","status-publish","hentry"],"_links":{"self":[{"href":"https:\/\/bandyforbundet.no\/oslo-og-akershus\/index.php?rest_route=\/wp\/v2\/pages\/6560","targetHints":{"allow":["GET"]}}],"collection":[{"href":"https:\/\/bandyforbundet.no\/oslo-og-akershus\/index.php?rest_route=\/wp\/v2\/pages"}],"about":[{"href":"https:\/\/bandyforbundet.no\/oslo-og-akershus\/index.php?rest_route=\/wp\/v2\/types\/page"}],"author":[{"embeddable":true,"href":"https:\/\/bandyforbundet.no\/oslo-og-akershus\/index.php?rest_route=\/wp\/v2\/users\/6"}],"replies":[{"embeddable":true,"href":"https:\/\/bandyforbundet.no\/oslo-og-akershus\/index.php?rest_route=%2Fwp%2Fv2%2Fcomments&post=6560"}],"version-history":[{"count":70,"href":"https:\/\/bandyforbundet.no\/oslo-og-akershus\/index.php?rest_route=\/wp\/v2\/pages\/6560\/revisions"}],"predecessor-version":[{"id":8203,"href":"https:\/\/bandyforbundet.no\/oslo-og-akershus\/index.php?rest_route=\/wp\/v2\/pages\/6560\/revisions\/8203"}],"wp:attachment":[{"href":"https:\/\/bandyforbundet.no\/oslo-og-akershus\/index.php?rest_route=%2Fwp%2Fv2%2Fmedia&parent=6560"}],"curies":[{"name":"wp","href":"https:\/\/api.w.org\/{rel}","templated":true}]}}