{"id":657,"date":"2024-08-08T12:31:00","date_gmt":"2024-08-08T12:31:00","guid":{"rendered":"http:\/\/bandyforbundet.no\/oslo-og-akershus\/?page_id=657"},"modified":"2025-05-19T09:08:31","modified_gmt":"2025-05-19T09:08:31","slug":"trener-8","status":"publish","type":"page","link":"https:\/\/bandyforbundet.no\/oslo-og-akershus\/?page_id=657","title":{"rendered":"Trener og lagleder"},"content":{"rendered":"\n<div class=\"wp-block-msswb-panel msswb-panel-container\"><div class=\"mwwsb-panel-header\"><div class=\"mwwsb-panel-title\">Minirundetreneren<\/div><div class=\"mwwsb-panel-icon\"><span class=\"dashicon dashicons dashicons-arrow-down-alt2\"><\/span><\/div><\/div><div class=\"msswb-panel-content\">\n<p><strong>Beskrivelse: <\/strong>Tar for seg organisering og tilrettelegging av innebandyaktivitet. Setter fokus p\u00e5 at innebandy ikke er komplisert, det er enkelt \u00e5 skape aktivitet og glede.<\/p>\n\n\n\n<p><strong>Forkunnskaper:<\/strong> Det kreves ingen forkunnskaper for \u00e5 ta kurset.&nbsp;<\/p>\n\n\n\n<p><strong>M\u00e5lgruppe:<\/strong> Kurset er egnet for alle som \u00f8nsker \u00e5 l\u00e6re mer om innebandy, b\u00e5de spillere, foreldre, trenere, lagledere og ledere.<\/p>\n\n\n\n<p><strong>L\u00e6ringsm\u00e5l:<\/strong><br>Kunnskapsm\u00e5l: Deltakerne skal kjenne til hvordan man organiserer og tilrettelegge innebandyaktivitet.<br>Holdningsm\u00e5l: Deltakerne skal vise forst\u00e5else for Norges Bandyforbunds holdninger og verdier.<\/p>\n\n\n\n<p><strong>Varighet:<\/strong> 4 timer.<\/p>\n\n\n\n<p><strong>Pris:<\/strong>&nbsp;Gratis.<\/p>\n\n\n\n<p><strong>Organisering<\/strong>: 2 timer teori og 2 timer praksis i hall.<\/p>\n\n\n\n<p><strong>Minimumsalder: <\/strong>14 \u00e5r.<\/p>\n\n\n\n<p><strong>Kompetanse:<\/strong> Trener 1 del 1 &#8211; Innebandy.<br>Kompetansekrav: Fullf\u00f8rt kursdeltakelse<\/p>\n<\/div><\/div>\n\n\n\n<div class=\"wp-block-msswb-panel msswb-panel-container\"><div class=\"mwwsb-panel-header\"><div class=\"mwwsb-panel-title\">Lagleder<\/div><div class=\"mwwsb-panel-icon\"><span class=\"dashicon dashicons dashicons-arrow-down-alt2\"><\/span><\/div><\/div><div class=\"msswb-panel-content\">\n<p><strong>Beskrivelse: <\/strong>Kursets form bygger p\u00e5 dialog og diskusjon mellom instrukt\u00f8r og deltakere, og deltakerne seg i mellom, omkring ulike situasjoner som kan oppst\u00e5 i idrettshverdagen. Hvordan kan laglederen s\u00f8rge for at laget driftes slik at flest mulig \u00f8nsker \u00e5 v\u00e6re med lengst mulig, uavhengig av ambisjonsniv\u00e5 og bakgrunn? Kurset setter ogs\u00e5 fokus p\u00e5 rammebetingelser, og inneholder tips og r\u00e5d til lagleder om hvordan f\u00e5 til bedre vilk\u00e5r for lagets aktivitet.<br><strong>M\u00e5lgruppe:<\/strong>&nbsp;N\u00e5v\u00e6rende og fremtidige lagledere for barne- og ungdomslag<br><strong>L\u00e6ringsm\u00e5l:<\/strong>&nbsp;Bevisstgj\u00f8ring av deltakernes syn p\u00e5 laglederrollen. Kurset skal gi deltakerne innf\u00f8ring i hvilke verdier NBF \u00f8nsker skal prege idrettsaktiviteten, og som skal gi kommende generasjon innebandyspillere et sunt og livslangt forhold til idrett. Deltaker f\u00e5r ogs\u00e5 en innf\u00f8ring i Turneringsadmin. <br><strong>Varighet:<\/strong>&nbsp;4 timer teori med instrukt\u00f8r\/kursl\u00e6rer<\/p>\n<\/div><\/div>\n\n\n\n<div class=\"wp-block-msswb-panel msswb-panel-container\"><div class=\"mwwsb-panel-header\"><div class=\"mwwsb-panel-title\">Trener 1<\/div><div class=\"mwwsb-panel-icon\"><span class=\"dashicon dashicons dashicons-arrow-down-alt2\"><\/span><\/div><\/div><div class=\"msswb-panel-content\">\n<p><strong>Trener 1<\/strong> best\u00e5r av 4 moduler og er som navnet tilsier rettet mot trenere, lagledere og interesserte som er involvert rundt 9 &#8211; 16 \u00e5r. Innholdet p\u00e5 dette kurset baseres p\u00e5 mye av det samme innholdet fra tidligere kurs, men det vil f\u00e5 en oppfriskning.<\/p>\n\n\n\n<p>Kurset inneholder moduler som<\/p>\n\n\n\n<ul class=\"wp-block-list\">\n<li>Grunnleggende ferdigheter i innebandy (fysiske, psykiske og sosiale ferdigheter)<\/li>\n\n\n\n<li>Teknikk, taktikk og m\u00e5lvakt<\/li>\n\n\n\n<li>Trenerrollen (treningsplanlegging, mestring og motivasjon)<\/li>\n\n\n\n<li>Barne- og ungdomsinnebandy.<\/li>\n<\/ul>\n\n\n\n<p>I tillegg har vi praktiske \u00f8kter med relevante \u00f8velser for lek, morro og utvikling av innebandyferdigheter som passer til aldersgruppen.<\/p>\n\n\n\n<p>Kurset best\u00e5r av 8 timer teori og 8 timer praksis<\/p>\n\n\n\n<p>Aldersgrense: 15 \u00e5r<\/p>\n\n\n\n<p><strong>Pris: 3000 kr<\/strong><\/p>\n\n\n\n<p><\/p>\n\n\n\n<p><\/p>\n<\/div><\/div>\n","protected":false},"excerpt":{"rendered":"","protected":false},"author":63,"featured_media":0,"parent":655,"menu_order":2,"comment_status":"closed","ping_status":"closed","template":"","meta":{"cover_meta":"","footnotes":""},"class_list":["post-657","page","type-page","status-publish","hentry"],"_links":{"self":[{"href":"https:\/\/bandyforbundet.no\/oslo-og-akershus\/index.php?rest_route=\/wp\/v2\/pages\/657","targetHints":{"allow":["GET"]}}],"collection":[{"href":"https:\/\/bandyforbundet.no\/oslo-og-akershus\/index.php?rest_route=\/wp\/v2\/pages"}],"about":[{"href":"https:\/\/bandyforbundet.no\/oslo-og-akershus\/index.php?rest_route=\/wp\/v2\/types\/page"}],"author":[{"embeddable":true,"href":"https:\/\/bandyforbundet.no\/oslo-og-akershus\/index.php?rest_route=\/wp\/v2\/users\/63"}],"replies":[{"embeddable":true,"href":"https:\/\/bandyforbundet.no\/oslo-og-akershus\/index.php?rest_route=%2Fwp%2Fv2%2Fcomments&post=657"}],"version-history":[{"count":6,"href":"https:\/\/bandyforbundet.no\/oslo-og-akershus\/index.php?rest_route=\/wp\/v2\/pages\/657\/revisions"}],"predecessor-version":[{"id":7065,"href":"https:\/\/bandyforbundet.no\/oslo-og-akershus\/index.php?rest_route=\/wp\/v2\/pages\/657\/revisions\/7065"}],"up":[{"embeddable":true,"href":"https:\/\/bandyforbundet.no\/oslo-og-akershus\/index.php?rest_route=\/wp\/v2\/pages\/655"}],"wp:attachment":[{"href":"https:\/\/bandyforbundet.no\/oslo-og-akershus\/index.php?rest_route=%2Fwp%2Fv2%2Fmedia&parent=657"}],"curies":[{"name":"wp","href":"https:\/\/api.w.org\/{rel}","templated":true}]}}