{"id":659,"date":"2017-06-20T09:24:55","date_gmt":"2017-06-20T09:24:55","guid":{"rendered":"http:\/\/bandyforbundet.no\/oslo-og-akershus\/?page_id=659"},"modified":"2024-06-04T13:53:25","modified_gmt":"2024-06-04T13:53:25","slug":"om-regionen-2","status":"publish","type":"page","link":"https:\/\/bandyforbundet.no\/oslo-og-akershus\/?page_id=659","title":{"rendered":"Om regionen"},"content":{"rendered":"\n<p>Om regionen<\/p>\n\n\n\n<p>Oslo og Akershus bandyregion ble stiftet 2. juni 2004. Regionen er etablert p\u00e5 grunnlag av NBFs klubber, som tidligere h\u00f8rte under Oslo- og Akershus bandykretser.<\/p>\n\n\n\n<p>Oslo Bandykrets ble stiftet 15. mai 1922 under navnet Oslo Ishockeykrets, forandret 20. november 1929 til Oslo Bandykrets. Akershus Bandykrets ble stiftet 15. november 1929.<\/p>\n\n\n\n<p>Regionens form\u00e5l er \u00e5 arbeide for bandy, innebandy, El-innebandy og landhockeys utvikling innen regionen, og \u00e5 fremme samarbeidet med idrettslagene. Regionen skal bist\u00e5 Norges Bandyforbund i alle sp\u00f8rsm\u00e5l som gjelder bandy, innebandy, El-innebandy og landhockey innen regionen. Arbeidet skal preges av frivillighet, demokrati, lojalitet og likeverd. All idrettslig aktivitet skal bygge p\u00e5 grunnverdier som idrettsglede, fellesskap, helse og \u00e6rlighet.<\/p>\n\n\n\n<p>Oslo og Akershus bandyregion er inndelt i avdelinger for bandy, landhockey og innebandy. Avdelingene har faglig ansvar for sin idrett og rapporterer til regionstyret.<\/p>\n\n\n\n<p>Regionen best\u00e5r av f\u00f8lgende avdelinger:<\/p>\n\n\n\n<ul class=\"wp-block-list\"><li>Bandyklubbene i Oslo og Akershus<\/li><li>Landhockeyklubbene i Oslo og Akershus<\/li><li>Innebandyklubbene i Oslo og Akershus.<\/li><\/ul>\n\n\n\n<p>Regioner opprettes, sammensl\u00e5s og oppl\u00f8ses av s\u00e6rforbundet, som ogs\u00e5 fastsetter regionens grenser. Regionen best\u00e5r av alle idrettslag innen regionens grenser som er medlem av s\u00e6rforbundet og Norges idrettsforbund og olympiske og paralympiske komit\u00e9 (NIF). Regionens grenser fastsettes av s\u00e6rforbundet. Gjennom s\u00e6rforbundet er regionen et organisasjonsledd innen NIF. Oslo og Akershus Bandyregion er den faglige myndighet under Norges Bandyforbund innen regionens grenser. Regionen skal overholde NIFs og s\u00e6rforbundets regelverk og vedtak. NIFs regelverk gjelder for regionen uavhengig av hva som m\u00e5tte st\u00e5 i regionens egen lov.<\/p>\n\n\n\n<p>Regionens oppgaver er fastsatt i regionen lov.<\/p>\n\n\n\n<p>Regionen skal:<\/p>\n\n\n\n<p>a) Representere s\u00e6rforbundet og bist\u00e5 det i saker knyttet til den enkelte idrett.<\/p>\n\n\n\n<p>b) Stimulere til samarbeid mellom de idrettslag som driver vedkommende idrett. Bist\u00e5 idrettskretsen i sp\u00f8rsm\u00e5l av felles interesse for flere idretter.<\/p>\n\n\n\n<p>c) Godkjenne idrettsarrangementer, kamper, kampdatoer, oppnevne n\u00f8dvendige dommere, samt utarbeide terminliste.<\/p>\n\n\n\n<p>d) Forest\u00e5 s\u00e6ridrettsfaglig utdanning i samsvar med s\u00e6rforbundets planer.<\/p>\n\n\n\n<p>e) S\u00f8rge for gjennomf\u00f8ring av regionmesterskap, samt stimulere til annen idrettslig virksomhet med st\u00f8rst mulig variasjon og omfang.<\/p>\n\n\n\n<p>f) Gi faglig bistand ved planlegging og bygging av idrettsanlegg.<\/p>\n\n\n\n<p>g) Avgi beretning og regnskap innen fastsatte frister, og s\u00f8ke om \u00f8konomisk st\u00f8tte fra s\u00e6rforbund og idrettskrets.<\/p>\n","protected":false},"excerpt":{"rendered":"<p>Om regionen Oslo og Akershus bandyregion ble stiftet 2. juni 2004. Regionen er etablert p\u00e5 grunnlag av NBFs klubber, som tidligere h\u00f8rte under Oslo- og Akershus bandykretser. Oslo Bandykrets ble stiftet 15. mai 1922 under navnet Oslo Ishockeykrets, forandret 20. november 1929 til Oslo Bandykrets. Akershus Bandykrets ble stiftet 15. november 1929. Regionens form\u00e5l er [&hellip;]<\/p>\n","protected":false},"author":6,"featured_media":0,"parent":624,"menu_order":0,"comment_status":"closed","ping_status":"closed","template":"","meta":{"cover_meta":"","footnotes":""},"class_list":["post-659","page","type-page","status-publish","hentry"],"_links":{"self":[{"href":"https:\/\/bandyforbundet.no\/oslo-og-akershus\/index.php?rest_route=\/wp\/v2\/pages\/659","targetHints":{"allow":["GET"]}}],"collection":[{"href":"https:\/\/bandyforbundet.no\/oslo-og-akershus\/index.php?rest_route=\/wp\/v2\/pages"}],"about":[{"href":"https:\/\/bandyforbundet.no\/oslo-og-akershus\/index.php?rest_route=\/wp\/v2\/types\/page"}],"author":[{"embeddable":true,"href":"https:\/\/bandyforbundet.no\/oslo-og-akershus\/index.php?rest_route=\/wp\/v2\/users\/6"}],"replies":[{"embeddable":true,"href":"https:\/\/bandyforbundet.no\/oslo-og-akershus\/index.php?rest_route=%2Fwp%2Fv2%2Fcomments&post=659"}],"version-history":[{"count":5,"href":"https:\/\/bandyforbundet.no\/oslo-og-akershus\/index.php?rest_route=\/wp\/v2\/pages\/659\/revisions"}],"predecessor-version":[{"id":2817,"href":"https:\/\/bandyforbundet.no\/oslo-og-akershus\/index.php?rest_route=\/wp\/v2\/pages\/659\/revisions\/2817"}],"up":[{"embeddable":true,"href":"https:\/\/bandyforbundet.no\/oslo-og-akershus\/index.php?rest_route=\/wp\/v2\/pages\/624"}],"wp:attachment":[{"href":"https:\/\/bandyforbundet.no\/oslo-og-akershus\/index.php?rest_route=%2Fwp%2Fv2%2Fmedia&parent=659"}],"curies":[{"name":"wp","href":"https:\/\/api.w.org\/{rel}","templated":true}]}}