{"id":6876,"date":"2025-05-14T10:00:00","date_gmt":"2025-05-14T10:00:00","guid":{"rendered":"https:\/\/bandyforbundet.no\/oslo-og-akershus\/?page_id=6876"},"modified":"2025-06-05T08:31:32","modified_gmt":"2025-06-05T08:31:32","slug":"godkjent-fodselsar-for-alle-klasser-i-oslo-og-akershus-bandyregion","status":"publish","type":"page","link":"https:\/\/bandyforbundet.no\/oslo-og-akershus\/?page_id=6876","title":{"rendered":"Godkjent f\u00f8dsels\u00e5r for alle klasser i Oslo og Akershus Bandyregion"},"content":{"rendered":"\n<blockquote class=\"wp-block-quote\">\n<p class=\"has-large-font-size\"><strong>Kampreglement innebandy<\/strong><\/p>\n\n\n\n<p><strong>\u00a7 18. Aldersbestemmelser.<\/strong><\/p>\n\n\n\n<p>Gjeldende for sesongen 2025\/2026<\/p>\n\n\n\n<p>For ordin\u00e6rt seriespill gjelder f\u00f8lgende aldersbestemmelser:<\/p>\n\n\n\n<p>Veteraner (+40): F\u00f8dt 1985 eller tidligere<\/p>\n\n\n\n<p>Old Boys\/Old Girls (+33): F\u00f8dt 1992 eller tidligere<\/p>\n\n\n\n<p>Senior: F\u00f8dt 2005 eller tidligere<\/p>\n\n\n\n<p>G19\/J19: F\u00f8dt 2006<\/p>\n\n\n\n<p>G18\/J18: F\u00f8dt 2007<\/p>\n\n\n\n<p>G17\/J17: F\u00f8dt 2008<\/p>\n\n\n\n<p>G16\/J16: F\u00f8dt 2009<\/p>\n\n\n\n<p>G15\/J15: F\u00f8dt 2010<\/p>\n\n\n\n<p>G14\/J14: F\u00f8dt 2011<\/p>\n\n\n\n<p>G13\/J13: F\u00f8dt 2012<\/p>\n\n\n\n<p>G12\/J12: F\u00f8dt 2013<\/p>\n\n\n\n<p>G11\/J11: F\u00f8dt 2014<\/p>\n\n\n\n<p>G10\/J10: F\u00f8dt 2015<\/p>\n\n\n\n<p>G09\/J09: F\u00f8dt 2016<\/p>\n\n\n\n<p>G08\/J08: F\u00f8dt 2017<\/p>\n\n\n\n<p>Administrerende myndighet kan sl\u00e5 sammen klasser for \u00e5 opprettholde seriespill.<\/p>\n\n\n\n<p>Man kan kun spille opp tre aldersklasser i forhold til egen alder.<\/p>\n\n\n\n<p>Unntak:<\/p>\n\n\n\n<p>Spillere i klasse G14\/J14 kan spille opp til og med klassen G19\/J19.<\/p>\n\n\n\n<p>Spillere i klassene G15\/J15 og G16\/J16 kan spille opp til og med klassen senior.<\/p>\n\n\n\n<p>Administrerende myndighet kan vedta andre aldersklasser og forutsetninger for spill i disse, samt dispensere fra aldersbestemmelsene for \u00e5 legge til rette for \u00f8kt aktivitet.<\/p>\n\n\n\n<p>For organisert aktivitet (ikke ordin\u00e6r serie) gjelder f\u00f8lgende aldersbestemmelser:<\/p>\n\n\n\n<p>Senior: F\u00f8dt 2010 eller tidligere<\/p>\n\n\n\n<p>Junior: F\u00f8dt 2006-2017<\/p>\n\n\n\n<p>Administrerende myndighet kan sette opp alternativer til ordin\u00e6rt seriespill, herunder kriteriene for deltakelse, innenfor de oppgitte aldersbestemmelsene.<\/p>\n\n\n\n<p>For aktivitet i juniorklassen m\u00e5 barneidrettsbestemmelsene f\u00f8lges. Dette betyr at det ikke kan f\u00f8res kampstatistikk p\u00e5 aktivitet der en eller flere spillere er f\u00f8dt 2015 eller senere.<\/p>\n<cite>Kampreglement innebandy<\/cite><\/blockquote>\n\n\n\n<div class=\"wp-block-msswb-spacer msswb-spacer-container\" style=\"height:50px\"><div class=\"line\" style=\"height:25px\"><\/div><div class=\"line-center-divider\"><\/div><\/div>\n\n\n\n<p><strong>For kamper i regi av Oslo og Akershus Bandyregion sesongen 2025\/2026 er f\u00f8lgende f\u00f8dsels\u00e5r godkjent:<\/strong><\/p>\n\n\n\n<div class=\"wp-block-msswb-spacer msswb-spacer-container\" style=\"height:50px\"><div class=\"line\" style=\"height:25px\"><\/div><div class=\"line-center-divider\"><\/div><\/div>\n\n\n\n<figure class=\"wp-block-table\"><table class=\"has-fixed-layout\"><tbody><tr><td><strong>Aldersbestemt klasse OABR<\/strong><\/td><td><strong>Godkjent f\u00f8dsels\u00e5r<\/strong><\/td><td><strong>Sesongbestemmelser OABR<\/strong><\/td><\/tr><tr><td>G\/J junior 18-23 \u00e5r<\/td><td>F\u00f8dt: 2002 &#8211; 2010<\/td><td><\/td><\/tr><tr><td>G\/J 17 \u00e5r<\/td><td>F\u00f8dt: 2008 &#8211; 2011<\/td><td><\/td><\/tr><tr><td>G\/J 15 \u00e5r<\/td><td>F\u00f8dt: 2010 &#8211; 2013<\/td><td><\/td><\/tr><tr><td>G\/J 13 \u00e5r<\/td><td>F\u00f8dt: 2012 &#8211; 2015<\/td><td><\/td><\/tr><tr><td>G\/J 12 \u00e5r<\/td><td>F\u00f8dt: 2013 &#8211; 2016<\/td><td><\/td><\/tr><tr><td>G\/J 11 \u00e5r<\/td><td>F\u00f8dt: 2014 &#8211; 2017<\/td><td><\/td><\/tr><tr><td>G\/J 9 \u00e5r<\/td><td>F\u00f8dt: 2016 &#8211; 2019<\/td><td><\/td><\/tr><tr><td>G\/J 7 \u00e5r<\/td><td>F\u00f8dt: 2018 &#8211; 2019<\/td><td><\/td><\/tr><tr><td>Minimix<\/td><td>F\u00f8dt: 2020<\/td><td>Kan delta i kampaktivitet fra 1.1 det \u00e5ret spilleren fyller 6 \u00e5r.<\/td><\/tr><\/tbody><\/table><\/figure>\n\n\n\n<div class=\"wp-block-msswb-spacer msswb-spacer-container\" style=\"height:50px\"><div class=\"line\" style=\"height:25px\"><\/div><div class=\"line-center-divider\"><\/div><\/div>\n\n\n\n<figure class=\"wp-block-table\"><table class=\"has-fixed-layout\"><thead><tr><th>Seniorklasser<\/th><th>Godkjent f\u00f8dsels\u00e5r<\/th><th>Sesongbestemmelser OABR<\/th><\/tr><\/thead><tbody><tr><td>Menn senior<\/td><td>F\u00f8dt: 2010 eller tidligere<\/td><td><\/td><\/tr><tr><td>Kvinner senior<\/td><td>F\u00f8dt: 2010 eller tidligere<\/td><td><\/td><\/tr><tr><td>Menn veteran<\/td><td>F\u00f8dt: 1985 eller tidligere<\/td><td><\/td><\/tr><tr><td>Old Boys<\/td><td>F\u00f8dt: 1990 eller tidligere<\/td><td><\/td><\/tr><tr><td>Old Girls<\/td><td>F\u00f8dt: 1992 eller tidligere<\/td><td><\/td><\/tr><\/tbody><\/table><\/figure>\n","protected":false},"excerpt":{"rendered":"<p>Kampreglement innebandy \u00a7 18. Aldersbestemmelser. Gjeldende for sesongen 2025\/2026 For ordin\u00e6rt seriespill gjelder f\u00f8lgende aldersbestemmelser: Veteraner (+40): F\u00f8dt 1985 eller tidligere Old Boys\/Old Girls (+33): F\u00f8dt 1992 eller tidligere Senior: F\u00f8dt 2005 eller tidligere G19\/J19: F\u00f8dt 2006 G18\/J18: F\u00f8dt 2007 G17\/J17: F\u00f8dt 2008 G16\/J16: F\u00f8dt 2009 G15\/J15: F\u00f8dt 2010 G14\/J14: F\u00f8dt 2011 G13\/J13: F\u00f8dt 2012 [&hellip;]<\/p>\n","protected":false},"author":6,"featured_media":0,"parent":0,"menu_order":0,"comment_status":"closed","ping_status":"closed","template":"templates\/template-cover.php","meta":{"cover_meta":"{\"showBackgroundImage\":true,\"bgImage\":{\"image_id\":11049,\"blog_id\":3,\"term_id\":172,\"selected_size\":\"full\"},\"showOverlay\":true,\"overlayColor\":\"#007cba\",\"overlayOpacity\":0.2,\"showIntro\":false,\"introColor\":\"white\",\"intro\":\"\",\"title\":\"Godkjent f\u00f8dsels\u00e5r for alle klasser\",\"titleColor\":\"white\",\"showOutro\":true,\"outroColor\":\"white\",\"outro\":\"Oslo og Akershus Bandyregion\"}","footnotes":""},"class_list":["post-6876","page","type-page","status-publish","hentry"],"_links":{"self":[{"href":"https:\/\/bandyforbundet.no\/oslo-og-akershus\/index.php?rest_route=\/wp\/v2\/pages\/6876","targetHints":{"allow":["GET"]}}],"collection":[{"href":"https:\/\/bandyforbundet.no\/oslo-og-akershus\/index.php?rest_route=\/wp\/v2\/pages"}],"about":[{"href":"https:\/\/bandyforbundet.no\/oslo-og-akershus\/index.php?rest_route=\/wp\/v2\/types\/page"}],"author":[{"embeddable":true,"href":"https:\/\/bandyforbundet.no\/oslo-og-akershus\/index.php?rest_route=\/wp\/v2\/users\/6"}],"replies":[{"embeddable":true,"href":"https:\/\/bandyforbundet.no\/oslo-og-akershus\/index.php?rest_route=%2Fwp%2Fv2%2Fcomments&post=6876"}],"version-history":[{"count":10,"href":"https:\/\/bandyforbundet.no\/oslo-og-akershus\/index.php?rest_route=\/wp\/v2\/pages\/6876\/revisions"}],"predecessor-version":[{"id":7211,"href":"https:\/\/bandyforbundet.no\/oslo-og-akershus\/index.php?rest_route=\/wp\/v2\/pages\/6876\/revisions\/7211"}],"wp:attachment":[{"href":"https:\/\/bandyforbundet.no\/oslo-og-akershus\/index.php?rest_route=%2Fwp%2Fv2%2Fmedia&parent=6876"}],"curies":[{"name":"wp","href":"https:\/\/api.w.org\/{rel}","templated":true}]}}