{"id":7172,"date":"2025-06-04T12:13:28","date_gmt":"2025-06-04T12:13:28","guid":{"rendered":"https:\/\/bandyforbundet.no\/oslo-og-akershus\/?page_id=7172"},"modified":"2025-06-04T12:29:02","modified_gmt":"2025-06-04T12:29:02","slug":"aktivitetsserien","status":"publish","type":"page","link":"https:\/\/bandyforbundet.no\/oslo-og-akershus\/?page_id=7172","title":{"rendered":"Aktivitetsserien"},"content":{"rendered":"\n<h2 class=\"wp-block-heading\">Om Aktivitetsserien <\/h2>\n\n\n\n<p>Aktivitetsserien er et terminfestet kamptilbud for barn i regi av Oslo og Akershus Bandyregion (OABR).\u00a0Lagene meldes p\u00e5 for hele sesongen, og kampene gjennomf\u00f8res i et rundeformat slik at lagene f\u00e5r minst to kamper samme spilledag. M\u00e5let er \u00e5 skape et inkluderende og utviklende milj\u00f8 for unge innebandyspillere, med en trygg og morsom ramme, basert p\u00e5 fair play og idrettsglede.<\/p>\n\n\n\n<p>Bestemmelser for Aktivitetsserien finnes i OABRs sesongbestemmelser innebandy punkt 2.2 &#8211; Aktivitetsserien.<\/p>\n\n\n\n<div class=\"wp-block-msswb-panel msswb-panel-container\"><div class=\"mwwsb-panel-header\"><div class=\"mwwsb-panel-title\">2.2 &#8211; Aktivitetsserien<\/div><div class=\"mwwsb-panel-icon\"><span class=\"dashicon dashicons dashicons-arrow-down-alt2\"><\/span><\/div><\/div><div class=\"msswb-panel-content\">\n<h6 class=\"wp-block-heading\">2.2.1 &#8211; Klasser<\/h6>\n\n\n\n<p>Det inviteres til spill i f\u00f8lgende klasser:<\/p>\n\n\n\n<ul class=\"wp-block-list\">\n<li>Jenter 11 \u00e5r (nybegynner\/\u00f8vet)<\/li>\n\n\n\n<li>Gutter 11 \u00e5r (nybegynner\/\u00f8vet)<\/li>\n<\/ul>\n\n\n\n<h6 class=\"wp-block-heading\">2.2.2 &#8211; Spillertropp<\/h6>\n\n\n\n<p>Alle lag m\u00e5 legge inn spillertropper i MinBandy\/TA.<\/p>\n\n\n\n<h6 class=\"wp-block-heading\">2.2.3 &#8211; Bruk av spillere mellom lag i aktivitetsserien<\/h6>\n\n\n\n<p>I aktivitetsserien gjelder ikke bestemmelsene i <a href=\"https:\/\/bandyforbundet.no\/innebandy\/?page_id=3812\" target=\"_blank\" rel=\"noreferrer noopener\">NBFs kampreglement innebandy<\/a> \u00a7 30-4 bokstav c og bokstav d (overgang for spillere mellom lag i samme klubb). Det er ingen begrensninger knyttet til flyt av spillere mellom lag i samme klubb i aktivitetsserien.<\/p>\n\n\n\n<h6 class=\"wp-block-heading\">2.2.4 &#8211; Spillform<\/h6>\n\n\n\n<p>Lagene blir meldt p\u00e5 for hele sesongen, men kampene gjennomf\u00f8res i et rundeformat slik at lagene f\u00e5r minst to kamper samme spilledag.<\/p>\n\n\n\n<p><strong>Antall spillere:<\/strong> hvert lag kan ha 6 spillere p\u00e5 banen samtidig \u2013 5 utespillere og 1 m\u00e5lvakt.<\/p>\n\n\n\n<p><strong>Bane<\/strong>: spilleflaten skal v\u00e6re ca 35 x 17,5 m og det skal merkes m\u00e5lg\u00e5rd og innslagsmerket i rundvant.<\/p>\n\n\n\n<p><strong>M\u00e5l<\/strong>: det benyttes minim\u00e5l (120 x 90 cm)<\/p>\n\n\n\n<p><strong>Spilletid<\/strong>: 2 x 15 min.<\/p>\n\n\n\n<ul class=\"wp-block-list\">\n<li>Klokken skal stoppes ved m\u00e5l<\/li>\n\n\n\n<li>Ved skader eller lignende hendelser er det dommer som melder stopp av klokke til sekretariat<\/li>\n\n\n\n<li>Kampene gjennomf\u00f8res innenfor en total tidsramme p\u00e5 45 min pr kamp<\/li>\n<\/ul>\n\n\n\n<h6 class=\"wp-block-heading\">2.2.5 &#8211; Omberamming av kamper<\/h6>\n\n\n\n<p>Det tillates ikke omberamming av kamper i aktivitetsserien.<\/p>\n\n\n\n<h6 class=\"wp-block-heading\">2.2.6 &#8211; Forfall<\/h6>\n\n\n\n<p>Lag som melder forfall 5 dager eller f\u00e6rre f\u00f8r kampdato behandles etter reglene for WO i punkt 4.2. Deltagelse i en runde behandles samlet som WO til \u00e9n enkelt seriekamp.<\/p>\n\n\n\n<h6 class=\"wp-block-heading\">2.2.7 &#8211; Arrang\u00f8ransvar<\/h6>\n\n\n\n<p>Hver kamp merkes med ansvarlig arrang\u00f8r i TurneringsAdmin (TA). Administrasjonen er ansvarlig for \u00e5 tildele arrang\u00f8ransvar i den enkelte kamp.<br>Det er utarbeidet en arrang\u00f8rh\u00e5ndbok som gir en mer utfyllende beskrivelse av arrang\u00f8ransvaret.<\/p>\n\n\n\n<h6 class=\"wp-block-heading\">2.2.8 &#8211; Anleggsleie<\/h6>\n\n\n\n<p>Kostnad for anleggsleie dekkes av p\u00e5meldingsavgiften. Arrang\u00f8r er selv ansvarlig for \u00e5 viderefakturere halleien til OABR senest 31.12 samme kalender\u00e5r som aktiviteten har funnet sted.<\/p>\n\n\n\n<h6 class=\"wp-block-heading\">2.2.9 &#8211; Honorar og godtgj\u00f8relse for dommere<\/h6>\n\n\n\n<p>I aktivitetsserien er arrang\u00f8r ansvarlig for \u00e5 beramme dommere og betale honorar til disse. Dette gjelder selv om arrang\u00f8r ikke er hjemmelag og selv om arrang\u00f8rklubb ikke har lag som deltar i den aktuelle kampen.<\/p>\n\n\n\n<p>I de tilfeller hvor OABR tildeler oppdrag til dommere skal krav om kj\u00f8regodtgj\u00f8relse, passasjertillegg, bom, parkering og diett sendes til OABR.<\/p>\n<\/div><\/div>\n\n\n\n<div class=\"wp-block-msswb-spacer msswb-spacer-container\" style=\"height:50px\"><div class=\"line\" style=\"height:25px\"><\/div><div class=\"line-center-divider\"><\/div><\/div>\n\n\n\n<h2 class=\"wp-block-heading\">Arrang\u00f8rinnstruks<\/h2>\n\n\n\n<div class=\"wp-block-msswb-panel msswb-panel-container\"><div class=\"mwwsb-panel-header\"><div class=\"mwwsb-panel-title\">F\u00f8r arrangementet<\/div><div class=\"mwwsb-panel-icon\"><span class=\"dashicon dashicons dashicons-arrow-down-alt2\"><\/span><\/div><\/div><div class=\"msswb-panel-content\">\n<p><strong>Deres klubb skal arrangere aktivitetsserien, og i den forbindelse har Oslo og Akershus Bandyregion satt sammen noen retningslinjer arrang\u00f8rklubbene skal f\u00f8lge. Videre finnes noen tips og r\u00e5d for en god gjennomf\u00f8ring.<\/strong><\/p>\n\n\n\n<p><strong>Aktivitetsserien foreg\u00e5r p\u00e5 en l\u00f8rdag eller s\u00f8ndag. Etter at terminlisten er offentliggjort, m\u00e5 klubben starte arbeidet med gjennomf\u00f8ringen av tildelt(e) runde(r). <\/strong><\/p>\n\n\n\n<p><strong>Har dere sp\u00f8rsm\u00e5l til gjennomf\u00f8ringen, send e-post til&nbsp;<a href=\"innebandy.oabr@nif.idrett.no\">innebandy.oabr@nif.idrett.no&nbsp;<\/a><\/strong><\/p>\n\n\n\n<div class=\"wp-block-msswb-spacer msswb-spacer-container\" style=\"height:50px\"><div class=\"line\" style=\"height:25px\"><\/div><div class=\"line-center-divider\"><\/div><\/div>\n\n\n\n<h4 class=\"wp-block-heading\">Hall og planlegging<\/h4>\n\n\n\n<ul class=\"wp-block-list\">\n<li>Regionen berammer kampoppsett i TurneringsAdmin (TA)<\/li>\n\n\n\n<li>Bekreft arrangementsdato og hallbooking med OABR.<\/li>\n\n\n\n<li>Gjennomf\u00f8r enkel risikovurdering (n\u00f8dutganger, f\u00f8rstehjelpsutstyr osv.).<\/li>\n<\/ul>\n\n\n\n<h4 class=\"wp-block-heading\">Dommere<\/h4>\n\n\n\n<p>I aktivitetsserien er arrang\u00f8r ansvarlig for \u00e5 beramme dommere og betale honorar til disse. Dette gjelder selv om arrang\u00f8r ikke er hjemmelag og selv om arrang\u00f8rklubb ikke har lag som deltar i den aktuelle kampen.<\/p>\n\n\n\n<p>I de tilfeller hvor OABR tildeler oppdrag til dommere skal krav om kj\u00f8regodtgj\u00f8relse, passasjertillegg, bom, parkering og diett sendes til OABR.<\/p>\n\n\n\n<h4 class=\"wp-block-heading\">Dommerberamming<\/h4>\n\n\n\n<ul class=\"wp-block-list\">\n<li>Personer hos arrang\u00f8rklubb som er tildelt rollene \u00abdommerkontakt\u00bb og \u00abkampansvarlig\u00bb har mulighet til \u00e5 legge til dommere i TA \u2013 dette kalles \u00abdommerberamming\u00bb.<\/li>\n\n\n\n<li>En bruksanvisning finnes her:&nbsp;<a href=\"https:\/\/eur03.safelinks.protection.outlook.com\/?url=https%3A%2F%2Fwww.idrettsforbundet.no%2Fdigital%2Fta%2Fbrukerveiledning%2Fklubb-i-ta%2Fdommer%2Fdommerberamming%2F&amp;data=05%7C01%7Ckjetil.moberget%40nif.idrett.no%7C7b11ac72d31648a4907408dbb9b39246%7C5ca933991184430d88a8107721ef7b66%7C0%7C0%7C638307953114901216%7CUnknown%7CTWFpbGZsb3d8eyJWIjoiMC4wLjAwMDAiLCJQIjoiV2luMzIiLCJBTiI6Ik1haWwiLCJXVCI6Mn0%3D%7C3000%7C%7C%7C&amp;sdata=dY4QPiWbpId7jkcwKLPsk8ll3t0D0OSZP9bJzYBrPq8%3D&amp;reserved=0\">https:\/\/www.idrettsforbundet.no\/digital\/ta\/brukerveiledning\/klubb-i-ta\/dommer\/dommerberamming\/<\/a><\/li>\n\n\n\n<li>Fordelen med \u00e5 sette riktig dommer(e) inn p\u00e5 riktig kamp(er) er at disse kampene vil vises i dommernes \u00abMinBandy\u00bb.<\/li>\n\n\n\n<li>Ved \u00e5 beramme dommere kan disse benytte seg av dommeroppgj\u00f8r gjennom TA\/minIdrett. <\/li>\n<\/ul>\n<\/div><\/div>\n\n\n\n<div class=\"wp-block-msswb-panel msswb-panel-container\"><div class=\"mwwsb-panel-header\"><div class=\"mwwsb-panel-title\">P\u00e5 arrangementsdagen<\/div><div class=\"mwwsb-panel-icon\"><span class=\"dashicon dashicons dashicons-arrow-down-alt2\"><\/span><\/div><\/div><div class=\"msswb-panel-content\">\n<h4 class=\"wp-block-heading\">Personal rundt arrangementet<\/h4>\n\n\n\n<p class=\"has-normal-font-size\"><strong>Vert<\/strong><\/p>\n\n\n\n<p>Alle aktivitetsserierunder skal ha en god vert. Vertens hovedoppgaver er \u00e5 \u00f8nske velkommen til lagene som ankommer hallen, og gi n\u00f8dvendig informasjon. Verten forteller lagene hvilken garderobe de skal v\u00e6re i, vise hvor tribunen og kiosker er, informere om eventuelle forsinkelser osv. Dette er med p\u00e5 \u00e5 skape flyt for de som kommer inn i hallen. Verten skal ogs\u00e5 minne lagene p\u00e5 at det er viktig at det holdes fokus p\u00e5 FAIRPLAY under arrangementet. <\/p>\n\n\n\n<p class=\"has-normal-font-size\"><strong>Garderober<\/strong><\/p>\n\n\n\n<p>Det skal foreligge en garderobeplan. Merk garderobene godt, og s\u00f8rg for at informasjonen er lett synlig ved inngang.<\/p>\n\n\n\n<p class=\"has-normal-font-size\"><strong>Sekretariat<\/strong> <\/p>\n\n\n\n<p>Her b\u00f8r det sitte 1-2 personer. Klokken p\u00e5 veggen og speaker er deres hovedoppgaver.<\/p>\n\n\n\n<p>S\u00f8rg for at de som sitter i sekretariat kan bruke klokken.<\/p>\n\n\n\n<p>Merk: Ingen resultattavle, poeng eller tabeller skal f\u00f8res under arrangementet, og alle kamper skal avsluttes med stillingen 0-0. <\/p>\n\n\n\n<p><em>Norges Bandyforbund har, som et ledd i sin digitaliseringsprosess, laget sekretariatskursene for bredde og forbundsseriene som e-l\u00e6ringskurs. Se <a rel=\"noreferrer noopener\" href=\"https:\/\/bandyforbundet.no\/innebandy\/?page_id=3800\" target=\"_blank\">her <\/a>for mer informasjon.<\/em><\/p>\n\n\n\n<p class=\"has-normal-font-size\"><strong>Kiosk<\/strong><\/p>\n\n\n\n<p>Kiosk er en viktig inntektskilde. S\u00f8rg for \u00e5 ha nok av alt, og gjerne en del sunnere varianter.<\/p>\n\n\n\n<p><strong>Dommere<\/strong><\/p>\n\n\n\n<p>Arrang\u00f8r er ansvarlig for \u00e5 holde kontakt med dommere i forkant av arrangementet og s\u00f8rge for at dommerne er ute i god tid f\u00f8r kampstart. <\/p>\n\n\n\n<div class=\"wp-block-msswb-spacer msswb-spacer-container\" style=\"height:50px\"><div class=\"line\" style=\"height:25px\"><\/div><div class=\"line-center-divider\"><\/div><\/div>\n\n\n\n<h4 class=\"wp-block-heading\">Kampgjennomf\u00f8ring<\/h4>\n\n\n\n<p><strong>Antall spillere:<\/strong> hvert lag kan ha 6 spillere p\u00e5 banen samtidig \u2013 5 utespillere og 1 m\u00e5lvakt.<\/p>\n\n\n\n<p><strong>Bane<\/strong>: spilleflaten skal v\u00e6re ca 35 x 17,5 m og det skal merkes m\u00e5lg\u00e5rd og innslagsmerket i rundvant.<\/p>\n\n\n\n<p><strong>M\u00e5l<\/strong>: det benyttes minim\u00e5l (120 x 90 cm)<\/p>\n\n\n\n<p><strong>Spilletid<\/strong>: 2 x 15 min.<\/p>\n\n\n\n<ul class=\"wp-block-list\">\n<li>Klokken skal stoppes ved m\u00e5l<\/li>\n\n\n\n<li>Ved skader eller lignende hendelser er det dommer som melder stopp av klokke til sekretariat<\/li>\n\n\n\n<li>Kampene gjennomf\u00f8res innenfor en total tidsramme p\u00e5 45 min pr kamp<\/li>\n<\/ul>\n\n\n\n<p><strong>Merk: Ingen resultattavle, poeng eller tabeller skal f\u00f8res under arrangementet. <\/strong><\/p>\n<\/div><\/div>\n\n\n\n<div class=\"wp-block-msswb-panel msswb-panel-container\"><div class=\"mwwsb-panel-header\"><div class=\"mwwsb-panel-title\">Dommerhonorar<\/div><div class=\"mwwsb-panel-icon\"><span class=\"dashicon dashicons dashicons-arrow-down-alt2\"><\/span><\/div><\/div><div class=\"msswb-panel-content\">\n<p class=\"has-large-font-size\"><strong>Hva gj\u00f8r dommer?<\/strong><\/p>\n\n\n\n<p><strong>Dommer<\/strong>\u00a0logger seg inn i TA (<a href=\"http:\/\/ta.nif.no\">ta.nif.no<\/a>) med sin vanlige Min Idrett bruker og g\u00e5r til \u00abMine Dommerregninger\u00bb. Her listes dommerens oppdrag\/kamper opp n\u00e5r de er ferdigspilt og f\u00e5tt et resultat.<\/p>\n\n\n\n<p><strong>Dommer<\/strong>&nbsp;m\u00e5 ha registrert et bankkontonummer i dommerprofilen sin i TA for \u00e5 kunne sende oppdrag videre for utfylling i IO.<\/p>\n\n\n\n<p><strong>Dommer<\/strong>&nbsp;velger hvilke oppdrag\/kamper som skal legges i samme regning, og sender de valgte til IO. Det vil si \u00e5 samle de kamper som skal utbetales av samme klubb i samme regning. Kamper som er sendt til IO, vil legge seg i en egen liste, som en finner ved \u00e5 hake av for \u201cVis kamper sendt til godkjenning\u201d.<\/p>\n\n\n\n<p><strong>Dommer<\/strong>&nbsp;g\u00e5r til IO ved \u00e5 trykke p\u00e5 den bl\u00e5 knappen \u00abIdrettsOppgj\u00f8r\u00bb \u00f8verst til venstre p\u00e5 siden. (Ved eventuelle problemer med at siden henger ved innlogging, trykk F5 for \u00e5 l\u00f8se problemet).<\/p>\n\n\n\n<p><strong>Dommer<\/strong>&nbsp;velger s\u00e5 en regning i IO, sjekker og fullf\u00f8rer denne, og trykker \u00absend\u00bb nederst p\u00e5 siden. Regningen er n\u00e5 sendt til betalende klubb for godkjenning og utbetaling.<\/p>\n\n\n\n<p><strong>NB! Kj\u00f8regodtgj\u00f8relse og Diett er ikke aktivert, og skal fortsatt sendes inn via VISMA.<\/strong><\/p>\n\n\n\n<p><strong>Dommer<\/strong>&nbsp;m\u00e5, inntil IO og dommerregning har utviklet integrasjon med regnskapssystemer (ila 2020), gi personopplysninger som klubb trenger for \u00e5 betale ut bel\u00f8pene p\u00e5 dommerregningene. Dette i henhold til GDPR og lov om \u00e5 lagre\/oppbevare opplysninger som Personnummer og Skattekommune. Kontakt forbund eller region for informasjon om hvem i klubben man kan kontakte for \u00e5 oppgi n\u00f8dvendige personopplysninger.<\/p>\n\n\n\n<p><strong>NB! Det skal IKKE sendes inn personnummer i kommentarfeltet i IO, da dette strider mot GDPR. Ta kontakt med klubben for \u00e5 formidle dette direkte.<\/strong><\/p>\n\n\n\n<p>Vi henviser til brukerveiledninger utarbeidet av Norges Idrettsforbund for utfyllende informasjon:&nbsp;<a href=\"https:\/\/www.idrettsforbundet.no\/digital\/ta\/brukerveiledning\/dommer-i-ta\/dommerregning\/\">https:\/\/www.idrettsforbundet.no\/digital\/ta\/brukerveiledning\/dommer-i-ta\/dommerregning\/<\/a><\/p>\n\n\n\n<p>(NIFs brukerveiledninger er omfattende da de ogs\u00e5 inkluderer f\u00f8ring av reise og diett, s\u00e5 dere som innebandydommere kan se bort fra flere av punktene).<\/p>\n\n\n\n<div class=\"wp-block-msswb-spacer msswb-spacer-container\" style=\"height:50px\"><div class=\"line\" style=\"height:25px\"><\/div><div class=\"line-center-divider\"><\/div><\/div>\n\n\n\n<p class=\"has-large-font-size\"><strong>Hva gj\u00f8r klubb?<\/strong><\/p>\n\n\n\n<p><strong>Klubb<\/strong>&nbsp;behandler og godkjenner n\u00e5 dommerregninger kun i IdrettsOppgj\u00f8r (IO) (<a href=\"http:\/\/idrettsoppgjor.nif.no\">idrettsoppgjor.nif.no<\/a>), ved \u00e5 logge seg inn med vanlig Min Idrett bruker. (Ved eventuelle problemer med at siden henger ved innlogging, trykk F5 for \u00e5 l\u00f8se problemet).<\/p>\n\n\n\n<p><strong>Klubb<\/strong>&nbsp;m\u00e5 lage seg gode rutiner for hvem som skal behandle dommerregninger og hvem som skal st\u00e5 for utbetaling. Klubb m\u00e5 p\u00e5se at disse personene har en funksjonstype i idrettssystemene som gir rettigheter til godkjenning av dommerregninger.<\/p>\n\n\n\n<p>Med disse funksjonstypene har man allerede automatisk tilgang til \u00e5 godkjenne dommerregninger i IO:<\/p>\n\n\n\n<ul class=\"wp-block-list\">\n<li>Leder<\/li>\n\n\n\n<li>Daglig leder<\/li>\n\n\n\n<li>Kasserer (styremedlem)<\/li>\n\n\n\n<li>Leder (ansatt)<\/li>\n\n\n\n<li>Org. ansvarlig<\/li>\n<\/ul>\n\n\n\n<p>Funksjonen \u00abGodkjenner IdrettsOppgj\u00f8r\u00bb kan tildeles av klubb til personer som kun skal ha i oppgave \u00e5 godkjenne dommerregninger.<\/p>\n\n\n\n<p>(<a href=\"https:\/\/www.idrettsforbundet.no\/digital\/idrettsoppgjor\/brukerveiledninger\/brukerveiledning-orgledd\/tildeling-funksjoner\/\">Les mer om&nbsp;rolletildeling til IdrettsOppgj\u00f8r<\/a>)<\/p>\n\n\n\n<p><strong>Klubb<\/strong>&nbsp;godkjenner eller evt. sender regning i retur til dommer under \u201cBehandling av krav\u201d, p\u00e5 samme m\u00e5te som det ble gjort tidligere i TA:<\/p>\n\n\n\n<ul class=\"wp-block-list\">\n<li>Etter godkjenning betaler klubb ut kravet til dommer p\u00e5 kontonummer i regningen.<\/li>\n\n\n\n<li>Klubb kan ved eventuelle feil sende regningen i retur. Da m\u00e5 dommer gj\u00f8re eventuelle endringer f\u00f8r regningen sendes p\u00e5 nytt til klubb.<\/li>\n<\/ul>\n\n\n\n<p><strong>Klubb<\/strong>&nbsp;m\u00e5, inntil IO og dommerregning har utviklet integrasjon med regnskapssystemer (ila 2020), ta direkte kontakt med dommer for \u00e5 f\u00e5 de personopplysningene man trenger for \u00e5 utbetale bel\u00f8pene p\u00e5 dommerregningene. Dette i henhold til GDPR og lov om \u00e5 lagre\/oppbevare opplysninger som Personnummer og Skattekommune.<\/p>\n\n\n\n<p><strong>NB! Dommerne har f\u00e5tt beskjed om \u00e5 IKKE sende inn personnummer i kommentarfeltet i IO, da dette strider mot GDPR. Kontakt m\u00e5 opprettes mellom klubb og dommer for \u00e5 formidle dette direkte.<\/strong><\/p>\n\n\n\n<p><strong>Klubb<\/strong>&nbsp;b\u00f8r minimum en gang i uken utbetale krav fra dommere.<\/p>\n\n\n\n<p>Vi henviser til brukerveiledninger utarbeidet av Norges Idrettsforbund for utfyllende informasjon:&nbsp;<a href=\"https:\/\/www.idrettsforbundet.no\/digital\/ta\/brukerveiledning\/klubb-i-ta\/dommer\/dommerregning\/\">https:\/\/www.idrettsforbundet.no\/digital\/ta\/brukerveiledning\/klubb-i-ta\/dommerregning\/<\/a><\/p>\n\n\n\n<p>(NIFs brukerveiledninger er omfattende da de ogs\u00e5 inkluderer f\u00f8ring av reise og diett, s\u00e5 dere som innebandyklubber kan se bort fra flere av punktene).<\/p>\n\n\n\n<div class=\"wp-block-msswb-spacer msswb-spacer-container\" style=\"height:50px\"><div class=\"line\" style=\"height:25px\"><\/div><div class=\"line-center-divider\"><\/div><\/div>\n\n\n\n<p class=\"has-large-font-size\"><strong>Dommerhonorar OABR<\/strong><\/p>\n\n\n\n<p>Se vedtatte dommerhonorarer for Oslo og Akershus Bandyregion <a href=\"https:\/\/bandyforbundet.no\/oslo-og-akershus\/?page_id=609\" target=\"_blank\" rel=\"noreferrer noopener\">her<\/a><\/p>\n<\/div><\/div>\n","protected":false},"excerpt":{"rendered":"<p>Om Aktivitetsserien Aktivitetsserien er et terminfestet kamptilbud for barn i regi av Oslo og Akershus Bandyregion (OABR).\u00a0Lagene meldes p\u00e5 for hele sesongen, og kampene gjennomf\u00f8res i et rundeformat slik at lagene f\u00e5r minst to kamper samme spilledag. M\u00e5let er \u00e5 skape et inkluderende og utviklende milj\u00f8 for unge innebandyspillere, med en trygg og morsom ramme, [&hellip;]<\/p>\n","protected":false},"author":6,"featured_media":0,"parent":0,"menu_order":0,"comment_status":"closed","ping_status":"closed","template":"","meta":{"cover_meta":"","footnotes":""},"class_list":["post-7172","page","type-page","status-publish","hentry"],"_links":{"self":[{"href":"https:\/\/bandyforbundet.no\/oslo-og-akershus\/index.php?rest_route=\/wp\/v2\/pages\/7172","targetHints":{"allow":["GET"]}}],"collection":[{"href":"https:\/\/bandyforbundet.no\/oslo-og-akershus\/index.php?rest_route=\/wp\/v2\/pages"}],"about":[{"href":"https:\/\/bandyforbundet.no\/oslo-og-akershus\/index.php?rest_route=\/wp\/v2\/types\/page"}],"author":[{"embeddable":true,"href":"https:\/\/bandyforbundet.no\/oslo-og-akershus\/index.php?rest_route=\/wp\/v2\/users\/6"}],"replies":[{"embeddable":true,"href":"https:\/\/bandyforbundet.no\/oslo-og-akershus\/index.php?rest_route=%2Fwp%2Fv2%2Fcomments&post=7172"}],"version-history":[{"count":14,"href":"https:\/\/bandyforbundet.no\/oslo-og-akershus\/index.php?rest_route=\/wp\/v2\/pages\/7172\/revisions"}],"predecessor-version":[{"id":7187,"href":"https:\/\/bandyforbundet.no\/oslo-og-akershus\/index.php?rest_route=\/wp\/v2\/pages\/7172\/revisions\/7187"}],"wp:attachment":[{"href":"https:\/\/bandyforbundet.no\/oslo-og-akershus\/index.php?rest_route=%2Fwp%2Fv2%2Fmedia&parent=7172"}],"curies":[{"name":"wp","href":"https:\/\/api.w.org\/{rel}","templated":true}]}}