{"id":7192,"date":"2025-06-04T13:09:32","date_gmt":"2025-06-04T13:09:32","guid":{"rendered":"https:\/\/bandyforbundet.no\/oslo-og-akershus\/?page_id=7192"},"modified":"2025-06-05T08:39:39","modified_gmt":"2025-06-05T08:39:39","slug":"arrangorinnstruks-for-mini-og-3v3-runden","status":"publish","type":"page","link":"https:\/\/bandyforbundet.no\/oslo-og-akershus\/?page_id=7192","title":{"rendered":"Arrang\u00f8rinnstruks for Mini- og 3v3 runden"},"content":{"rendered":"\n<div class=\"wp-block-msswb-panel msswb-panel-container\"><div class=\"mwwsb-panel-header\"><div class=\"mwwsb-panel-title\">Velkommen som arrang\u00f8r av Mini- og 3v3 runden!<\/div><div class=\"mwwsb-panel-icon\"><span class=\"dashicon dashicons dashicons-arrow-down-alt2\"><\/span><\/div><\/div><div class=\"msswb-panel-content\">\n<p>Mini- og 3v3 runden er et fantastisk konsept som skaper stor glede og entusiasme blant spillere, trenere, klubber og foreldre. Her f\u00e5r spillerne muligheten til \u00e5 oppleve ekte innebandyglede, i en trygg og morsom ramme. For mange er dette sesongens store h\u00f8ydepunkt!<\/p>\n\n\n\n<h5 class=\"wp-block-heading\"><strong>Hva er Mini- og 3v3 runden?<\/strong><\/h5>\n\n\n\n<p>Mini- og 3v3 runden arrangeres i regi av Oslo og Akershus Bandyregion (OABR) og er en serie miniturneringer for barn, ungdom og voksne. Turneringen spilles l\u00f8rdager og s\u00f8ndager, og gir barna verdifulle kampopplevelser i et positivt og inkluderende milj\u00f8.<\/p>\n\n\n\n<h5 class=\"wp-block-heading\"><strong>Deres klubb er tildelt Minirunde \u2013 hva n\u00e5?<\/strong><\/h5>\n\n\n\n<p>Som arrang\u00f8rklubb f\u00e5r dere en gyllen mulighet til \u00e5 bidra til innebandyens breddeutvikling \u2013 samtidig som dere kan skape en minnerik opplevelse for barn, ungdom og voksne og sikre inntekter til klubben.<\/p>\n\n\n\n<p><strong>Viktige punkter:<\/strong><\/p>\n\n\n\n<ul class=\"wp-block-list\">\n<li><strong>Book halltid umiddelbart<\/strong>\u00a0etter at tildeling er gjort \u2013 dere trenger hallen hele helgen.<\/li>\n\n\n\n<li><strong>Alle inntekter<\/strong>&nbsp;fra inngang, kafeteria, loddsalg osv. g\u00e5r direkte til arrang\u00f8rklubben.<\/li>\n\n\n\n<li><strong>Lag en h\u00f8ytidelig og morsom ramme<\/strong>&nbsp;\u2013 det skal f\u00f8les som en stor begivenhet for barna.<\/li>\n<\/ul>\n\n\n\n<p><strong>Retningslinjer for arrang\u00f8rer<\/strong><\/p>\n\n\n\n<p>For at Minirunden skal v\u00e6re profesjonell, forutsigbar og gjenkjennelig \u2013 uansett hvilken hall man spiller i \u2013 er det viktig at alle arrang\u00f8rklubber f\u00f8lger noen grunnleggende prinsipper:<\/p>\n\n\n\n<ol class=\"wp-block-list\" type=\"1\" start=\"1\">\n<li><strong>Trygghet og trivsel:<\/strong>&nbsp;Alle skal f\u00f8le seg sett, heiet p\u00e5 og ivaretatt.<\/li>\n\n\n\n<li><strong>God flyt i arrangementet:<\/strong>\u00a0V\u00e6r godt forberedt og ha frivillige med klare oppgaver.<\/li>\n\n\n\n<li><strong>Lag en festdag:<\/strong>\u00a0Musikk, speaker og diplomer bidrar til en ekstra fin ramme.<\/li>\n<\/ol>\n\n\n\n<p><strong>Tips for en vellykket gjennomf\u00f8ring<\/strong><\/p>\n\n\n\n<ul class=\"wp-block-list\">\n<li><strong>Kafeteria:<\/strong>\u00a0Ha variert utvalg \u2013 frukt, boller, kaffe, smoothies og sunne alternativer.<\/li>\n\n\n\n<li><strong>Frivillige:<\/strong>&nbsp;Sett opp vaktlister tidlig og informer tydelig om ansvar og tidspunkter.<\/li>\n\n\n\n<li><strong>Dekor og stemning:<\/strong>&nbsp;Klubbfarger, musikk og heiagjenger gj\u00f8r stor forskjell!<\/li>\n<\/ul>\n\n\n\n<p>Vi i Oslo og Akershus Bandyregion gleder oss til \u00e5 se hvordan deres klubb gjennomf\u00f8rer Mini- og 3v3 runden \u2013 og hvordan dere bidrar til \u00e5 gj\u00f8re innebandy til en idrett spillerne vil elske hele livet!<\/p>\n\n\n\n<p>Lykke til med arrangementet!&nbsp;<\/p>\n<\/div><\/div>\n\n\n\n<div class=\"wp-block-msswb-panel msswb-panel-container\"><div class=\"mwwsb-panel-header\"><div class=\"mwwsb-panel-title\">F\u00f8r arrangementet<\/div><div class=\"mwwsb-panel-icon\"><span class=\"dashicon dashicons dashicons-arrow-down-alt2\"><\/span><\/div><\/div><div class=\"msswb-panel-content\">\n<p><strong>1.&nbsp;Spillested og booking<\/strong><\/p>\n\n\n\n<ul class=\"wp-block-list\">\n<li>Book hall for hele helgen&nbsp;<strong>straks tildeling er gitt<\/strong>.<\/li>\n\n\n\n<li>S\u00f8rg for nok spilleflater (baner) og vant.<\/li>\n<\/ul>\n\n\n\n<p><strong>2.&nbsp;Kontaktperson<\/strong><\/p>\n\n\n\n<ul class=\"wp-block-list\">\n<li>Meld inn kontaktperson til:&nbsp;<strong>innebandy.oabr@nif.idrett.no<\/strong>.<\/li>\n<\/ul>\n\n\n\n<p><strong>3.&nbsp;Turneringsledelse<\/strong><\/p>\n\n\n\n<ul class=\"wp-block-list\">\n<li>Opprett turneringsgruppe for \u00e5 planlegge detaljene.<\/li>\n\n\n\n<li>Lag&nbsp;<strong>vaktlister med navn og mobilnummer<\/strong>.<\/li>\n<\/ul>\n\n\n\n<p><strong>4.&nbsp;Velkomstbrev<\/strong><\/p>\n\n\n\n<ul class=\"wp-block-list\">\n<li>Lag og send velkomstbrev til OABR i god tid f\u00f8r arrangementet. <\/li>\n<\/ul>\n\n\n\n<p><\/p>\n<\/div><\/div>\n\n\n\n<div class=\"wp-block-msswb-panel msswb-panel-container\"><div class=\"mwwsb-panel-header\"><div class=\"mwwsb-panel-title\">Under arrangementet<\/div><div class=\"mwwsb-panel-icon\"><span class=\"dashicon dashicons dashicons-arrow-down-alt2\"><\/span><\/div><\/div><div class=\"msswb-panel-content\">\n<p>5. Roller og bemanning<\/p>\n\n\n\n<figure class=\"wp-block-table\"><table><thead><tr><td><strong>Rolle\/omr\u00e5de<\/strong><\/td><td><strong>Antall personer<\/strong><\/td><td><strong>Ansvar<\/strong><\/td><\/tr><\/thead><tbody><tr><td>Sekretariat<\/td><td>2\u20133<\/td><td>Klokke, speaker, kampstart<\/td><\/tr><tr><td>Dommere<\/td><td>2\u20133 per bane<\/td><td>D\u00f8mme, f\u00f8lge dommerinstruks<\/td><\/tr><tr><td>Vertskap<\/td><td>1\u20132<\/td><td>M\u00f8te lag, vise garderobe, kampoppsett<\/td><\/tr><tr><td>Kiosk<\/td><td>3\u20136<\/td><td>Salg, sunn og tradisjonell mat, dugnad<\/td><\/tr><tr><td>Inngang<\/td><td>2<\/td><td>Billettsalg (maks 50 kr, gratis under 16 \u00e5r)<\/td><\/tr><tr><td>Renhold<\/td><td>1<\/td><td>T\u00f8mme s\u00f8ppel, fylle papir, holde rent<\/td><\/tr><tr><td>Premiering<\/td><td>2<\/td><td>Dele ut medaljer\/premier, koordinere bilder<\/td><\/tr><tr><td>Nedrigging<\/td><td>10\u201315<\/td><td>Rydde og pakke sammen<\/td><\/tr><tr><td>Driftsteknisk<\/td><td>1 kontakt<\/td><td>Kjennskap til hall (lys, str\u00f8m, sikringer)<\/td><\/tr><\/tbody><\/table><\/figure>\n\n\n\n<p><\/p>\n<\/div><\/div>\n\n\n\n<div class=\"wp-block-msswb-panel msswb-panel-container\"><div class=\"mwwsb-panel-header\"><div class=\"mwwsb-panel-title\">Logistikk og fasiliteter<\/div><div class=\"mwwsb-panel-icon\"><span class=\"dashicon dashicons dashicons-arrow-down-alt2\"><\/span><\/div><\/div><div class=\"msswb-panel-content\">\n<ul class=\"wp-block-list\">\n<li><strong>Spilleflater<\/strong>: Klargj\u00f8res kvelden f\u00f8r, merk m\u00e5lg\u00e5rder og linjer.<\/li>\n\n\n\n<li><strong>Garderober<\/strong>: Lag garderobeplan n\u00e5r kampoppsett foreligger, merk godt.<\/li>\n\n\n\n<li><strong>Parkering<\/strong>: Gi tydelig info. Parkering skal ikke tas betalt for s\u00e5 sant det ikke foreligger spesielle forhold.<\/li>\n\n\n\n<li><strong>Premier<\/strong>: Alle f\u00e5r premie, gjerne klubbmedaljer uten \u00e5rstall.<\/li>\n<\/ul>\n<\/div><\/div>\n\n\n\n<div class=\"wp-block-msswb-panel msswb-panel-container\"><div class=\"mwwsb-panel-header\"><div class=\"mwwsb-panel-title\">Dommerinstruks<\/div><div class=\"mwwsb-panel-icon\"><span class=\"dashicon dashicons dashicons-arrow-down-alt2\"><\/span><\/div><\/div><div class=\"msswb-panel-content\">\n<ul class=\"wp-block-list\">\n<li>Alle dommere m\u00e5 ha t-skjorter eller dommerdrakt.<\/li>\n\n\n\n<li>Superinnebandy: kun voksne dommere.<\/li>\n\n\n\n<li>3v3 J\/G13 og J\/G15: dommer m\u00e5 v\u00e6re 16+.<\/li>\n\n\n\n<li>3v3 Senior: dommer m\u00e5 v\u00e6re 18+.<\/li>\n<\/ul>\n\n\n\n<p><strong>Enkle regler:<\/strong><\/p>\n\n\n\n<ul class=\"wp-block-list\">\n<li>Briller p\u00e5 alle.<\/li>\n\n\n\n<li>Keeper m\u00e5 ha hjelm og utstyr.<\/li>\n\n\n\n<li>H\u00f8y k\u00f8lle, dytt, slag \u2192 bl\u00e5ses.<\/li>\n\n\n\n<li>Utkast fra keeper m\u00e5 sprette f\u00f8r midtlinjen.<\/li>\n<\/ul>\n<\/div><\/div>\n\n\n\n<div class=\"wp-block-msswb-panel msswb-panel-container\"><div class=\"mwwsb-panel-header\"><div class=\"mwwsb-panel-title\">Superinnebandy<\/div><div class=\"mwwsb-panel-icon\"><span class=\"dashicon dashicons dashicons-arrow-down-alt2\"><\/span><\/div><\/div><div class=\"msswb-panel-content\">\n<ul class=\"wp-block-list\">\n<li>Tilrettelagt klasse for spillere med spesielle behov.<\/li>\n\n\n\n<li>Viktig med god mottakelse, tilstedev\u00e6rende kontaktperson.<\/li>\n\n\n\n<li>Husk voksne og erfarne dommere.<\/li>\n<\/ul>\n<\/div><\/div>\n\n\n\n<div class=\"wp-block-msswb-panel msswb-panel-container\"><div class=\"mwwsb-panel-header\"><div class=\"mwwsb-panel-title\">Salg og utstyr<\/div><div class=\"mwwsb-panel-icon\"><span class=\"dashicon dashicons dashicons-arrow-down-alt2\"><\/span><\/div><\/div><div class=\"msswb-panel-content\">\n<ul class=\"wp-block-list\">\n<li><strong>Pureplay AS<\/strong>&nbsp;har enerett p\u00e5 utstyrsstands.<\/li>\n\n\n\n<li>Andre leverand\u00f8rer m\u00e5 godkjennes dersom Pureplay ikke deltar.<\/li>\n\n\n\n<li>Informer Pureplay ved behov.<\/li>\n<\/ul>\n<\/div><\/div>\n\n\n\n<div class=\"wp-block-msswb-panel msswb-panel-container\"><div class=\"mwwsb-panel-header\"><div class=\"mwwsb-panel-title\">Tips for en god Mini- og 3v3 runde<\/div><div class=\"mwwsb-panel-icon\"><span class=\"dashicon dashicons dashicons-arrow-down-alt2\"><\/span><\/div><\/div><div class=\"msswb-panel-content\">\n<ul class=\"wp-block-list\">\n<li>Uniform\u00e9r alle funksjon\u00e6rer.<\/li>\n\n\n\n<li>Hold kampene i rute (15 min kamp + 3 min pause).<\/li>\n\n\n\n<li>S\u00f8rg for stemning: velkomst, h\u00f8ytidelig premieutdeling og god info.<\/li>\n\n\n\n<li>Nyt dagen \u2013 mange smil og gode opplevelser for barn og voksne!<\/li>\n<\/ul>\n<\/div><\/div>\n\n\n\n<div class=\"wp-block-msswb-panel msswb-panel-container\"><div class=\"mwwsb-panel-header\"><div class=\"mwwsb-panel-title\">Sesongbestemmelser innebandy OABR <\/div><div class=\"mwwsb-panel-icon\"><span class=\"dashicon dashicons dashicons-arrow-down-alt2\"><\/span><\/div><\/div><div class=\"msswb-panel-content\">\n<p>OABRs sesongbestemmelser innebandy er regler som kun gjelder lokalt for spilltilbudet i OABR. Punkt 2.1 i sesongbestemmelsene omhandler Mini-og 3v3 runder.<\/p>\n\n\n\n<p>Sesongbestemmelsene kan leses <a href=\"https:\/\/bandyforbundet.no\/oslo-og-akershus\/?page_id=7103\" target=\"_blank\" rel=\"noreferrer noopener\">her<\/a><\/p>\n<\/div><\/div>\n","protected":false},"excerpt":{"rendered":"","protected":false},"author":6,"featured_media":0,"parent":0,"menu_order":0,"comment_status":"closed","ping_status":"closed","template":"","meta":{"cover_meta":"","footnotes":""},"class_list":["post-7192","page","type-page","status-publish","hentry"],"_links":{"self":[{"href":"https:\/\/bandyforbundet.no\/oslo-og-akershus\/index.php?rest_route=\/wp\/v2\/pages\/7192","targetHints":{"allow":["GET"]}}],"collection":[{"href":"https:\/\/bandyforbundet.no\/oslo-og-akershus\/index.php?rest_route=\/wp\/v2\/pages"}],"about":[{"href":"https:\/\/bandyforbundet.no\/oslo-og-akershus\/index.php?rest_route=\/wp\/v2\/types\/page"}],"author":[{"embeddable":true,"href":"https:\/\/bandyforbundet.no\/oslo-og-akershus\/index.php?rest_route=\/wp\/v2\/users\/6"}],"replies":[{"embeddable":true,"href":"https:\/\/bandyforbundet.no\/oslo-og-akershus\/index.php?rest_route=%2Fwp%2Fv2%2Fcomments&post=7192"}],"version-history":[{"count":7,"href":"https:\/\/bandyforbundet.no\/oslo-og-akershus\/index.php?rest_route=\/wp\/v2\/pages\/7192\/revisions"}],"predecessor-version":[{"id":7215,"href":"https:\/\/bandyforbundet.no\/oslo-og-akershus\/index.php?rest_route=\/wp\/v2\/pages\/7192\/revisions\/7215"}],"wp:attachment":[{"href":"https:\/\/bandyforbundet.no\/oslo-og-akershus\/index.php?rest_route=%2Fwp%2Fv2%2Fmedia&parent=7192"}],"curies":[{"name":"wp","href":"https:\/\/api.w.org\/{rel}","templated":true}]}}