{"id":7374,"date":"2025-07-01T09:30:45","date_gmt":"2025-07-01T09:30:45","guid":{"rendered":"https:\/\/bandyforbundet.no\/oslo-og-akershus\/?page_id=7374"},"modified":"2025-11-21T06:40:23","modified_gmt":"2025-11-21T06:40:23","slug":"sammenslaing-av-lag-for-innebandykamper-i-regi-av-oslo-og-akershus-bandyregion","status":"publish","type":"page","link":"https:\/\/bandyforbundet.no\/oslo-og-akershus\/?page_id=7374","title":{"rendered":"Godkjente sammensl\u00e5ing av lag for innebandykamper i regi av Oslo og Akershus Bandyregion"},"content":{"rendered":"\n<blockquote class=\"wp-block-quote\">\n<p><strong>\u00a7 29.11 \u2013 Overgang ved sammensl\u00e5ing av lag (ikke klubber) for \u00e5 kunne opprettholde aktivitet.&nbsp;<\/strong><\/p>\n\n\n\n<p>To klubber kan vederlagsfritt etter s\u00f8knad, innen p\u00e5meldingsfristen for den aktuelle serie, sl\u00e5 sammen spillere fra to lag i samme klasse (ikke klubber), for \u00e5 kunne opprettholde aktiviteten til ett lag. Administrerende myndighet kan hvis hensiktsmessig dispensere fra tidsfristen.&nbsp;<\/p>\n\n\n\n<p>Navnet p\u00e5 laget skal v\u00e6re navnet p\u00e5 de to klubbene: Klubb1\/Klubb2.<\/p>\n\n\n\n<p>Etter sesongslutt vil alle spillere igjen g\u00e5 tilbake til respektive moderklubber. Dersom det ogs\u00e5 den p\u00e5f\u00f8lgende sesongen skal stilles ett sammensl\u00e5tt lag, m\u00e5 prosedyren f\u00f8lges p\u00e5 ny.<\/p>\n\n\n\n<p>Det sammensl\u00e5tte laget spiller p\u00e5 det h\u00f8yest rangerte lagets plass i seriesystemet. Plassen i seriesystemet som ikke benyttes som f\u00f8lge av en sammensl\u00e5ing, flyttes automatisk ned i nederste divisjon i aldersklassen den p\u00e5f\u00f8lgende sesong<\/p>\n\n\n\n<p>Dersom det f\u00f8r sammensl\u00e5ingen ikke er klart hvilket av lagene som er h\u00f8yest rangert, m\u00e5 klubbene, f\u00f8r p\u00e5meldingsfristen, skriftlig til administrerende myndighet, bestemme hvilket av lagenes plass som skal benyttes av det sammensl\u00e5tte laget i den forest\u00e5ende sesongen.<\/p>\n\n\n\n<p>Hvis et sammensl\u00e5tt lags moderklubb(er) allerede har lag i seriesystemet i en aldersklasse, kan spillerne p\u00e5 det sammensl\u00e5tte laget ikke spille for sine respektive moderklubber i aldersklassen.&nbsp;Spillerne kan imidlertid spille for sin moderklubb i andre aldersklasser s\u00e5 lenge aldersbestemmelsene overholdes.<\/p>\n\n\n\n<p>For lag til og med juniorklassene kan administrerende myndighet dispensere fra reglene i foreg\u00e5ende avsnitt.&nbsp;<\/p>\n\n\n\n<p>Sammensl\u00e5tte lag kan ikke delta i NM-sluttspill.<\/p>\n<cite>Kampreglement innebandy<\/cite><\/blockquote>\n\n\n\n<div class=\"wp-block-msswb-spacer msswb-spacer-container\" style=\"height:50px\"><div class=\"line\" style=\"height:25px\"><\/div><div class=\"line-center-divider\"><\/div><\/div>\n\n\n\n<div class=\"wp-block-msswb-panel msswb-panel-container\"><div class=\"mwwsb-panel-header\"><div class=\"mwwsb-panel-title\">Godkjente sammensl\u00e5ing av lag i regi av Oslo og Akershus Bandyregion sesongen 25\/26<\/div><div class=\"mwwsb-panel-icon\"><span class=\"dashicon dashicons dashicons-arrow-down-alt2\"><\/span><\/div><\/div><div class=\"msswb-panel-content\">\n<figure class=\"wp-block-table\"><table><thead><tr><th>Navn p\u00e5 lag<\/th><th>Klasse<\/th><\/tr><\/thead><tbody><tr><td>Fjerdingby\/Str\u00f8mmen<\/td><td>Jenter 12<\/td><\/tr><tr><td>Fjerdingby\/Str\u00f8mmen<\/td><td>Jenter 11<\/td><\/tr><tr><td>BSK\/GIF<\/td><td>Gutter 13<\/td><\/tr><tr><td>Holmlia\/DFI<\/td><td>Jenter 15<\/td><\/tr><tr><td>\u00d8stensj\u00f8\/MASK<\/td><td>Jenter 15<\/td><\/tr><tr><td>Holmlia\/Soon<\/td><td>Gutter 15<\/td><\/tr><tr><td>BSK\/GIF<\/td><td>Gutter 15<\/td><\/tr><tr><td>Grei\/UllKisa<\/td><td>Gutter 15<\/td><\/tr><tr><td>Grei\/UllKisa 2<\/td><td>Gutter 15<\/td><\/tr><tr><td>Frogner\/Gjerdrum<\/td><td>Gutter 13<\/td><\/tr><tr><td>\u00d8stensj\u00f8\/Slevik<\/td><td>Jenter 17<\/td><\/tr><tr><td>Sagene\/Fagerstrand<\/td><td>Jenter 17<\/td><\/tr><tr><td>R\u00e5de\/St.Croix<\/td><td>Gutter 17<\/td><\/tr><tr><td>Nor92\/Horten<\/td><td>Gutter 15<\/td><\/tr><tr><td>Fredrikstad\/R\u00e5de<\/td><td>Gutter 15<\/td><\/tr><\/tbody><\/table><\/figure>\n<\/div><\/div>\n","protected":false},"excerpt":{"rendered":"<p>\u00a7 29.11 \u2013 Overgang ved sammensl\u00e5ing av lag (ikke klubber) for \u00e5 kunne opprettholde aktivitet.&nbsp; To klubber kan vederlagsfritt etter s\u00f8knad, innen p\u00e5meldingsfristen for den aktuelle serie, sl\u00e5 sammen spillere fra to lag i samme klasse (ikke klubber), for \u00e5 kunne opprettholde aktiviteten til ett lag. Administrerende myndighet kan hvis hensiktsmessig dispensere fra tidsfristen.&nbsp; Navnet [&hellip;]<\/p>\n","protected":false},"author":6,"featured_media":0,"parent":0,"menu_order":0,"comment_status":"closed","ping_status":"closed","template":"","meta":{"cover_meta":"","footnotes":""},"class_list":["post-7374","page","type-page","status-publish","hentry"],"_links":{"self":[{"href":"https:\/\/bandyforbundet.no\/oslo-og-akershus\/index.php?rest_route=\/wp\/v2\/pages\/7374","targetHints":{"allow":["GET"]}}],"collection":[{"href":"https:\/\/bandyforbundet.no\/oslo-og-akershus\/index.php?rest_route=\/wp\/v2\/pages"}],"about":[{"href":"https:\/\/bandyforbundet.no\/oslo-og-akershus\/index.php?rest_route=\/wp\/v2\/types\/page"}],"author":[{"embeddable":true,"href":"https:\/\/bandyforbundet.no\/oslo-og-akershus\/index.php?rest_route=\/wp\/v2\/users\/6"}],"replies":[{"embeddable":true,"href":"https:\/\/bandyforbundet.no\/oslo-og-akershus\/index.php?rest_route=%2Fwp%2Fv2%2Fcomments&post=7374"}],"version-history":[{"count":13,"href":"https:\/\/bandyforbundet.no\/oslo-og-akershus\/index.php?rest_route=\/wp\/v2\/pages\/7374\/revisions"}],"predecessor-version":[{"id":7789,"href":"https:\/\/bandyforbundet.no\/oslo-og-akershus\/index.php?rest_route=\/wp\/v2\/pages\/7374\/revisions\/7789"}],"wp:attachment":[{"href":"https:\/\/bandyforbundet.no\/oslo-og-akershus\/index.php?rest_route=%2Fwp%2Fv2%2Fmedia&parent=7374"}],"curies":[{"name":"wp","href":"https:\/\/api.w.org\/{rel}","templated":true}]}}