{"id":7886,"date":"2026-01-16T18:33:44","date_gmt":"2026-01-16T18:33:44","guid":{"rendered":"https:\/\/bandyforbundet.no\/oslo-og-akershus\/?page_id=7886"},"modified":"2026-01-22T16:58:22","modified_gmt":"2026-01-22T16:58:22","slug":"retningslinjer-for-sanksjonsutmaling-innebandy","status":"publish","type":"page","link":"https:\/\/bandyforbundet.no\/oslo-og-akershus\/?page_id=7886","title":{"rendered":"Retningslinjer for sanksjonsutm\u00e5ling \u2013 innebandy"},"content":{"rendered":"\n<p>Hjemmel for retningslinjene er i Sanksjons- og protestreglementet \u00a7 5-2, vedtatt p\u00e5 Forbundstinget.<\/p>\n\n\n\n<p>Retningslinjene er gjeldende for all sanksjonsbehandling i krets- og regionstyrene, sanksjons- og protestutvalget og ankeutvalget n\u00e5r disse organene skal utm\u00e5le karantene i saker etter spilleregel 614.<\/p>\n\n\n\n<p>Hovedretningslinjene for sanksjonsutm\u00e5ling etter r\u00f8dt kort etter spilleregel 614<\/p>\n\n\n\n<p>Utvisnings\u00e5rsak:<\/p>\n\n\n\n<figure class=\"wp-block-table is-style-stripes\"><table><thead><tr><th>Regel<\/th><th>Type<\/th><th>Minimum karantene<\/th><\/tr><\/thead><tbody><tr><td>614-11<\/td><td>V\u00e6re involvert i en sl\u00e5sskamp.<br><em>En spiller er \u00e5 regne som involvert i en sl\u00e5sskamp n\u00e5r denne bruker slag eller spark.<\/em><\/td><td>Minimum 3 kampers karantene<\/td><\/tr><tr><td>614-12<\/td><td>Angripe en motspiller med overlegg p\u00e5 en brutal m\u00e5te (sl\u00e5 med knyttet neve, sl\u00e5 med k\u00f8lle, sparke)<\/td><td>Minimum 3 kampers karantene<\/td><\/tr><tr><td>614-1<\/td><td>Fortsatt eller gjentatt usportslig opptreden.<br><em>Med fortsatt menes i samme sekvens og med gjentatt menes for annen gang i samme kamp.<\/em><\/td><td>Minimum 2 kampers karantene<\/td><\/tr><tr><td>614-3<\/td><td>V\u00e6re skyldig i voldelig adferd.<br><em>N\u00e5r en spiller p\u00e5 en voldelig m\u00e5te takler eller angriper en motstander p\u00e5 en voldelig m\u00e5te. Bevisste slag med k\u00f8lle eller fysiske etterslenger etter at situasjonen er over.<\/em><\/td><td>Minimum 2 kampers karantene<\/td><\/tr><tr><td>614-13<\/td><td>Utskjelling av\/grov usportslig opptreden mot dommer, motspiller, funksjon\u00e6r, leder, etc med overlegg eller i affekt.<\/td><td>Minimum 2 kampers karantene<\/td><\/tr><tr><td>614-8<\/td><td>En spiller eller et medlem av lagledelsen saboterer spillet. <br><em>Med vilje delta i spillet f\u00f8r utvisningstid er ferdig sonet eller fra innbyttersonen uten \u00e5 v\u00e6re i ferd med \u00e5 bytte.<br>Sparke i vantet fra utsiden slik at spillet p\u00e5virkes.<br>Forseelser utf\u00f8rt fra innbyttersone eller utvisningsbenk under straffeslag.<\/em><\/td><td>Minimum 1 kamps karantene<\/td><\/tr><tr><td>614-10<\/td><td>N\u00e5r en spiller eller et medlem av lagledelsen forlater innbytterbenken eller utvisningsbenken for \u00e5 delta i en krangel.<br><em>Deltar fysisk eller verbalt i krangel eller opps\u00f8ker dommerne under en krangel.<\/em><\/td><td>Minimum 1 kamps karantene<\/td><\/tr><tr><td>614-12<\/td><td>\u00c5 kaste k\u00f8lla eller annet utstyr p\u00e5 en motstander.<\/td><td>Minimum 1 kamps karantene<\/td><\/tr><\/tbody><\/table><\/figure>\n\n\n\n<p>Vedtaksdato NBF DK-I: 2. desember 2025.<br>Godkjent av seksjonsstyret NBF-I xx.xx.2026.<\/p>\n\n\n\n<p>Retningslinjene er gjeldende fra og med sesongen 2025-2026 og til de blir endret\/opphevet.<\/p>\n","protected":false},"excerpt":{"rendered":"<p>Hjemmel for retningslinjene er i Sanksjons- og protestreglementet \u00a7 5-2, vedtatt p\u00e5 Forbundstinget. Retningslinjene er gjeldende for all sanksjonsbehandling i krets- og regionstyrene, sanksjons- og protestutvalget og ankeutvalget n\u00e5r disse organene skal utm\u00e5le karantene i saker etter spilleregel 614. Hovedretningslinjene for sanksjonsutm\u00e5ling etter r\u00f8dt kort etter spilleregel 614 Utvisnings\u00e5rsak: Regel Type Minimum karantene 614-11 V\u00e6re [&hellip;]<\/p>\n","protected":false},"author":73,"featured_media":0,"parent":0,"menu_order":0,"comment_status":"closed","ping_status":"closed","template":"templates\/template-cover.php","meta":{"cover_meta":"{\"showBackgroundImage\":true,\"bgImage\":{\"image_id\":1872,\"blog_id\":3,\"term_id\":180,\"selected_size\":\"full\"},\"showOverlay\":true,\"overlayColor\":\"#007cba\",\"overlayOpacity\":0.7,\"showIntro\":false,\"introColor\":\"white\",\"intro\":\"\",\"title\":\"Retningslinjer for sanksjonsutm\u00e5ling \u2013 innebandy\",\"titleColor\":\"white\",\"showOutro\":false,\"outroColor\":\"white\",\"outro\":\"\"}","footnotes":""},"class_list":["post-7886","page","type-page","status-publish","hentry"],"_links":{"self":[{"href":"https:\/\/bandyforbundet.no\/oslo-og-akershus\/index.php?rest_route=\/wp\/v2\/pages\/7886","targetHints":{"allow":["GET"]}}],"collection":[{"href":"https:\/\/bandyforbundet.no\/oslo-og-akershus\/index.php?rest_route=\/wp\/v2\/pages"}],"about":[{"href":"https:\/\/bandyforbundet.no\/oslo-og-akershus\/index.php?rest_route=\/wp\/v2\/types\/page"}],"author":[{"embeddable":true,"href":"https:\/\/bandyforbundet.no\/oslo-og-akershus\/index.php?rest_route=\/wp\/v2\/users\/73"}],"replies":[{"embeddable":true,"href":"https:\/\/bandyforbundet.no\/oslo-og-akershus\/index.php?rest_route=%2Fwp%2Fv2%2Fcomments&post=7886"}],"version-history":[{"count":6,"href":"https:\/\/bandyforbundet.no\/oslo-og-akershus\/index.php?rest_route=\/wp\/v2\/pages\/7886\/revisions"}],"predecessor-version":[{"id":7913,"href":"https:\/\/bandyforbundet.no\/oslo-og-akershus\/index.php?rest_route=\/wp\/v2\/pages\/7886\/revisions\/7913"}],"wp:attachment":[{"href":"https:\/\/bandyforbundet.no\/oslo-og-akershus\/index.php?rest_route=%2Fwp%2Fv2%2Fmedia&parent=7886"}],"curies":[{"name":"wp","href":"https:\/\/api.w.org\/{rel}","templated":true}]}}