{"id":8274,"date":"2026-05-04T11:01:18","date_gmt":"2026-05-04T11:01:18","guid":{"rendered":"https:\/\/bandyforbundet.no\/oslo-og-akershus\/?page_id=8274"},"modified":"2026-05-04T11:22:55","modified_gmt":"2026-05-04T11:22:55","slug":"honorar-kjoregodtgjorelse-og-andre-utgifter","status":"publish","type":"page","link":"https:\/\/bandyforbundet.no\/oslo-og-akershus\/?page_id=8274","title":{"rendered":"Honorar, kj\u00f8regodtgj\u00f8relse og andre utgifter"},"content":{"rendered":"\n<h2 class=\"wp-block-heading\">Honorar, kj\u00f8regodtgj\u00f8relse og andre utgifter i OABR<\/h2>\n\n\n\n<div class=\"wp-block-msswb-spacer msswb-spacer-container\" style=\"height:50px\"><div class=\"line\" style=\"height:25px\"><\/div><div class=\"line-center-divider\"><\/div><\/div>\n\n\n\n<h6 class=\"wp-block-heading\">Visma-bruker og personopplysninger<\/h6>\n\n\n\n<p>For \u00e5 kunne sende inn krav eller reiseregning til Oslo og Akershus Bandyregion m\u00e5 du ha en bruker i v\u00e5rt l\u00f8nnssystem, <a href=\"https:\/\/signin.visma.net\/\" target=\"_blank\" rel=\"noreferrer noopener\">Visma<\/a>.<\/p>\n\n\n\n<p>Dersom du ikke har tilgang til <a href=\"https:\/\/signin.visma.net\/\" target=\"_blank\" rel=\"noreferrer noopener\">Visma Expense<\/a> m\u00e5 du fylle ut dette skjemaet:<\/p>\n\n\n\n<ul class=\"wp-block-list\">\n<li class=\"has-larger-font-size\"><a href=\"https:\/\/forms.cloud.microsoft\/e\/jcG53viB01\" target=\"_blank\" rel=\"noreferrer noopener\"><strong>Skjema for personopplysninger<\/strong><\/a><\/li>\n<\/ul>\n\n\n\n<div class=\"wp-block-msswb-spacer msswb-spacer-container\" style=\"height:50px\"><div class=\"line\" style=\"height:25px\"><\/div><div class=\"line-center-divider\"><\/div><\/div>\n\n\n\n<p>N\u00e5r vi har mottatt ferdig utfylt skjema fra deg, vil du bli registrert i systemet og du f\u00e5r en velkomst-epost med opplysninger som du trenger for \u00e5 logge inn.<\/p>\n\n\n\n<div class=\"wp-block-msswb-spacer msswb-spacer-container\" style=\"height:50px\"><div class=\"line\" style=\"height:25px\"><\/div><div class=\"line-center-divider\"><\/div><\/div>\n\n\n\n<h6 class=\"wp-block-heading\">Kj\u00f8regodtgj\u00f8relse, refusjon av utlegg mm<\/h6>\n\n\n\n<p>For \u00e5 levere krav om kj\u00f8regodtgj\u00f8relse, diett, refusjon av utlegg mm benyttes <a href=\"https:\/\/signin.visma.net\/\" target=\"_blank\" rel=\"noreferrer noopener\">Visma Expense<\/a>. Dette krever en bruker som beskrevet over.<\/p>\n\n\n\n<ul class=\"wp-block-list\">\n<li class=\"has-larger-font-size\"><a href=\"https:\/\/forms.cloud.microsoft\/e\/jcG53viB01\" target=\"_blank\" rel=\"noreferrer noopener\"><strong>Innlogging Visma Expense<\/strong><\/a><\/li>\n<\/ul>\n\n\n\n<div class=\"wp-block-msswb-spacer msswb-spacer-container\" style=\"height:50px\"><div class=\"line\" style=\"height:25px\"><\/div><div class=\"line-center-divider\"><\/div><\/div>\n\n\n\n<p>Husk at alle utlegg krever dokumentasjon i form av en kvittering.<\/p>\n\n\n\n<p>Eneste unntak er bompenger, men pass p\u00e5 at bompengesatsen blir riktig (velg riktig type kj\u00f8ret\u00f8y og pass p\u00e5 rushtid).<br>Benyttes feil satser blir kravet avsl\u00e5tt og du m\u00e5 fylle ut p\u00e5 nytt. Selv om det ikke er krav til \u00e5 dokumentere hver bompassering, kan du m\u00e5tte dokumentere utlegget p\u00e5 foresp\u00f8rsel hvis det er tvil om kravets gyldighet.<\/p>\n\n\n\n<div class=\"wp-block-msswb-spacer msswb-spacer-container\" style=\"height:50px\"><div class=\"line\" style=\"height:25px\"><\/div><div class=\"line-center-divider\"><\/div><\/div>\n\n\n\n<h6 class=\"wp-block-heading\">Oppgj\u00f8rsskjema for Oslo og Akershus Bandyregion<\/h6>\n\n\n\n<p>Har du utf\u00f8rt et oppdrag for Oslo og Akershus Bandyregion der det avtalt et honorar skal dette skjemaet fylles ut:<\/p>\n\n\n\n<ul class=\"wp-block-list\">\n<li class=\"has-larger-font-size\"><strong><a href=\"https:\/\/forms.cloud.microsoft\/e\/ByshGYZw4D\" target=\"_blank\" rel=\"noreferrer noopener\">Oppdragsskjema OABR<\/a><\/strong><\/li>\n<\/ul>\n\n\n\n<div class=\"wp-block-msswb-spacer msswb-spacer-container\" style=\"height:50px\"><div class=\"line\" style=\"height:25px\"><\/div><div class=\"line-center-divider\"><\/div><\/div>\n\n\n\n<p>Skjemaet benyttes for:<\/p>\n\n\n\n<ul class=\"wp-block-list\">\n<li>Engasjerte<\/li>\n\n\n\n<li>Midlertidige ansatte<\/li>\n\n\n\n<li>Dommerveiledere<\/li>\n\n\n\n<li>osv<\/li>\n<\/ul>\n\n\n\n<p>NB1! For <strong><em>dommerhonorarer<\/em><\/strong>, uansett om det er klubb eller region som skal betale ut, benyttes <a href=\"https:\/\/ta.nif.no\/\" target=\"_blank\" rel=\"noreferrer noopener\">TA<\/a> og <a href=\"https:\/\/idrettsoppgjor.nif.no\/\">Idrettsoppgj\u00f8r<\/a>. En bruksanvisning kan <a href=\"https:\/\/www.idrettsforbundet.no\/digital\/ta\/brukerveiledning\/dommer-i-ta\/dommerregning\/\">leses her<\/a>.<\/p>\n\n\n\n<p>NB2! Formelt sett er det Norges Bandyforbund som er din arbeidsgiver i de tilfeller der det betales ut honorarer. Dette kan ha betydning for <a href=\"https:\/\/www.skatteetaten.no\/person\/skatt\/hjelp-til-riktig-skatt\/arbeid-trygd-og-pensjon\/hobby-ekstrainntekt-og-smajobber\/mottar-du-lonn-fra-en-frivillig-eller-veldedig-organisasjon\/\" target=\"_blank\" rel=\"noreferrer noopener\">grensen skattefritt honorar<\/a> p\u00e5 10.000 kr pr \u00e5r.<\/p>\n\n\n\n<p><\/p>\n","protected":false},"excerpt":{"rendered":"<p>Honorar, kj\u00f8regodtgj\u00f8relse og andre utgifter i OABR Visma-bruker og personopplysninger For \u00e5 kunne sende inn krav eller reiseregning til Oslo og Akershus Bandyregion m\u00e5 du ha en bruker i v\u00e5rt l\u00f8nnssystem, Visma. Dersom du ikke har tilgang til Visma Expense m\u00e5 du fylle ut dette skjemaet: N\u00e5r vi har mottatt ferdig utfylt skjema fra deg, [&hellip;]<\/p>\n","protected":false},"author":73,"featured_media":0,"parent":0,"menu_order":0,"comment_status":"closed","ping_status":"closed","template":"","meta":{"cover_meta":"","footnotes":""},"class_list":["post-8274","page","type-page","status-publish","hentry"],"_links":{"self":[{"href":"https:\/\/bandyforbundet.no\/oslo-og-akershus\/index.php?rest_route=\/wp\/v2\/pages\/8274","targetHints":{"allow":["GET"]}}],"collection":[{"href":"https:\/\/bandyforbundet.no\/oslo-og-akershus\/index.php?rest_route=\/wp\/v2\/pages"}],"about":[{"href":"https:\/\/bandyforbundet.no\/oslo-og-akershus\/index.php?rest_route=\/wp\/v2\/types\/page"}],"author":[{"embeddable":true,"href":"https:\/\/bandyforbundet.no\/oslo-og-akershus\/index.php?rest_route=\/wp\/v2\/users\/73"}],"replies":[{"embeddable":true,"href":"https:\/\/bandyforbundet.no\/oslo-og-akershus\/index.php?rest_route=%2Fwp%2Fv2%2Fcomments&post=8274"}],"version-history":[{"count":8,"href":"https:\/\/bandyforbundet.no\/oslo-og-akershus\/index.php?rest_route=\/wp\/v2\/pages\/8274\/revisions"}],"predecessor-version":[{"id":8284,"href":"https:\/\/bandyforbundet.no\/oslo-og-akershus\/index.php?rest_route=\/wp\/v2\/pages\/8274\/revisions\/8284"}],"wp:attachment":[{"href":"https:\/\/bandyforbundet.no\/oslo-og-akershus\/index.php?rest_route=%2Fwp%2Fv2%2Fmedia&parent=8274"}],"curies":[{"name":"wp","href":"https:\/\/api.w.org\/{rel}","templated":true}]}}