{"id":1008,"date":"2017-05-01T19:49:53","date_gmt":"2017-05-01T17:49:53","guid":{"rendered":"http:\/\/bandyforbundet.no\/sorost-bandyregion\/?page_id=1008"},"modified":"2021-10-05T12:35:40","modified_gmt":"2021-10-05T12:35:40","slug":"aktivitetsrunder","status":"publish","type":"page","link":"https:\/\/bandyforbundet.no\/sorost-bandyregion\/?page_id=1008","title":{"rendered":"Aktivitetsrunder"},"content":{"rendered":"\n<div class=\"wp-block-msswb-spacer msswb-spacer-container\" style=\"height:50px\"><div class=\"line\" style=\"height:25px\"><\/div><div class=\"line-center-divider\"><\/div><\/div>\n\n\n\n<p>Aktivitetsrunde er en forenklet variant av innebandy, og tar sikte p\u00e5 \u00e5 gi unge og eldre spillere et tilbud, dersom de ikke har anledning til \u00e5 delta i ordin\u00e6rt seriespill. Det er ogs\u00e5 mulig for etablerte lag som har endel nybegynnere \u00e5 melde seg p\u00e5, men da selvf\u00f8lgelig uten de med mye erfaring.<\/p>\n\n\n\n<p>En aktivitetsrunde arrangeres i en hall for alle lagene, p\u00e5 samme dag. Alle lag f\u00e5r spille 2-3 kamper. Spilletid og antall kamper avhenger av hvor mange lag som er p\u00e5meldt.&nbsp; Fokus er som i minirunder; <em>glede, lek, trygghet og mestring.<\/em><\/p>\n\n\n\n<figure class=\"wp-block-table\"><table><tbody><tr><td>Dato<\/td><\/tr><tr><td><\/td><\/tr><tr><td><\/td><\/tr><tr><td><\/td><\/tr><tr><td><\/td><\/tr><\/tbody><\/table><\/figure>\n","protected":false},"excerpt":{"rendered":"<p>Aktivitetsrunde er en forenklet variant av innebandy, og tar sikte p\u00e5 \u00e5 gi unge og eldre spillere et tilbud, dersom de ikke har anledning til \u00e5 delta i ordin\u00e6rt seriespill. Det er ogs\u00e5 mulig for etablerte lag som har endel nybegynnere \u00e5 melde seg p\u00e5, men da selvf\u00f8lgelig uten de med mye erfaring. En aktivitetsrunde [&hellip;]<\/p>\n","protected":false},"author":35,"featured_media":0,"parent":1007,"menu_order":0,"comment_status":"closed","ping_status":"closed","template":"","meta":{"cover_meta":"","footnotes":""},"class_list":["post-1008","page","type-page","status-publish","hentry"],"_links":{"self":[{"href":"https:\/\/bandyforbundet.no\/sorost-bandyregion\/index.php?rest_route=\/wp\/v2\/pages\/1008","targetHints":{"allow":["GET"]}}],"collection":[{"href":"https:\/\/bandyforbundet.no\/sorost-bandyregion\/index.php?rest_route=\/wp\/v2\/pages"}],"about":[{"href":"https:\/\/bandyforbundet.no\/sorost-bandyregion\/index.php?rest_route=\/wp\/v2\/types\/page"}],"author":[{"embeddable":true,"href":"https:\/\/bandyforbundet.no\/sorost-bandyregion\/index.php?rest_route=\/wp\/v2\/users\/35"}],"replies":[{"embeddable":true,"href":"https:\/\/bandyforbundet.no\/sorost-bandyregion\/index.php?rest_route=%2Fwp%2Fv2%2Fcomments&post=1008"}],"version-history":[{"count":3,"href":"https:\/\/bandyforbundet.no\/sorost-bandyregion\/index.php?rest_route=\/wp\/v2\/pages\/1008\/revisions"}],"predecessor-version":[{"id":2011,"href":"https:\/\/bandyforbundet.no\/sorost-bandyregion\/index.php?rest_route=\/wp\/v2\/pages\/1008\/revisions\/2011"}],"up":[{"embeddable":true,"href":"https:\/\/bandyforbundet.no\/sorost-bandyregion\/index.php?rest_route=\/wp\/v2\/pages\/1007"}],"wp:attachment":[{"href":"https:\/\/bandyforbundet.no\/sorost-bandyregion\/index.php?rest_route=%2Fwp%2Fv2%2Fmedia&parent=1008"}],"curies":[{"name":"wp","href":"https:\/\/api.w.org\/{rel}","templated":true}]}}