{"id":1018,"date":"2017-05-01T20:18:50","date_gmt":"2017-05-01T18:18:50","guid":{"rendered":"http:\/\/bandyforbundet.no\/sorost-bandyregion\/?page_id=1018"},"modified":"2021-09-07T06:35:15","modified_gmt":"2021-09-07T06:35:15","slug":"hva-er-minirunder","status":"publish","type":"page","link":"https:\/\/bandyforbundet.no\/sorost-bandyregion\/?page_id=1018","title":{"rendered":"Hva er minirunder"},"content":{"rendered":"<p>Minirunder i regi av S\u00f8r\u00f8st Bandyregion er et tilpasset konkurransetilbud organisert som turneringsspill for barn mellom 6 \u2013 10 \u00e5r( f.2011-2015) i innebandy. I Minirundene er det mange kamper p\u00e5 kort tid, det spilles p\u00e5 redusert banest\u00f8rrelse med f\u00e6rre spillere, uten resultat og med likespill-prinsippet.<\/p>\n<p>I Minirundene er det ingen krav til fast deltakelse eller aktivitet for \u00e5 bli med. Lagene kan melde seg p\u00e5 til hver enkelt turneringsrunde.<\/p>\n<p>M\u00e5let med minirundene er \u00e5 f\u00e5 flest mulig unge til \u00e5 spille innebandy. Minirundene er lett tilgjengelig, lite tidkrevende, godt organisert, med stor aktivitet og ikke minst \u2013 det er g\u00f8y.<\/p>\n\n\n<div class=\"msswb-file\"><a href=\"https:\/\/bandyforbundet.no\/wp-content\/uploads\/sites\/13\/2017\/05\/Minirunde-brosjyre-2.pdf\" class=\"file-button\" download><span class=\"dashicon dashicons dashicons-download\"><\/span><\/a><a class=\"file-link\" href=\"https:\/\/bandyforbundet.no\/wp-content\/uploads\/sites\/13\/2017\/05\/Minirunde-brosjyre-2.pdf\">Informasjonsbrosjyre minirunder<\/a><\/div>\n","protected":false},"excerpt":{"rendered":"<p>Minirunder i regi av S\u00f8r\u00f8st Bandyregion er et tilpasset konkurransetilbud organisert som turneringsspill for barn mellom 6 \u2013 10 \u00e5r( f.2011-2015) i innebandy. I Minirundene er det mange kamper p\u00e5 kort tid, det spilles p\u00e5 redusert banest\u00f8rrelse med f\u00e6rre spillere, uten resultat og med likespill-prinsippet. I Minirundene er det ingen krav til fast deltakelse eller [&hellip;]<\/p>\n","protected":false},"author":35,"featured_media":0,"parent":1016,"menu_order":0,"comment_status":"closed","ping_status":"closed","template":"","meta":{"cover_meta":"","footnotes":""},"class_list":["post-1018","page","type-page","status-publish","hentry"],"_links":{"self":[{"href":"https:\/\/bandyforbundet.no\/sorost-bandyregion\/index.php?rest_route=\/wp\/v2\/pages\/1018","targetHints":{"allow":["GET"]}}],"collection":[{"href":"https:\/\/bandyforbundet.no\/sorost-bandyregion\/index.php?rest_route=\/wp\/v2\/pages"}],"about":[{"href":"https:\/\/bandyforbundet.no\/sorost-bandyregion\/index.php?rest_route=\/wp\/v2\/types\/page"}],"author":[{"embeddable":true,"href":"https:\/\/bandyforbundet.no\/sorost-bandyregion\/index.php?rest_route=\/wp\/v2\/users\/35"}],"replies":[{"embeddable":true,"href":"https:\/\/bandyforbundet.no\/sorost-bandyregion\/index.php?rest_route=%2Fwp%2Fv2%2Fcomments&post=1018"}],"version-history":[{"count":5,"href":"https:\/\/bandyforbundet.no\/sorost-bandyregion\/index.php?rest_route=\/wp\/v2\/pages\/1018\/revisions"}],"predecessor-version":[{"id":1796,"href":"https:\/\/bandyforbundet.no\/sorost-bandyregion\/index.php?rest_route=\/wp\/v2\/pages\/1018\/revisions\/1796"}],"up":[{"embeddable":true,"href":"https:\/\/bandyforbundet.no\/sorost-bandyregion\/index.php?rest_route=\/wp\/v2\/pages\/1016"}],"wp:attachment":[{"href":"https:\/\/bandyforbundet.no\/sorost-bandyregion\/index.php?rest_route=%2Fwp%2Fv2%2Fmedia&parent=1018"}],"curies":[{"name":"wp","href":"https:\/\/api.w.org\/{rel}","templated":true}]}}