{"id":1019,"date":"2017-05-01T20:26:55","date_gmt":"2017-05-01T18:26:55","guid":{"rendered":"http:\/\/bandyforbundet.no\/sorost-bandyregion\/?page_id=1019"},"modified":"2022-10-05T13:15:55","modified_gmt":"2022-10-05T13:15:55","slug":"instrukser-og-bestemmelser","status":"publish","type":"page","link":"https:\/\/bandyforbundet.no\/sorost-bandyregion\/?page_id=1019","title":{"rendered":"Instrukser og bestemmelser"},"content":{"rendered":"<p><b>Instruks for arrangement av minirunder.<\/b><\/p>\n<p><b>Banen:<\/b><span style=\"font-weight: 400\"> Det spilles p\u00e5 ca 1\/3\u00a0 bane og det skal v\u00e6re to baner. Indre m\u00e5lg\u00e5rd skal merkes slik at spillerne l\u00e6rer om dette og at keeperne har et \u00abfriomr\u00e5de\u00bb. <\/span><\/p>\n<p><span style=\"font-weight: 400\">Benytt en teip som er lett \u00e5 ta av etter bruk!<\/span><\/p>\n<p><span style=\"font-weight: 400\">Det spilles med minirundem\u00e5l. Disse m\u00e5 hentes p\u00e5 Idrettens hus f\u00f8r fredag kl 14.00. ( ring f\u00f8rst )<\/span><\/p>\n<p><span style=\"font-weight: 400\">Merke banene med A og B.<\/span><\/p>\n<p><b>Matchklokke:<\/b><span style=\"font-weight: 400\"> Kampen spilles over 1 x 18 min. Dette kan avvike ved mange p\u00e5meldte lag. Arrang\u00f8r vil bli kontaktet og det legges ogs\u00e5 ut p\u00e5 hjemmesiden. Klokka skal kun vise tiden og ikke stillingen i kampene.<\/span><\/p>\n<p><span style=\"font-weight: 400\">Gi et signal hvert 2. minutt for bytte.<\/span><\/p>\n<p><b>Dommere: <\/b><span style=\"font-weight: 400\">Arrang\u00f8r stiller med egne dommere som skal v\u00e6re kvalifisert for \u00e5 lede kampene. De skal ha dommerdrakter ( kan l\u00e5nes av region).<\/span><\/p>\n<p><span style=\"font-weight: 400\">Dommerne m\u00e5 vise interesse for \u00e5 lede kampene slik at de sm\u00e5 f\u00e5r en f\u00f8lelse at de er der for dem. Bl\u00e5s ved h\u00f8ye k\u00f8ller, dytt og voldsomme slag. Ta seg tid til \u00e5 forklare spilleren( e ) hvorfor dommeren bl\u00e5ser.<\/span><\/p>\n<p><b>Premieutdeling: <\/b><span style=\"font-weight: 400\">Dele ut premier til lagene n\u00e5r puljen er ferdigspilt evnt gj\u00f8re avtaler med lag som blir tidlig ferdig. Premiene hentes p\u00e5 Idrettens hus f\u00f8r fredag kl 14.00 ( ring f\u00f8rst )<\/span><\/p>\n<p><b>Diverse:<\/b><span style=\"font-weight: 400\"> Inngangspenger er satt til kr 50,- <\/span><\/p>\n<p><span style=\"font-weight: 400\">Oppsett henges tilgjengelig for spillere\/trenere og publikum. Gjerne i A3 format.<\/span><\/p>\n<p><span style=\"font-weight: 400\">Det oppfordres til \u00e5 dele ut frukt til spillerne!<\/span><\/p>\n","protected":false},"excerpt":{"rendered":"<p>Instruks for arrangement av minirunder. Banen: Det spilles p\u00e5 ca 1\/3\u00a0 bane og det skal v\u00e6re to baner. Indre m\u00e5lg\u00e5rd skal merkes slik at spillerne l\u00e6rer om dette og at keeperne har et \u00abfriomr\u00e5de\u00bb. Benytt en teip som er lett \u00e5 ta av etter bruk! Det spilles med minirundem\u00e5l. Disse m\u00e5 hentes p\u00e5 Idrettens hus [&hellip;]<\/p>\n","protected":false},"author":35,"featured_media":0,"parent":1016,"menu_order":0,"comment_status":"closed","ping_status":"closed","template":"","meta":{"cover_meta":"","footnotes":""},"class_list":["post-1019","page","type-page","status-publish","hentry"],"_links":{"self":[{"href":"https:\/\/bandyforbundet.no\/sorost-bandyregion\/index.php?rest_route=\/wp\/v2\/pages\/1019","targetHints":{"allow":["GET"]}}],"collection":[{"href":"https:\/\/bandyforbundet.no\/sorost-bandyregion\/index.php?rest_route=\/wp\/v2\/pages"}],"about":[{"href":"https:\/\/bandyforbundet.no\/sorost-bandyregion\/index.php?rest_route=\/wp\/v2\/types\/page"}],"author":[{"embeddable":true,"href":"https:\/\/bandyforbundet.no\/sorost-bandyregion\/index.php?rest_route=\/wp\/v2\/users\/35"}],"replies":[{"embeddable":true,"href":"https:\/\/bandyforbundet.no\/sorost-bandyregion\/index.php?rest_route=%2Fwp%2Fv2%2Fcomments&post=1019"}],"version-history":[{"count":4,"href":"https:\/\/bandyforbundet.no\/sorost-bandyregion\/index.php?rest_route=\/wp\/v2\/pages\/1019\/revisions"}],"predecessor-version":[{"id":6405,"href":"https:\/\/bandyforbundet.no\/sorost-bandyregion\/index.php?rest_route=\/wp\/v2\/pages\/1019\/revisions\/6405"}],"up":[{"embeddable":true,"href":"https:\/\/bandyforbundet.no\/sorost-bandyregion\/index.php?rest_route=\/wp\/v2\/pages\/1016"}],"wp:attachment":[{"href":"https:\/\/bandyforbundet.no\/sorost-bandyregion\/index.php?rest_route=%2Fwp%2Fv2%2Fmedia&parent=1019"}],"curies":[{"name":"wp","href":"https:\/\/api.w.org\/{rel}","templated":true}]}}