{"id":1023,"date":"2017-05-01T20:21:11","date_gmt":"2017-05-01T18:21:11","guid":{"rendered":"http:\/\/bandyforbundet.no\/sorost-bandyregion\/?page_id=1023"},"modified":"2026-02-08T18:56:19","modified_gmt":"2026-02-08T18:56:19","slug":"terminliste","status":"publish","type":"page","link":"https:\/\/bandyforbundet.no\/sorost-bandyregion\/?page_id=1023","title":{"rendered":"Terminliste"},"content":{"rendered":"\n<figure class=\"wp-block-table is-style-stripes\"><table><thead><tr><th>Dato<\/th><th>Sted<\/th><\/tr><\/thead><tbody><tr><td>L\u00f8rdag 20.09.2025   <strong>Kick-Off<\/strong>, felles for alle lag i regionen<\/td><td>Sarpsborghallen<\/td><\/tr><tr><td>S\u00f8ndag 19.10.2025<\/td><td>R\u00e5dehallen<\/td><\/tr><tr><td>L\u00f8rdag 15.11.2025   <strong>(Felles for hele regionen, fra G\/J-7 til 15)<\/strong><\/td><td>Lystlunden Arena<\/td><\/tr><tr><td>S\u00f8ndag 07.12.2025 <\/td><td>Installat\u00f8ren Arena<\/td><\/tr><tr><td>L\u00f8rdag 17.01.2026<\/td><td>Hjortsberghallen<\/td><\/tr><tr><td>L\u00f8rdag 07.02.2026  <strong>(Felles for hele regionen, fra G\/J-7 til 15)<\/strong><\/td><td>Sarpsborghallen<\/td><\/tr><tr><td>L\u00f8rdag 07.03.2026  <\/td><td>\u00d8re\u00e5senhallen<\/td><\/tr><tr><td>S\u00f8ndag 12.04.2026<\/td><td>Borgehallen<\/td><\/tr><tr><td>L\u00f8rdag 30.05.2026 <\/td><td>Tindlundhallen<\/td><\/tr><tr><td><\/td><td><\/td><\/tr><tr><td><\/td><td><\/td><\/tr><tr><td><\/td><td><\/td><\/tr><\/tbody><\/table><figcaption class=\"wp-element-caption\">Leser du dette p\u00e5 mobil m\u00e5 du scrolle for \u00e5 se hele bildet, eller legge mobilen horisontalt.<\/figcaption><\/figure>\n","protected":false},"excerpt":{"rendered":"<p>Dato Sted L\u00f8rdag 20.09.2025 Kick-Off, felles for alle lag i regionen Sarpsborghallen S\u00f8ndag 19.10.2025 R\u00e5dehallen L\u00f8rdag 15.11.2025 (Felles for hele regionen, fra G\/J-7 til 15) Lystlunden Arena S\u00f8ndag 07.12.2025 Installat\u00f8ren Arena L\u00f8rdag 17.01.2026 Hjortsberghallen L\u00f8rdag 07.02.2026 (Felles for hele regionen, fra G\/J-7 til 15) Sarpsborghallen L\u00f8rdag 07.03.2026 \u00d8re\u00e5senhallen S\u00f8ndag 12.04.2026 Borgehallen L\u00f8rdag 30.05.2026 Tindlundhallen Leser [&hellip;]<\/p>\n","protected":false},"author":35,"featured_media":0,"parent":1016,"menu_order":0,"comment_status":"closed","ping_status":"closed","template":"","meta":{"cover_meta":"","footnotes":""},"class_list":["post-1023","page","type-page","status-publish","hentry"],"_links":{"self":[{"href":"https:\/\/bandyforbundet.no\/sorost-bandyregion\/index.php?rest_route=\/wp\/v2\/pages\/1023","targetHints":{"allow":["GET"]}}],"collection":[{"href":"https:\/\/bandyforbundet.no\/sorost-bandyregion\/index.php?rest_route=\/wp\/v2\/pages"}],"about":[{"href":"https:\/\/bandyforbundet.no\/sorost-bandyregion\/index.php?rest_route=\/wp\/v2\/types\/page"}],"author":[{"embeddable":true,"href":"https:\/\/bandyforbundet.no\/sorost-bandyregion\/index.php?rest_route=\/wp\/v2\/users\/35"}],"replies":[{"embeddable":true,"href":"https:\/\/bandyforbundet.no\/sorost-bandyregion\/index.php?rest_route=%2Fwp%2Fv2%2Fcomments&post=1023"}],"version-history":[{"count":30,"href":"https:\/\/bandyforbundet.no\/sorost-bandyregion\/index.php?rest_route=\/wp\/v2\/pages\/1023\/revisions"}],"predecessor-version":[{"id":23734,"href":"https:\/\/bandyforbundet.no\/sorost-bandyregion\/index.php?rest_route=\/wp\/v2\/pages\/1023\/revisions\/23734"}],"up":[{"embeddable":true,"href":"https:\/\/bandyforbundet.no\/sorost-bandyregion\/index.php?rest_route=\/wp\/v2\/pages\/1016"}],"wp:attachment":[{"href":"https:\/\/bandyforbundet.no\/sorost-bandyregion\/index.php?rest_route=%2Fwp%2Fv2%2Fmedia&parent=1023"}],"curies":[{"name":"wp","href":"https:\/\/api.w.org\/{rel}","templated":true}]}}