{"id":1029,"date":"2017-04-26T13:24:42","date_gmt":"2017-04-26T11:24:42","guid":{"rendered":"http:\/\/bandyforbundet.no\/sorost-bandyregion\/?page_id=1029"},"modified":"2025-08-16T14:09:53","modified_gmt":"2025-08-16T14:09:53","slug":"forsikring-lisens-2","status":"publish","type":"page","link":"https:\/\/bandyforbundet.no\/sorost-bandyregion\/?page_id=1029","title":{"rendered":"Forsikring &#8211; Lisens"},"content":{"rendered":"\n<div class=\"wp-block-buttons\"><\/div>\n\n\n\n<div class=\"wp-block-msswb-panel msswb-panel-container\"><div class=\"mwwsb-panel-header\"><div class=\"mwwsb-panel-title\">HVILKEN LISENS SKAL DU BETALE I S\u00d8BR?<\/div><div class=\"mwwsb-panel-icon\"><span class=\"dashicon dashicons dashicons-arrow-down-alt2\"><\/span><\/div><\/div><div class=\"msswb-panel-content\">\n<figure class=\"wp-block-table is-style-stripes\"><table><thead><tr><th>INNEBANDY<\/th><th>Grunnlisens<\/th><th>Utvidet lisens<\/th><\/tr><\/thead><tbody><tr><td>Spillerlisens for spillere i h\u00f8yeste nasjonale serie &#8211; &nbsp;<strong>Eliteserien, 1.div \u00d8stland<\/strong>.<\/td><td>2625<\/td><td>3300<\/td><\/tr><tr><td>Spillerlisens for spillere i \u00f8vrige seniorserier.<\/td><td>1365<\/td><td>1980<\/td><\/tr><tr><td>Spillerlisens for ungdom f\u00f8dt 2012-2005 (12 \u00e5r t.o.m.19 \u00e5r).<\/td><td>  735<\/td><td>1210<\/td><\/tr><tr><td>Spillerlisens for barn f\u00f8dt 2020-2013 (under 12 \u00e5r). (Forsikret gjennom <a rel=\"noreferrer noopener\" href=\"https:\/\/www.idrettsforbundet.no\/klubbguiden\/drifte-et-idrettslag\/okonomi\/forsikring\/\" target=\"_blank\">barneidrettsforsikringen<\/a>) <\/td><td>  55                    <\/td><td><\/td><\/tr><tr><td>Dommerlisens (alle serier).<\/td><td> <\/td><td>  870<\/td><\/tr><tr><td><\/td><td>  <br><\/td><td><\/td><\/tr><tr><td>Turneringslisens (gjelder for 4 konkurransedager).<\/td><td>265<\/td><td><\/td><\/tr><\/tbody><\/table><\/figure>\n<\/div><\/div>\n\n\n\n<p class=\"has-text-align-center\"><em>Leser du i boksen over p\u00e5 mobil s\u00e5 m\u00e5 du scrolle mot venstre for \u00e5 lese alt.<\/em><\/p>\n\n\n\n<div style=\"height:50px\" aria-hidden=\"true\" class=\"wp-block-spacer\"><\/div>\n\n\n<div class=\"msswb-display-internal-post-frontend-app-v2\" data-url-encoded-attrs=\"%7B%22displayInternalPost%22%3A%7B%22blog_id%22%3A2%2C%22ID%22%3A3864%7D%7D\" data-dip-id=\"\" ><\/div>\n\n<div class=\"msswb-display-internal-post-frontend-app-v2\" data-url-encoded-attrs=\"%7B%22displayInternalPost%22%3A%7B%22blog_id%22%3A2%2C%22ID%22%3A924%7D%7D\" data-dip-id=\"\" ><\/div>","protected":false},"excerpt":{"rendered":"<p>Leser du i boksen over p\u00e5 mobil s\u00e5 m\u00e5 du scrolle mot venstre for \u00e5 lese alt.<\/p>\n","protected":false},"author":35,"featured_media":0,"parent":1024,"menu_order":0,"comment_status":"closed","ping_status":"closed","template":"","meta":{"cover_meta":"","footnotes":""},"class_list":["post-1029","page","type-page","status-publish","hentry"],"_links":{"self":[{"href":"https:\/\/bandyforbundet.no\/sorost-bandyregion\/index.php?rest_route=\/wp\/v2\/pages\/1029","targetHints":{"allow":["GET"]}}],"collection":[{"href":"https:\/\/bandyforbundet.no\/sorost-bandyregion\/index.php?rest_route=\/wp\/v2\/pages"}],"about":[{"href":"https:\/\/bandyforbundet.no\/sorost-bandyregion\/index.php?rest_route=\/wp\/v2\/types\/page"}],"author":[{"embeddable":true,"href":"https:\/\/bandyforbundet.no\/sorost-bandyregion\/index.php?rest_route=\/wp\/v2\/users\/35"}],"replies":[{"embeddable":true,"href":"https:\/\/bandyforbundet.no\/sorost-bandyregion\/index.php?rest_route=%2Fwp%2Fv2%2Fcomments&post=1029"}],"version-history":[{"count":28,"href":"https:\/\/bandyforbundet.no\/sorost-bandyregion\/index.php?rest_route=\/wp\/v2\/pages\/1029\/revisions"}],"predecessor-version":[{"id":20871,"href":"https:\/\/bandyforbundet.no\/sorost-bandyregion\/index.php?rest_route=\/wp\/v2\/pages\/1029\/revisions\/20871"}],"up":[{"embeddable":true,"href":"https:\/\/bandyforbundet.no\/sorost-bandyregion\/index.php?rest_route=\/wp\/v2\/pages\/1024"}],"wp:attachment":[{"href":"https:\/\/bandyforbundet.no\/sorost-bandyregion\/index.php?rest_route=%2Fwp%2Fv2%2Fmedia&parent=1029"}],"curies":[{"name":"wp","href":"https:\/\/api.w.org\/{rel}","templated":true}]}}