{"id":1030,"date":"2017-04-26T13:19:32","date_gmt":"2017-04-26T11:19:32","guid":{"rendered":"http:\/\/bandyforbundet.no\/sorost-bandyregion\/?page_id=1030"},"modified":"2022-01-03T13:36:08","modified_gmt":"2022-01-03T13:36:08","slug":"hvordan-starte-en-klubb-2","status":"publish","type":"page","link":"https:\/\/bandyforbundet.no\/sorost-bandyregion\/?page_id=1030","title":{"rendered":"Hvordan starte en klubb"},"content":{"rendered":"\n<h2 class=\"wp-block-heading\">VIL DU LAGE EN NY KLUBB?<\/h2>\n\n\n\n<p class=\"has-drop-cap has-white-normal-color has-black-normal-background-color has-text-color has-background\">Det er i overkant av 30 innebandyklubber i S\u00f8r\u00f8st og vi \u00f8nsker flere. P\u00e5 denne siden \u00f8nsker vi \u00e5 gi en veiledning i hvordan man kan starte en ny klubb. Mange av kommunene i S\u00f8r\u00f8st mangler et innebandytilbud. Det betyr at det ikke finnes innebandyklubber eller fleridrettslag med innebandygrupper i kommunen. Videre kan det i en del kommuner v\u00e6re behov for flere enn bare en klubb, og s\u00e5ledes er det ikke noe hinder for \u00e5 lage en ny klubb selv om det allerede finnes en klubb i kommunen. V\u00e5r mening er jo at alle landets idrettslag b\u00f8r ha en innebandygruppe.<\/p>\n\n\n\n<div class=\"wp-block-msswb-panel msswb-panel-container\"><div class=\"mwwsb-panel-header\"><div class=\"mwwsb-panel-title\">To mulige m\u00e5ter \u00e5 lage en klubb p\u00e5<\/div><div class=\"mwwsb-panel-icon\"><span class=\"dashicon dashicons dashicons-arrow-down-alt2\"><\/span><\/div><\/div><div class=\"msswb-panel-content\">\n<p>Dersom man \u00f8nsker \u00e5 lage en ny innebandyklubb har man to muligheter. Enten m\u00e5 man bli en undergruppe i et eksisterende idrettslag eller s\u00e5 m\u00e5 man lage et helt nytt idrettslag. Det finnes positive sider og utfordringer ved begge. Vi skal fors\u00f8ke \u00e5 gi en oversikt over hva som m\u00e5 gj\u00f8res.<\/p>\n<\/div><\/div>\n\n\n\n<div class=\"wp-block-columns\">\n<div class=\"wp-block-column\">\n<div class=\"wp-block-columns\">\n<div class=\"wp-block-column\">\n<h5 class=\"wp-block-heading\">Nytt idrettslag<\/h5>\n\n\n\n<p class=\"has-background\" style=\"background-color:#c6e4f2\">Skal man stifte et helt nytt idrettslag m\u00e5 man starte \u00abp\u00e5 bar bakke\u00bb med det meste. Det er en ganske enkelt og slavisk oppskrift, men den krever noe tid. Man m\u00e5 minst v\u00e6re 10-15 personer som man er sikre p\u00e5 er med som medlemmer i idrettslaget fra f\u00f8rste dag.<\/p>\n<\/div>\n\n\n\n<div class=\"wp-block-column\">\n<h5 class=\"wp-block-heading\">Undergruppe i eksisterende idrettslag<\/h5>\n\n\n\n<p class=\"has-background\" style=\"background-color:#cdf5c3\">I en del tilfeller vil man oppleve at det er ressursbesparende \u00e5 g\u00e5 inn i et eksisterende idrettslag og starte opp innebandyaktivitet som en del av idrettslaget. Det krever mindre administrativt arbeid og man slipper \u00e5 tenke p\u00e5 en del strategiske ting. Ofte har slike idrettslag en plan for rekruttering og et eget nedslagsfelt.<\/p>\n<\/div>\n<\/div>\n\n\n\n<div class=\"wp-block-columns\">\n<div class=\"wp-block-column\">\n<div class=\"wp-block-msswb-panel msswb-panel-container\"><div class=\"mwwsb-panel-header\"><div class=\"mwwsb-panel-title\">Oppskrift<\/div><div class=\"mwwsb-panel-icon\"><span class=\"dashicon dashicons dashicons-arrow-down-alt2\"><\/span><\/div><\/div><div class=\"msswb-panel-content\">\n<ol class=\"wp-block-list\"><li>V\u00e6r sikker p\u00e5 at man er nok personer som \u00f8nsker \u00e5 stifte et nytt idrettslag<\/li><li>Ta kontakt med bandyregionen (nina.andreassen@bandyforbundet.no)<\/li><li>V\u00e6r enige om hva idrettslaget skal gj\u00f8re og hva det skal hete<\/li><li>Inviter til et stiftelsesm\u00f8te. Forslag til sakslisten er\u00a0<a rel=\"noreferrer noopener\" href=\"https:\/\/www.idrettsforbundet.no\/SysSiteAssets\/rogaland-idrettskrets\/dokumenter\/lov--org\/stiftelse_av_nytt_idrettslag_forslag_til_saksliste.pdf\" target=\"_blank\">her<\/a>.<\/li><li>P\u00e5 stiftelsesm\u00f8te er det viktig at de fleste av mulige medlemmer stiller slik at man f\u00e5r besatt de vervene som skal besettes.<\/li><li>N\u00e5r dette er gjort sendes signert protokoll til bandyregionen som tar dette videre med Norges Bandyforbund og idrettskretsen.<\/li><li>Valgt leder vil da f\u00e5 beskjed etter kort tid om at idrettslaget er tatt opp som fullverdig medlem i norsk idrett. Da starter jobben med aktiviteten \u2013 og i mange tilfeller\u00a0<a rel=\"noreferrer noopener\" href=\"https:\/\/bandyforbundet.no\/midt-norge-bandyregion\/?page_id=2403\" target=\"_blank\">rekrutteringsarbeidet<\/a>.<\/li><\/ol>\n<\/div><\/div>\n<\/div>\n\n\n\n<div class=\"wp-block-column\">\n<div class=\"wp-block-msswb-panel msswb-panel-container\"><div class=\"mwwsb-panel-header\"><div class=\"mwwsb-panel-title\">Oppskrift<\/div><div class=\"mwwsb-panel-icon\"><span class=\"dashicon dashicons dashicons-arrow-down-alt2\"><\/span><\/div><\/div><div class=\"msswb-panel-content\">\n<ol class=\"wp-block-list\"><li>Kontakt idrettslagets styre\/administrasjon for \u00e5 formidle \u00f8nsket om \u00e5 starte opp innebandy i idrettslaget. Det kan v\u00e6re lurt \u00e5 ha involvert bandyregionen allerede p\u00e5 dette tidspunktet<\/li><li>Det er viktig \u00e5 understreke ovenfor idrettslaget at det finnes personer som er villig til \u00e5 bidra i driften av undergruppen (trenere\/styremedlemmer\/lagledere etc).<\/li><li>Synes idrettslaget dette er en god ide m\u00e5 idrettslaget innkalle til et ekstraordin\u00e6rt \u00e5rsm\u00f8te hvor opptak i Norges Bandyforbund (NBF) og oppstart av innebandyaktivitet settes p\u00e5 sakskartet. Dette kan ogs\u00e5 gj\u00f8res som en sak p\u00e5 det ordin\u00e6re \u00e5rsm\u00f8tet (avhengig av hvor lenge man \u00f8nsker \u00e5 vente med \u00e5 f\u00e5 stiftet klubben).<\/li><li>Dersom det blir et flertall p\u00e5 \u00e5rsm\u00f8te om \u00e5 starte opp med innebandy og melde seg inn i NBF sendes signert protokoll til bandyregionen. Vi ordner det formelle med Norges Bandyforbund og tilh\u00f8rende idrettskrets.<\/li><li>S\u00e5 kan&nbsp;<a rel=\"noreferrer noopener\" href=\"https:\/\/bandyforbundet.no\/midt-norge-bandyregion\/?page_id=2403\" target=\"_blank\">rekrutteringsarbeidet<\/a>&nbsp;starte.<\/li><\/ol>\n<\/div><\/div>\n<\/div>\n<\/div>\n<\/div>\n<\/div>\n\n\n\n<div class=\"wp-block-msswb-spacer msswb-spacer-container show-line\" style=\"height:50px\"><div class=\"line\" style=\"border-bottom-width:3px;border-bottom-color:#444444;height:25px\"><\/div><div class=\"line-center-divider\"><\/div><\/div>\n\n\n\n<p class=\"has-white-normal-color has-black-normal-background-color has-text-color has-background\">Det er vanskelig \u00e5 si om det ene valget er noe bedre enn det andre, men det finnes en del \u00e5penbare fordeler og ulemper med begge m\u00e5ter \u00e5 gj\u00f8re det p\u00e5. Det gjelder \u00e5 finne den m\u00e5te \u00e5 organisere aktiviteten p\u00e5 som passer de lokale forholdene best. Vi kan fors\u00f8ke \u00e5 illustrere hvilke ulike sider vi ser ved disse to ulike m\u00e5tene \u00e5 innramme ny innebandyaktivitet p\u00e5.<\/p>\n\n\n\n<div class=\"wp-block-columns\">\n<div class=\"wp-block-column\">\n<h5 class=\"wp-block-heading\">Nytt idrettslag<\/h5>\n\n\n\n<p class=\"has-background\" style=\"background-color:#c6e4f2\"><strong>Fordeler:<\/strong><br>\u2013 man blir \u00abherre\u00bb i eget hus<br>\u2013 man kan velge navn p\u00e5 idrettslagets selv<br>\u2013 slipper \u00e5 forholde seg til andre idretter i idrettslaget<br>\u2013 man kan lage sine egne strategier og lover for idrettslaget            <strong>Ulemper:<\/strong><br>\u2013 mer jobb ved at man m\u00e5 besette alle formelle verv i klubben selv<br>\u2013 m\u00e5 starte p\u00e5 bar bakke b\u00e5de organisatorisk og \u00f8konomisk<br>\u2013 kan v\u00e6re en st\u00f8rre jobb \u00e5 f\u00e5 tilh\u00f8righet og tillit i lokalmilj\u00f8et<br>\u2013 rekrutteringsarbeidet kan v\u00e6re tyngre enn om man hadde v\u00e6rt et etablert idrettslag<\/p>\n\n\n\n<p><\/p>\n<\/div>\n\n\n\n<div class=\"wp-block-column\">\n<h5 class=\"wp-block-heading\">Undergruppe i eksisterende idrettslag<\/h5>\n\n\n\n<p class=\"has-background\" style=\"background-color:#cdf5c3\"><strong>Fordeler:<\/strong><br>\u2013 organisasjonen er der allerede<br>\u2013 det kan v\u00e6re enklere \u00e5 f\u00e5 med foresatte til \u00e5 engasjere seg fordi man allerede har en tilh\u00f8righet til idrettslaget<br>\u2013 idrettslagets ressurser (feks. anleggstilgang eller administrasjon) blir tilgjengelig for aktiviteten<br>\u2013 idrettslaget har tydelige geografisk historisk satt tilh\u00f8righet som gj\u00f8r det enklere \u00e5 rekruttere barn til klubben<br>\u2013 det er f\u00e6rre administrative verv \u00e5 besette <strong>Ulemper:<\/strong><br>\u2013 man m\u00e5 forholde seg til en etablert klubbkultur<br>\u2013 man m\u00e5 ta hensyn til andre idretter i idrettslaget, og det er ikke sikkert alle andre medlemmer liker nye idretter i idrettslaget<br>\u2013 det er andre som har kontroll over medlemskontingent, klubbfarger, navn etc.<\/p>\n<\/div>\n<\/div>\n\n\n\n<div class=\"wp-block-msswb-spacer msswb-spacer-container show-line\" style=\"height:50px\"><div class=\"line\" style=\"border-bottom-width:2px;border-bottom-color:#444444;height:25px\"><\/div><div class=\"line-center-divider\"><\/div><\/div>\n\n\n\n<p class=\"has-white-normal-color has-black-normal-background-color has-text-color has-background\">\u00c5 f\u00e5 etablert nye klubber er noe av det vi i Norges Bandyforbund er mest opptatt av, s\u00e5 her stiller vi det som er n\u00f8dvendig av ressurser til disposisjon for \u00e5 n\u00e5 m\u00e5let om ny klubb sammen med dere. Vi har lang erfaring i denne type arbeid, og vil gjerne kobles p\u00e5 s\u00e5 tidlig som mulig i prosessen.<\/p>\n\n\n\n<div class=\"wp-block-msswb-spacer msswb-spacer-container show-line\" style=\"height:50px\"><div class=\"line\" style=\"border-bottom-width:2px;border-bottom-color:#444444;height:25px\"><\/div><div class=\"line-center-divider\"><\/div><\/div>\n\n\n\n<p><\/p>\n","protected":false},"excerpt":{"rendered":"<p>VIL DU LAGE EN NY KLUBB? Det er i overkant av 30 innebandyklubber i S\u00f8r\u00f8st og vi \u00f8nsker flere. P\u00e5 denne siden \u00f8nsker vi \u00e5 gi en veiledning i hvordan man kan starte en ny klubb. Mange av kommunene i S\u00f8r\u00f8st mangler et innebandytilbud. Det betyr at det ikke finnes innebandyklubber eller fleridrettslag med innebandygrupper [&hellip;]<\/p>\n","protected":false},"author":35,"featured_media":0,"parent":1024,"menu_order":0,"comment_status":"closed","ping_status":"closed","template":"","meta":{"cover_meta":"","footnotes":""},"class_list":["post-1030","page","type-page","status-publish","hentry"],"_links":{"self":[{"href":"https:\/\/bandyforbundet.no\/sorost-bandyregion\/index.php?rest_route=\/wp\/v2\/pages\/1030","targetHints":{"allow":["GET"]}}],"collection":[{"href":"https:\/\/bandyforbundet.no\/sorost-bandyregion\/index.php?rest_route=\/wp\/v2\/pages"}],"about":[{"href":"https:\/\/bandyforbundet.no\/sorost-bandyregion\/index.php?rest_route=\/wp\/v2\/types\/page"}],"author":[{"embeddable":true,"href":"https:\/\/bandyforbundet.no\/sorost-bandyregion\/index.php?rest_route=\/wp\/v2\/users\/35"}],"replies":[{"embeddable":true,"href":"https:\/\/bandyforbundet.no\/sorost-bandyregion\/index.php?rest_route=%2Fwp%2Fv2%2Fcomments&post=1030"}],"version-history":[{"count":5,"href":"https:\/\/bandyforbundet.no\/sorost-bandyregion\/index.php?rest_route=\/wp\/v2\/pages\/1030\/revisions"}],"predecessor-version":[{"id":2620,"href":"https:\/\/bandyforbundet.no\/sorost-bandyregion\/index.php?rest_route=\/wp\/v2\/pages\/1030\/revisions\/2620"}],"up":[{"embeddable":true,"href":"https:\/\/bandyforbundet.no\/sorost-bandyregion\/index.php?rest_route=\/wp\/v2\/pages\/1024"}],"wp:attachment":[{"href":"https:\/\/bandyforbundet.no\/sorost-bandyregion\/index.php?rest_route=%2Fwp%2Fv2%2Fmedia&parent=1030"}],"curies":[{"name":"wp","href":"https:\/\/api.w.org\/{rel}","templated":true}]}}