{"id":1056,"date":"2017-10-14T21:19:19","date_gmt":"2017-10-14T21:19:19","guid":{"rendered":"http:\/\/bandyforbundet.no\/sorost-bandyregion\/?page_id=1056"},"modified":"2026-01-29T20:57:04","modified_gmt":"2026-01-29T20:57:04","slug":"dispensasjoner","status":"publish","type":"page","link":"https:\/\/bandyforbundet.no\/sorost-bandyregion\/?page_id=1056","title":{"rendered":"Dispensasjoner"},"content":{"rendered":"\n<h2 class=\"wp-block-heading\"><strong>Generelle retningslinjer for bruk av dispensasjoner:<\/strong><\/h2>\n\n\n\n<ul class=\"wp-block-list\">\n<li>Spilleren(e) hever ikke laget betraktelig, og vil ikke gj\u00f8re at laget blir vesentlig sterkere. Dette handler ogs\u00e5 om de andre lagene som kanskje har det t\u00f8ft i serien, og da vil f\u00e5 enda et meget godt lag \u00e5 spille imot.<\/li>\n\n\n\n<li>Ved flere dispensasjoner p\u00e5 ett lag, skal man s\u00f8rger for at alle disse ikke spiller p\u00e5 en og samme rekke, Dette er for \u00e5 forhindre at fysikken blir en stor fordel.<\/li>\n\n\n\n<li>Hvis laget i utgangspunktet har mange spillere i stallen, skal laget redegj\u00f8r ved s\u00f8knad for hvordan de sportslig skal kunne tilby alle p\u00e5 laget like kamp muligheter. Dette er for \u00e5 unng\u00e5 at de spillerne som f\u00e5r dispensasjon \u00abstjeler\u00bb plassen til de spillerne som egentlig er i den aldergruppa laget er p\u00e5meldt.<\/li>\n\n\n\n<li>Ved dispensasjon gitt i forhold til \u00e5 bruke flere spillere mellom lag, skal denne brukes fornuftig. Dispensasjonen skal ikke brukes for \u00e5 gj\u00f8re laget vesentlig sterkere.<\/li>\n\n\n\n<li>Ved mislighold av disse retningslinjene, kan styret inndra dispensasjonene.<\/li>\n<\/ul>\n\n\n\n<div class=\"wp-block-msswb-spacer msswb-spacer-container show-line\" style=\"height:46px\"><div class=\"line\" style=\"border-bottom-width:4px;border-bottom-color:#444444;height:23px\"><\/div><div class=\"line-center-divider\"><\/div><\/div>\n\n\n\n<div class=\"wp-block-msswb-spacer msswb-spacer-container show-line\" style=\"height:20px\"><div class=\"line\" style=\"height:10px\"><\/div><div class=\"line-center-divider\"><\/div><\/div>\n\n\n\n<h6 class=\"wp-block-heading\">G15:<\/h6>\n\n\n\n<figure class=\"wp-block-table is-style-stripes\"><table class=\"has-fixed-layout\"><thead><tr><th>Klubb<\/th><th>Spiller<\/th><th>F\u00f8dselsdag<\/th><\/tr><\/thead><tbody><tr><td>T\u00f8nsberg IBK<\/td><td>Henrik Fjeldvik<\/td><td>09.04.2009<\/td><\/tr><tr><td>Pors IBK<\/td><td>Victor Thorsen<\/td><td>24.07.2009<\/td><\/tr><tr><td>Pors IBK<\/td><td>Truls Thorsen<\/td><td>07.09.2009<\/td><\/tr><tr><td>Horten IBK<\/td><td>Nikolai Ynnesdal Andersen<\/td><td>25.08.2009<\/td><\/tr><tr><td>Horten IBK<\/td><td>Kasper Poosz Gr\u00f8nset<\/td><td>14.04.2009<\/td><\/tr><\/tbody><\/table><\/figure>\n\n\n\n<div class=\"wp-block-msswb-spacer msswb-spacer-container show-line\" style=\"height:20px\"><div class=\"line\" style=\"height:10px\"><\/div><div class=\"line-center-divider\"><\/div><\/div>\n\n\n\n<h6 class=\"wp-block-heading\">G13:<\/h6>\n\n\n\n<figure class=\"wp-block-table is-style-stripes\"><table class=\"has-fixed-layout\"><thead><tr><th>Klubb<\/th><th>Spiller<\/th><th>F\u00f8dselsdag<\/th><\/tr><\/thead><tbody><tr><td>Slevik IBK<\/td><td>Leah Marie Andersen<\/td><td>28.05.2011<\/td><\/tr><tr><td>Gre\u00e5ker IBK<\/td><td>Jacob H\u00f8glund<\/td><td>07.04.2011<\/td><\/tr><tr><td>Gre\u00e5ker IK<\/td><td>Henrik Matheo Torp<\/td><td>25.12.2011<\/td><\/tr><tr><td>Gre\u00e5ker IBK<\/td><td>Sigurd Smedby<\/td><td>04.10.2011<\/td><\/tr><tr><td> St.Croix IBK<\/td><td>Teo W\u00e6renskjold Hansen<\/td><td>04.06.2011<\/td><\/tr><tr><td>St.Croix IBK<\/td><td>Shaun Olsen<\/td><td>07.02.2011<\/td><\/tr><tr><td>Fredrikstad IBK<\/td><td>Kasper Slettli-Karlsen<\/td><td>12.10.2011<\/td><\/tr><tr><td>Fredrikstad IBK<\/td><td>Julian Z Pedersen<\/td><td>13.12.2011<\/td><\/tr><tr><td>Fredrikstad IBK<\/td><td>H\u00e5kon W Torset<\/td><td>26.07.2011<\/td><\/tr><tr><td>Fredrikstad IBK<\/td><td>Sindre W Torset<\/td><td>26.07.2011<\/td><\/tr><tr><td><\/td><td><\/td><td><\/td><\/tr><\/tbody><\/table><\/figure>\n\n\n\n<div class=\"wp-block-msswb-spacer msswb-spacer-container show-line\" style=\"height:20px\"><div class=\"line\" style=\"height:10px\"><\/div><div class=\"line-center-divider\"><\/div><\/div>\n\n\n\n<h6 class=\"wp-block-heading\">G11:<\/h6>\n\n\n\n<div class=\"wp-block-columns\">\n<div class=\"wp-block-column\" style=\"flex-basis:100%\">\n<figure class=\"wp-block-table is-style-stripes\"><table class=\"has-fixed-layout\"><thead><tr><th>Klubb<\/th><th><\/th><th>Spiller<\/th><th>F\u00f8dselsdato<\/th><\/tr><\/thead><tbody><tr><td>Sarpsborg IBK<\/td><td><\/td><td>Liam Hjorton<\/td><td>15.10.2013<\/td><\/tr><tr><td>R\u00e5de IL, innebandy<\/td><td><\/td><td>David Ole B\u00e5tvik<\/td><td>01.12.2013<\/td><\/tr><tr><td>R\u00e5de IL, innebandy<\/td><td><\/td><td>Eprahim Campell<\/td><td>14.02.2013<\/td><\/tr><tr><td>R\u00e5de IL, innebandy<\/td><td><\/td><td>Leo Amadeus Hagman<\/td><td>07.11.2013<\/td><\/tr><tr><td>R\u00e5de IL, innebandy<\/td><td><\/td><td>Matheo Rognmo Mikalsen<\/td><td>06.08.2013<\/td><\/tr><tr><td>R\u00e5de IL, innebandy<\/td><td><\/td><td>Matteus \u00d8rmen<\/td><td>28.12.2013<\/td><\/tr><tr><td>R\u00e5de IL, innebandy<\/td><td><\/td><td>Oscar Andreassen<\/td><td>12.06.2013<\/td><\/tr><tr><td>Fredrikstad IBK<\/td><td><\/td><td>Erlend Pedersen<\/td><td>15.03.2013<\/td><\/tr><tr><td>Fredrikstad IBK<\/td><td><\/td><td>Sander Gulliksen<\/td><td>23.05.2013<\/td><\/tr><tr><td><\/td><td><\/td><td><\/td><td><\/td><\/tr><tr><td><\/td><td><\/td><td><\/td><td><\/td><\/tr><tr><td><\/td><td><\/td><td><\/td><td><\/td><\/tr><\/tbody><\/table><\/figure>\n<\/div>\n<\/div>\n\n\n\n<h6 class=\"wp-block-heading\">G9:<\/h6>\n\n\n\n<figure class=\"wp-block-table is-style-stripes\"><table><tbody><tr><td>Sarpsborg IBK                                                                                                             Amar Abdi                                                28.11.2015<\/td><td><\/td><td><\/td><td><\/td><td><\/td><\/tr><tr><td>Sarpsborg IBK                                                                                                             Emil Blakkestad                                      06.12.2015<\/td><td><\/td><td><\/td><td><\/td><td><\/td><\/tr><tr><td>Sarpsborg IBK                                                                                                             Muhammad Raza                                   17.01.2015 <\/td><td><\/td><td><\/td><td><\/td><td><\/td><\/tr><tr><td>Sarpsborg IBK                                                                                                             Theodor Skogly                                       07.01.2015 <\/td><td><\/td><td><\/td><td><\/td><td><\/td><\/tr><\/tbody><\/table><\/figure>\n","protected":false},"excerpt":{"rendered":"<p>Generelle retningslinjer for bruk av dispensasjoner: G15: Klubb Spiller F\u00f8dselsdag T\u00f8nsberg IBK Henrik Fjeldvik 09.04.2009 Pors IBK Victor Thorsen 24.07.2009 Pors IBK Truls Thorsen 07.09.2009 Horten IBK Nikolai Ynnesdal Andersen 25.08.2009 Horten IBK Kasper Poosz Gr\u00f8nset 14.04.2009 G13: Klubb Spiller F\u00f8dselsdag Slevik IBK Leah Marie Andersen 28.05.2011 Gre\u00e5ker IBK Jacob H\u00f8glund 07.04.2011 Gre\u00e5ker IK Henrik [&hellip;]<\/p>\n","protected":false},"author":35,"featured_media":0,"parent":1024,"menu_order":0,"comment_status":"closed","ping_status":"closed","template":"","meta":{"cover_meta":"","footnotes":""},"class_list":["post-1056","page","type-page","status-publish","hentry"],"_links":{"self":[{"href":"https:\/\/bandyforbundet.no\/sorost-bandyregion\/index.php?rest_route=\/wp\/v2\/pages\/1056","targetHints":{"allow":["GET"]}}],"collection":[{"href":"https:\/\/bandyforbundet.no\/sorost-bandyregion\/index.php?rest_route=\/wp\/v2\/pages"}],"about":[{"href":"https:\/\/bandyforbundet.no\/sorost-bandyregion\/index.php?rest_route=\/wp\/v2\/types\/page"}],"author":[{"embeddable":true,"href":"https:\/\/bandyforbundet.no\/sorost-bandyregion\/index.php?rest_route=\/wp\/v2\/users\/35"}],"replies":[{"embeddable":true,"href":"https:\/\/bandyforbundet.no\/sorost-bandyregion\/index.php?rest_route=%2Fwp%2Fv2%2Fcomments&post=1056"}],"version-history":[{"count":66,"href":"https:\/\/bandyforbundet.no\/sorost-bandyregion\/index.php?rest_route=\/wp\/v2\/pages\/1056\/revisions"}],"predecessor-version":[{"id":23261,"href":"https:\/\/bandyforbundet.no\/sorost-bandyregion\/index.php?rest_route=\/wp\/v2\/pages\/1056\/revisions\/23261"}],"up":[{"embeddable":true,"href":"https:\/\/bandyforbundet.no\/sorost-bandyregion\/index.php?rest_route=\/wp\/v2\/pages\/1024"}],"wp:attachment":[{"href":"https:\/\/bandyforbundet.no\/sorost-bandyregion\/index.php?rest_route=%2Fwp%2Fv2%2Fmedia&parent=1056"}],"curies":[{"name":"wp","href":"https:\/\/api.w.org\/{rel}","templated":true}]}}