{"id":17093,"date":"2024-11-04T09:32:42","date_gmt":"2024-11-04T09:32:42","guid":{"rendered":"https:\/\/bandyforbundet.no\/sorost-bandyregion\/?page_id=17093"},"modified":"2025-04-24T14:09:49","modified_gmt":"2025-04-24T14:09:49","slug":"regions-cup-2024-25","status":"publish","type":"page","link":"https:\/\/bandyforbundet.no\/sorost-bandyregion\/?page_id=17093","title":{"rendered":"Regions cup 2024-25."},"content":{"rendered":"\n<div class=\"wp-block-msswb-spacer msswb-spacer-container show-line\" style=\"height:50px\"><div class=\"line\" style=\"height:25px\"><\/div><div class=\"line-center-divider\"><\/div><\/div>\n\n\n<div class=\"msswb-image-frontend-app\"data-href-target=\"false\" data-href=\"%22%22\" data-use-link=\"false\" data-screen-width=\"false\" data-alignment=\"%22left%22\" data-url=\"%22%5C%2Fwp-content%5C%2Fuploads%5C%2Fsites%5C%2F13%5C%2F2022%5C%2F10%5C%2FRegions-cup.png%22\" data-is-background-image=\"false\" data-border-radius=\"0\" data-image-width=\"381\" data-image-height=\"451\" data-selected-image=\"%7B%22image_id%22%3A6343%2C%22blog_id%22%3A13%2C%22term_id%22%3A-1%2C%22selected_size%22%3A%22full%22%7D\" data-image-aspect-ratio=\"1.18\" data-alt-text=\"%22%22\" data-caption=\"%22%22\" data-width=\"200\" data-height=\"236\" data-focal-point=\"\" data-show-light-box=\"false\" >\n<div class=\"msswb-image-block msswbleft\" style=\"width:200px\"><div class=\"msswb-image \"><div class=\"image-container\" style=\"width:200px;height:236px\"><img decoding=\"async\" style=\"width:200px;height:236px\" src=\"\/wp-content\/uploads\/sites\/13\/2022\/10\/Regions-cup.png\" \/><\/div><\/div><div class=\"msswb-image-caption-container\"><div class=\"msswb-image-caption\"><\/div><\/div><\/div>\n<\/div>\n\n\n<h2 class=\"wp-block-heading\">Regionscup:<\/h2>\n\n\n\n<p>Lag som er p\u00e5meldt til seriespill i S\u00d8BR er automatisk p\u00e5meldt Regionscupen.  F\u00f8rste trekning var 3 november 2024.<\/p>\n\n\n\n<div class=\"wp-block-msswb-spacer msswb-spacer-container\" style=\"height:50px\"><div class=\"line\" style=\"height:25px\"><\/div><div class=\"line-center-divider\"><\/div><\/div>\n\n\n\n<h2 class=\"wp-block-heading\">Regler for regionscup:<\/h2>\n\n\n\n<p>Klubber som har mer enn ett lag m\u00e5 levere inn lister p\u00e5 hvilke spillere som spiller p\u00e5 hvilket lag.  (<em>Lister m\u00e5 v\u00e6re levert innen 20 november kl 15:00<\/em>).<\/p>\n\n\n\n<div class=\"wp-block-msswb-spacer msswb-spacer-container\" style=\"height:50px\"><div class=\"line\" style=\"height:25px\"><\/div><div class=\"line-center-divider\"><\/div><\/div>\n\n\n\n<h2 class=\"wp-block-heading\">Det er kun mulig \u00e5 spille p\u00e5 <strong>ett lag i l\u00f8pet av cupen<\/strong>. <\/h2>\n\n\n\n<p>Blir et lag sl\u00e5tt ut, kan ikke spillere fra det laget spille p\u00e5 lag som fremdeles er med.<\/p>\n\n\n\n<p>Dersom det er divisjonsforskjell p\u00e5 klubbene som m\u00f8tes s\u00e5 er det <strong>EN straffe pr divisjon<\/strong> f\u00f8r kampen starter.<\/p>\n\n\n\n<p>Ved uavgjort spilles det 5 minutter forlengelse. Er det fortsatt ikke avgjort blir det TRE straffer pr. lag. Og deretter EN og EN straffe til vi st\u00e5r igjen med en vinner.<\/p>\n\n\n\n<p><strong>Det er hjemmelaget som er ansvarlig for \u00e5 avtale kamp tid.<\/strong><\/p>\n\n\n\n<div class=\"wp-block-msswb-spacer msswb-spacer-container show-line\" style=\"height:66px\"><div class=\"line\" style=\"border-bottom-width:6px;border-bottom-color:#454545;height:33px\"><\/div><div class=\"line-center-divider\"><\/div><\/div>\n\n\n\n<h2 class=\"wp-block-heading has-text-align-center\">Innledende runder H2 og H3:<\/h2>\n\n\n\n<p>Dersom du leser p\u00e5 mobil, m\u00e5 du snu den horisontalt eller scrolle mot h\u00f8yre for \u00e5 lese alt \ud83d\ude42<\/p>\n\n\n\n<div class=\"wp-block-msswb-spacer msswb-spacer-container show-line\" style=\"height:50px\"><div class=\"line\" style=\"border-bottom-width:5px;border-bottom-color:#0a3bfa;height:25px\"><\/div><div class=\"line-center-divider\"><\/div><\/div>\n\n\n\n<h2 class=\"wp-block-heading\">1Runde<\/h2>\n\n\n\n<figure class=\"wp-block-table is-style-stripes\"><table><tbody><tr><td><strong>Hjemme:<\/strong><\/td><td><strong>Borte:<\/strong><\/td><td><strong>Arena:<\/strong> <\/td><td><\/td><td><strong>Resultat:<\/strong><\/td><td><strong>Info:<\/strong><\/td><\/tr><tr><td>Vansj\u00f8\/Svinndal<\/td><td>\u00d8re\u00e5sen<\/td><td><\/td><td><\/td><td>0 &#8211; 5 (WO)<\/td><td><strong>Kamp 1<\/strong><\/td><\/tr><\/tbody><\/table><\/figure>\n\n\n\n<div class=\"wp-block-msswb-spacer msswb-spacer-container\" style=\"height:50px\"><div class=\"line\" style=\"height:25px\"><\/div><div class=\"line-center-divider\"><\/div><\/div>\n\n\n\n<p><em>Dersom du leser p\u00e5 mobil, m\u00e5 du snu den horisontalt eller scrolle mot h\u00f8yre for \u00e5 lese alt \ud83d\ude42<\/em><\/p>\n\n\n\n<h2 class=\"wp-block-heading\">2 Runde<\/h2>\n\n\n\n<p>Runden m\u00e5 v\u00e6re spilt ferdig f\u00f8r 15 januar 2025<\/p>\n\n\n\n<figure class=\"wp-block-table is-style-stripes\"><table><thead><tr><th class=\"has-text-align-left\" data-align=\"left\">Hjemme:<\/th><th class=\"has-text-align-left\" data-align=\"left\">Borte:<\/th><th>Arena:<\/th><th>Resultat:<\/th><th>Info:<\/th><\/tr><\/thead><tbody><tr><td class=\"has-text-align-left\" data-align=\"left\">Halden<\/td><td class=\"has-text-align-left\" data-align=\"left\">Pors (PK IBK) <\/td><td>Hjortsberghallen<\/td><td>8 &#8211; 14<\/td><td><strong>Kamp 1<\/strong><\/td><\/tr><tr><td class=\"has-text-align-left\" data-align=\"left\">\u00d8rje<\/td><td class=\"has-text-align-left\" data-align=\"left\">Sarpsborg 3<\/td><td>Markerhallen<\/td><td>2 &#8211; 21<\/td><td><strong>Kamp <\/strong>2<\/td><\/tr><tr><td class=\"has-text-align-left\" data-align=\"left\">R\u00e5de<\/td><td class=\"has-text-align-left\" data-align=\"left\">St. Croix 3<\/td><td>R\u00e5dehallen<\/td><td>7 &#8211; 5<\/td><td><strong>Kamp <\/strong>3<\/td><\/tr><tr><td class=\"has-text-align-left\" data-align=\"left\">Fredrikstad 3<\/td><td class=\"has-text-align-left\" data-align=\"left\">\u00d8re\u00e5sen 1<\/td><td><\/td><td>5 &#8211; 0 ( WO )<\/td><td><strong>Kamp<\/strong> 4<\/td><\/tr><tr><td class=\"has-text-align-left\" data-align=\"left\">T\u00f8nsberg<\/td><td class=\"has-text-align-left\" data-align=\"left\">Slevik 2<\/td><td>Eikhallen<\/td><td>6 &#8211; 10<\/td><td><strong>Kamp<\/strong> 5<\/td><\/tr><tr><td class=\"has-text-align-left\" data-align=\"left\">Soon<\/td><td class=\"has-text-align-left\" data-align=\"left\">Horten<\/td><td>Grevlingen Vest<\/td><td>1 &#8211; 9<\/td><td><strong>Kamp<\/strong> 6<\/td><\/tr><tr><td class=\"has-text-align-left\" data-align=\"left\">\u00d8re\u00e5sen 2<\/td><td class=\"has-text-align-left\" data-align=\"left\">Gre\u00e5ker 2<\/td><td>\u00d8re\u00e5shallen<\/td><td>8 &#8211; 11<\/td><td><strong>Kamp <\/strong>7<\/td><\/tr><tr><td class=\"has-text-align-left\" data-align=\"left\">St. Croix 2<\/td><td class=\"has-text-align-left\" data-align=\"left\">Sarpsborg 2<\/td><td>Borgehallen<\/td><td>6 &#8211; 4<\/td><td><strong>Kamp <\/strong>8<\/td><\/tr><\/tbody><\/table><\/figure>\n\n\n\n<p><\/p>\n\n\n\n<p><\/p>\n\n\n\n<h2 class=\"wp-block-heading\">3 Runde<\/h2>\n\n\n\n<p>Kampene skal spilles innen 15. februar<\/p>\n\n\n\n<figure class=\"wp-block-table is-style-stripes\"><table><thead><tr><th class=\"has-text-align-left\" data-align=\"left\">Hjemme:<\/th><th class=\"has-text-align-left\" data-align=\"left\">Borte:<\/th><th>Arena:<\/th><th>Resultat:<\/th><th>Info:<\/th><\/tr><\/thead><tbody><tr><td class=\"has-text-align-left\" data-align=\"left\">Fredrikstad<\/td><td class=\"has-text-align-left\" data-align=\"left\">Gre\u00e5ker 2<\/td><td><\/td><td>5 &#8211; 13<\/td><td><strong>Kamp 1<\/strong><\/td><\/tr><tr><td class=\"has-text-align-left\" data-align=\"left\">R\u00e5de <\/td><td class=\"has-text-align-left\" data-align=\"left\">Slevik 2<\/td><td><\/td><td>5 &#8211; 0 (WO)<\/td><td><strong>Kamp 2<\/strong><\/td><\/tr><tr><td class=\"has-text-align-left\" data-align=\"left\">Sarpsborg 3<\/td><td class=\"has-text-align-left\" data-align=\"left\">St.Croix 2<\/td><td><\/td><td>6 &#8211; 13<\/td><td><strong>Kamp 3<\/strong><\/td><\/tr><tr><td class=\"has-text-align-left\" data-align=\"left\">Pors<\/td><td class=\"has-text-align-left\" data-align=\"left\">Horten<\/td><td><\/td><td>8 &#8211; 5<\/td><td><strong>Kamp 4<\/strong><\/td><\/tr><\/tbody><\/table><\/figure>\n\n\n\n<div class=\"wp-block-msswb-spacer msswb-spacer-container show-line\" style=\"height:99px\"><div class=\"line\" style=\"border-bottom-width:6px;border-bottom-color:#454545;height:49px\"><\/div><div class=\"line-center-divider\"><\/div><\/div>\n\n\n\n<h2 class=\"wp-block-heading has-text-align-center\">Sluttspill:<\/h2>\n\n\n\n<p><strong>De lag som vinner innledende runde er med i trekningen om kamper i sluttspillet. Der m\u00f8ter de lag fra Elite og 1 divisjon. Gre\u00e5ker, Sarpsborg, Slevik og St. Croix kommer med i trekningen.<\/strong> <\/p>\n\n\n\n<p><strong>Husk at Hjemmelaget st\u00e5r til ansvar for \u00e5 avtale med bortelaget om kamptidspunkt.<\/strong><\/p>\n\n\n\n<h2 class=\"wp-block-heading\">Det er kun mulig \u00e5 spille p\u00e5&nbsp;<strong>ett lag i l\u00f8pet av cupen<\/strong>.<\/h2>\n\n\n\n<p><em>Dersom du leser p\u00e5 mobil, m\u00e5 du snu den horisontalt eller scrolle mot h\u00f8yre for \u00e5 lese alt \ud83d\ude42<\/em><\/p>\n\n\n\n<h2 class=\"wp-block-heading\">Kvart-finale:<\/h2>\n\n\n\n<p><\/p>\n\n\n\n<figure class=\"wp-block-table is-style-stripes\"><table><thead><tr><th class=\"has-text-align-left\" data-align=\"left\">Hjemme:<\/th><th class=\"has-text-align-left\" data-align=\"left\">Borte:<\/th><th>Arena:<\/th><th>Resultat:<\/th><th>Info:<\/th><\/tr><\/thead><tbody><tr><td class=\"has-text-align-left\" data-align=\"left\">Gre\u00e5ker 2<\/td><td class=\"has-text-align-left\" data-align=\"left\">Slevik<\/td><td><\/td><td>5 &#8211; 0 (WO)<\/td><td><strong>Kvart-finale:<\/strong><\/td><\/tr><tr><td class=\"has-text-align-left\" data-align=\"left\">Pors<\/td><td class=\"has-text-align-left\" data-align=\"left\">Gre\u00e5ker<\/td><td>Konger\u00f8dhallen<\/td><td>5 &#8211; 33<\/td><td><strong>Kvart-finale:<\/strong><\/td><\/tr><tr><td class=\"has-text-align-left\" data-align=\"left\">R\u00e5de<\/td><td class=\"has-text-align-left\" data-align=\"left\">Sarpsborg<\/td><td>R\u00e5dehallen<\/td><td>3 &#8211; 26<\/td><td><strong>Kvart-finale:<\/strong><\/td><\/tr><tr><td class=\"has-text-align-left\" data-align=\"left\">St. Croix 2<\/td><td class=\"has-text-align-left\" data-align=\"left\">St. Croix<\/td><td><\/td><td>5 &#8211; 0 (WO)<\/td><td><strong>Kvart-finale:<\/strong><\/td><\/tr><\/tbody><\/table><\/figure>\n\n\n\n<p><\/p>\n\n\n\n<div class=\"wp-block-msswb-spacer msswb-spacer-container show-line\" style=\"height:45px\"><div class=\"line\" style=\"border-bottom-width:5px;border-bottom-color:#454545;height:22px\"><\/div><div class=\"line-center-divider\"><\/div><\/div>\n\n\n\n<div class=\"wp-block-msswb-spacer msswb-spacer-container\" style=\"height:43px\"><div class=\"line\" style=\"height:21px\"><\/div><div class=\"line-center-divider\"><\/div><\/div>\n\n\n\n<h2 class=\"wp-block-heading\">Semi-finale:<\/h2>\n\n\n\n<p><\/p>\n\n\n\n<figure class=\"wp-block-table is-style-stripes\"><table><thead><tr><th class=\"has-text-align-left\" data-align=\"left\">Hjemme:<\/th><th class=\"has-text-align-left\" data-align=\"left\">Borte:<\/th><th>Arena:<\/th><th>Resultat:<\/th><th>Info:<\/th><\/tr><\/thead><tbody><tr><td class=\"has-text-align-left\" data-align=\"left\">Sarpsborg<\/td><td class=\"has-text-align-left\" data-align=\"left\">Gre\u00e5ker<\/td><td>Skjeberghallen A<\/td><td>5 &#8211; 9<\/td><td><strong>Semi-finale:<\/strong><\/td><\/tr><tr><td class=\"has-text-align-left\" data-align=\"left\">St.Croix 2<\/td><td class=\"has-text-align-left\" data-align=\"left\">Gre\u00e5ker 2<\/td><td>Borgehallen<\/td><td>4 &#8211; 8<\/td><td><strong>Semi-finale:<\/strong><\/td><\/tr><\/tbody><\/table><\/figure>\n\n\n\n<div class=\"wp-block-msswb-spacer msswb-spacer-container\" style=\"height:90px\"><div class=\"line\" style=\"height:45px\"><\/div><div class=\"line-center-divider\"><\/div><\/div>\n\n\n\n<h2 class=\"wp-block-heading\">Finale Herrer:<\/h2>\n\n\n\n<figure class=\"wp-block-table is-style-stripes\"><table><tbody><tr><td><strong>Dato:<\/strong><\/td><td><strong>Hjemme:<\/strong><\/td><td><strong>Borte:<\/strong><\/td><td><strong>Arena:<\/strong> <\/td><td><\/td><td><strong>Resultat:<\/strong><\/td><td><strong>Info:<\/strong><\/td><\/tr><tr><td>27.04.2025.<\/td><td>Gre\u00e5ker 2<\/td><td>Gre\u00e5ker<\/td><td>Sarpsborghallen<\/td><td><\/td><td>0 &#8211; 0<\/td><td><strong>Finale<\/strong><\/td><\/tr><\/tbody><\/table><\/figure>\n\n\n\n<div class=\"wp-block-msswb-spacer msswb-spacer-container\" style=\"height:50px\"><div class=\"line\" style=\"height:25px\"><\/div><div class=\"line-center-divider\"><\/div><\/div>\n\n\n\n<div class=\"wp-block-msswb-spacer msswb-spacer-container show-line\" style=\"height:196px\"><div class=\"line\" style=\"border-bottom-width:6px;border-bottom-color:#f50505;height:98px\"><\/div><div class=\"line-center-divider\"><\/div><\/div>\n\n\n\n<h2 class=\"wp-block-heading\">Statistikk:<\/h2>\n\n\n\n<p>Her kan du le<a href=\"https:\/\/wp.nif.no\/FloorballPlayerStatistics\/Index?tournamentId=416242\" target=\"_blank\" rel=\"noreferrer noopener\">se statistikk fra Regionscup 2022.<\/a><\/p>\n","protected":false},"excerpt":{"rendered":"<p>Regionscup: Lag som er p\u00e5meldt til seriespill i S\u00d8BR er automatisk p\u00e5meldt Regionscupen. F\u00f8rste trekning var 3 november 2024. Regler for regionscup: Klubber som har mer enn ett lag m\u00e5 levere inn lister p\u00e5 hvilke spillere som spiller p\u00e5 hvilket lag. (Lister m\u00e5 v\u00e6re levert innen 20 november kl 15:00). Det er kun mulig \u00e5 [&hellip;]<\/p>\n","protected":false},"author":15,"featured_media":0,"parent":1001,"menu_order":0,"comment_status":"closed","ping_status":"closed","template":"","meta":{"cover_meta":"","footnotes":""},"class_list":["post-17093","page","type-page","status-publish","hentry"],"_links":{"self":[{"href":"https:\/\/bandyforbundet.no\/sorost-bandyregion\/index.php?rest_route=\/wp\/v2\/pages\/17093","targetHints":{"allow":["GET"]}}],"collection":[{"href":"https:\/\/bandyforbundet.no\/sorost-bandyregion\/index.php?rest_route=\/wp\/v2\/pages"}],"about":[{"href":"https:\/\/bandyforbundet.no\/sorost-bandyregion\/index.php?rest_route=\/wp\/v2\/types\/page"}],"author":[{"embeddable":true,"href":"https:\/\/bandyforbundet.no\/sorost-bandyregion\/index.php?rest_route=\/wp\/v2\/users\/15"}],"replies":[{"embeddable":true,"href":"https:\/\/bandyforbundet.no\/sorost-bandyregion\/index.php?rest_route=%2Fwp%2Fv2%2Fcomments&post=17093"}],"version-history":[{"count":41,"href":"https:\/\/bandyforbundet.no\/sorost-bandyregion\/index.php?rest_route=\/wp\/v2\/pages\/17093\/revisions"}],"predecessor-version":[{"id":19602,"href":"https:\/\/bandyforbundet.no\/sorost-bandyregion\/index.php?rest_route=\/wp\/v2\/pages\/17093\/revisions\/19602"}],"up":[{"embeddable":true,"href":"https:\/\/bandyforbundet.no\/sorost-bandyregion\/index.php?rest_route=\/wp\/v2\/pages\/1001"}],"wp:attachment":[{"href":"https:\/\/bandyforbundet.no\/sorost-bandyregion\/index.php?rest_route=%2Fwp%2Fv2%2Fmedia&parent=17093"}],"curies":[{"name":"wp","href":"https:\/\/api.w.org\/{rel}","templated":true}]}}