{"id":4878,"date":"2022-06-16T19:52:29","date_gmt":"2022-06-16T19:52:29","guid":{"rendered":"https:\/\/bandyforbundet.no\/sorost-bandyregion\/?page_id=4878"},"modified":"2024-09-12T13:48:14","modified_gmt":"2024-09-12T13:48:14","slug":"3-mot-3","status":"publish","type":"page","link":"https:\/\/bandyforbundet.no\/sorost-bandyregion\/?page_id=4878","title":{"rendered":"Venneturneringer"},"content":{"rendered":"\n<div class=\"wp-block-msswb-spacer msswb-spacer-container\" style=\"height:50px\"><div class=\"line\" style=\"height:25px\"><\/div><div class=\"line-center-divider\"><\/div><\/div>\n\n\n<div class=\"msswb-image-frontend-app\"data-href-target=\"false\" data-href=\"%22%22\" data-use-link=\"false\" data-screen-width=\"false\" data-alignment=\"%22center%22\" data-url=\"%22%5C%2Fwp-content%5C%2Fuploads%5C%2Fsites%5C%2F13%5C%2F2022%5C%2F09%5C%2FInnebandy-for-alle.png.png%22\" data-is-background-image=\"false\" data-border-radius=\"0\" data-image-width=\"787\" data-image-height=\"242\" data-selected-image=\"%7B%22image_id%22%3A6279%2C%22blog_id%22%3A13%2C%22term_id%22%3A-1%2C%22selected_size%22%3A%22full%22%7D\" data-image-aspect-ratio=\"0.31\" data-alt-text=\"%22%22\" data-caption=\"%22%22\" data-width=\"918\" data-height=\"284.58\" data-focal-point=\"\" data-show-light-box=\"false\" >\n<div class=\"msswb-image-block msswbcenter\" style=\"width:918px\"><div class=\"msswb-image \"><div class=\"image-container\" style=\"width:918px;height:284.58px\"><img decoding=\"async\" style=\"width:918px;height:284.58px\" src=\"\/wp-content\/uploads\/sites\/13\/2022\/09\/Innebandy-for-alle.png.png\" \/><\/div><\/div><div class=\"msswb-image-caption-container\"><div class=\"msswb-image-caption\"><\/div><\/div><\/div>\n<\/div>\n\n\n<div class=\"wp-block-msswb-spacer msswb-spacer-container\" style=\"height:50px\"><div class=\"line\" style=\"height:25px\"><\/div><div class=\"line-center-divider\"><\/div><\/div>\n\n\n\n<p>Dersom du leser p\u00e5 mobil, m\u00e5 du snu den horisontalt eller scrolle mot h\u00f8yre for \u00e5 lese alt ?<\/p>\n\n\n\n<figure class=\"wp-block-table is-style-stripes\"><table><thead><tr><th>Dato<\/th><th>Klokkeslett<\/th><th><\/th><th>Sted<\/th><th>Antall spillere<\/th><\/tr><\/thead><tbody><tr><td>09.11.2024<\/td><td>10.00 &#8211; 15.00<\/td><td><\/td><td>Sarpsborghallen<\/td><td>5 mot 5 med m\u00e5lvakt <\/td><\/tr><tr><td>07.12.2024<\/td><td>10.00 &#8211; 15.00<\/td><td><\/td><td>Sarpsborghallen<\/td><td>5 mot 5 med m\u00e5lvakt<\/td><\/tr><tr><td>00.00.2025<\/td><td>10.00 &#8211; 15.00<\/td><td><\/td><td>Sarpsborghallen<\/td><td>5 mot 5 med m\u00e5lvakt<\/td><\/tr><tr><td>00.00.2025<\/td><td>10.00 &#8211; 15.00<\/td><td><\/td><td>Sarpsborghallen<\/td><td>5 mot 5 med m\u00e5lvakt<\/td><\/tr><tr><td>00.00.2025<\/td><td>10.00 &#8211; 15.00<\/td><td><\/td><td>Sarpsborghallen<\/td><td>5 mot 5 med m\u00e5lvakt<\/td><\/tr><tr><td><\/td><td><\/td><td><\/td><td><\/td><td><\/td><\/tr><\/tbody><\/table><\/figure>\n\n\n\n<div class=\"wp-block-msswb-spacer msswb-spacer-container\" style=\"height:50px\"><div class=\"line\" style=\"height:25px\"><\/div><div class=\"line-center-divider\"><\/div><\/div>\n\n\n\n<div class=\"wp-block-msswb-panel msswb-panel-container\"><div class=\"mwwsb-panel-header\"><div class=\"mwwsb-panel-title\">3 mot 3<\/div><div class=\"mwwsb-panel-icon\"><span class=\"dashicon dashicons dashicons-arrow-down-alt2\"><\/span><\/div><\/div><div class=\"msswb-panel-content\">\n<p><a href=\"https:\/\/bandyforbundet.no\/sorost-bandyregion\/?page_id=4928\" target=\"_blank\" rel=\"noreferrer noopener\">3 mot 3 <\/a><\/p>\n<\/div><\/div>\n\n\n\n<div class=\"wp-block-msswb-panel msswb-panel-container\"><div class=\"mwwsb-panel-header\"><div class=\"mwwsb-panel-title\">5 pluss m\u00e5lvakt<\/div><div class=\"mwwsb-panel-icon\"><span class=\"dashicon dashicons dashicons-arrow-down-alt2\"><\/span><\/div><\/div><div class=\"msswb-panel-content\">\n<p><a href=\"https:\/\/bandyforbundet.no\/sorost-bandyregion\/?page_id=4941\" target=\"_blank\" rel=\"noreferrer noopener\">5 pluss m\u00e5lvakt.<\/a><\/p>\n<\/div><\/div>\n","protected":false},"excerpt":{"rendered":"<p>Dersom du leser p\u00e5 mobil, m\u00e5 du snu den horisontalt eller scrolle mot h\u00f8yre for \u00e5 lese alt ? Dato Klokkeslett Sted Antall spillere 09.11.2024 10.00 &#8211; 15.00 Sarpsborghallen 5 mot 5 med m\u00e5lvakt 07.12.2024 10.00 &#8211; 15.00 Sarpsborghallen 5 mot 5 med m\u00e5lvakt 00.00.2025 10.00 &#8211; 15.00 Sarpsborghallen 5 mot 5 med m\u00e5lvakt 00.00.2025 [&hellip;]<\/p>\n","protected":false},"author":35,"featured_media":0,"parent":0,"menu_order":0,"comment_status":"closed","ping_status":"closed","template":"","meta":{"cover_meta":"","footnotes":""},"class_list":["post-4878","page","type-page","status-publish","hentry"],"_links":{"self":[{"href":"https:\/\/bandyforbundet.no\/sorost-bandyregion\/index.php?rest_route=\/wp\/v2\/pages\/4878","targetHints":{"allow":["GET"]}}],"collection":[{"href":"https:\/\/bandyforbundet.no\/sorost-bandyregion\/index.php?rest_route=\/wp\/v2\/pages"}],"about":[{"href":"https:\/\/bandyforbundet.no\/sorost-bandyregion\/index.php?rest_route=\/wp\/v2\/types\/page"}],"author":[{"embeddable":true,"href":"https:\/\/bandyforbundet.no\/sorost-bandyregion\/index.php?rest_route=\/wp\/v2\/users\/35"}],"replies":[{"embeddable":true,"href":"https:\/\/bandyforbundet.no\/sorost-bandyregion\/index.php?rest_route=%2Fwp%2Fv2%2Fcomments&post=4878"}],"version-history":[{"count":24,"href":"https:\/\/bandyforbundet.no\/sorost-bandyregion\/index.php?rest_route=\/wp\/v2\/pages\/4878\/revisions"}],"predecessor-version":[{"id":16255,"href":"https:\/\/bandyforbundet.no\/sorost-bandyregion\/index.php?rest_route=\/wp\/v2\/pages\/4878\/revisions\/16255"}],"wp:attachment":[{"href":"https:\/\/bandyforbundet.no\/sorost-bandyregion\/index.php?rest_route=%2Fwp%2Fv2%2Fmedia&parent=4878"}],"curies":[{"name":"wp","href":"https:\/\/api.w.org\/{rel}","templated":true}]}}