{"id":4928,"date":"2022-07-01T06:29:40","date_gmt":"2022-07-01T06:29:40","guid":{"rendered":"https:\/\/bandyforbundet.no\/sorost-bandyregion\/?page_id=4928"},"modified":"2023-02-21T16:52:29","modified_gmt":"2023-02-21T16:52:29","slug":"3-mot-3-2","status":"publish","type":"page","link":"https:\/\/bandyforbundet.no\/sorost-bandyregion\/?page_id=4928","title":{"rendered":"3 mot 3"},"content":{"rendered":"\n<div class=\"wp-block-msswb-spacer msswb-spacer-container\" style=\"height:50px\"><div class=\"line\" style=\"height:25px\"><\/div><div class=\"line-center-divider\"><\/div><\/div>\n\n\n<div class=\"msswb-image-frontend-app\"data-href-target=\"false\" data-href=\"%22%22\" data-use-link=\"false\" data-screen-width=\"false\" data-alignment=\"%22center%22\" data-url=\"%22%5C%2Fwp-content%5C%2Fuploads%5C%2Fsites%5C%2F13%5C%2F2022%5C%2F09%5C%2FInnebandy-for-alle.png.png%22\" data-is-background-image=\"false\" data-border-radius=\"0\" data-image-width=\"787\" data-image-height=\"242\" data-selected-image=\"%7B%22image_id%22%3A6279%2C%22blog_id%22%3A13%2C%22term_id%22%3A-1%2C%22selected_size%22%3A%22full%22%7D\" data-image-aspect-ratio=\"0.31\" data-alt-text=\"%22%22\" data-caption=\"%22En%20hyggelig%20introduksjon%20til%20innebandy%20familien.%22\" data-width=\"959\" data-height=\"297.29\" data-focal-point=\"\" data-show-light-box=\"false\" >\n<div class=\"msswb-image-block msswbcenter\" style=\"width:959px\"><div class=\"msswb-image \"><div class=\"image-container\" style=\"width:959px;height:297.29px\"><img decoding=\"async\" style=\"width:959px;height:297.29px\" src=\"\/wp-content\/uploads\/sites\/13\/2022\/09\/Innebandy-for-alle.png.png\" \/><\/div><\/div><div class=\"msswb-image-caption-container\"><div class=\"msswb-image-caption\">En hyggelig introduksjon til innebandy familien.<\/div><\/div><\/div>\n<\/div>\n\n\n<div class=\"wp-block-msswb-spacer msswb-spacer-container show-line\" style=\"height:50px\"><div class=\"line\" style=\"height:25px\"><\/div><div class=\"line-center-divider\"><\/div><\/div>\n\n\n\n<div class=\"wp-block-msswb-spacer msswb-spacer-container\" style=\"height:50px\"><div class=\"line\" style=\"height:25px\"><\/div><div class=\"line-center-divider\"><\/div><\/div>\n\n\n\n<h2 class=\"wp-block-heading\">Regler 3 mot 3 uten m\u00e5lvakt:<\/h2>\n\n\n\n<h2 class=\"wp-block-heading\">Pris pr lag er kr 500.- innbetales til konto: 1090.23.13090<\/h2>\n\n\n\n<h2 class=\"wp-block-heading\">Vipps 794871 (<strong><em>Sarpsborghallen<\/em><\/strong>).<\/h2>\n\n\n\n<h2 class=\"wp-block-heading\"><br><em><em>P\u00e5melding til Nina p\u00e5 480 42 096 eller<\/em><br>nina.andreassen@nif.idrett.no<\/em><\/h2>\n\n\n\n<div class=\"wp-block-msswb-spacer msswb-spacer-container show-line\" style=\"height:136px\"><div class=\"line\" style=\"border-bottom-width:1px;border-bottom-color:#2507f4;height:68px\"><\/div><div class=\"line-center-divider\"><\/div><\/div>\n\n\n\n<p><\/p>\n\n\n\n<ul class=\"wp-block-list\"><li>Ingen av herrespillerne kan ha l\u00f8st lisens for de to \u00f8verste divisjoner innev\u00e6rende \u00e5r. (elite og 1. divisjon). P\u00e5 damelag kan man ikke ha l\u00f8st lisens for elite innev\u00e6rende \u00e5r.<\/li><li>Det er lov \u00e5 delta p\u00e5 <strong>f\u00f8rste<\/strong> turnering uten medlemskap i klubb og uten \u00e5 ha l\u00f8st spillelisens. <strong>Man spiller p\u00e5 eget ansvar, s\u00e5 skadeforsikring b\u00f8r tegnes<\/strong>. P\u00e5 spillerens andre turnering <strong>m\u00e5<\/strong> medlemskap og en form for <strong>lisens<\/strong> v\u00e6re tegnet. Se link: <a href=\"https:\/\/bandyforbundet.no\/sorost-bandyregion\/?page_id=1029\">https:\/\/bandyforbundet.no\/sorost-bandyregion\/?page_id=1029<\/a><ul><li>Mosjonslisens kr 230.- (uten skadeforsikring)  <\/li><li>Turneringslisens kr 450.- (med skadeforsikring).<\/li><li>Eller lisens for den serie man spiller i. Se link til info om lisens: <a href=\"https:\/\/bandyforbundet.no\/sorost-bandyregion\/?page_id=1029\">https:\/\/bandyforbundet.no\/sorost-bandyregion\/?page_id=1029<\/a><\/li><\/ul><\/li><li>Er man ikke tilknyttet en klubb, kan medlemsskap til Nedre Glomma IBK tegnes for <strong>kr 50.-<\/strong>. Kontakt Nina 4804 2096.<\/li><li>Det spilles p\u00e5 baner som er ca. 20X13 meter med sm\u00e5 m\u00e5l. M\u00e5lg\u00e5rd 150X50 cm.<\/li><li>Det spilles med l\u00f8pende tid fra 1X12 til 1X15 minutter ut ifra antall p\u00e5meldte lag.<\/li><li>I finalene er siste minutt effektiv tid. Ved uavgjort etter full tid blir det straffeslag. <ul><li>Best av 3, deretter f\u00f8rste straffeslag vinner. <\/li><li>Skudd fra midtbane p\u00e5 sm\u00e5 m\u00e5l.<\/li><\/ul><\/li><li>Alle spillere p\u00e5 ett lag skal ha samme farge p\u00e5 overdel.<\/li><li>Ved samme farge skal bortelag benytte overtrekk.<\/li><\/ul>\n\n\n\n<div class=\"wp-block-msswb-spacer msswb-spacer-container\" style=\"height:50px\"><div class=\"line\" style=\"height:25px\"><\/div><div class=\"line-center-divider\"><\/div><\/div>\n\n\n\n<p><strong>Utstyr<\/strong><\/p>\n\n\n\n<p>Spillerne p\u00e5 et lag skal se like ut, men det er ingen krav til design p\u00e5 tr\u00f8ye, nummer p\u00e5 draktene etc.<\/p>\n\n\n\n<p>Utespillere m\u00e5 inntil de fyller 19 \u00e5r, m\u00e5 bruke beskyttelsesbriller.&nbsp;<strong>Brillene<\/strong>&nbsp;m\u00e5 v\u00e6re CE godkjent og egnet for innebandybruk.<\/p>\n","protected":false},"excerpt":{"rendered":"<p>Regler 3 mot 3 uten m\u00e5lvakt: Pris pr lag er kr 500.- innbetales til konto: 1090.23.13090 Vipps 794871 (Sarpsborghallen). P\u00e5melding til Nina p\u00e5 480 42 096 ellernina.andreassen@nif.idrett.no Ingen av herrespillerne kan ha l\u00f8st lisens for de to \u00f8verste divisjoner innev\u00e6rende \u00e5r. (elite og 1. divisjon). P\u00e5 damelag kan man ikke ha l\u00f8st lisens for elite [&hellip;]<\/p>\n","protected":false},"author":15,"featured_media":0,"parent":1001,"menu_order":0,"comment_status":"closed","ping_status":"closed","template":"","meta":{"cover_meta":"","footnotes":""},"class_list":["post-4928","page","type-page","status-publish","hentry"],"_links":{"self":[{"href":"https:\/\/bandyforbundet.no\/sorost-bandyregion\/index.php?rest_route=\/wp\/v2\/pages\/4928","targetHints":{"allow":["GET"]}}],"collection":[{"href":"https:\/\/bandyforbundet.no\/sorost-bandyregion\/index.php?rest_route=\/wp\/v2\/pages"}],"about":[{"href":"https:\/\/bandyforbundet.no\/sorost-bandyregion\/index.php?rest_route=\/wp\/v2\/types\/page"}],"author":[{"embeddable":true,"href":"https:\/\/bandyforbundet.no\/sorost-bandyregion\/index.php?rest_route=\/wp\/v2\/users\/15"}],"replies":[{"embeddable":true,"href":"https:\/\/bandyforbundet.no\/sorost-bandyregion\/index.php?rest_route=%2Fwp%2Fv2%2Fcomments&post=4928"}],"version-history":[{"count":15,"href":"https:\/\/bandyforbundet.no\/sorost-bandyregion\/index.php?rest_route=\/wp\/v2\/pages\/4928\/revisions"}],"predecessor-version":[{"id":7733,"href":"https:\/\/bandyforbundet.no\/sorost-bandyregion\/index.php?rest_route=\/wp\/v2\/pages\/4928\/revisions\/7733"}],"up":[{"embeddable":true,"href":"https:\/\/bandyforbundet.no\/sorost-bandyregion\/index.php?rest_route=\/wp\/v2\/pages\/1001"}],"wp:attachment":[{"href":"https:\/\/bandyforbundet.no\/sorost-bandyregion\/index.php?rest_route=%2Fwp%2Fv2%2Fmedia&parent=4928"}],"curies":[{"name":"wp","href":"https:\/\/api.w.org\/{rel}","templated":true}]}}