{"id":10850,"date":"2024-09-19T15:23:07","date_gmt":"2024-09-19T15:23:07","guid":{"rendered":"https:\/\/bandyforbundet.no\/sorvest-bandyregion\/?page_id=10850"},"modified":"2026-01-19T13:04:05","modified_gmt":"2026-01-19T13:04:05","slug":"rookie-cup","status":"publish","type":"page","link":"https:\/\/bandyforbundet.no\/sorvest-bandyregion\/?page_id=10850","title":{"rendered":"Rookie Cup"},"content":{"rendered":"\n<h2 class=\"wp-block-heading\">Rookie Cup<\/h2>\n\n\n\n<p>Rookie Cup er for nye, ferske ungdomslag eller ungdommer som kun har innebandy som trimaktivitet til uformelle turneringer i Rogaland. Det blir spill p\u00e5 2\/3 bane, 4 vs 4 med keeper og fokus p\u00e5 \u00e5 ha det g\u00f8y! N\u00e5 er datoene for sesongen klare.<\/p>\n\n\n\n<p>Denne turneringen skal v\u00e6re et alternativ for ungdommer som starter \u00e5 spille innebandy i ungdoms\u00e5rene, lag som mangler spillere til \u00e5 delta i serie eller kanskje lag spiller mest for g\u00f8y og ikke ser verdien av \u00e5 m\u00f8te lag som har spilt lenge. Dette er rekrutteringsturnering for at vi skal bli flere som spiller innebandy, og flere lag i seriespill.<\/p>\n\n\n\n<p>Det blir spill p\u00e5 mindre bane med 4 + m\u00e5lvakt i aksjon. Kanskje det vil v\u00e6re grunnlag for en slags 2.div eller det fotballen har som 7\u00e8r fotball? Dette kan v\u00e6re et alternativ til dagens serie, og en enklere inngang til seriespill for flere lag p\u00e5 sikt.<\/p>\n\n\n\n<p><strong><em>Hvem kan v\u00e6re med i denne turneringen?<\/em><\/strong>&nbsp;Her \u00f8nsker vi f\u00f8rst og fremst ikke et ekstra tilbud til de som allerede deltar i seriespill og for spillere som gjerne hospiterer p\u00e5 flere lag. Skulle noen som allerede spiller seriespill delta, er det for dem som ikke er p\u00e5 topp fem p\u00e5 poengstatistikken til sitt lag. Det vil si at f.eks Brodd IBK 15 kan stille med et \u201cBrodd IBK 2\u201d lag, men som da best\u00e5r av ferske spillere eller de som ikke er topp fem p\u00e5 poengligaen. Skulle det v\u00e6re viktig \u00e5 ha med en av topp fem kan de f. eks st\u00e5 i m\u00e5l eller hjelpe \u00e5 coache.<\/p>\n\n\n\n<p><strong>Det m\u00e5 ikke v\u00e6re et lag organisert gjennom en innebandyklubb. Gjerne et&nbsp;idrettslag som ikke har opprettet&nbsp;<\/strong><strong>innebandyavdeling enn\u00e5, en gjeng som spiller uorganisert gymsal eller kanskje et klasse-\/skolelag som har deltatt p\u00e5 en skoleturnering som vi har arrangert.&nbsp;<\/strong><\/p>\n\n\n\n<p><strong>Informasjon om turneringen<\/strong><\/p>\n\n\n\n<p><strong>Tre klasser:<\/strong><\/p>\n\n\n\n<p>Gutter 15 (ungdomsskole)<\/p>\n\n\n\n<p>Gutter 18 (vgs)<\/p>\n\n\n\n<p>Jenter 18 (vgs og ungdomsskole)<\/p>\n\n\n\n<h6 class=\"wp-block-heading\"><strong>Datoer og sted for sesongen 2025\/2026:<\/strong><\/h6>\n\n\n\n<ul class=\"wp-block-list\">\n<li>Madlamark Idrettshall l\u00f8rdag 15. november 2025 fra kl. 13:30-17:00. Meld p\u00e5 <a href=\"https:\/\/www.tournifyapp.com\/live\/15nov25rookie\">her.<\/a><\/li>\n\n\n\n<li>Madlamark Idrettshall l\u00f8rdag 13. desember 2025 fra kl. 12:00. Meld p\u00e5 <a href=\"https:\/\/www.tournifyapp.com\/live\/13des25rookie\">her<\/a>.<\/li>\n\n\n\n<li>Bogafjellhallen l\u00f8rdag 17. januar 2026 fra kl. 12:00. Meld p\u00e5 <a href=\"https:\/\/www.tournifyapp.com\/live\/18jan25rookie\">her.<\/a><\/li>\n\n\n\n<li>B\u00f8 Skule Idrettshall p\u00e5 N\u00e6rb\u00f8 l\u00f8rdag 14. februar fra kl. 15:00. Meld p\u00e5 <a href=\"https:\/\/tournifyapp.com\/live\/8feb26rookie\">her<\/a>. <\/li>\n\n\n\n<li>Madlamark Idrettshall l\u00f8rdag 7. mars 2026 fra kl. 12:00. Meld p\u00e5 <a href=\"https:\/\/www.tournifyapp.com\/live\/7mars26rookie\">her<\/a>.<\/li>\n<\/ul>\n\n\n\n<ul class=\"wp-block-list\">\n<li><strong>Arrang\u00f8r:<\/strong>&nbsp;Vgs<\/li>\n\n\n\n<li><strong>Tid:<\/strong>&nbsp;ca. kl 12-16<\/li>\n\n\n\n<li><strong>Spilletid:<\/strong>&nbsp;1\u00d715 til 2 x 15 minutt per kamp (kan endres ut i fra antall p\u00e5meldte lag)<\/li>\n\n\n\n<li><strong>Antall spillere p\u00e5 banen:<\/strong>&nbsp;4 spillere + keeper<\/li>\n\n\n\n<li><strong>Banest\u00f8rrelse:<\/strong>&nbsp;2\/3 bane.<\/li>\n\n\n\n<li>Vi oppfordrer til lisens\/forsikring, og kan v\u00e6re behjelpelig med \u00e5 l\u00f8se lisens hvis det tas kontakt minimum en uke f\u00f8r turneringsstart.<\/li>\n\n\n\n<li>Pris per lag: 750 kr (betales via vipps\/kontant i hallen turneringsdag)<\/li>\n<\/ul>\n\n\n\n<p>Vi h\u00e5per det er interesse for dette!<\/p>\n\n\n\n<p>For sp\u00f8rsm\u00e5l, kontakt turneringsansvarlig J\u00f8rn Hansen, epost jorn.hansen@nif.idrett.no<\/p>\n\n\n\n<div class=\"wp-block-msswb-spacer msswb-spacer-container\" style=\"height:50px\"><div class=\"line\" style=\"height:25px\"><\/div><div class=\"line-center-divider\"><\/div><\/div>\n\n\n\n<p class=\"has-text-align-center\"><strong>Siste<\/strong> nytt<\/p>\n\n\n<div class=\"msswb-display-posts-frontend-app-v2\" data-url-encoded-attrs=\"%7B%22mode%22%3A%22grid%22%2C%22carouselHeight%22%3A500%2C%22carouselMax%22%3A10%2C%22startAnimation%22%3A%22start%22%2C%22design%22%3A%22msswbcard%22%2C%22hideExcerpt%22%3Afalse%2C%22filterDate%22%3A%22from1yearago%22%2C%22dateObj%22%3A%7B%7D%2C%22scrollDirection%22%3A%22vertical%22%2C%22displayPostsFromCategories%22%3A%5B%7B%22blog_id%22%3A12%2C%22included%22%3A%5B285%5D%2C%22excluded%22%3A%5B%5D%7D%5D%2C%22displayPostsFromSharedCategories%22%3A%5B%5D%2C%22maxCols%22%3A3%7D\" ><\/div>","protected":false},"excerpt":{"rendered":"<p>Rookie Cup Rookie Cup er for nye, ferske ungdomslag eller ungdommer som kun har innebandy som trimaktivitet til uformelle turneringer i Rogaland. Det blir spill p\u00e5 2\/3 bane, 4 vs 4 med keeper og fokus p\u00e5 \u00e5 ha det g\u00f8y! N\u00e5 er datoene for sesongen klare. Denne turneringen skal v\u00e6re et alternativ for ungdommer som [&hellip;]<\/p>\n","protected":false},"author":11,"featured_media":0,"parent":1439,"menu_order":0,"comment_status":"closed","ping_status":"closed","template":"templates\/template-cover.php","meta":{"cover_meta":"{\"showBackgroundImage\":true,\"bgImage\":{\"image_id\":10856,\"blog_id\":12,\"term_id\":-1,\"selected_size\":\"full\"},\"showOverlay\":true,\"overlayColor\":\"#007cba\",\"overlayOpacity\":0.2,\"showIntro\":true,\"introColor\":\"white\",\"intro\":\"Rogaland S\u00f8r\",\"title\":\"Rookie Cup\",\"titleColor\":\"white\",\"showOutro\":false,\"outroColor\":\"white\",\"outro\":\"\"}","footnotes":""},"class_list":["post-10850","page","type-page","status-publish","hentry"],"_links":{"self":[{"href":"https:\/\/bandyforbundet.no\/sorvest-bandyregion\/index.php?rest_route=\/wp\/v2\/pages\/10850","targetHints":{"allow":["GET"]}}],"collection":[{"href":"https:\/\/bandyforbundet.no\/sorvest-bandyregion\/index.php?rest_route=\/wp\/v2\/pages"}],"about":[{"href":"https:\/\/bandyforbundet.no\/sorvest-bandyregion\/index.php?rest_route=\/wp\/v2\/types\/page"}],"author":[{"embeddable":true,"href":"https:\/\/bandyforbundet.no\/sorvest-bandyregion\/index.php?rest_route=\/wp\/v2\/users\/11"}],"replies":[{"embeddable":true,"href":"https:\/\/bandyforbundet.no\/sorvest-bandyregion\/index.php?rest_route=%2Fwp%2Fv2%2Fcomments&post=10850"}],"version-history":[{"count":22,"href":"https:\/\/bandyforbundet.no\/sorvest-bandyregion\/index.php?rest_route=\/wp\/v2\/pages\/10850\/revisions"}],"predecessor-version":[{"id":12777,"href":"https:\/\/bandyforbundet.no\/sorvest-bandyregion\/index.php?rest_route=\/wp\/v2\/pages\/10850\/revisions\/12777"}],"up":[{"embeddable":true,"href":"https:\/\/bandyforbundet.no\/sorvest-bandyregion\/index.php?rest_route=\/wp\/v2\/pages\/1439"}],"wp:attachment":[{"href":"https:\/\/bandyforbundet.no\/sorvest-bandyregion\/index.php?rest_route=%2Fwp%2Fv2%2Fmedia&parent=10850"}],"curies":[{"name":"wp","href":"https:\/\/api.w.org\/{rel}","templated":true}]}}