{"id":11160,"date":"2024-11-27T14:29:42","date_gmt":"2024-11-27T14:29:42","guid":{"rendered":"https:\/\/bandyforbundet.no\/sorvest-bandyregion\/?page_id=11160"},"modified":"2025-09-08T11:07:37","modified_gmt":"2025-09-08T11:07:37","slug":"rookie-cup-rogaland-nord","status":"publish","type":"page","link":"https:\/\/bandyforbundet.no\/sorvest-bandyregion\/?page_id=11160","title":{"rendered":"Kamptilbud Rogaland Nord"},"content":{"rendered":"\n<p>I Rogaland Nord arrangeres all aktivitet som Venneliga (3 mot 3 uten m\u00e5lvakt).<br>Turneringene har 500 kroner i p\u00e5meldingsavgift. S\u00f8rvest Bandyregion fakturerer arrang\u00f8rklubb for 100 kr pr lag for administrasjon i forbindelse med hver turnering. <\/p>\n\n\n\n<p>P\u00e5meldingsfrist er alltid 1 uke f\u00f8r (s\u00f8ndag f\u00f8r turnering), men vi oppfordrer lag til \u00e5 melde seg p\u00e5 tidlig.<br><\/p>\n\n\n\n<div class=\"wp-block-msswb-spacer msswb-spacer-container\" style=\"height:19px\"><div class=\"line\" style=\"height:9px\"><\/div><div class=\"line-center-divider\"><\/div><\/div>\n\n\n<div class=\"msswb-display-internal-post-frontend-app-v2\" data-url-encoded-attrs=\"%7B%22displayInternalPost%22%3A%7B%22blog_id%22%3A12%2C%22ID%22%3A12181%7D%7D\" data-dip-id=\"hEqP7\" ><\/div>\n\n\n<div class=\"wp-block-msswb-spacer msswb-spacer-container\" style=\"height:29px\"><div class=\"line\" style=\"height:14px\"><\/div><div class=\"line-center-divider\"><\/div><\/div>\n\n\n\n<div class=\"wp-block-msswb-panel msswb-panel-container\"><div class=\"mwwsb-panel-header\"><div class=\"mwwsb-panel-title\">Les om Venneliga<\/div><div class=\"mwwsb-panel-icon\"><span class=\"dashicon dashicons dashicons-arrow-down-alt2\"><\/span><\/div><\/div><div class=\"msswb-panel-content\">\n<p><strong>Fair play<\/strong>&nbsp;<br>Viljen til \u00e5 akseptere oppf\u00f8rsel eller avgj\u00f8relser du ikke n\u00f8dvendigvis er enig i. Konkurrere med godt hum\u00f8r. Behandle motstander med respekt. Hjelpe skadet motstander uansett lag eller klubb. Takke motstander etter kampen. Ikke kjefte p\u00e5 andre deltakere eller dommerne.&nbsp;<\/p>\n\n\n\n<p><strong>Banen:<\/strong><br>Vi spiller p\u00e5 baner som er 20\u00d710 meter med sm\u00e5 m\u00e5l. M\u00e5lbur skal ha en st\u00f8rrelse p\u00e5 90\u00d760 cm. M\u00e5lg\u00e5rden har en bredde p\u00e5 150\u00d750 cm ut fra m\u00e5lburet. Hvis det allerede er oppmerket m\u00e5lg\u00e5rd i forbindelse med minirunde, kan denne brukes.&nbsp;<\/p>\n\n\n\n<p><strong>Innbyttersoner:<\/strong>&nbsp;<br>Innbyttene skjer p\u00e5 egen banehalvdel og p\u00e5 samme plass som den du bytter med g\u00e5r av.&nbsp;<\/p>\n\n\n\n<p><strong>Spill:<\/strong>&nbsp;<br>Det benyttes 3 spillere p\u00e5 banen om gangen. Det kan foretas ubegrenset antall innbytter og det kan byttes underveis i spillet uten av dommeren varsles. Spillere kan ikke delta p\u00e5 2 forskjellige lag i samme turnering.<\/p>\n\n\n\n<p><strong>Utvisninger:<\/strong>&nbsp;<br>Det benyttes to former for utvisning. 2 minutt og r\u00f8dt kort. Dersom en spiller blir tildelt r\u00f8dt kort m\u00e5 laget spille 5 minutter med en spiller mindre p\u00e5 banen. Ved r\u00f8dt kort tar dommeren avgj\u00f8relse etter kamp, om det kun gjelder ut kampen, eller resten av turneringen. Utvist spiller m\u00e5 forlate banen i l\u00f8pet av 5 sekunder. Pga av l\u00f8pende tid er denne regelen til for \u00e5 hindre sabotasje mot spillet. Dersom ikke utvist spiller g\u00e5r av banen innen den oppsatte tiden, vil laget straffes med ytterligere en utvisning. (Dommeren velger da en av de andre spillerne p\u00e5 spilleflaten)Dersom ikke begge\/den ene spilleren forlater banen innen oppsatt tid \u2013 taper laget kampen. Det er viktig \u00e5 presisere at denne regelen benyttes for at et lag ikke skal kunne sabotere spillet med \u00e5 dr\u00f8ye tiden til han g\u00e5r p\u00e5 benken.&nbsp;<strong>Relgene har til hensikt \u00e5 gi aktivitet uten skader. Vi har nulltoleranse for grisespill!<\/strong>&nbsp;<\/p>\n\n\n\n<p><strong>Duell:<\/strong>&nbsp;<br>Spillet starter med duell p\u00e5 midten.&nbsp;<\/p>\n\n\n\n<p><strong>Avslag:<\/strong>&nbsp;<\/p>\n\n\n\n<p>Ved m\u00e5l starter det laget som slapp inn m\u00e5l med ballen p\u00e5 midten av banen, ballen m\u00e5 spilles til medspiller, p\u00e5 egen banehalvdel.&nbsp;<\/p>\n\n\n\n<p><strong>F\u00f8lgende gir frislag<\/strong>&nbsp;<br>Hvis en spiller tar k\u00f8llen mellom motstanderens bein. N\u00e5r en spiller dytter en motspiller. <br>Hvis en spiller rygger inn i en motspiller. Hvis en spiller hopper og stopper ballen. <br>Dersom en angripende spiller tr\u00e5kker eller dytter inn motspiller i m\u00e5lg\u00e5rden. <br>Ved frislag skal motstanderen v\u00e6re 3 meter unna ballen med kroppen og k\u00f8llen.&nbsp;<\/p>\n\n\n\n<p><strong>F\u00f8lgende gir utvisning<\/strong>&nbsp;<br>N\u00e5r en spiller sl\u00e5r p\u00e5, l\u00f8fter, l\u00e5ser, sparker en motstanders k\u00f8lle eller sl\u00e5r p\u00e5 en motstanders kropp n\u00e5r spilleren har mulighet til \u00e5 n\u00e5 ballen.<br>Dersom en spiller gj\u00f8r seg skyldig i farlig spill med, f.eks for h\u00f8y bak eller fremsving som hindrer eller er farefull for motstanderen.<br>Kraftig dytt mot m\u00e5l eller vant. <br>N\u00e5r en spiller holder fast en motspiller eller motspilleres k\u00f8lle. <br>Hvis man hindrer en motspiller som ikke har ballen. <br>Hvis en p\u00e5 banen aktivt deltar i spillet uten k\u00f8lle. <br>N\u00e5r en spiller st\u00e5r n\u00e6rmere enn 3 meter fra ballen p\u00e5 frislag. <br>Gjentatte forseelser. <br>Dommeren kan d\u00f8mme utvisning p\u00e5 spiller som gjentatte ganger gj\u00f8r samme forseelse.&nbsp;<\/p>\n\n\n\n<p><strong>F\u00f8lgende gir straffe<\/strong>&nbsp;<br>Hvis motstander dekker eller hindrer skudd n\u00e5r han\/hun st\u00e5r i m\u00e5lg\u00e5rden. <br>Hvis en spiller med uregelmessigheter blir hindret i \u00e5 sette ballen i \u00e5pent m\u00e5l. <br>Straffen tas fra egen m\u00e5lg\u00e5rd (streken lengst bort fra m\u00e5let) p\u00e5 \u00e5pent m\u00e5l. <br>Ballen m\u00e5 skytes, ikke f\u00f8res.&nbsp;<\/p>\n\n\n\n<p><strong>Ved uavgjort i sluttspill:<\/strong>&nbsp;<br>Ett og ett straffe, opp til 5 straffer per lag. <br>Hvis ingen vinner er k\u00e5ret blir det trukket lodd.&nbsp;<\/p>\n\n\n\n<p><strong>Forsinket kampstart:<\/strong>&nbsp;<br>Lag som ikke er klar til kampstart kan bli bestraffet med 1 baklengsm\u00e5l pr minutt, dersom dommeren mener det er hensiktsmessig. Kommer laget mer enn 5 minutter for sent, blir kampen satt til 5-0 WO. Ogs\u00e5 kamper der lag ikke m\u00f8ter opp, settes resultat til 5-0 WO.&nbsp;<\/p>\n\n\n\n<p><strong>Sunn fornuft:<\/strong>&nbsp;<br>Dommerne m\u00e5 bruke litt skj\u00f8nn. Det er viktig \u00e5 sl\u00e5 ned p\u00e5 farlig spill, men man b\u00f8r samtidig fors\u00f8ke \u00e5 f\u00e5 litt flyt i spillet.&nbsp;<\/p>\n\n\n\n<p><strong>Drakter:<\/strong>&nbsp;<br>Drakter skal v\u00e6re samme farge. Har to lag samme farge, bruker bortelaget vester eller bortedrakt.&nbsp;<\/p>\n\n\n\n<p><strong>Kampreglement:<\/strong>&nbsp;<br>Alle spillere m\u00e5 bruke godkjente k\u00f8ller <br>Alle spillere anbefales \u00e5 bruke gode innend\u00f8rs sko. <br>Det er ikke lov \u00e5 spille med klokke eller armb\u00e5nd.<br>Det anbefales \u00e5 brukes beskyttelsesbriller.<\/p>\n<\/div><\/div>\n\n\n\n<div class=\"wp-block-msswb-spacer msswb-spacer-container\" style=\"height:50px\"><div class=\"line\" style=\"height:25px\"><\/div><div class=\"line-center-divider\"><\/div><\/div>\n\n\n\n<p class=\"has-text-align-center\"><strong>Siste<\/strong> nytt<\/p>\n\n\n<div class=\"msswb-display-posts-frontend-app-v2\" data-url-encoded-attrs=\"%7B%22mode%22%3A%22grid%22%2C%22carouselHeight%22%3A500%2C%22carouselMax%22%3A10%2C%22startAnimation%22%3A%22start%22%2C%22design%22%3A%22msswbcard%22%2C%22hideExcerpt%22%3Afalse%2C%22filterDate%22%3A%22from1yearago%22%2C%22dateObj%22%3A%7B%7D%2C%22scrollDirection%22%3A%22vertical%22%2C%22displayPostsFromCategories%22%3A%5B%7B%22blog_id%22%3A12%2C%22included%22%3A%5B286%5D%2C%22excluded%22%3A%5B%5D%7D%5D%2C%22displayPostsFromSharedCategories%22%3A%5B%5D%2C%22maxCols%22%3A3%7D\" ><\/div>","protected":false},"excerpt":{"rendered":"<p>I Rogaland Nord arrangeres all aktivitet som Venneliga (3 mot 3 uten m\u00e5lvakt).Turneringene har 500 kroner i p\u00e5meldingsavgift. S\u00f8rvest Bandyregion fakturerer arrang\u00f8rklubb for 100 kr pr lag for administrasjon i forbindelse med hver turnering. P\u00e5meldingsfrist er alltid 1 uke f\u00f8r (s\u00f8ndag f\u00f8r turnering), men vi oppfordrer lag til \u00e5 melde seg p\u00e5 tidlig. Siste nytt<\/p>\n","protected":false},"author":11,"featured_media":0,"parent":1439,"menu_order":0,"comment_status":"closed","ping_status":"closed","template":"templates\/template-cover.php","meta":{"cover_meta":"{\"showBackgroundImage\":true,\"bgImage\":{\"image_id\":11204,\"blog_id\":12,\"term_id\":259,\"selected_size\":\"full\"},\"showOverlay\":true,\"overlayColor\":\"#007cba\",\"overlayOpacity\":0.2,\"showIntro\":true,\"introColor\":\"white\",\"intro\":\"Rogaland Nord\",\"title\":\"Kamptilbud\",\"titleColor\":\"white\",\"showOutro\":false,\"outroColor\":\"white\",\"outro\":\"\"}","footnotes":""},"class_list":["post-11160","page","type-page","status-publish","hentry"],"_links":{"self":[{"href":"https:\/\/bandyforbundet.no\/sorvest-bandyregion\/index.php?rest_route=\/wp\/v2\/pages\/11160","targetHints":{"allow":["GET"]}}],"collection":[{"href":"https:\/\/bandyforbundet.no\/sorvest-bandyregion\/index.php?rest_route=\/wp\/v2\/pages"}],"about":[{"href":"https:\/\/bandyforbundet.no\/sorvest-bandyregion\/index.php?rest_route=\/wp\/v2\/types\/page"}],"author":[{"embeddable":true,"href":"https:\/\/bandyforbundet.no\/sorvest-bandyregion\/index.php?rest_route=\/wp\/v2\/users\/11"}],"replies":[{"embeddable":true,"href":"https:\/\/bandyforbundet.no\/sorvest-bandyregion\/index.php?rest_route=%2Fwp%2Fv2%2Fcomments&post=11160"}],"version-history":[{"count":26,"href":"https:\/\/bandyforbundet.no\/sorvest-bandyregion\/index.php?rest_route=\/wp\/v2\/pages\/11160\/revisions"}],"predecessor-version":[{"id":12296,"href":"https:\/\/bandyforbundet.no\/sorvest-bandyregion\/index.php?rest_route=\/wp\/v2\/pages\/11160\/revisions\/12296"}],"up":[{"embeddable":true,"href":"https:\/\/bandyforbundet.no\/sorvest-bandyregion\/index.php?rest_route=\/wp\/v2\/pages\/1439"}],"wp:attachment":[{"href":"https:\/\/bandyforbundet.no\/sorvest-bandyregion\/index.php?rest_route=%2Fwp%2Fv2%2Fmedia&parent=11160"}],"curies":[{"name":"wp","href":"https:\/\/api.w.org\/{rel}","templated":true}]}}