{"id":1433,"date":"2018-09-12T15:59:39","date_gmt":"2018-09-12T13:59:39","guid":{"rendered":"http:\/\/bandyforbundet.no\/sorvest-bandyregion\/?page_id=1433"},"modified":"2025-08-20T09:56:04","modified_gmt":"2025-08-20T09:56:04","slug":"31332-2","status":"publish","type":"page","link":"https:\/\/bandyforbundet.no\/sorvest-bandyregion\/?page_id=1433","title":{"rendered":"Skoleturnering Rogaland S\u00f8r"},"content":{"rendered":"\n<h2 class=\"wp-block-heading\">Kommende skoleturneringer i innebandy<\/h2>\n\n\n\n<p class=\"has-red-darker-color has-text-color\" style=\"font-size:12px\"><strong>NB: Sjekk dato under. Ungdomsskole p\u00e5 torsdagen og vgs p\u00e5 fredagen.<\/strong><\/p>\n\n\n\n<p class=\"has-small-font-size\"><strong>Ungdomsskoleturnering torsdag 22. januar 2026 i Stavanger Idrettshall<br><\/strong>P\u00e5melding og mer informasjon p\u00e5 <a href=\"https:\/\/www.tournifyapp.com\/live\/ungdom22jan26\" target=\"_blank\" rel=\"noreferrer noopener\">denne lenken<\/a>.<\/p>\n\n\n\n<p class=\"has-small-font-size\"><strong>Vgs-turnering fredag 23. januar 2026 i Stavanger Idrettshall. <br><\/strong>P\u00e5melding og mer informasjon p\u00e5 <a rel=\"noreferrer noopener\" href=\"https:\/\/www.tournifyapp.com\/live\/vgs23jan26\" target=\"_blank\">denne lenken<\/a>.<\/p>\n\n\n\n<div class=\"wp-block-msswb-spacer msswb-spacer-container show-line\" style=\"height:2px\"><div class=\"line\" style=\"height:1px\"><\/div><div class=\"line-center-divider\"><\/div><\/div>\n\n\n\n<p class=\"has-small-font-size\">I tillegg arrangeres det en rekke mindre skoleturneringer rundt om i regionen.<\/p>\n\n\n\n<div class=\"wp-block-msswb-spacer msswb-spacer-container\" style=\"height:50px\"><div class=\"line\" style=\"height:25px\"><\/div><div class=\"line-center-divider\"><\/div><\/div>\n\n\n\n<div class=\"wp-block-msswb-panel msswb-panel-container\"><div class=\"mwwsb-panel-header\"><div class=\"mwwsb-panel-title\">Klasseinndeling og regler VGS<\/div><div class=\"mwwsb-panel-icon\"><span class=\"dashicon dashicons dashicons-arrow-down-alt2\"><\/span><\/div><\/div><div class=\"msswb-panel-content\"><div class=\"msswb-display-internal-post-frontend-app-v2\" data-url-encoded-attrs=\"%7B%22displayInternalPost%22%3A%7B%22blog_id%22%3A12%2C%22ID%22%3A2463%7D%7D\" data-dip-id=\"\" ><\/div><\/div><\/div>\n\n\n\n<div class=\"wp-block-msswb-panel msswb-panel-container\"><div class=\"mwwsb-panel-header\"><div class=\"mwwsb-panel-title\">Klasseinndeling og regler ungdomsskole<\/div><div class=\"mwwsb-panel-icon\"><span class=\"dashicon dashicons dashicons-arrow-down-alt2\"><\/span><\/div><\/div><div class=\"msswb-panel-content\"><div class=\"msswb-display-internal-post-frontend-app-v2\" data-url-encoded-attrs=\"%7B%22displayInternalPost%22%3A%7B%22blog_id%22%3A12%2C%22ID%22%3A2464%7D%7D\" data-dip-id=\"\" ><\/div><\/div><\/div>\n\n\n\n<div class=\"wp-block-msswb-panel msswb-panel-container\"><div class=\"mwwsb-panel-header\"><div class=\"mwwsb-panel-title\">Klasseinndeling og regler barneskoleturnering<\/div><div class=\"mwwsb-panel-icon\"><span class=\"dashicon dashicons dashicons-arrow-down-alt2\"><\/span><\/div><\/div><div class=\"msswb-panel-content\"><div class=\"msswb-display-internal-post-frontend-app-v2\" data-url-encoded-attrs=\"%7B%22displayInternalPost%22%3A%7B%22blog_id%22%3A12%2C%22ID%22%3A2106%7D%7D\" data-dip-id=\"\" ><\/div><\/div><\/div>\n\n\n\n<div class=\"wp-block-msswb-spacer msswb-spacer-container\" style=\"height:50px\"><div class=\"line\" style=\"height:25px\"><\/div><div class=\"line-center-divider\"><\/div><\/div>\n\n\n\n<p class=\"has-text-align-center has-large-font-size\"><strong>Siste<\/strong> nytt<\/p>\n\n\n<div class=\"msswb-display-posts-frontend-app-v2\" data-url-encoded-attrs=\"%7B%22mode%22%3A%22grid%22%2C%22scrollDirection%22%3A%22vertical%22%2C%22displayPostsFromCategories%22%3A%5B%7B%22blog_id%22%3A12%2C%22included%22%3A%5B21%5D%2C%22excluded%22%3A%5B%5D%2C%22filterDate%22%3A%22custom%22%2C%22dateObj%22%3A%7B%22fromDate%22%3A%2207%5C%2F01%5C%2F2019%22%2C%22toDate%22%3A%2207%5C%2F15%5C%2F2020%22%7D%7D%5D%2C%22displayPostsFromSharedCategories%22%3A%5B%5D%2C%22maxCols%22%3A3%7D\" ><\/div>","protected":false},"excerpt":{"rendered":"<p>Kommende skoleturneringer i innebandy NB: Sjekk dato under. Ungdomsskole p\u00e5 torsdagen og vgs p\u00e5 fredagen. Ungdomsskoleturnering torsdag 22. januar 2026 i Stavanger IdrettshallP\u00e5melding og mer informasjon p\u00e5 denne lenken. Vgs-turnering fredag 23. januar 2026 i Stavanger Idrettshall. P\u00e5melding og mer informasjon p\u00e5 denne lenken. I tillegg arrangeres det en rekke mindre skoleturneringer rundt om i [&hellip;]<\/p>\n","protected":false},"author":11,"featured_media":0,"parent":1430,"menu_order":0,"comment_status":"closed","ping_status":"closed","template":"templates\/template-cover.php","meta":{"cover_meta":"{\"showBackgroundImage\":true,\"bgImage\":{\"image_id\":1053,\"blog_id\":12,\"term_id\":247,\"selected_size\":\"full\"},\"showOverlay\":true,\"overlayColor\":\"#007cba\",\"overlayOpacity\":0.7,\"showIntro\":true,\"introColor\":\"white\",\"intro\":\"Rogaland S\u00f8r\",\"title\":\"Skoleturneringer\",\"titleColor\":\"white\",\"showOutro\":false,\"outroColor\":\"white\",\"outro\":\"\"}","footnotes":""},"class_list":["post-1433","page","type-page","status-publish","hentry"],"_links":{"self":[{"href":"https:\/\/bandyforbundet.no\/sorvest-bandyregion\/index.php?rest_route=\/wp\/v2\/pages\/1433","targetHints":{"allow":["GET"]}}],"collection":[{"href":"https:\/\/bandyforbundet.no\/sorvest-bandyregion\/index.php?rest_route=\/wp\/v2\/pages"}],"about":[{"href":"https:\/\/bandyforbundet.no\/sorvest-bandyregion\/index.php?rest_route=\/wp\/v2\/types\/page"}],"author":[{"embeddable":true,"href":"https:\/\/bandyforbundet.no\/sorvest-bandyregion\/index.php?rest_route=\/wp\/v2\/users\/11"}],"replies":[{"embeddable":true,"href":"https:\/\/bandyforbundet.no\/sorvest-bandyregion\/index.php?rest_route=%2Fwp%2Fv2%2Fcomments&post=1433"}],"version-history":[{"count":12,"href":"https:\/\/bandyforbundet.no\/sorvest-bandyregion\/index.php?rest_route=\/wp\/v2\/pages\/1433\/revisions"}],"predecessor-version":[{"id":12068,"href":"https:\/\/bandyforbundet.no\/sorvest-bandyregion\/index.php?rest_route=\/wp\/v2\/pages\/1433\/revisions\/12068"}],"up":[{"embeddable":true,"href":"https:\/\/bandyforbundet.no\/sorvest-bandyregion\/index.php?rest_route=\/wp\/v2\/pages\/1430"}],"wp:attachment":[{"href":"https:\/\/bandyforbundet.no\/sorvest-bandyregion\/index.php?rest_route=%2Fwp%2Fv2%2Fmedia&parent=1433"}],"curies":[{"name":"wp","href":"https:\/\/api.w.org\/{rel}","templated":true}]}}