{"id":1460,"date":"2017-09-18T16:35:03","date_gmt":"2017-09-18T14:35:03","guid":{"rendered":"http:\/\/bandyforbundet.no\/sorvest-bandyregion\/?page_id=1460"},"modified":"2021-06-26T16:36:09","modified_gmt":"2021-06-26T16:36:09","slug":"pamelding-3","status":"publish","type":"page","link":"https:\/\/bandyforbundet.no\/sorvest-bandyregion\/?page_id=1460","title":{"rendered":"P\u00e5melding"},"content":{"rendered":"<div class=\"wp-block-msswb-panel msswb-panel-container\"><div class=\"mwwsb-panel-header\"><div class=\"mwwsb-panel-title\">P\u00e5melding Rogaland S\u00f8r<\/div><div class=\"mwwsb-panel-icon\"><span class=\"dashicon dashicons dashicons-arrow-down-alt2\"><\/span><\/div><\/div><div class=\"msswb-panel-content\"><div class=\"wp-block-msswb-panel msswb-panel-container\"><div class=\"mwwsb-panel-header\"><div class=\"mwwsb-panel-title\">Minirunde 30. oktober 2021 Hanahallen og Skadberghallen (Fr\u00f8ylandshallen)<\/div><div class=\"mwwsb-panel-icon\"><span class=\"dashicon dashicons dashicons-arrow-down-alt2\"><\/span><\/div><\/div><div class=\"msswb-panel-content\"><div class=\"msswb-display-internal-post-frontend-app-v2\" data-url-encoded-attrs=\"%7B%22displayInternalPost%22%3A%7B%22blog_id%22%3A12%2C%22ID%22%3A1696%7D%7D\" data-dip-id=\"\" ><\/div><\/div><\/div><div class=\"wp-block-msswb-panel msswb-panel-container\"><div class=\"mwwsb-panel-header\"><div class=\"mwwsb-panel-title\">Minirunde 14. november 2021 Hetlandshallen (J\u00e5tt\u00e5hallen)<\/div><div class=\"mwwsb-panel-icon\"><span class=\"dashicon dashicons dashicons-arrow-down-alt2\"><\/span><\/div><\/div><div class=\"msswb-panel-content\"><div class=\"msswb-display-internal-post-frontend-app-v2\" data-url-encoded-attrs=\"%7B%22displayInternalPost%22%3A%7B%22blog_id%22%3A12%2C%22ID%22%3A1695%7D%7D\" data-dip-id=\"\" ><\/div><\/div><\/div><div class=\"wp-block-msswb-panel msswb-panel-container\"><div class=\"mwwsb-panel-header\"><div class=\"mwwsb-panel-title\">Minirunde 4. desember 2021 Kvernevikhallen og Lyehallen (Strandahallen)<\/div><div class=\"mwwsb-panel-icon\"><span class=\"dashicon dashicons dashicons-arrow-down-alt2\"><\/span><\/div><\/div><div class=\"msswb-panel-content\"><div class=\"msswb-display-internal-post-frontend-app-v2\" data-url-encoded-attrs=\"%7B%22displayInternalPost%22%3A%7B%22blog_id%22%3A12%2C%22ID%22%3A1694%7D%7D\" data-dip-id=\"\" ><\/div><\/div><\/div><div class=\"wp-block-msswb-panel msswb-panel-container\"><div class=\"mwwsb-panel-header\"><div class=\"mwwsb-panel-title\">Minirunde 9. januar 2022 Nye Loen og Bogafjellhallen (Hanahallen)<\/div><div class=\"mwwsb-panel-icon\"><span class=\"dashicon dashicons dashicons-arrow-down-alt2\"><\/span><\/div><\/div><div class=\"msswb-panel-content\"><div class=\"msswb-display-internal-post-frontend-app-v2\" data-url-encoded-attrs=\"%7B%22displayInternalPost%22%3A%7B%22blog_id%22%3A12%2C%22ID%22%3A1693%7D%7D\" data-dip-id=\"\" ><\/div><\/div><\/div><div class=\"wp-block-msswb-panel msswb-panel-container\"><div class=\"mwwsb-panel-header\"><div class=\"mwwsb-panel-title\">Minirunde 6. februar 2022 Lurahallen og Storhaughallen (Skadberghallen)<\/div><div class=\"mwwsb-panel-icon\"><span class=\"dashicon dashicons dashicons-arrow-down-alt2\"><\/span><\/div><\/div><div class=\"msswb-panel-content\"><div class=\"msswb-display-internal-post-frontend-app-v2\" data-url-encoded-attrs=\"%7B%22displayInternalPost%22%3A%7B%22blog_id%22%3A12%2C%22ID%22%3A1692%7D%7D\" data-dip-id=\"\" ><\/div><\/div><\/div><div class=\"wp-block-msswb-panel msswb-panel-container\"><div class=\"mwwsb-panel-header\"><div class=\"mwwsb-panel-title\">Minirunde 20. februar 2022 Gjesdalhallen og Hundv\u00e5ghallen<\/div><div class=\"mwwsb-panel-icon\"><span class=\"dashicon dashicons dashicons-arrow-down-alt2\"><\/span><\/div><\/div><div class=\"msswb-panel-content\"><div class=\"msswb-display-internal-post-frontend-app-v2\" data-url-encoded-attrs=\"%7B%22displayInternalPost%22%3A%7B%22blog_id%22%3A12%2C%22ID%22%3A1691%7D%7D\" data-dip-id=\"\" ><\/div><\/div><\/div><div class=\"wp-block-msswb-panel msswb-panel-container\"><div class=\"mwwsb-panel-header\"><div class=\"mwwsb-panel-title\">Minirunde 19. mars 2022 Riskahallen og Fr\u00f8yhallen (Kvernevikhallen)<\/div><div class=\"mwwsb-panel-icon\"><span class=\"dashicon dashicons dashicons-arrow-down-alt2\"><\/span><\/div><\/div><div class=\"msswb-panel-content\"><div class=\"msswb-display-internal-post-frontend-app-v2\" data-url-encoded-attrs=\"%7B%22displayInternalPost%22%3A%7B%22blog_id%22%3A12%2C%22ID%22%3A1690%7D%7D\" data-dip-id=\"\" ><\/div><\/div><\/div><div class=\"wp-block-msswb-panel msswb-panel-container\"><div class=\"mwwsb-panel-header\"><div class=\"mwwsb-panel-title\">Minirunde 24. april 2022 Stavanger Open<\/div><div class=\"mwwsb-panel-icon\"><span class=\"dashicon dashicons dashicons-arrow-down-alt2\"><\/span><\/div><\/div><div class=\"msswb-panel-content\"><div class=\"msswb-display-internal-post-frontend-app-v2\" data-url-encoded-attrs=\"%7B%22displayInternalPost%22%3A%7B%22blog_id%22%3A12%2C%22ID%22%3A1689%7D%7D\" data-dip-id=\"\" ><\/div><\/div><\/div><\/div><\/div><div class=\"wp-block-msswb-panel msswb-panel-container\"><div class=\"mwwsb-panel-header\"><div class=\"mwwsb-panel-title\">P\u00e5melding Rogaland Nord<\/div><div class=\"mwwsb-panel-icon\"><span class=\"dashicon dashicons dashicons-arrow-down-alt2\"><\/span><\/div><\/div><div class=\"msswb-panel-content\"><div class=\"wp-block-msswb-panel msswb-panel-container\"><div class=\"mwwsb-panel-header\"><div class=\"mwwsb-panel-title\">Haugaland Open 23. oktober 2021 Deep Ocean Arena<\/div><div class=\"mwwsb-panel-icon\"><span class=\"dashicon dashicons dashicons-arrow-down-alt2\"><\/span><\/div><\/div><div class=\"msswb-panel-content\"><div class=\"msswb-display-internal-post-frontend-app-v2\" data-url-encoded-attrs=\"%7B%22displayInternalPost%22%3A%7B%22blog_id%22%3A13%2C%22ID%22%3A1166%7D%7D\" data-dip-id=\"\" ><\/div><\/div><\/div><div class=\"wp-block-msswb-panel msswb-panel-container\"><div class=\"mwwsb-panel-header\"><div class=\"mwwsb-panel-title\">Minirunde 7. november 2021 Karm\u00f8yhallen<\/div><div class=\"mwwsb-panel-icon\"><span class=\"dashicon dashicons dashicons-arrow-down-alt2\"><\/span><\/div><\/div><div class=\"msswb-panel-content\"><div class=\"msswb-display-internal-post-frontend-app-v2\" data-url-encoded-attrs=\"%7B%22displayInternalPost%22%3A%7B%22blog_id%22%3A13%2C%22ID%22%3A1170%7D%7D\" data-dip-id=\"\" ><\/div><\/div><\/div><div class=\"wp-block-msswb-panel msswb-panel-container\"><div class=\"mwwsb-panel-header\"><div class=\"mwwsb-panel-title\">Minirunde 5. desember 2021 Skjoldhallen<\/div><div class=\"mwwsb-panel-icon\"><span class=\"dashicon dashicons dashicons-arrow-down-alt2\"><\/span><\/div><\/div><div class=\"msswb-panel-content\"><div class=\"msswb-display-internal-post-frontend-app-v2\" data-url-encoded-attrs=\"%7B%22displayInternalPost%22%3A%7B%22blog_id%22%3A13%2C%22ID%22%3A1169%7D%7D\" data-dip-id=\"\" ><\/div><\/div><\/div><div class=\"wp-block-msswb-panel msswb-panel-container\"><div class=\"mwwsb-panel-header\"><div class=\"mwwsb-panel-title\">Minirunde 22. januar 2022 Torvastad Arena (halltid ikke bekreftet)<\/div><div class=\"mwwsb-panel-icon\"><span class=\"dashicon dashicons dashicons-arrow-down-alt2\"><\/span><\/div><\/div><div class=\"msswb-panel-content\"><div class=\"msswb-display-internal-post-frontend-app-v2\" data-url-encoded-attrs=\"%7B%22displayInternalPost%22%3A%7B%22blog_id%22%3A13%2C%22ID%22%3A1168%7D%7D\" data-dip-id=\"\" ><\/div><\/div><\/div><div class=\"wp-block-msswb-panel msswb-panel-container\"><div class=\"mwwsb-panel-header\"><div class=\"mwwsb-panel-title\">Minirunde 12. februar 2022 Saudahallen<\/div><div class=\"mwwsb-panel-icon\"><span class=\"dashicon dashicons dashicons-arrow-down-alt2\"><\/span><\/div><\/div><div class=\"msswb-panel-content\"><div class=\"msswb-display-internal-post-frontend-app-v2\" data-url-encoded-attrs=\"%7B%22displayInternalPost%22%3A%7B%22blog_id%22%3A12%2C%22ID%22%3A1697%7D%7D\" data-dip-id=\"\" ><\/div><\/div><\/div><div class=\"wp-block-msswb-panel msswb-panel-container\"><div class=\"mwwsb-panel-header\"><div class=\"mwwsb-panel-title\">Minirunde 19. mars 2022 Karm\u00f8yhallen<\/div><div class=\"mwwsb-panel-icon\"><span class=\"dashicon dashicons dashicons-arrow-down-alt2\"><\/span><\/div><\/div><div class=\"msswb-panel-content\"><div class=\"msswb-display-internal-post-frontend-app-v2\" data-url-encoded-attrs=\"%7B%22displayInternalPost%22%3A%7B%22blog_id%22%3A13%2C%22ID%22%3A1167%7D%7D\" data-dip-id=\"\" ><\/div><\/div><\/div><\/div><\/div><div class=\"wp-block-msswb-panel msswb-panel-container\"><div class=\"mwwsb-panel-header\"><div class=\"mwwsb-panel-title\">P\u00e5melding Agder<\/div><div class=\"mwwsb-panel-icon\"><span class=\"dashicon dashicons dashicons-arrow-down-alt2\"><\/span><\/div><\/div><div class=\"msswb-panel-content\"><div class=\"wp-block-msswb-panel msswb-panel-container\"><div class=\"mwwsb-panel-header\"><div class=\"mwwsb-panel-title\">Minirunde 23. oktober 2021 Havlimyrahallen<\/div><div class=\"mwwsb-panel-icon\"><span class=\"dashicon dashicons dashicons-arrow-down-alt2\"><\/span><\/div><\/div><div class=\"msswb-panel-content\"><div class=\"msswb-display-internal-post-frontend-app-v2\" data-url-encoded-attrs=\"%7B%22displayInternalPost%22%3A%7B%22blog_id%22%3A12%2C%22ID%22%3A1688%7D%7D\" data-dip-id=\"\" ><\/div><\/div><\/div><div class=\"wp-block-msswb-panel msswb-panel-container\"><div class=\"mwwsb-panel-header\"><div class=\"mwwsb-panel-title\">Minirunde 13. november 2021 Vikhallen<\/div><div class=\"mwwsb-panel-icon\"><span class=\"dashicon dashicons dashicons-arrow-down-alt2\"><\/span><\/div><\/div><div class=\"msswb-panel-content\"><div class=\"msswb-display-internal-post-frontend-app-v2\" data-url-encoded-attrs=\"%7B%22displayInternalPost%22%3A%7B%22blog_id%22%3A12%2C%22ID%22%3A1687%7D%7D\" data-dip-id=\"\" ><\/div><\/div><\/div><div class=\"wp-block-msswb-panel msswb-panel-container\"><div class=\"mwwsb-panel-header\"><div class=\"mwwsb-panel-title\">Minirunde 5. desember 2021 Stintahallen<\/div><div class=\"mwwsb-panel-icon\"><span class=\"dashicon dashicons dashicons-arrow-down-alt2\"><\/span><\/div><\/div><div class=\"msswb-panel-content\"><div class=\"msswb-display-internal-post-frontend-app-v2\" data-url-encoded-attrs=\"%7B%22displayInternalPost%22%3A%7B%22blog_id%22%3A12%2C%22ID%22%3A1686%7D%7D\" data-dip-id=\"\" ><\/div><\/div><\/div><div class=\"wp-block-msswb-panel msswb-panel-container\"><div class=\"mwwsb-panel-header\"><div class=\"mwwsb-panel-title\">Minirunde 22. januar 2022 Birkenlundhallen<\/div><div class=\"mwwsb-panel-icon\"><span class=\"dashicon dashicons dashicons-arrow-down-alt2\"><\/span><\/div><\/div><div class=\"msswb-panel-content\"><div class=\"msswb-display-internal-post-frontend-app-v2\" data-url-encoded-attrs=\"%7B%22displayInternalPost%22%3A%7B%22blog_id%22%3A12%2C%22ID%22%3A1685%7D%7D\" data-dip-id=\"\" ><\/div><\/div><\/div><div class=\"wp-block-msswb-panel msswb-panel-container\"><div class=\"mwwsb-panel-header\"><div class=\"mwwsb-panel-title\">Minirunde 12. februar 2022 Havlimyrhallen<\/div><div class=\"mwwsb-panel-icon\"><span class=\"dashicon dashicons dashicons-arrow-down-alt2\"><\/span><\/div><\/div><div class=\"msswb-panel-content\"><div class=\"msswb-display-internal-post-frontend-app-v2\" data-url-encoded-attrs=\"%7B%22displayInternalPost%22%3A%7B%22blog_id%22%3A12%2C%22ID%22%3A1684%7D%7D\" data-dip-id=\"\" ><\/div><\/div><\/div><div class=\"wp-block-msswb-panel msswb-panel-container\"><div class=\"mwwsb-panel-header\"><div class=\"mwwsb-panel-title\">Minirunde 12. mars 2022 Vikhallen<\/div><div class=\"mwwsb-panel-icon\"><span class=\"dashicon dashicons dashicons-arrow-down-alt2\"><\/span><\/div><\/div><div class=\"msswb-panel-content\"><div class=\"msswb-display-internal-post-frontend-app-v2\" data-url-encoded-attrs=\"%7B%22displayInternalPost%22%3A%7B%22blog_id%22%3A12%2C%22ID%22%3A1683%7D%7D\" data-dip-id=\"\" ><\/div><\/div><\/div><div class=\"wp-block-msswb-panel msswb-panel-container\"><div class=\"mwwsb-panel-header\"><div class=\"mwwsb-panel-title\">Minirunde 2. april 2022 Fr\u00f8yslandshallen<\/div><div class=\"mwwsb-panel-icon\"><span class=\"dashicon dashicons dashicons-arrow-down-alt2\"><\/span><\/div><\/div><div class=\"msswb-panel-content\"><div class=\"msswb-display-internal-post-frontend-app-v2\" data-url-encoded-attrs=\"%7B%22displayInternalPost%22%3A%7B%22blog_id%22%3A12%2C%22ID%22%3A1682%7D%7D\" data-dip-id=\"\" ><\/div><\/div><\/div><\/div><\/div><div style=\"height:50px\" aria-hidden=\"true\" class=\"wp-block-spacer\"><\/div><ul>\n<li>Er det spesielle \u00f8nsker i p\u00e5meldingene, fylles p\u00e5meldingene ut i linken over, men i tillegg sendes e-post til sorvestbandy@gmail.com<\/li>\n<li>Vi gj\u00f8r oppmerksom p\u00e5 at det ikke alltid er mulig \u00e5 f\u00f8lge alle \u00f8nsker for \u00e5 f\u00e5 &#8220;oppsett-kabalen&#8221; til \u00e5 g\u00e5 opp.<\/li>\n<\/ul>\n","protected":false},"excerpt":{"rendered":"<p>Er det spesielle \u00f8nsker i p\u00e5meldingene, fylles p\u00e5meldingene ut i linken over, men i tillegg sendes e-post til sorvestbandy@gmail.com Vi gj\u00f8r oppmerksom p\u00e5 at det ikke alltid er mulig \u00e5 f\u00f8lge alle \u00f8nsker for \u00e5 f\u00e5 &#8220;oppsett-kabalen&#8221; til \u00e5 g\u00e5 opp.<\/p>\n","protected":false},"author":11,"featured_media":0,"parent":1454,"menu_order":0,"comment_status":"closed","ping_status":"closed","template":"","meta":{"cover_meta":"","footnotes":""},"class_list":["post-1460","page","type-page","status-publish","hentry"],"_links":{"self":[{"href":"https:\/\/bandyforbundet.no\/sorvest-bandyregion\/index.php?rest_route=\/wp\/v2\/pages\/1460","targetHints":{"allow":["GET"]}}],"collection":[{"href":"https:\/\/bandyforbundet.no\/sorvest-bandyregion\/index.php?rest_route=\/wp\/v2\/pages"}],"about":[{"href":"https:\/\/bandyforbundet.no\/sorvest-bandyregion\/index.php?rest_route=\/wp\/v2\/types\/page"}],"author":[{"embeddable":true,"href":"https:\/\/bandyforbundet.no\/sorvest-bandyregion\/index.php?rest_route=\/wp\/v2\/users\/11"}],"replies":[{"embeddable":true,"href":"https:\/\/bandyforbundet.no\/sorvest-bandyregion\/index.php?rest_route=%2Fwp%2Fv2%2Fcomments&post=1460"}],"version-history":[{"count":2,"href":"https:\/\/bandyforbundet.no\/sorvest-bandyregion\/index.php?rest_route=\/wp\/v2\/pages\/1460\/revisions"}],"predecessor-version":[{"id":2899,"href":"https:\/\/bandyforbundet.no\/sorvest-bandyregion\/index.php?rest_route=\/wp\/v2\/pages\/1460\/revisions\/2899"}],"up":[{"embeddable":true,"href":"https:\/\/bandyforbundet.no\/sorvest-bandyregion\/index.php?rest_route=\/wp\/v2\/pages\/1454"}],"wp:attachment":[{"href":"https:\/\/bandyforbundet.no\/sorvest-bandyregion\/index.php?rest_route=%2Fwp%2Fv2%2Fmedia&parent=1460"}],"curies":[{"name":"wp","href":"https:\/\/api.w.org\/{rel}","templated":true}]}}