{"id":1465,"date":"2018-06-12T15:23:18","date_gmt":"2018-06-12T15:23:18","guid":{"rendered":"http:\/\/bandyforbundet.no\/sorvest-bandyregion\/?page_id=1465"},"modified":"2025-10-03T11:31:28","modified_gmt":"2025-10-03T11:31:28","slug":"terminlisteoppsett-agder-2","status":"publish","type":"page","link":"https:\/\/bandyforbundet.no\/sorvest-bandyregion\/?page_id=1465","title":{"rendered":"Minirunde Terminliste\/Oppsett Agder"},"content":{"rendered":"\n<div class=\"wp-block-msswb-spacer msswb-spacer-container\" style=\"height:50px\"><div class=\"line\" style=\"height:25px\"><\/div><div class=\"line-center-divider\"><\/div><\/div>\n\n\n\n<div class=\"wp-block-msswb-panel msswb-panel-container\"><div class=\"mwwsb-panel-header\"><div class=\"mwwsb-panel-title\">Minirunde 19. oktober 2025 Stintahallen<\/div><div class=\"mwwsb-panel-icon\"><span class=\"dashicon dashicons dashicons-arrow-down-alt2\"><\/span><\/div><\/div><div class=\"msswb-panel-content\"><div class=\"msswb-display-internal-post-frontend-app-v2\" data-url-encoded-attrs=\"%7B%22displayInternalPost%22%3A%7B%22blog_id%22%3A12%2C%22ID%22%3A11964%7D%7D\" data-dip-id=\"3l7hy\" ><\/div><\/div><\/div>\n\n\n\n<div class=\"wp-block-msswb-panel msswb-panel-container\"><div class=\"mwwsb-panel-header\"><div class=\"mwwsb-panel-title\">Minirunde 15. november 2025 Vikhallen<\/div><div class=\"mwwsb-panel-icon\"><span class=\"dashicon dashicons dashicons-arrow-down-alt2\"><\/span><\/div><\/div><div class=\"msswb-panel-content\"><div class=\"msswb-display-internal-post-frontend-app-v2\" data-url-encoded-attrs=\"%7B%22displayInternalPost%22%3A%7B%22blog_id%22%3A12%2C%22ID%22%3A11968%7D%7D\" data-dip-id=\"4DMES\" ><\/div><\/div><\/div>\n\n\n\n<div class=\"wp-block-msswb-panel msswb-panel-container\"><div class=\"mwwsb-panel-header\"><div class=\"mwwsb-panel-title\">Minirunde 11.januar 2026 Birkenlundhallen<\/div><div class=\"mwwsb-panel-icon\"><span class=\"dashicon dashicons dashicons-arrow-down-alt2\"><\/span><\/div><\/div><div class=\"msswb-panel-content\"><div class=\"msswb-display-internal-post-frontend-app-v2\" data-url-encoded-attrs=\"%7B%22displayInternalPost%22%3A%7B%22blog_id%22%3A12%2C%22ID%22%3A11975%7D%7D\" data-dip-id=\"IvdzS\" ><\/div><\/div><\/div>\n\n\n\n<div class=\"wp-block-msswb-panel msswb-panel-container\"><div class=\"mwwsb-panel-header\"><div class=\"mwwsb-panel-title\">Minirunde 7. februar 2026 Hellemyrhallen<\/div><div class=\"mwwsb-panel-icon\"><span class=\"dashicon dashicons dashicons-arrow-down-alt2\"><\/span><\/div><\/div><div class=\"msswb-panel-content\"><div class=\"msswb-display-internal-post-frontend-app-v2\" data-url-encoded-attrs=\"%7B%22displayInternalPost%22%3A%7B%22blog_id%22%3A12%2C%22ID%22%3A11979%7D%7D\" data-dip-id=\"0fblM\" ><\/div><\/div><\/div>\n\n\n\n<div class=\"wp-block-msswb-panel msswb-panel-container\"><div class=\"mwwsb-panel-header\"><div class=\"mwwsb-panel-title\">Minirunde 14. mars 2026 Havlimyrhallen<\/div><div class=\"mwwsb-panel-icon\"><span class=\"dashicon dashicons dashicons-arrow-down-alt2\"><\/span><\/div><\/div><div class=\"msswb-panel-content\"><div class=\"msswb-display-internal-post-frontend-app-v2\" data-url-encoded-attrs=\"%7B%22displayInternalPost%22%3A%7B%22blog_id%22%3A12%2C%22ID%22%3A11982%7D%7D\" data-dip-id=\"ZTZ7z\" ><\/div><\/div><\/div>\n\n\n\n<div class=\"wp-block-msswb-panel msswb-panel-container\"><div class=\"mwwsb-panel-header\"><div class=\"mwwsb-panel-title\">Minirunde 11. april 2026 Fr\u00f8yslandhallen<\/div><div class=\"mwwsb-panel-icon\"><span class=\"dashicon dashicons dashicons-arrow-down-alt2\"><\/span><\/div><\/div><div class=\"msswb-panel-content\"><div class=\"msswb-display-internal-post-frontend-app-v2\" data-url-encoded-attrs=\"%7B%22displayInternalPost%22%3A%7B%22blog_id%22%3A12%2C%22ID%22%3A11972%7D%7D\" data-dip-id=\"VooHg\" ><\/div><\/div><\/div>\n\n\n\n<div class=\"wp-block-msswb-spacer msswb-spacer-container\" style=\"height:50px\"><div class=\"line\" style=\"height:25px\"><\/div><div class=\"line-center-divider\"><\/div><\/div>\n\n\n\n<div class=\"wp-block-msswb-panel msswb-panel-container\"><div class=\"mwwsb-panel-header\"><div class=\"mwwsb-panel-title\">Bestemmelser minirunder<\/div><div class=\"mwwsb-panel-icon\"><span class=\"dashicon dashicons dashicons-arrow-down-alt2\"><\/span><\/div><\/div><div class=\"msswb-panel-content\">\n<div class=\"wp-block-msswb-panel msswb-panel-container\"><div class=\"mwwsb-panel-header\"><div class=\"mwwsb-panel-title\">Aldersinndeling minirunder Agder 25\/26<\/div><div class=\"mwwsb-panel-icon\"><span class=\"dashicon dashicons dashicons-arrow-down-alt2\"><\/span><\/div><\/div><div class=\"msswb-panel-content\"><div class=\"msswb-display-internal-post-frontend-app-v2\" data-url-encoded-attrs=\"%7B%22displayInternalPost%22%3A%7B%22blog_id%22%3A12%2C%22ID%22%3A11864%7D%7D\" data-dip-id=\"77TD1\" ><\/div><\/div><\/div>\n\n\n\n<div class=\"wp-block-msswb-panel msswb-panel-container\"><div class=\"mwwsb-panel-header\"><div class=\"mwwsb-panel-title\">Minirundegeneral<\/div><div class=\"mwwsb-panel-icon\"><span class=\"dashicon dashicons dashicons-arrow-down-alt2\"><\/span><\/div><\/div><div class=\"msswb-panel-content\">\n<h2 class=\"wp-block-heading\">Minirundegeneral<\/h2>\n\n\n\n<div class=\"wp-block-msswb-spacer msswb-spacer-container\" style=\"height:32px\"><div class=\"line\" style=\"height:16px\"><\/div><div class=\"line-center-divider\"><\/div><\/div>\n\n\n\n<div class=\"wp-block-columns\">\n<div class=\"wp-block-column\">\n<p><strong>Monica Haugland<br><\/strong>Mobil: 915 48 948<br>E-post: monica@svbr.no<\/p>\n<\/div>\n\n\n\n<div class=\"wp-block-column\">\n<p><\/p>\n<\/div>\n<\/div>\n\n\n\n<div class=\"wp-block-msswb-spacer msswb-spacer-container\" style=\"height:33px\"><div class=\"line\" style=\"height:16px\"><\/div><div class=\"line-center-divider\"><\/div><\/div>\n\n\n\n<p>Minirundegeneralen (MG) har hovedansvaret for minirundene i SVBR (S\u00f8vest Bandyregion) sone Agder. MG er medlem av Sportslig utvalg Agder (SuA) og er bindeleddet mellom SVBR sone Agder og klubbene i alt som har med minirunder \u00e5 gj\u00f8re.<\/p>\n\n\n\n<div class=\"wp-block-msswb-spacer msswb-spacer-container\" style=\"height:50px\"><div class=\"line\" style=\"height:25px\"><\/div><div class=\"line-center-divider\"><\/div><\/div>\n\n\n\n<h2 class=\"wp-block-heading\">Minirundevert<\/h2>\n\n\n\n<p>Arrang\u00f8rklubb skal ha en definert Minirundevert som er i hallen under hele arrangement. Oppgavene kan gjerne deles p\u00e5 flere i l\u00f8pet av arrangementet.<\/p>\n\n\n\n<p>Minirundeverten er hovedansvarlig for den p\u00e5g\u00e5ende minirunden p\u00e5 vegne av arrang\u00f8rklubben. Minirundeverten er den personen man skal henvende seg til hvis man trenger hjelp eller har sp\u00f8rsm\u00e5l n\u00e5r man er i hallen. Det er en stor fordel at minirundeverten skiller seg ut fra de andre i hallen, gjerne med en vest med teksten \u00abminirundevert\u00bb.<\/p>\n\n\n\n<div class=\"wp-block-msswb-spacer msswb-spacer-container\" style=\"height:50px\"><div class=\"line\" style=\"height:25px\"><\/div><div class=\"line-center-divider\"><\/div><\/div>\n\n\n\n<h2 class=\"wp-block-heading\">Dommervert<\/h2>\n\n\n\n<p>Dommerverten har ansvar for \u00e5 ta i mot dommere til hallen og p\u00e5se at de f\u00e5r noe bevertning og betaling i henhold til avtale. I tillegg skal dommerverten p\u00e5se at dommerne har trygge og positive rammer under arrangementet.<\/p>\n\n\n\n<p>Om det ikke er definert en egen dommervert, s\u00e5 er minirundeverten ansvarlig for disse oppgavene.<\/p>\n<\/div><\/div>\n\n\n\n<div class=\"wp-block-msswb-panel msswb-panel-container\"><div class=\"mwwsb-panel-header\"><div class=\"mwwsb-panel-title\">Barneidrettsbestemmelser<\/div><div class=\"mwwsb-panel-icon\"><span class=\"dashicon dashicons dashicons-arrow-down-alt2\"><\/span><\/div><\/div><div class=\"msswb-panel-content\"><div class=\"msswb-display-internal-post-frontend-app-v2\" data-url-encoded-attrs=\"%7B%22displayInternalPost%22%3A%7B%22blog_id%22%3A12%2C%22ID%22%3A2628%7D%7D\" data-dip-id=\"\" ><\/div><\/div><\/div>\n\n\n\n<div class=\"wp-block-msswb-panel msswb-panel-container\"><div class=\"mwwsb-panel-header\"><div class=\"mwwsb-panel-title\">Betaling<\/div><div class=\"mwwsb-panel-icon\"><span class=\"dashicon dashicons dashicons-arrow-down-alt2\"><\/span><\/div><\/div><div class=\"msswb-panel-content\"><div class=\"msswb-display-internal-post-frontend-app-v2\" data-url-encoded-attrs=\"%7B%22displayInternalPost%22%3A%7B%22blog_id%22%3A12%2C%22ID%22%3A2622%7D%7D\" data-dip-id=\"\" ><\/div><\/div><\/div>\n\n\n\n<div class=\"wp-block-msswb-panel msswb-panel-container\"><div class=\"mwwsb-panel-header\"><div class=\"mwwsb-panel-title\">Arrang\u00f8rinstruks<\/div><div class=\"mwwsb-panel-icon\"><span class=\"dashicon dashicons dashicons-arrow-down-alt2\"><\/span><\/div><\/div><div class=\"msswb-panel-content\"><div class=\"msswb-display-internal-post-frontend-app-v2\" data-url-encoded-attrs=\"%7B%22displayInternalPost%22%3A%7B%22blog_id%22%3A12%2C%22ID%22%3A2629%7D%7D\" data-dip-id=\"\" ><\/div><\/div><\/div>\n\n\n\n<div class=\"wp-block-msswb-panel msswb-panel-container\"><div class=\"mwwsb-panel-header\"><div class=\"mwwsb-panel-title\">Premiering<\/div><div class=\"mwwsb-panel-icon\"><span class=\"dashicon dashicons dashicons-arrow-down-alt2\"><\/span><\/div><\/div><div class=\"msswb-panel-content\"><div class=\"msswb-display-internal-post-frontend-app-v2\" data-url-encoded-attrs=\"%7B%22displayInternalPost%22%3A%7B%22blog_id%22%3A12%2C%22ID%22%3A2631%7D%7D\" data-dip-id=\"\" ><\/div><\/div><\/div>\n\n\n\n<div class=\"wp-block-msswb-panel msswb-panel-container\"><div class=\"mwwsb-panel-header\"><div class=\"mwwsb-panel-title\">Retningslinjer for innebandy for barn<\/div><div class=\"mwwsb-panel-icon\"><span class=\"dashicon dashicons dashicons-arrow-down-alt2\"><\/span><\/div><\/div><div class=\"msswb-panel-content\"><div class=\"msswb-display-internal-post-frontend-app-v2\" data-url-encoded-attrs=\"%7B%22displayInternalPost%22%3A%7B%22blog_id%22%3A12%2C%22ID%22%3A2626%7D%7D\" data-dip-id=\"\" ><\/div><\/div><\/div>\n\n\n\n<div class=\"wp-block-msswb-panel msswb-panel-container\"><div class=\"mwwsb-panel-header\"><div class=\"mwwsb-panel-title\">Foreldrevett<\/div><div class=\"mwwsb-panel-icon\"><span class=\"dashicon dashicons dashicons-arrow-down-alt2\"><\/span><\/div><\/div><div class=\"msswb-panel-content\"><div class=\"msswb-display-internal-post-frontend-app-v2\" data-url-encoded-attrs=\"%7B%22displayInternalPost%22%3A%7B%22blog_id%22%3A12%2C%22ID%22%3A2627%7D%7D\" data-dip-id=\"\" ><\/div><\/div><\/div>\n\n\n\n<div class=\"wp-block-msswb-panel msswb-panel-container\"><div class=\"mwwsb-panel-header\"><div class=\"mwwsb-panel-title\">Spilleregler minirunde<\/div><div class=\"mwwsb-panel-icon\"><span class=\"dashicon dashicons dashicons-arrow-down-alt2\"><\/span><\/div><\/div><div class=\"msswb-panel-content\"><div class=\"msswb-display-internal-post-frontend-app-v2\" data-url-encoded-attrs=\"%7B%22displayInternalPost%22%3A%7B%22blog_id%22%3A12%2C%22ID%22%3A2065%7D%7D\" data-dip-id=\"\" ><\/div><\/div><\/div>\n\n\n\n<div class=\"wp-block-msswb-panel msswb-panel-container\"><div class=\"mwwsb-panel-header\"><div class=\"mwwsb-panel-title\">Minirundetreneren<\/div><div class=\"mwwsb-panel-icon\"><span class=\"dashicon dashicons dashicons-arrow-down-alt2\"><\/span><\/div><\/div><div class=\"msswb-panel-content\">\n<div class=\"msswb-file\"><a href=\"https:\/\/bandyforbundet.no\/sorvest-bandyregion\/wp-content\/uploads\/sites\/12\/2021\/08\/minirundetrener6.pdf\" class=\"file-button\" download><span class=\"dashicon dashicons dashicons-download\"><\/span><\/a><a class=\"file-link\" href=\"https:\/\/bandyforbundet.no\/sorvest-bandyregion\/wp-content\/uploads\/sites\/12\/2021\/08\/minirundetrener6.pdf\">Last ned heftet Minirundetreneren<\/a><\/div>\n<\/div><\/div>\n\n\n\n<div class=\"wp-block-msswb-panel msswb-panel-container\"><div class=\"mwwsb-panel-header\"><div class=\"mwwsb-panel-title\">Velkommen til innebandy<\/div><div class=\"mwwsb-panel-icon\"><span class=\"dashicon dashicons dashicons-arrow-down-alt2\"><\/span><\/div><\/div><div class=\"msswb-panel-content\">\n<div class=\"msswb-file\"><a href=\"https:\/\/bandyforbundet.no\/sorvest-bandyregion\/wp-content\/uploads\/sites\/12\/2021\/08\/Sorvest-Bandyregion-Velkommen-til-innebandy.pdf\" class=\"file-button\" download><span class=\"dashicon dashicons dashicons-download\"><\/span><\/a><a class=\"file-link\" href=\"https:\/\/bandyforbundet.no\/sorvest-bandyregion\/wp-content\/uploads\/sites\/12\/2021\/08\/Sorvest-Bandyregion-Velkommen-til-innebandy.pdf\">S\u00f8rvest Bandyregion &#8211; Velkommen til innebandy<\/a><\/div>\n<\/div><\/div>\n<\/div><\/div>\n\n\n\n<div class=\"wp-block-msswb-spacer msswb-spacer-container\" style=\"height:50px\"><div class=\"line\" style=\"height:25px\"><\/div><div class=\"line-center-divider\"><\/div><\/div>\n\n\n\n<p class=\"has-text-align-center has-large-font-size\"><strong>Siste<\/strong> nytt<\/p>\n\n\n<div class=\"msswb-display-posts-frontend-app-v2\" data-url-encoded-attrs=\"%7B%22mode%22%3A%22grid%22%2C%22scrollDirection%22%3A%22vertical%22%2C%22displayPostsFromCategories%22%3A%5B%7B%22blog_id%22%3A12%2C%22included%22%3A%5B64%5D%2C%22excluded%22%3A%5B%5D%2C%22filterDate%22%3A%22from1yearago%22%2C%22dateObj%22%3A%7B%22fromDate%22%3A%221%20year%20ago%22%2C%22toDate%22%3A%22%22%7D%7D%5D%2C%22displayPostsFromSharedCategories%22%3A%5B%5D%2C%22maxCols%22%3A3%7D\" ><\/div>","protected":false},"excerpt":{"rendered":"<p>Siste nytt<\/p>\n","protected":false},"author":32,"featured_media":0,"parent":1464,"menu_order":0,"comment_status":"closed","ping_status":"closed","template":"templates\/template-cover.php","meta":{"cover_meta":"{\"showBackgroundImage\":true,\"bgImage\":{\"image_id\":10306,\"blog_id\":12,\"term_id\":236,\"selected_size\":\"full\"},\"showOverlay\":true,\"overlayColor\":\"#001c29\",\"overlayOpacity\":0.7,\"showIntro\":true,\"introColor\":\"white\",\"intro\":\"Agder\",\"title\":\"Minirunder\",\"titleColor\":\"white\",\"showOutro\":true,\"outroColor\":\"white\",\"outro\":\"Ekte idrettsglede\"}","footnotes":""},"class_list":["post-1465","page","type-page","status-publish","hentry"],"_links":{"self":[{"href":"https:\/\/bandyforbundet.no\/sorvest-bandyregion\/index.php?rest_route=\/wp\/v2\/pages\/1465","targetHints":{"allow":["GET"]}}],"collection":[{"href":"https:\/\/bandyforbundet.no\/sorvest-bandyregion\/index.php?rest_route=\/wp\/v2\/pages"}],"about":[{"href":"https:\/\/bandyforbundet.no\/sorvest-bandyregion\/index.php?rest_route=\/wp\/v2\/types\/page"}],"author":[{"embeddable":true,"href":"https:\/\/bandyforbundet.no\/sorvest-bandyregion\/index.php?rest_route=\/wp\/v2\/users\/32"}],"replies":[{"embeddable":true,"href":"https:\/\/bandyforbundet.no\/sorvest-bandyregion\/index.php?rest_route=%2Fwp%2Fv2%2Fcomments&post=1465"}],"version-history":[{"count":61,"href":"https:\/\/bandyforbundet.no\/sorvest-bandyregion\/index.php?rest_route=\/wp\/v2\/pages\/1465\/revisions"}],"predecessor-version":[{"id":12430,"href":"https:\/\/bandyforbundet.no\/sorvest-bandyregion\/index.php?rest_route=\/wp\/v2\/pages\/1465\/revisions\/12430"}],"up":[{"embeddable":true,"href":"https:\/\/bandyforbundet.no\/sorvest-bandyregion\/index.php?rest_route=\/wp\/v2\/pages\/1464"}],"wp:attachment":[{"href":"https:\/\/bandyforbundet.no\/sorvest-bandyregion\/index.php?rest_route=%2Fwp%2Fv2%2Fmedia&parent=1465"}],"curies":[{"name":"wp","href":"https:\/\/api.w.org\/{rel}","templated":true}]}}