{"id":1471,"date":"2017-11-10T14:42:29","date_gmt":"2017-11-10T13:42:29","guid":{"rendered":"http:\/\/bandyforbundet.no\/sorvest-bandyregion\/?page_id=1471"},"modified":"2025-11-14T12:20:25","modified_gmt":"2025-11-14T12:20:25","slug":"avgifter-og-honorarer-3","status":"publish","type":"page","link":"https:\/\/bandyforbundet.no\/sorvest-bandyregion\/?page_id=1471","title":{"rendered":"Avgifter og honorarer"},"content":{"rendered":"\n<div class=\"wp-block-msswb-panel msswb-panel-container\"><div class=\"mwwsb-panel-header\"><div class=\"mwwsb-panel-title\">Serieavgifter 2025\/2026<\/div><div class=\"mwwsb-panel-icon\"><span class=\"dashicon dashicons dashicons-arrow-down-alt2\"><\/span><\/div><\/div><div class=\"msswb-panel-content\">\n<figure class=\"wp-block-table is-style-regular\"><table><thead><tr><th>Tittel<\/th><th>Avgift<\/th><th>Reisefordeling dommere<\/th><th>Reisefordeling lag<\/th><\/tr><\/thead><tbody><tr><td>1. div S\u00f8r Vest Herrer<\/td><td>7400<\/td><td>5000**<\/td><td>5000<\/td><\/tr><tr><td>1. div S\u00f8r Vest Damer<\/td><td>7400<\/td><td>1000<\/td><td>5000<\/td><\/tr><tr><td>2. div Rogaland damer<\/td><td>7600<\/td><td>1000<\/td><td><\/td><\/tr><tr><td>2. div Rogaland Herrer<\/td><td>9600<\/td><td>1000<\/td><td><\/td><\/tr><tr><td>2. div Agder herrer<\/td><td>9450<\/td><td>2000<\/td><td><\/td><\/tr><tr><td>3. div Rogaland S\u00f8r herrer<\/td><td>9100<\/td><td>1000<\/td><td><\/td><\/tr><tr><td>3. div Rogalands S\u00f8r kvinner <\/td><td>6200<\/td><td>1000<\/td><td><\/td><\/tr><tr><td>3. div Agder herrer<\/td><td>6500<\/td><td>2000<\/td><td><\/td><\/tr><tr><td>Play4Fun Agder<\/td><td>4300<\/td><td>1000 <\/td><td><\/td><\/tr><tr><td>4. div Rogaland S\u00f8r herrer<\/td><td>6600<\/td><td>1000<\/td><td><\/td><\/tr><tr><td>Grunnspill<\/td><td>8400<\/td><td>1000<\/td><td><\/td><\/tr><tr><td>Aldersbestemte lag Rogaland<\/td><td>4300<\/td><td>1000<\/td><td><\/td><\/tr><tr><td>Aldersbestemte lag Agder<\/td><td>4300<\/td><td>1000<\/td><td><\/td><\/tr><tr><td>Utviklingsfond (pr klubb, med 1-4 lag i serien)<\/td><td>3500<\/td><td><\/td><td><\/td><\/tr><tr><td>Utviklingsfond (pr klubb, med 5 eller flere lag i serie)<\/td><td>5000<\/td><td><\/td><td><\/td><\/tr><tr><td>Minirunder<\/td><td>750*<\/td><td><\/td><td><\/td><\/tr><tr><td>Venneliga<\/td><td>750<\/td><td><\/td><td><\/td><\/tr><tr><td>Avmeldingsavgift Minirunde\/ Venneliga (etter oppsett er laget)<\/td><td>500 <\/td><td><\/td><td><\/td><\/tr><\/tbody><\/table><\/figure>\n\n\n\n<div class=\"wp-block-msswb-spacer msswb-spacer-container\" style=\"height:27px\"><div class=\"line\" style=\"height:13px\"><\/div><div class=\"line-center-divider\"><\/div><\/div>\n\n\n\n<p>*Det er 250 kr i avslag om det betales p\u00e5 forh\u00e5nd eller ved oppm\u00f8te i hallen. Lag som ikke har gjort dette blir fakturert 750 kr pr lag av S\u00f8rvest Bandyregion.<\/p>\n\n\n\n<p>**Nye klubber: Sesong 1: Ingen serieavgift, ingen utviklingsfond. Sesong 2: 1\/2 serieavgift, 1\/2 utviklingsfond<\/p>\n\n\n\n<p>**Reisefordeling dommere: dette forutsetter at majoriteten av kampene d\u00f8mmes med lokale dommere<\/p>\n<\/div><\/div>\n\n\n\n<div class=\"wp-block-msswb-panel msswb-panel-container\"><div class=\"mwwsb-panel-header\"><div class=\"mwwsb-panel-title\">Dommersatser 2025\/2026<\/div><div class=\"mwwsb-panel-icon\"><span class=\"dashicon dashicons dashicons-arrow-down-alt2\"><\/span><\/div><\/div><div class=\"msswb-panel-content\">\n<figure class=\"wp-block-table\"><table><thead><tr><th>Divisjon<\/th><th>Bel\u00f8p<\/th><th>Merknad<\/th><\/tr><\/thead><tbody><tr><td>1. div S\u00f8rvest Herrer<\/td><td>900<\/td><td><\/td><\/tr><tr><td>1. div S\u00f8rvest Kvinner<\/td><td>900<\/td><td><\/td><\/tr><tr><td>2. div herrer<\/td><td>750<\/td><td><\/td><\/tr><tr><td>2. div damer<\/td><td>650<\/td><td><\/td><\/tr><tr><td>3. div herrer<\/td><td>650<\/td><td><\/td><\/tr><tr><td>4. div herrer<\/td><td>650<\/td><td>Gjelder ikke sesongen 25\/26<\/td><\/tr><tr><td>Enkelkamp (3&#215;15 minutter, feks 3. div damer, Gutter 17)<\/td><td>500<\/td><td><\/td><\/tr><tr><td>Serierunder 2&#215;12 minutter<\/td><td>200<\/td><td>pr lag pr kamp pr dommer<\/td><\/tr><tr><td>Serierunder 3&#215;12 minutter<\/td><td>250<\/td><td>pr lag pr kamp pr dommer<\/td><\/tr><tr><td>Serierunder 2&#215;15 minutter<\/td><td>300<\/td><td>pr lag pr kamp pr dommer<\/td><\/tr><tr><td>Serierunder 2&#215;20 minutter<\/td><td>375<\/td><td>pr lag pr kamp pr dommer<\/td><\/tr><tr><td>Serierunder 3&#215;20 minutter<\/td><td>550<\/td><td>pr lag pr kamp pr dommer<\/td><\/tr><\/tbody><\/table><\/figure>\n\n\n\n<div class=\"wp-block-msswb-spacer msswb-spacer-container\" style=\"height:50px\"><div class=\"line\" style=\"height:25px\"><\/div><div class=\"line-center-divider\"><\/div><\/div>\n\n\n\n<p>For kamper med serierunder som omberammes og spilles som singlekamper, kommer ett tillegg p\u00e5 50% per dommer, som betales av laget som s\u00f8ker omberamming.<\/p>\n\n\n\n<p>For kamper der en dommer m\u00e5 d\u00f8mme en kamp alene p\u00e5 grunn av uforutsette hendelser, kommer ett tillegg p\u00e5 50% til dommeren som d\u00f8mmer. F.eks 1 dommer p\u00e5 en G15 kamp serierunde 2&#215;15 minutter skal denne dommeren ha betalt 450 kr for kampen.<\/p>\n<\/div><\/div>\n\n\n\n<div class=\"wp-block-msswb-panel msswb-panel-container\"><div class=\"mwwsb-panel-header\"><div class=\"mwwsb-panel-title\">Gebyrer 2025\/2026<\/div><div class=\"mwwsb-panel-icon\"><span class=\"dashicon dashicons dashicons-arrow-down-alt2\"><\/span><\/div><\/div><div class=\"msswb-panel-content\">\n<figure class=\"wp-block-table\"><table><thead><tr><th>Tema<\/th><th>Beskrivelse<\/th><th>Bel\u00f8p<\/th><\/tr><\/thead><tbody><tr><td>Kamper<\/td><td>Ikke rapportert kampskjema 1. gang<\/td><td>250<\/td><\/tr><tr><td><\/td><td>Ikke rapportert kampskjema 2. gang<\/td><td>500<\/td><\/tr><tr><td><\/td><td>Lag som ikke m\u00f8ter til kamp 1. gang<\/td><td>1000<\/td><\/tr><tr><td><\/td><td>Lag som ikke m\u00f8ter til kamp 2. gang<\/td><td>2000<\/td><\/tr><tr><td><\/td><td>Lag som ikke m\u00f8ter til kamp og ikke melder forfall innen 48 timer f\u00f8r kampstart 1. gang<\/td><td>1500<\/td><\/tr><tr><td><\/td><td>Lag som ikke m\u00f8ter til kamp og ikke melder forfall innen 48 timer f\u00f8r kampstart 2. gang<\/td><td>2500<\/td><\/tr><tr><td><\/td><td><\/td><td><\/td><\/tr><tr><td>Dommer<\/td><td>Dommer ikke m\u00f8tt til kamp 1. gang<\/td><td>500<\/td><\/tr><tr><td><\/td><td>Dommer ikke m\u00f8tt til kamp 2. gang<\/td><td>1000<\/td><\/tr><tr><td><\/td><td>Manglende 1 dommer*<\/td><td>3500<\/td><\/tr><tr><td><\/td><td>Manglende 2 dommere*<\/td><td>8000<\/td><\/tr><tr><td><\/td><td>Manglende 3 dommere*<\/td><td>13000<\/td><\/tr><tr><td><\/td><td>Manglende 4 dommere*<\/td><td>18000<\/td><\/tr><tr><td><\/td><td>Manglende flere enn 4 dommere (avgift pr dommer)*<\/td><td>5000<\/td><\/tr><tr><td><\/td><td><\/td><td><\/td><\/tr><tr><td>Minirunde<\/td><td>Avmeldingsavgift<\/td><td>500<\/td><\/tr><tr><td><\/td><td><\/td><td><\/td><\/tr><tr><td>Lisens<\/td><td>Deltagelse i kamp uten betalt lisens (pr lag pr kamp)<\/td><td>1000<\/td><\/tr><tr><td><\/td><td>Deltagelse i kamp uten betalt lisens (pr spiller pr kamp)*<\/td><td>250<\/td><\/tr><tr><td>Protestgebyr<\/td><td>F\u00f8lger kampreglementet<\/td><td>600<\/td><\/tr><\/tbody><\/table><figcaption class=\"wp-element-caption\">* Krav til antall dommere: 2 dommere for f\u00f8rste lag, deretter 1 dommer pr p\u00e5f\u00f8lgende lag<\/figcaption><\/figure>\n<\/div><\/div>\n\n\n\n<div class=\"wp-block-msswb-spacer msswb-spacer-container\" style=\"height:50px\"><div class=\"line\" style=\"height:25px\"><\/div><div class=\"line-center-divider\"><\/div><\/div>\n","protected":false},"excerpt":{"rendered":"","protected":false},"author":11,"featured_media":0,"parent":1469,"menu_order":0,"comment_status":"closed","ping_status":"closed","template":"templates\/template-cover.php","meta":{"cover_meta":"{\"showBackgroundImage\":true,\"bgImage\":{\"image_id\":11595,\"blog_id\":12,\"term_id\":226,\"selected_size\":\"full\"},\"showOverlay\":true,\"overlayColor\":\"#090909\",\"overlayOpacity\":0.6,\"showIntro\":false,\"introColor\":\"white\",\"intro\":\"\",\"title\":\"Avgifter og honorarer\",\"titleColor\":\"white\",\"showOutro\":false,\"outroColor\":\"white\",\"outro\":\"\"}","footnotes":""},"class_list":["post-1471","page","type-page","status-publish","hentry"],"_links":{"self":[{"href":"https:\/\/bandyforbundet.no\/sorvest-bandyregion\/index.php?rest_route=\/wp\/v2\/pages\/1471","targetHints":{"allow":["GET"]}}],"collection":[{"href":"https:\/\/bandyforbundet.no\/sorvest-bandyregion\/index.php?rest_route=\/wp\/v2\/pages"}],"about":[{"href":"https:\/\/bandyforbundet.no\/sorvest-bandyregion\/index.php?rest_route=\/wp\/v2\/types\/page"}],"author":[{"embeddable":true,"href":"https:\/\/bandyforbundet.no\/sorvest-bandyregion\/index.php?rest_route=\/wp\/v2\/users\/11"}],"replies":[{"embeddable":true,"href":"https:\/\/bandyforbundet.no\/sorvest-bandyregion\/index.php?rest_route=%2Fwp%2Fv2%2Fcomments&post=1471"}],"version-history":[{"count":35,"href":"https:\/\/bandyforbundet.no\/sorvest-bandyregion\/index.php?rest_route=\/wp\/v2\/pages\/1471\/revisions"}],"predecessor-version":[{"id":12600,"href":"https:\/\/bandyforbundet.no\/sorvest-bandyregion\/index.php?rest_route=\/wp\/v2\/pages\/1471\/revisions\/12600"}],"up":[{"embeddable":true,"href":"https:\/\/bandyforbundet.no\/sorvest-bandyregion\/index.php?rest_route=\/wp\/v2\/pages\/1469"}],"wp:attachment":[{"href":"https:\/\/bandyforbundet.no\/sorvest-bandyregion\/index.php?rest_route=%2Fwp%2Fv2%2Fmedia&parent=1471"}],"curies":[{"name":"wp","href":"https:\/\/api.w.org\/{rel}","templated":true}]}}