{"id":1473,"date":"2018-01-05T16:10:32","date_gmt":"2018-01-05T15:10:32","guid":{"rendered":"http:\/\/bandyforbundet.no\/sorvest-bandyregion\/?page_id=1473"},"modified":"2025-10-29T12:40:37","modified_gmt":"2025-10-29T12:40:37","slug":"agder","status":"publish","type":"page","link":"https:\/\/bandyforbundet.no\/sorvest-bandyregion\/?page_id=1473","title":{"rendered":"Dispensasjoner Agder"},"content":{"rendered":"\n<div class=\"wp-block-msswb-spacer msswb-spacer-container\" style=\"height:50px\"><div class=\"line\" style=\"height:25px\"><\/div><div class=\"line-center-divider\"><\/div><\/div>\n\n\n\n<h1 class=\"wp-block-heading\">Dispensasjoner Agder<\/h1>\n\n\n\n<p class=\"has-blue-darker-color has-text-color\"><strong>Behandling av dispensasjoner gj\u00f8res kun p\u00e5 m\u00f8tene til Sportslig Utvalg. Husk derfor \u00e5 sende inn s\u00f8knader i god tid<\/strong>.<br><strong>Se kontaktinfo og m\u00f8tekalender under.<\/strong><br>S\u00f8knader om aldersdispensasjoner sendes p\u00e5 skjemaet helt nederst p\u00e5 siden.<br>Har din klubb en s\u00f8knad som omfatter flere spillere og krever mer tekst og forklaring, kan s\u00f8knad sendes til sorvestbandy@gmail.com<\/p>\n\n\n\n<p>Har din klubb en hastesak?<br>\u00d8nskes saker behandlet utenom Sportslig Utvalg sin m\u00f8tekalender, kan det s\u00f8kes om hastebehandling mot et gebyr p\u00e5 4000 kr. Grunnen til gebyret er at det kreves tid utover det som er forventet av vervet til Sportslig Utvalg og S\u00f8rvest Bandyregion f\u00e5r derfor \u00f8kte m\u00f8tekostnader. Det er ingen garanti for at Sportslig Utvalg har tid til \u00e5 samles p\u00e5 korte tidsfrister, men det vil gjennomf\u00f8res om det er mulig. Klubben vil motta faktura fra S\u00f8rvest Bandyregion om hastesaken rekkes \u00e5 behandles innen tidsfristen klubben har.<\/p>\n\n\n\n<div class=\"wp-block-msswb-panel msswb-panel-container\"><div class=\"mwwsb-panel-header\"><div class=\"mwwsb-panel-title\">Kontaktinfo og m\u00f8tekalender<\/div><div class=\"mwwsb-panel-icon\"><span class=\"dashicon dashicons dashicons-arrow-down-alt2\"><\/span><\/div><\/div><div class=\"msswb-panel-content\"><div class=\"msswb-display-internal-post-frontend-app-v2\" data-url-encoded-attrs=\"%7B%22displayInternalPost%22%3A%7B%22blog_id%22%3A12%2C%22ID%22%3A2718%7D%7D\" data-dip-id=\"GFt0O\" ><\/div><\/div><\/div>\n\n\n\n<div class=\"wp-block-msswb-spacer msswb-spacer-container\" style=\"height:50px\"><div class=\"line\" style=\"height:25px\"><\/div><div class=\"line-center-divider\"><\/div><\/div>\n\n\n\n<p><strong>Retningslinjer for aldersdispensasjoner:<\/strong><\/p>\n\n\n\n<ul class=\"wp-block-list\">\n<li>Dispensasjonene gjelder kun i regionens serier, ikke NM og turneringer.<\/li>\n\n\n\n<li>Noen dispensasjoner behandles av Sportslig Utvalg og andre av Regionstyret. Se forklaring lenger nede.<\/li>\n\n\n\n<li>Dispensasjoner gis ikke for \u00e5 styrke laget, men for at klubben skal kunne gi et sportslig tilbud til enkeltespillere og for at klubben skal ha anledning til \u00e5 stille lag i serien.<\/li>\n\n\n\n<li>Det er kun klubben ved dens leder som kan s\u00f8ke om dispensasjon p\u00e5 spillerens og deres foresattes vegne.<\/li>\n\n\n\n<li>Brudd p\u00e5 forutsetningene for at dispensasjonen ble gitt, kan f\u00f8re til at denne blir inndratt p\u00e5 kort varsel.<\/li>\n\n\n\n<li>Under s\u00e6rskilte vilk\u00e5r kan det gis dispensasjon fra aldersbestemmelsene med mer en ett (1) \u00e5rs aldersforskjell.<\/li>\n\n\n\n<li>Administrerende myndighet kan i s\u00e6rskilte tilfeller gi ytterlige dispensasjoner i enkeltkamper for \u00e5 opprettholde aktivitet.<\/li>\n\n\n\n<li>Lag som f\u00e5r godkjent bruk av over\u00f8vrige spillere, kan bli merket med en * i tabellen og vil ikke kunne bli seriemester.<\/li>\n\n\n\n<li>Generelt godtas ikke bruk av flere en to (2) over\u00e5rige spillere med ett (1) \u00e5rs aldersforskjell.<\/li>\n\n\n\n<li>Det er ingen selvf\u00f8lge \u00e5 f\u00e5 godkjent dispensasjoner. Lag m\u00e5 ikke basere seg p\u00e5 \u00e5 f\u00e5 dispensasjoner n\u00e5r lag meldes p\u00e5 seriespill.<\/li>\n<\/ul>\n\n\n\n<div class=\"wp-block-msswb-spacer msswb-spacer-container\" style=\"height:50px\"><div class=\"line\" style=\"height:25px\"><\/div><div class=\"line-center-divider\"><\/div><\/div>\n\n\n\n<div class=\"wp-block-msswb-panel msswb-panel-container\"><div class=\"mwwsb-panel-header\"><div class=\"mwwsb-panel-title\">Dispensasjoner Agder 25\/26<\/div><div class=\"mwwsb-panel-icon\"><span class=\"dashicon dashicons dashicons-arrow-down-alt2\"><\/span><\/div><\/div><div class=\"msswb-panel-content\">\n<div class=\"wp-block-msswb-panel msswb-panel-container\"><div class=\"mwwsb-panel-header\"><div class=\"mwwsb-panel-title\">Just IL U12-13<\/div><div class=\"mwwsb-panel-icon\"><span class=\"dashicon dashicons dashicons-arrow-down-alt2\"><\/span><\/div><\/div><div class=\"msswb-panel-content\">\n<p>P\u00e5l Andreas Sandv\u00e6r Landa (1 \u00e5r over\u00e5rig), har f\u00e5tt dispensasjon for deltagelse for Just IL U12-13.<\/p>\n\n\n\n<p>Det p\u00e5pekes om det kommer saklige tilbakemeldinger p\u00e5 at dispensasjonen sl\u00e5r uheldig ut, vil dispensasjonen vurderes og tas opp til ny behandling.<\/p>\n<\/div><\/div>\n\n\n\n<div class=\"wp-block-msswb-panel msswb-panel-container\"><div class=\"mwwsb-panel-header\"><div class=\"mwwsb-panel-title\">Lia U14-15<\/div><div class=\"mwwsb-panel-icon\"><span class=\"dashicon dashicons dashicons-arrow-down-alt2\"><\/span><\/div><\/div><div class=\"msswb-panel-content\">\n<p>F\u00f8lgende spillere har f\u00e5tt dispensasjon til \u00e5 delta p\u00e5 Lia U14-15:<\/p>\n\n\n\n<p>Oskar Garshol T\u00f8nnesen, Thomas Mossing, Jonas Wickstr\u00f8m, Sigurd Ohme, Edwin Einertr\u00f8 Vatne, Knut Emanuell Lia, Jakob Haugen og Ole Einar Korsnes.<\/p>\n\n\n\n<p>Det p\u00e5pekes at om det kommer tilbakemeldinger p\u00e5 at dispensasjonen kommer uheldig ut for andre lag, vil det vurderes om s\u00f8knaden tas opp til ny behandling. <\/p>\n<\/div><\/div>\n\n\n\n<div class=\"wp-block-msswb-panel msswb-panel-container\"><div class=\"mwwsb-panel-header\"><div class=\"mwwsb-panel-title\">Mandal IBK U14-15<\/div><div class=\"mwwsb-panel-icon\"><span class=\"dashicon dashicons dashicons-arrow-down-alt2\"><\/span><\/div><\/div><div class=\"msswb-panel-content\">\n<p>Mandal IBK har f\u00e5tt godkjent f\u00f8lgende spillere for deltagelse for Mandal IBK U14-15:<\/p>\n\n\n\n<ul class=\"wp-block-list\">\n<li>Mads Breseid Hansen (1 \u00e5r over\u00e5rig)<\/li>\n\n\n\n<li>Oliver L\u00f8fnes (1 \u00e5r over\u00e5rig)<\/li>\n\n\n\n<li>Sondre Aasrum Nilssen (U13-spiller)<\/li>\n<\/ul>\n\n\n\n<p>Det p\u00e5pekes om det kommer saklige tilbakemeldinger p\u00e5 at dispensasjonene sl\u00e5r uheldig ut, vil dispensasjonen vurderes og tas opp til ny behandling.<\/p>\n<\/div><\/div>\n\n\n\n<div class=\"wp-block-msswb-panel msswb-panel-container\"><div class=\"mwwsb-panel-header\"><div class=\"mwwsb-panel-title\">Toppen IL U12-13<\/div><div class=\"mwwsb-panel-icon\"><span class=\"dashicon dashicons dashicons-arrow-down-alt2\"><\/span><\/div><\/div><div class=\"msswb-panel-content\">\n<p>F\u00f8lgende spillere har f\u00e5tt dispensasjon for deltagelse p\u00e5 Toppen IL U12-13:<\/p>\n\n\n\n<p>Sturla Hesthag Kruse, Celine Christoffersen, Marlene Midtb\u00f8, Sondre Gabrielsen og Maiken Gr\u00f8nvold Olsen.<\/p>\n\n\n\n<p>Det p\u00e5pekes at om det kommer tilbakemeldinger p\u00e5 at dispensasjonen kommer uheldig ut for andre lag, vil det vurderes om s\u00f8knaden tas opp til ny behandling. <\/p>\n<\/div><\/div>\n<\/div><\/div>\n\n\n\n<div class=\"wp-block-msswb-panel msswb-panel-container\"><div class=\"mwwsb-panel-header\"><div class=\"mwwsb-panel-title\">Dispensasjoner Agder 24\/25<\/div><div class=\"mwwsb-panel-icon\"><span class=\"dashicon dashicons dashicons-arrow-down-alt2\"><\/span><\/div><\/div><div class=\"msswb-panel-content\">\n<div class=\"wp-block-msswb-panel msswb-panel-container\"><div class=\"mwwsb-panel-header\"><div class=\"mwwsb-panel-title\">Lia IL U13-15<\/div><div class=\"mwwsb-panel-icon\"><span class=\"dashicon dashicons dashicons-arrow-down-alt2\"><\/span><\/div><\/div><div class=\"msswb-panel-content\">\n<ul class=\"wp-block-list\">\n<li>Jonas Knutson Wickstr\u00f8m, f\u00f8dt 2013 <\/li>\n\n\n\n<li>Oskar Garshol T\u00f8nnes\u00f8l, f\u00f8dt 2013 <\/li>\n<\/ul>\n<\/div><\/div>\n\n\n\n<div class=\"wp-block-msswb-panel msswb-panel-container\"><div class=\"mwwsb-panel-header\"><div class=\"mwwsb-panel-title\">Arendal IBK Play4fun<\/div><div class=\"mwwsb-panel-icon\"><span class=\"dashicon dashicons dashicons-arrow-down-alt2\"><\/span><\/div><\/div><div class=\"msswb-panel-content\">\n<ul class=\"wp-block-list\">\n<li>Ole Magnus Terjesen, f\u00f8dt 2008 kan spille b\u00e5de Play4fun og 2. divisjon for Arendal IBK<\/li>\n<\/ul>\n<\/div><\/div>\n<\/div><\/div>\n\n\n\n<div class=\"wp-block-msswb-panel msswb-panel-container\"><div class=\"mwwsb-panel-header\"><div class=\"mwwsb-panel-title\">Dispensasjoner Agder 23\/24<\/div><div class=\"mwwsb-panel-icon\"><span class=\"dashicon dashicons dashicons-arrow-down-alt2\"><\/span><\/div><\/div><div class=\"msswb-panel-content\">\n<div class=\"wp-block-msswb-panel msswb-panel-container\"><div class=\"mwwsb-panel-header\"><div class=\"mwwsb-panel-title\">Senior<\/div><div class=\"mwwsb-panel-icon\"><span class=\"dashicon dashicons dashicons-arrow-down-alt2\"><\/span><\/div><\/div><div class=\"msswb-panel-content\">\n<div class=\"wp-block-msswb-panel msswb-panel-container\"><div class=\"mwwsb-panel-header\"><div class=\"mwwsb-panel-title\">Just IL\/ KIBK IBK (2. divisjon herrer)<\/div><div class=\"mwwsb-panel-icon\"><span class=\"dashicon dashicons dashicons-arrow-down-alt2\"><\/span><\/div><\/div><div class=\"msswb-panel-content\">\n<p><strong>Vedtak<\/strong>: Det innvilges samarbeid for denne sesongen for alle seniorspillere fra KIBK <br>s\u00e5fremt de l\u00f8ser lisens.<\/p>\n<\/div><\/div>\n\n\n\n<div class=\"wp-block-msswb-panel msswb-panel-container\"><div class=\"mwwsb-panel-header\"><div class=\"mwwsb-panel-title\">Just IL (Play4fun)<\/div><div class=\"mwwsb-panel-icon\"><span class=\"dashicon dashicons dashicons-arrow-down-alt2\"><\/span><\/div><\/div><div class=\"msswb-panel-content\">\n<ul class=\"wp-block-list\">\n<li>Adrian Grashol (f. 2009)<\/li>\n\n\n\n<li>Eiric Lian (f. 2009)<\/li>\n\n\n\n<li>Sindre Gr\u00f8nvold Aar\u00f8y (f. 2009)<\/li>\n<\/ul>\n<\/div><\/div>\n<\/div><\/div>\n\n\n\n<div class=\"wp-block-msswb-panel msswb-panel-container\"><div class=\"mwwsb-panel-header\"><div class=\"mwwsb-panel-title\">U13-15<\/div><div class=\"mwwsb-panel-icon\"><span class=\"dashicon dashicons dashicons-arrow-down-alt2\"><\/span><\/div><\/div><div class=\"msswb-panel-content\">\n<div class=\"wp-block-msswb-panel msswb-panel-container\"><div class=\"mwwsb-panel-header\"><div class=\"mwwsb-panel-title\">Just IL U13-15<\/div><div class=\"mwwsb-panel-icon\"><span class=\"dashicon dashicons dashicons-arrow-down-alt2\"><\/span><\/div><\/div><div class=\"msswb-panel-content\">\n<ul class=\"wp-block-list\">\n<li>Leander Lindhagen (f.2012)<\/li>\n\n\n\n<li>Elias Sandvik (f. 2012)<\/li>\n\n\n\n<li>Sondre V\u00e5rlid Foss (f. 2012)<\/li>\n\n\n\n<li>Victor Lawrence Warbmbrodt (f. 2012)<\/li>\n\n\n\n<li>Adam Laukus (f. 2012)<\/li>\n\n\n\n<li>Erik Fabian Simonsen Solem (f. 2012)<\/li>\n\n\n\n<li>Cornelius Skoe (f. 2012)<\/li>\n\n\n\n<li>Kristine St\u00f8levik (f. 2012)<\/li>\n<\/ul>\n<\/div><\/div>\n<\/div><\/div>\n\n\n\n<div class=\"wp-block-msswb-panel msswb-panel-container\"><div class=\"mwwsb-panel-header\"><div class=\"mwwsb-panel-title\">U11-12 <\/div><div class=\"mwwsb-panel-icon\"><span class=\"dashicon dashicons dashicons-arrow-down-alt2\"><\/span><\/div><\/div><div class=\"msswb-panel-content\">\n<div class=\"wp-block-msswb-panel msswb-panel-container\"><div class=\"mwwsb-panel-header\"><div class=\"mwwsb-panel-title\">Lia IL<\/div><div class=\"mwwsb-panel-icon\"><span class=\"dashicon dashicons dashicons-arrow-down-alt2\"><\/span><\/div><\/div><div class=\"msswb-panel-content\">\n<p>Emil Mossige dispensasjon for spill i U11-12<\/p>\n<\/div><\/div>\n\n\n\n<div class=\"wp-block-msswb-panel msswb-panel-container\"><div class=\"mwwsb-panel-header\"><div class=\"mwwsb-panel-title\">Arendal IBK<\/div><div class=\"mwwsb-panel-icon\"><span class=\"dashicon dashicons dashicons-arrow-down-alt2\"><\/span><\/div><\/div><div class=\"msswb-panel-content\">\n<p>Alexander Wroldsen-Berg (f.2010) dispensasjon kamprunde 14.-15. oktober, med mulighet for forlengelse frem til jul.<\/p>\n<\/div><\/div>\n\n\n\n<div class=\"wp-block-msswb-panel msswb-panel-container\"><div class=\"mwwsb-panel-header\"><div class=\"mwwsb-panel-title\">Mandal IBK<\/div><div class=\"mwwsb-panel-icon\"><span class=\"dashicon dashicons dashicons-arrow-down-alt2\"><\/span><\/div><\/div><div class=\"msswb-panel-content\">\n<p>Anne Skagestad (f. 2014) innvilges dispensasjon til \u00e5 spille U11-12<\/p>\n<\/div><\/div>\n<\/div><\/div>\n<\/div><\/div>\n\n\n\n<div class=\"wp-block-msswb-panel msswb-panel-container\"><div class=\"mwwsb-panel-header\"><div class=\"mwwsb-panel-title\">Dispensasjoner Agder 22\/23<\/div><div class=\"mwwsb-panel-icon\"><span class=\"dashicon dashicons dashicons-arrow-down-alt2\"><\/span><\/div><\/div><div class=\"msswb-panel-content\"><\/div><\/div>\n\n\n\n<div class=\"wp-block-msswb-panel msswb-panel-container\"><div class=\"mwwsb-panel-header\"><div class=\"mwwsb-panel-title\">Dispensasjoner Agder 21\/22<\/div><div class=\"mwwsb-panel-icon\"><span class=\"dashicon dashicons dashicons-arrow-down-alt2\"><\/span><\/div><\/div><div class=\"msswb-panel-content\">\n<div class=\"wp-block-msswb-panel msswb-panel-container\"><div class=\"mwwsb-panel-header\"><div class=\"mwwsb-panel-title\">Just\/ KIBK U16-19<\/div><div class=\"mwwsb-panel-icon\"><span class=\"dashicon dashicons dashicons-arrow-down-alt2\"><\/span><\/div><\/div><div class=\"msswb-panel-content\">\n<p>Aldersdispensasjon for Christian-Andre Nordstr\u00f8m til \u00e5 spille KIBK U16-19 sesongen 21\/22.<\/p>\n<\/div><\/div>\n\n\n\n<div class=\"wp-block-msswb-panel msswb-panel-container\"><div class=\"mwwsb-panel-header\"><div class=\"mwwsb-panel-title\">Just IL og Kristiansand U16-19<\/div><div class=\"mwwsb-panel-icon\"><span class=\"dashicon dashicons dashicons-arrow-down-alt2\"><\/span><\/div><\/div><div class=\"msswb-panel-content\">\n<p>Dispensasjon er gitt til Just og KIBK sine G16-19 lag. Laget vil i seriesystemet hete Just\/KIBK og Just IL st\u00e5r juridisk ansvarlig for laget i alle hendelser i sesongen 21\/22. <\/p>\n<\/div><\/div>\n\n\n\n<div class=\"wp-block-msswb-panel msswb-panel-container\"><div class=\"mwwsb-panel-header\"><div class=\"mwwsb-panel-title\">Arendal IBK U11-12<\/div><div class=\"mwwsb-panel-icon\"><span class=\"dashicon dashicons dashicons-arrow-down-alt2\"><\/span><\/div><\/div><div class=\"msswb-panel-content\">\n<p>Aldersdispensasjon for Ole Magnus Terjesen og Alexander R\u00f8ynedal Skripeland for spill i U11-12 serien.<\/p>\n<\/div><\/div>\n\n\n\n<div class=\"wp-block-msswb-panel msswb-panel-container\"><div class=\"mwwsb-panel-header\"><div class=\"mwwsb-panel-title\">KSI Jenter og GSI Jenter U16-19<\/div><div class=\"mwwsb-panel-icon\"><span class=\"dashicon dashicons dashicons-arrow-down-alt2\"><\/span><\/div><\/div><div class=\"msswb-panel-content\">\n<p>Det er innvilget samarbeid mellom KSI damer og GSI damer for spill i G16-19 serien. Alle damespillere i GSI kan spille KSI sitt damelag. Laget vil i seriesystemet hete KSI\/GSI og KSI st\u00e5r juridisk ansvarlig for laget i alle henseende i sesongen 21\/22.<\/p>\n<\/div><\/div>\n<\/div><\/div>\n\n\n\n<div class=\"wp-block-msswb-spacer msswb-spacer-container\" style=\"height:26px\"><div class=\"line\" style=\"height:13px\"><\/div><div class=\"line-center-divider\"><\/div><\/div>\n\n\n\n<p class=\"has-red-normal-color has-text-color has-large-font-size\"><strong><a href=\"https:\/\/forms.gle\/dkvB41DkdbfFM36Q7\">Lenke til skjema for s\u00f8knad om dispensasjoner<\/a><\/strong><\/p>\n","protected":false},"excerpt":{"rendered":"<p>Dispensasjoner Agder Behandling av dispensasjoner gj\u00f8res kun p\u00e5 m\u00f8tene til Sportslig Utvalg. Husk derfor \u00e5 sende inn s\u00f8knader i god tid.Se kontaktinfo og m\u00f8tekalender under.S\u00f8knader om aldersdispensasjoner sendes p\u00e5 skjemaet helt nederst p\u00e5 siden.Har din klubb en s\u00f8knad som omfatter flere spillere og krever mer tekst og forklaring, kan s\u00f8knad sendes til sorvestbandy@gmail.com Har din [&hellip;]<\/p>\n","protected":false},"author":11,"featured_media":0,"parent":1472,"menu_order":0,"comment_status":"closed","ping_status":"closed","template":"","meta":{"cover_meta":"","footnotes":""},"class_list":["post-1473","page","type-page","status-publish","hentry"],"_links":{"self":[{"href":"https:\/\/bandyforbundet.no\/sorvest-bandyregion\/index.php?rest_route=\/wp\/v2\/pages\/1473","targetHints":{"allow":["GET"]}}],"collection":[{"href":"https:\/\/bandyforbundet.no\/sorvest-bandyregion\/index.php?rest_route=\/wp\/v2\/pages"}],"about":[{"href":"https:\/\/bandyforbundet.no\/sorvest-bandyregion\/index.php?rest_route=\/wp\/v2\/types\/page"}],"author":[{"embeddable":true,"href":"https:\/\/bandyforbundet.no\/sorvest-bandyregion\/index.php?rest_route=\/wp\/v2\/users\/11"}],"replies":[{"embeddable":true,"href":"https:\/\/bandyforbundet.no\/sorvest-bandyregion\/index.php?rest_route=%2Fwp%2Fv2%2Fcomments&post=1473"}],"version-history":[{"count":33,"href":"https:\/\/bandyforbundet.no\/sorvest-bandyregion\/index.php?rest_route=\/wp\/v2\/pages\/1473\/revisions"}],"predecessor-version":[{"id":12542,"href":"https:\/\/bandyforbundet.no\/sorvest-bandyregion\/index.php?rest_route=\/wp\/v2\/pages\/1473\/revisions\/12542"}],"up":[{"embeddable":true,"href":"https:\/\/bandyforbundet.no\/sorvest-bandyregion\/index.php?rest_route=\/wp\/v2\/pages\/1472"}],"wp:attachment":[{"href":"https:\/\/bandyforbundet.no\/sorvest-bandyregion\/index.php?rest_route=%2Fwp%2Fv2%2Fmedia&parent=1473"}],"curies":[{"name":"wp","href":"https:\/\/api.w.org\/{rel}","templated":true}]}}