{"id":1480,"date":"2019-02-08T14:18:25","date_gmt":"2019-02-08T13:18:25","guid":{"rendered":"http:\/\/bandyforbundet.no\/sorvest-bandyregion\/?page_id=1480"},"modified":"2024-09-27T07:26:25","modified_gmt":"2024-09-27T07:26:25","slug":"dommerliste","status":"publish","type":"page","link":"https:\/\/bandyforbundet.no\/sorvest-bandyregion\/?page_id=1480","title":{"rendered":"Dommerliste"},"content":{"rendered":"\n<h2 class=\"wp-block-heading has-text-align-left\">Dommerliste<\/h2>\n\n\n\n<p class=\"has-text-align-left\">Pr dd tilbyr ikke NIF sitt API data som gj\u00f8r at vi kan legge ut en dommerliste som f\u00f8lger GDPR-krav.<\/p>\n\n\n\n<p><strong>Hvordan kan da lagene f\u00e5 tak i dommerne?<\/strong><br>I appen Min Bandy kan du g\u00e5 inn p\u00e5 \u00f8nsket kamp og finne kontaktinformasjon p\u00e5 dommerne som er satt opp (med mindre de har reservert seg for kontaktinfo).<\/p>\n\n\n\n<p><strong>Hvordan holder vi dialogen mellom dommere?<\/strong><br>B\u00e5de i Rogaland og Agder er det en egen gruppe p\u00e5 Facebook for dommere. Denne brukes til kommunikasjon mellom DK og dommere, samt er god \u00e5 bruke til \u00e5 gj\u00f8re interne bytter p\u00e5 kamper mellom dommere. Er du ikke med i gruppen? Ta kontakt med DK, s\u00e5 hjelper vi deg.<\/p>\n\n\n\n<div class=\"wp-block-buttons\"><\/div>\n\n\n\n<div class=\"wp-block-msswb-spacer msswb-spacer-container\" style=\"height:27px\"><div class=\"line\" style=\"height:13px\"><\/div><div class=\"line-center-divider\"><\/div><\/div>\n\n\n\n<p>Vil du v\u00e6re dommer? Ta kontakt med dommerkomiteen<\/p>\n\n\n\n<div class=\"wp-block-msswb-panel msswb-panel-container\"><div class=\"mwwsb-panel-header\"><div class=\"mwwsb-panel-title\">Dommerkomiteen<\/div><div class=\"mwwsb-panel-icon\"><span class=\"dashicon dashicons dashicons-arrow-down-alt2\"><\/span><\/div><\/div><div class=\"msswb-panel-content\"><div class=\"msswb-display-internal-post-frontend-app-v2\" data-url-encoded-attrs=\"%7B%22displayInternalPost%22%3A%7B%22blog_id%22%3A12%2C%22ID%22%3A2719%7D%7D\" data-dip-id=\"\" ><\/div><\/div><\/div>\n","protected":false},"excerpt":{"rendered":"<p>Dommerliste Pr dd tilbyr ikke NIF sitt API data som gj\u00f8r at vi kan legge ut en dommerliste som f\u00f8lger GDPR-krav. Hvordan kan da lagene f\u00e5 tak i dommerne?I appen Min Bandy kan du g\u00e5 inn p\u00e5 \u00f8nsket kamp og finne kontaktinformasjon p\u00e5 dommerne som er satt opp (med mindre de har reservert seg for [&hellip;]<\/p>\n","protected":false},"author":11,"featured_media":0,"parent":1476,"menu_order":0,"comment_status":"closed","ping_status":"closed","template":"templates\/template-cover.php","meta":{"cover_meta":"{\"showBackgroundImage\":true,\"bgImage\":{\"image_id\":5933,\"blog_id\":12,\"term_id\":216,\"selected_size\":\"full\"},\"showOverlay\":true,\"overlayColor\":\"#01486b\",\"overlayOpacity\":0.5,\"showIntro\":true,\"introColor\":\"white\",\"intro\":\"S\u00f8rvest Bandyregion\",\"title\":\"Dommerliste\",\"titleColor\":\"white\",\"showOutro\":false,\"outroColor\":\"white\",\"outro\":\"\"}","footnotes":""},"class_list":["post-1480","page","type-page","status-publish","hentry"],"_links":{"self":[{"href":"https:\/\/bandyforbundet.no\/sorvest-bandyregion\/index.php?rest_route=\/wp\/v2\/pages\/1480","targetHints":{"allow":["GET"]}}],"collection":[{"href":"https:\/\/bandyforbundet.no\/sorvest-bandyregion\/index.php?rest_route=\/wp\/v2\/pages"}],"about":[{"href":"https:\/\/bandyforbundet.no\/sorvest-bandyregion\/index.php?rest_route=\/wp\/v2\/types\/page"}],"author":[{"embeddable":true,"href":"https:\/\/bandyforbundet.no\/sorvest-bandyregion\/index.php?rest_route=\/wp\/v2\/users\/11"}],"replies":[{"embeddable":true,"href":"https:\/\/bandyforbundet.no\/sorvest-bandyregion\/index.php?rest_route=%2Fwp%2Fv2%2Fcomments&post=1480"}],"version-history":[{"count":8,"href":"https:\/\/bandyforbundet.no\/sorvest-bandyregion\/index.php?rest_route=\/wp\/v2\/pages\/1480\/revisions"}],"predecessor-version":[{"id":10888,"href":"https:\/\/bandyforbundet.no\/sorvest-bandyregion\/index.php?rest_route=\/wp\/v2\/pages\/1480\/revisions\/10888"}],"up":[{"embeddable":true,"href":"https:\/\/bandyforbundet.no\/sorvest-bandyregion\/index.php?rest_route=\/wp\/v2\/pages\/1476"}],"wp:attachment":[{"href":"https:\/\/bandyforbundet.no\/sorvest-bandyregion\/index.php?rest_route=%2Fwp%2Fv2%2Fmedia&parent=1480"}],"curies":[{"name":"wp","href":"https:\/\/api.w.org\/{rel}","templated":true}]}}