{"id":1505,"date":"2017-09-29T14:46:21","date_gmt":"2017-09-29T12:46:21","guid":{"rendered":"http:\/\/bandyforbundet.no\/sorvest-bandyregion\/?page_id=1505"},"modified":"2025-08-15T11:10:22","modified_gmt":"2025-08-15T11:10:22","slug":"lisens-5","status":"publish","type":"page","link":"https:\/\/bandyforbundet.no\/sorvest-bandyregion\/?page_id=1505","title":{"rendered":"Lisens"},"content":{"rendered":"\n<div class=\"wp-block-msswb-spacer msswb-spacer-container\" style=\"height:50px\"><div class=\"line\" style=\"height:25px\"><\/div><div class=\"line-center-divider\"><\/div><\/div>\n\n\n\n<div class=\"wp-block-msswb-panel msswb-panel-container\"><div class=\"mwwsb-panel-header\"><div class=\"mwwsb-panel-title\">Forsikring &#8211; Lisens 2025\/2026<\/div><div class=\"mwwsb-panel-icon\"><span class=\"dashicon dashicons dashicons-arrow-down-alt2\"><\/span><\/div><\/div><div class=\"msswb-panel-content\">\n<p>Bandyforbundets lisensordning er et av de viktigste kriteriene for forbundets og kretsenes aktivitetstilbud.<\/p>\n\n\n\n<p>For \u00e5 delta i seriespill (obligatoriske kamper) er det et krav at spillere har l\u00f8st lisens. En spiller uten lisens er ikke spilleberettiget og en klubb som benytter en spiller i obligatorisk kamp vil kunne bli fratatt poeng.<\/p>\n\n\n\n<p>En spiller uten lisens er heller ikke forsikret. Betalt lisens i riktig kategori betyr at spilleren er forsikret, i forbundets alle tre idretter, i trening og kamp, hele lisensperioden (1.september \u2013 31.august).<\/p>\n\n\n\n<p>Overskuddet fra lisensordningen er med p\u00e5 \u00e5 finansiere Norges Bandyforbunds drift av serier og \u00f8vrige aktiviteter for alle aldersgrupper og niv\u00e5er.<\/p>\n\n\n\n<p>Lisensordningen er vedtatt av Forbundstinget og forutsetter at klubbene p\u00e5ser at samtlige spillere som deltar i obligatoriske kamper har l\u00f8st lisens.<\/p>\n\n\n\n<p>Norges Bandyforbund samarbeider med Idrettens Helsesenter.<\/p>\n\n\n\n<p>Idrettens Helsesenter og Skadetelefonen har i dag avtale med 16 s\u00e6rforbund innen NIF.<\/p>\n\n\n\n<p>Mer informasjon om&nbsp;<a href=\"https:\/\/www.idrettshelse.no\/\" target=\"_blank\" rel=\"noreferrer noopener\">Idrettens Helsesenter og Skadetelefonen<\/a><\/p>\n\n\n\n<p><strong>Skadetelefonen (987 02 033)<\/strong><\/p>\n\n\n\n<p>\u2022 Skademelding sendes elektronisk til Skadetelefonen<\/p>\n\n\n\n<p>\u2022 Skadetelefonen kontakter skadelidte innen 24 timer<\/p>\n\n\n\n<p>\u2022 All behandling, med unntak av akutt, skal bestilles av Skadetelefonen<\/p>\n\n\n\n<p>\u2022 Skadetelefonen f\u00f8lger opp skadelidte gjennom behandlingen<\/p>\n\n\n\n<p>\u2022 Skadetelefonen gir ogs\u00e5 medisinske r\u00e5d til ut\u00f8vere og klubber<\/p>\n<\/div><\/div>\n\n\n\n<div class=\"wp-block-msswb-panel msswb-panel-container\"><div class=\"mwwsb-panel-header\"><div class=\"mwwsb-panel-title\">Hvilken lisens for hvilken divisjon 2025\/2026?<\/div><div class=\"mwwsb-panel-icon\"><span class=\"dashicon dashicons dashicons-arrow-down-alt2\"><\/span><\/div><\/div><div class=\"msswb-panel-content\">\n<h2 class=\"wp-block-heading\">Hvilken lisens skal betales i sesongen 2025\/2026?<\/h2>\n\n\n\n<p>Under finner dere en oversikt over hvilke lisenser som skal betales for de ulike divisjonene. <br>Merk at spillere f\u00f8dt 2014 eller senere som deltar i seriespill, m\u00e5 betale en lisens p\u00e5 kr 55.<\/p>\n\n\n\n<p>Generelle bestemmelser<\/p>\n\n\n\n<ul class=\"wp-block-list\">\n<li>Aldersbestemte spillere som deltar i seniorspill, m\u00e5 betale lisensen knyttet til den seniordivisjonen de deltar i.<\/li>\n\n\n\n<li>Aldersbestemte spillere som kun deltar i <strong>aldersbestemte kamper,<\/strong> betaler lisens ut fra f\u00f8dsels\u00e5r, uavhengig av hvilken av de aldersbestemte klassene de deltar i.<\/li>\n\n\n\n<li>Det kreves ikke lisens for deltakelse i minirunder<\/li>\n\n\n\n<li><strong>1.-4. divisjon Rogaland og Agder = \u00d8vrige seniorserier<\/strong><br><\/li>\n<\/ul>\n\n\n<div class=\"msswb-display-internal-post-frontend-app-v2\" data-url-encoded-attrs=\"%7B%22displayInternalPost%22%3A%7B%22blog_id%22%3A2%2C%22ID%22%3A3864%7D%7D\" data-dip-id=\"GkWeK\" ><\/div><\/div><\/div>\n\n\n\n<div class=\"wp-block-msswb-panel msswb-panel-container\"><div class=\"mwwsb-panel-header\"><div class=\"mwwsb-panel-title\">Regler for dobbel representasjonsrett for spillere mellom 16 og 22 \u00e5r<\/div><div class=\"mwwsb-panel-icon\"><span class=\"dashicon dashicons dashicons-arrow-down-alt2\"><\/span><\/div><\/div><div class=\"msswb-panel-content\">\n<p>Les mer p\u00e5 <a href=\"https:\/\/bandyforbundet.no\/innebandy\/?msswb-post=dobbel-representasjonsrett-for-spillere-mellom-16-og-22-ar\">denne saken<\/a>.<\/p>\n<\/div><\/div>\n","protected":false},"excerpt":{"rendered":"","protected":false},"author":11,"featured_media":0,"parent":1502,"menu_order":0,"comment_status":"closed","ping_status":"closed","template":"","meta":{"cover_meta":"","footnotes":""},"class_list":["post-1505","page","type-page","status-publish","hentry"],"_links":{"self":[{"href":"https:\/\/bandyforbundet.no\/sorvest-bandyregion\/index.php?rest_route=\/wp\/v2\/pages\/1505","targetHints":{"allow":["GET"]}}],"collection":[{"href":"https:\/\/bandyforbundet.no\/sorvest-bandyregion\/index.php?rest_route=\/wp\/v2\/pages"}],"about":[{"href":"https:\/\/bandyforbundet.no\/sorvest-bandyregion\/index.php?rest_route=\/wp\/v2\/types\/page"}],"author":[{"embeddable":true,"href":"https:\/\/bandyforbundet.no\/sorvest-bandyregion\/index.php?rest_route=\/wp\/v2\/users\/11"}],"replies":[{"embeddable":true,"href":"https:\/\/bandyforbundet.no\/sorvest-bandyregion\/index.php?rest_route=%2Fwp%2Fv2%2Fcomments&post=1505"}],"version-history":[{"count":22,"href":"https:\/\/bandyforbundet.no\/sorvest-bandyregion\/index.php?rest_route=\/wp\/v2\/pages\/1505\/revisions"}],"predecessor-version":[{"id":12048,"href":"https:\/\/bandyforbundet.no\/sorvest-bandyregion\/index.php?rest_route=\/wp\/v2\/pages\/1505\/revisions\/12048"}],"up":[{"embeddable":true,"href":"https:\/\/bandyforbundet.no\/sorvest-bandyregion\/index.php?rest_route=\/wp\/v2\/pages\/1502"}],"wp:attachment":[{"href":"https:\/\/bandyforbundet.no\/sorvest-bandyregion\/index.php?rest_route=%2Fwp%2Fv2%2Fmedia&parent=1505"}],"curies":[{"name":"wp","href":"https:\/\/api.w.org\/{rel}","templated":true}]}}