{"id":1522,"date":"2017-09-18T12:24:11","date_gmt":"2017-09-18T10:24:11","guid":{"rendered":"http:\/\/bandyforbundet.no\/sorvest-bandyregion\/?page_id=1522"},"modified":"2021-10-27T12:04:11","modified_gmt":"2021-10-27T12:04:11","slug":"utvikling-9","status":"publish","type":"page","link":"https:\/\/bandyforbundet.no\/sorvest-bandyregion\/?page_id=1522","title":{"rendered":"Utvikling"},"content":{"rendered":"\n<h2 class=\"wp-block-heading\">Utvikling i S\u00f8rvest Bandyregion<\/h2>\n\n\n\n<div class=\"wp-block-msswb-spacer msswb-spacer-container\" style=\"height:40px\"><div class=\"line\" style=\"height:20px\"><\/div><div class=\"line-center-divider\"><\/div><\/div>\n\n\n\n<p class=\"has-drop-cap\"><em>Hovedm\u00e5let til Norges Bandyforbund er \u00f8kt medlemsvekst. Vi \u00f8nsker flere klubber, flere lag og flere spillere. For \u00e5 f\u00e5 til dette har vi utviklingskonsulenter ansatt rundt omkring i landet. Utviklingskonsulentene skal bist\u00e5 eksisterende klubber i sitt rekrutteringsarbeid, v\u00e6re aktive i arbeidet med \u00e5 f\u00e5 etablert nye klubber og samtidig v\u00e6re en viktig ressurs til \u00e5 tilf\u00f8re v\u00e5re medlemmer \u00f8kt kompetanse.<\/em> Utviklingsavdelingen er der for \u00e5 hjelpe klubber i riktig retning og \u00f8nsker at treninger, kamper og klubbdriften skal v\u00e6re g\u00f8y!<\/p>\n\n\n\n<div class=\"wp-block-msswb-spacer msswb-spacer-container\" style=\"height:50px\"><div class=\"line\" style=\"height:25px\"><\/div><div class=\"line-center-divider\"><\/div><\/div>\n\n\n\n<h2 class=\"has-text-align-left wp-block-heading\">Hva trenger du eller din klubb hjelp til?<\/h2>\n\n\n<div class=\"msswb-link-box-grid-frontend-app-v2\" data-url-encoded-attrs=\"%7B%22maxCols%22%3A4%2C%22showTitle%22%3Atrue%2C%22titleColor%22%3A%22%23ffffff%22%2C%22useColorBackground%22%3Atrue%2C%22bgColor%22%3A%22%231c3254%22%2C%22overlayColor%22%3A%7B%22r%22%3A69%2C%22g%22%3A126%2C%22b%22%3A191%2C%22a%22%3A0.1%7D%2C%22linkBoxes%22%3A%5B%7B%22link_type%22%3A%22page%22%2C%22blog_id%22%3A12%2C%22ID%22%3A5588%2C%22link%22%3A%22https%3A%2F%2Fbandyforbundet.no%2Fsorvest-bandyregion%2F%3Fpage_id%3D5588%22%2C%22image%22%3Afalse%2C%22featuredImage%22%3Afalse%2C%22from_shared%22%3Atrue%2C%22showAltTitle%22%3Afalse%2C%22altTitle%22%3A%22%22%7D%2C%7B%22link_type%22%3A%22page%22%2C%22blog_id%22%3A12%2C%22ID%22%3A5585%2C%22link%22%3A%22https%3A%2F%2Fbandyforbundet.no%2Fsorvest-bandyregion%2F%3Fpage_id%3D5585%22%2C%22image%22%3Afalse%2C%22featuredImage%22%3Afalse%2C%22from_shared%22%3Atrue%2C%22showAltTitle%22%3Atrue%2C%22altTitle%22%3A%22Lage%20ny%20klubb%22%7D%2C%7B%22link_type%22%3A%22page%22%2C%22blog_id%22%3A12%2C%22ID%22%3A1514%2C%22link%22%3A%22https%3A%2F%2Fbandyforbundet.no%2Fsorvest-bandyregion%2F%3Fpage_id%3D1514%22%2C%22image%22%3Afalse%2C%22featuredImage%22%3Afalse%2C%22from_shared%22%3Atrue%2C%22showAltTitle%22%3Afalse%2C%22altTitle%22%3A%22%22%7D%2C%7B%22link_type%22%3A%22page%22%2C%22blog_id%22%3A12%2C%22ID%22%3A5596%2C%22link%22%3A%22https%3A%2F%2Fbandyforbundet.no%2Fsorvest-bandyregion%2F%3Fpage_id%3D5596%22%2C%22image%22%3Afalse%2C%22featuredImage%22%3Afalse%2C%22from_shared%22%3Atrue%2C%22showAltTitle%22%3Afalse%2C%22altTitle%22%3A%22%22%7D%5D%7D\" ><\/div>\n\n\n<div class=\"wp-block-msswb-spacer msswb-spacer-container\" style=\"height:50px\"><div class=\"line\" style=\"height:25px\"><\/div><div class=\"line-center-divider\"><\/div><\/div>\n\n\n\n<p class=\"has-drop-cap\">Utviklingsavdelingen i S\u00f8rvest Bandyregion har ansvar for omr\u00e5dene Rogaland og Agder. Vi kan bist\u00e5 med det meste innen rekruttering, men det er viktig at vi har klubbene, spillerne og foreldrene med p\u00e5 laget.<br>Utviklingskonsulentene har et klart hovedfokus p\u00e5 \u00e5 rekruttere barn og unge, men samtidig er vi veldig klar over at det er foreldre som som oftest driver klubbene og er en forutsetning for kontinuiteten i aktivitetstilbudet.&nbsp;<br>Samtidig som vi kan bidra med mye er vi ofte avhengige av at klubbene tar kontakt direkte med oss. Det er vanskelig \u00e5 lukte seg frem til hvem som trenger st\u00f8tte til hva til enhver tid. Ikke n\u00f8l med \u00e5 ta kontakt med oss \u2013 uansett om det s\u00e5 bare er for en oppdatering p\u00e5 status i din klubb.<br>Vi ses ?<\/p>\n\n\n\n<div class=\"wp-block-msswb-spacer msswb-spacer-container\" style=\"height:50px\"><div class=\"line\" style=\"height:25px\"><\/div><div class=\"line-center-divider\"><\/div><\/div>\n\n\n\n<div class=\"wp-block-msswb-panel msswb-panel-container\"><div class=\"mwwsb-panel-header\"><div class=\"mwwsb-panel-title\">Kontakt Utviklingsavdelingen<\/div><div class=\"mwwsb-panel-icon\"><span class=\"dashicon dashicons dashicons-arrow-down-alt2\"><\/span><\/div><\/div><div class=\"msswb-panel-content\"><div class=\"msswb-display-internal-post-frontend-app-v2\" data-url-encoded-attrs=\"%7B%22displayInternalPost%22%3A%7B%22blog_id%22%3A12%2C%22ID%22%3A2649%7D%7D\" data-dip-id=\"\" ><\/div><\/div><\/div>\n\n\n\n<div class=\"wp-block-msswb-panel msswb-panel-container\"><div class=\"mwwsb-panel-header\"><div class=\"mwwsb-panel-title\">M\u00e5nedsbrev fra Utviklingsavdelingen<\/div><div class=\"mwwsb-panel-icon\"><span class=\"dashicon dashicons dashicons-arrow-down-alt2\"><\/span><\/div><\/div><div class=\"msswb-panel-content\">\n<p class=\"has-text-align-center\"><strong>Siste<\/strong> nytt<\/p>\n\n\n<div class=\"msswb-display-posts-frontend-app-v2\" data-url-encoded-attrs=\"%7B%22mode%22%3A%22grid%22%2C%22carouselHeight%22%3A500%2C%22carouselMax%22%3A10%2C%22startAnimation%22%3A%22start%22%2C%22design%22%3A%22msswbcard%22%2C%22hideExcerpt%22%3Afalse%2C%22filterDate%22%3A%22from2yearago%22%2C%22dateObj%22%3A%7B%22fromDate%22%3A%222%20year%20ago%22%2C%22toDate%22%3A%22%22%7D%2C%22scrollDirection%22%3A%22vertical%22%2C%22displayPostsFromCategories%22%3A%5B%7B%22blog_id%22%3A12%2C%22included%22%3A%5B191%5D%2C%22excluded%22%3A%5B%5D%7D%5D%2C%22displayPostsFromSharedCategories%22%3A%5B%5D%2C%22maxCols%22%3A3%7D\" ><\/div><\/div><\/div>\n\n\n\n<div class=\"wp-block-msswb-panel msswb-panel-container\"><div class=\"mwwsb-panel-header\"><div class=\"mwwsb-panel-title\">Hefter med \u00f8velser og inspirasjon<\/div><div class=\"mwwsb-panel-icon\"><span class=\"dashicon dashicons dashicons-arrow-down-alt2\"><\/span><\/div><\/div><div class=\"msswb-panel-content\"><div class=\"msswb-display-internal-post-frontend-app-v2\" data-url-encoded-attrs=\"%7B%22displayInternalPost%22%3A%7B%22blog_id%22%3A12%2C%22ID%22%3A6029%7D%7D\" data-dip-id=\"\" ><\/div><\/div><\/div>\n\n\n\n<div class=\"wp-block-msswb-spacer msswb-spacer-container\" style=\"height:50px\"><div class=\"line\" style=\"height:25px\"><\/div><div class=\"line-center-divider\"><\/div><\/div>\n\n\n\n<p class=\"has-text-align-center has-large-font-size\"><strong>Siste<\/strong> nytt<\/p>\n\n\n<div class=\"msswb-display-posts-frontend-app-v2\" data-url-encoded-attrs=\"%7B%22mode%22%3A%22grid%22%2C%22scrollDirection%22%3A%22vertical%22%2C%22displayPostsFromCategories%22%3A%5B%7B%22blog_id%22%3A12%2C%22included%22%3A%5B181%2C191%2C182%2C193%2C192%5D%2C%22excluded%22%3A%5B%5D%2C%22filterDate%22%3A%22from1yearago%22%2C%22dateObj%22%3A%7B%22fromDate%22%3A%221%20year%20ago%22%2C%22toDate%22%3A%22%22%7D%7D%5D%2C%22displayPostsFromSharedCategories%22%3A%5B%5D%2C%22maxCols%22%3A3%7D\" ><\/div>\n\n\n<div style=\"height:50px\" aria-hidden=\"true\" class=\"wp-block-spacer\"><\/div>\n\n\n\n<div class=\"wp-block-columns\">\n<div class=\"wp-block-column\">\n<h3 class=\"has-text-align-center wp-block-heading\">M\u00e5nedsbrev<\/h3>\n\n\n<div class=\"msswb-display-posts-frontend-app-v2\" data-url-encoded-attrs=\"%7B%22mode%22%3A%22list%22%2C%22scrollDirection%22%3A%22vertical%22%2C%22displayPostsFromCategories%22%3A%5B%7B%22blog_id%22%3A12%2C%22included%22%3A%5B191%5D%2C%22excluded%22%3A%5B%5D%7D%5D%2C%22displayPostsFromSharedCategories%22%3A%5B%5D%2C%22maxCols%22%3A4%7D\" ><\/div><\/div>\n\n\n\n<div class=\"wp-block-column\">\n<h3 class=\"has-text-align-center wp-block-heading\">Agder<\/h3>\n\n\n<div class=\"msswb-display-posts-frontend-app-v2\" data-url-encoded-attrs=\"%7B%22mode%22%3A%22list%22%2C%22scrollDirection%22%3A%22vertical%22%2C%22displayPostsFromCategories%22%3A%5B%7B%22blog_id%22%3A12%2C%22included%22%3A%5B182%5D%2C%22excluded%22%3A%5B%5D%7D%5D%2C%22displayPostsFromSharedCategories%22%3A%5B%5D%2C%22maxCols%22%3A4%7D\" ><\/div><\/div>\n\n\n\n<div class=\"wp-block-column\">\n<h3 class=\"has-text-align-center wp-block-heading\">Rogaland S\u00f8r<\/h3>\n\n\n<div class=\"msswb-display-posts-frontend-app-v2\" data-url-encoded-attrs=\"%7B%22mode%22%3A%22list%22%2C%22scrollDirection%22%3A%22vertical%22%2C%22displayPostsFromCategories%22%3A%5B%7B%22blog_id%22%3A12%2C%22included%22%3A%5B193%5D%2C%22excluded%22%3A%5B%5D%7D%5D%2C%22displayPostsFromSharedCategories%22%3A%5B%5D%2C%22maxCols%22%3A4%7D\" ><\/div><\/div>\n\n\n\n<div class=\"wp-block-column\">\n<h3 class=\"has-text-align-center wp-block-heading\">Rogaland Nord<\/h3>\n\n\n<div class=\"msswb-display-posts-frontend-app-v2\" data-url-encoded-attrs=\"%7B%22mode%22%3A%22list%22%2C%22scrollDirection%22%3A%22vertical%22%2C%22displayPostsFromCategories%22%3A%5B%7B%22blog_id%22%3A12%2C%22included%22%3A%5B192%5D%2C%22excluded%22%3A%5B%5D%7D%5D%2C%22displayPostsFromSharedCategories%22%3A%5B%5D%2C%22maxCols%22%3A4%7D\" ><\/div><\/div>\n<\/div>\n","protected":false},"excerpt":{"rendered":"<p>Utvikling i S\u00f8rvest Bandyregion Hovedm\u00e5let til Norges Bandyforbund er \u00f8kt medlemsvekst. Vi \u00f8nsker flere klubber, flere lag og flere spillere. For \u00e5 f\u00e5 til dette har vi utviklingskonsulenter ansatt rundt omkring i landet. Utviklingskonsulentene skal bist\u00e5 eksisterende klubber i sitt rekrutteringsarbeid, v\u00e6re aktive i arbeidet med \u00e5 f\u00e5 etablert nye klubber og samtidig v\u00e6re en [&hellip;]<\/p>\n","protected":false},"author":11,"featured_media":0,"parent":1415,"menu_order":0,"comment_status":"closed","ping_status":"closed","template":"templates\/template-cover.php","meta":{"cover_meta":"{\"showBackgroundImage\":true,\"bgImage\":{\"image_id\":2466,\"blog_id\":2,\"term_id\":159,\"selected_size\":\"full\"},\"showOverlay\":true,\"overlayColor\":\"#013754\",\"overlayOpacity\":0.5,\"showIntro\":true,\"introColor\":\"white\",\"intro\":\"Vi rekrutterer\",\"title\":\"Utvikling\",\"titleColor\":\"white\",\"showOutro\":true,\"outroColor\":\"white\",\"outro\":\"Vi inspirerer\"}","footnotes":""},"class_list":["post-1522","page","type-page","status-publish","hentry"],"_links":{"self":[{"href":"https:\/\/bandyforbundet.no\/sorvest-bandyregion\/index.php?rest_route=\/wp\/v2\/pages\/1522","targetHints":{"allow":["GET"]}}],"collection":[{"href":"https:\/\/bandyforbundet.no\/sorvest-bandyregion\/index.php?rest_route=\/wp\/v2\/pages"}],"about":[{"href":"https:\/\/bandyforbundet.no\/sorvest-bandyregion\/index.php?rest_route=\/wp\/v2\/types\/page"}],"author":[{"embeddable":true,"href":"https:\/\/bandyforbundet.no\/sorvest-bandyregion\/index.php?rest_route=\/wp\/v2\/users\/11"}],"replies":[{"embeddable":true,"href":"https:\/\/bandyforbundet.no\/sorvest-bandyregion\/index.php?rest_route=%2Fwp%2Fv2%2Fcomments&post=1522"}],"version-history":[{"count":27,"href":"https:\/\/bandyforbundet.no\/sorvest-bandyregion\/index.php?rest_route=\/wp\/v2\/pages\/1522\/revisions"}],"predecessor-version":[{"id":6149,"href":"https:\/\/bandyforbundet.no\/sorvest-bandyregion\/index.php?rest_route=\/wp\/v2\/pages\/1522\/revisions\/6149"}],"up":[{"embeddable":true,"href":"https:\/\/bandyforbundet.no\/sorvest-bandyregion\/index.php?rest_route=\/wp\/v2\/pages\/1415"}],"wp:attachment":[{"href":"https:\/\/bandyforbundet.no\/sorvest-bandyregion\/index.php?rest_route=%2Fwp%2Fv2%2Fmedia&parent=1522"}],"curies":[{"name":"wp","href":"https:\/\/api.w.org\/{rel}","templated":true}]}}