{"id":4434,"date":"2021-06-30T07:51:33","date_gmt":"2021-06-30T07:51:33","guid":{"rendered":"http:\/\/bandyforbundet.no\/sorvest-bandyregion\/?page_id=4434"},"modified":"2021-08-20T08:51:59","modified_gmt":"2021-08-20T08:51:59","slug":"strateg","status":"publish","type":"page","link":"https:\/\/bandyforbundet.no\/sorvest-bandyregion\/?page_id=4434","title":{"rendered":"Strategi &#8211; hovedside"},"content":{"rendered":"<div class=\"msswb-display-internal-post-frontend-app-v2\" data-url-encoded-attrs=\"%7B%22displayInternalPost%22%3A%7B%22blog_id%22%3A2%2C%22ID%22%3A1737%7D%7D\" data-dip-id=\"\" ><\/div>\n\n\n<div class=\"wp-block-msswb-spacer msswb-spacer-container\" style=\"height:50px\"><div class=\"line\" style=\"height:25px\"><\/div><div class=\"line-center-divider\"><\/div><\/div>\n\n\n\n<p>S\u00f8rvest Bandyregion sin langtidsplan og handlingsplan bytter p\u00e5 strategier og langtidsplaner til Norges Bandyforbund, Innebandyseksjonen, Bandyseksjonen og Landhockeyseksjonen. P\u00e5 lenkene under finner du S\u00f8rvest Bandyregion sin langtidsplan og handlingsplan for de ulike virksomhetsomr\u00e5dene.<\/p>\n\n\n\n<div class=\"wp-block-msswb-spacer msswb-spacer-container\" style=\"height:50px\"><div class=\"line\" style=\"height:25px\"><\/div><div class=\"line-center-divider\"><\/div><\/div>\n\n\n<div class=\"msswb-link-box-grid-frontend-app-v2\" data-url-encoded-attrs=\"%7B%22maxCols%22%3A3%2C%22showTitle%22%3Atrue%2C%22titleColor%22%3A%22%23ffffff%22%2C%22useColorBackground%22%3Atrue%2C%22bgColor%22%3A%22%23d45c5c%22%2C%22overlayColor%22%3A%7B%22r%22%3A69%2C%22g%22%3A126%2C%22b%22%3A191%2C%22a%22%3A0.1%7D%2C%22linkBoxes%22%3A%5B%7B%22link_type%22%3A%22page%22%2C%22blog_id%22%3A12%2C%22ID%22%3A4438%2C%22link%22%3A%22https%3A%2F%2Fbandyforbundet.no%2Fsorvest-bandyregion%2F%3Fpage_id%3D4438%22%2C%22image%22%3Afalse%2C%22featuredImage%22%3Afalse%2C%22from_shared%22%3Atrue%2C%22showAltTitle%22%3Atrue%2C%22altTitle%22%3A%22Dommer%22%7D%2C%7B%22link_type%22%3A%22page%22%2C%22blog_id%22%3A12%2C%22ID%22%3A4451%2C%22link%22%3A%22https%3A%2F%2Fbandyforbundet.no%2Fsorvest-bandyregion%2F%3Fpage_id%3D4451%22%2C%22image%22%3Afalse%2C%22featuredImage%22%3Afalse%2C%22from_shared%22%3Atrue%2C%22showAltTitle%22%3Atrue%2C%22altTitle%22%3A%22Trener%22%7D%2C%7B%22link_type%22%3A%22page%22%2C%22blog_id%22%3A12%2C%22ID%22%3A4461%2C%22link%22%3A%22https%3A%2F%2Fbandyforbundet.no%2Fsorvest-bandyregion%2F%3Fpage_id%3D4461%22%2C%22image%22%3Afalse%2C%22featuredImage%22%3Afalse%2C%22from_shared%22%3Atrue%2C%22showAltTitle%22%3Atrue%2C%22altTitle%22%3A%22Organisasjon%20og%20ledelse%22%7D%2C%7B%22link_type%22%3A%22page%22%2C%22blog_id%22%3A12%2C%22ID%22%3A4471%2C%22link%22%3A%22https%3A%2F%2Fbandyforbundet.no%2Fsorvest-bandyregion%2F%3Fpage_id%3D4471%22%2C%22image%22%3Afalse%2C%22featuredImage%22%3Afalse%2C%22from_shared%22%3Atrue%2C%22showAltTitle%22%3Atrue%2C%22altTitle%22%3A%22Arrangement%22%7D%2C%7B%22link_type%22%3A%22page%22%2C%22blog_id%22%3A12%2C%22ID%22%3A4475%2C%22link%22%3A%22https%3A%2F%2Fbandyforbundet.no%2Fsorvest-bandyregion%2F%3Fpage_id%3D4475%22%2C%22image%22%3Afalse%2C%22featuredImage%22%3Afalse%2C%22from_shared%22%3Atrue%2C%22showAltTitle%22%3Atrue%2C%22altTitle%22%3A%22Aktivitet%22%7D%2C%7B%22link_type%22%3A%22page%22%2C%22blog_id%22%3A12%2C%22ID%22%3A4813%2C%22link%22%3A%22https%3A%2F%2Fbandyforbundet.no%2Fsorvest-bandyregion%2F%3Fpage_id%3D4813%22%2C%22image%22%3Afalse%2C%22featuredImage%22%3Afalse%2C%22from_shared%22%3Atrue%2C%22showAltTitle%22%3Atrue%2C%22altTitle%22%3A%22Anlegg%22%7D%5D%7D\" ><\/div>\n\n\n<div class=\"wp-block-msswb-spacer msswb-spacer-container\" style=\"height:50px\"><div class=\"line\" style=\"height:25px\"><\/div><div class=\"line-center-divider\"><\/div><\/div>\n","protected":false},"excerpt":{"rendered":"<p>S\u00f8rvest Bandyregion sin langtidsplan og handlingsplan bytter p\u00e5 strategier og langtidsplaner til Norges Bandyforbund, Innebandyseksjonen, Bandyseksjonen og Landhockeyseksjonen. P\u00e5 lenkene under finner du S\u00f8rvest Bandyregion sin langtidsplan og handlingsplan for de ulike virksomhetsomr\u00e5dene.<\/p>\n","protected":false},"author":11,"featured_media":0,"parent":1415,"menu_order":0,"comment_status":"closed","ping_status":"closed","template":"templates\/template-cover.php","meta":{"cover_meta":"{\"showBackgroundImage\":true,\"bgImage\":{\"image_id\":480,\"blog_id\":12,\"term_id\":208,\"selected_size\":\"full\"},\"showOverlay\":true,\"overlayColor\":\"#02354e\",\"overlayOpacity\":0.7,\"showIntro\":true,\"introColor\":\"white\",\"intro\":\"S\u00f8rvest Bandyregion\",\"title\":\"Langtidsplan\",\"titleColor\":\"white\",\"showOutro\":true,\"outroColor\":\"white\",\"outro\":\"og handlingsplan\"}","footnotes":""},"class_list":["post-4434","page","type-page","status-publish","hentry"],"_links":{"self":[{"href":"https:\/\/bandyforbundet.no\/sorvest-bandyregion\/index.php?rest_route=\/wp\/v2\/pages\/4434","targetHints":{"allow":["GET"]}}],"collection":[{"href":"https:\/\/bandyforbundet.no\/sorvest-bandyregion\/index.php?rest_route=\/wp\/v2\/pages"}],"about":[{"href":"https:\/\/bandyforbundet.no\/sorvest-bandyregion\/index.php?rest_route=\/wp\/v2\/types\/page"}],"author":[{"embeddable":true,"href":"https:\/\/bandyforbundet.no\/sorvest-bandyregion\/index.php?rest_route=\/wp\/v2\/users\/11"}],"replies":[{"embeddable":true,"href":"https:\/\/bandyforbundet.no\/sorvest-bandyregion\/index.php?rest_route=%2Fwp%2Fv2%2Fcomments&post=4434"}],"version-history":[{"count":25,"href":"https:\/\/bandyforbundet.no\/sorvest-bandyregion\/index.php?rest_route=\/wp\/v2\/pages\/4434\/revisions"}],"predecessor-version":[{"id":5083,"href":"https:\/\/bandyforbundet.no\/sorvest-bandyregion\/index.php?rest_route=\/wp\/v2\/pages\/4434\/revisions\/5083"}],"up":[{"embeddable":true,"href":"https:\/\/bandyforbundet.no\/sorvest-bandyregion\/index.php?rest_route=\/wp\/v2\/pages\/1415"}],"wp:attachment":[{"href":"https:\/\/bandyforbundet.no\/sorvest-bandyregion\/index.php?rest_route=%2Fwp%2Fv2%2Fmedia&parent=4434"}],"curies":[{"name":"wp","href":"https:\/\/api.w.org\/{rel}","templated":true}]}}