{"id":5588,"date":"2021-09-10T07:30:04","date_gmt":"2021-09-10T07:30:04","guid":{"rendered":"http:\/\/bandyforbundet.no\/sorvest-bandyregion\/?page_id=5588"},"modified":"2022-09-07T12:18:06","modified_gmt":"2022-09-07T12:18:06","slug":"rekruttere-utovere","status":"publish","type":"page","link":"https:\/\/bandyforbundet.no\/sorvest-bandyregion\/?page_id=5588","title":{"rendered":"Rekruttere ut\u00f8vere"},"content":{"rendered":"\n<div class=\"wp-block-msswb-spacer msswb-spacer-container\" style=\"height:50px\"><div class=\"line\" style=\"height:25px\"><\/div><div class=\"line-center-divider\"><\/div><\/div>\n\n\n\n<h2 class=\"wp-block-heading\">Rekruttere ut\u00f8vere<\/h2>\n\n\n\n<p>\u00c5 rekruttere ut\u00f8vere er det f\u00f8rste man tenker p\u00e5 med en klubb. For hva har man dersom man ikke har noen aktive som ut\u00f8ver aktiviteten? Her har vi i Utviklingsavdelingen lang erfaring med hvordan vi skal bidra til at klubbene f\u00e5r markedsf\u00f8rt sin idrett i skolene i n\u00e6rheten. Skolebes\u00f8k er noe vi gj\u00f8r mest av og som vi har sv\u00e6rt gode erfaringer med. For \u00e5 f\u00e5 \u00f8kt medlemsmassen blant de yngste er skolebes\u00f8ket ofte n\u00f8kkelen. Det er klubben selv som avgj\u00f8r hvilke alderstrinn man \u00f8nsker \u00e5 rekruttere fra, men p\u00e5 generelt grunnlag anbefaler vi barneskoletrinnene. Her er det enklest \u00e5 f\u00e5 barna til \u00e5 begynne med en ny idrett \u2013 og det er ogs\u00e5 lettest \u00e5 f\u00e5 med aktive foresatte.<\/p>\n\n\n\n<div class=\"wp-block-msswb-spacer msswb-spacer-container\" style=\"height:50px\"><div class=\"line\" style=\"height:25px\"><\/div><div class=\"line-center-divider\"><\/div><\/div>\n\n\n\n<div class=\"wp-block-msswb-panel msswb-panel-container\"><div class=\"mwwsb-panel-header\"><div class=\"mwwsb-panel-title\">Hva kan klubben klubbene gj\u00f8re selv?<\/div><div class=\"mwwsb-panel-icon\"><span class=\"dashicon dashicons dashicons-arrow-down-alt2\"><\/span><\/div><\/div><div class=\"msswb-panel-content\">\n<ul class=\"wp-block-list\"><li>Mangler dere spillere &#8211; heng opp plakater i n\u00e6rmilj\u00f8let og p\u00e5 skoler<\/li><li>Inviter lokale fotball, h\u00e5ndball eller andre idretter til vennskapskamp<\/li><li>Ta kontakt i lokale medier<\/li><li>Bruk sosiale medier<\/li><li>Del ut flyers med deres klubbtilbud<\/li><li>Ta med en venn p\u00e5 trening<\/li><\/ul>\n<\/div><\/div>\n\n\n\n<div class=\"wp-block-msswb-spacer msswb-spacer-container\" style=\"height:50px\"><div class=\"line\" style=\"height:25px\"><\/div><div class=\"line-center-divider\"><\/div><\/div>\n\n\n\n<div class=\"wp-block-columns\">\n<div class=\"wp-block-column\">\n<h2 class=\"wp-block-heading\">Hvilke tiltak har vi?<\/h2>\n\n\n\n<div class=\"wp-block-msswb-panel msswb-panel-container\"><div class=\"mwwsb-panel-header\"><div class=\"mwwsb-panel-title\">Skolebes\u00f8k<\/div><div class=\"mwwsb-panel-icon\"><span class=\"dashicon dashicons dashicons-arrow-down-alt2\"><\/span><\/div><\/div><div class=\"msswb-panel-content\">\n<p><em>Det mest grunnleggende og effektive tiltaket vi kan tilby klubber som \u00f8nsker \u00e5 rekruttere barn.<\/em><\/p>\n\n\n\n<p><strong>M\u00e5lgruppe:<\/strong>&nbsp;Barn i n\u00e6rmilj\u00f8et til en bestemt klubb i en viss alder som man \u00f8nsker skal introduseres for innebandy. gj\u00f8res ofte trinnvis p\u00e5 et utvalg av skoler.<br><strong>L\u00e6ringsm\u00e5l:&nbsp;<\/strong>Barna opplever at innebandy er s\u00e5 artig at man \u00f8nsker \u00e5 starte med\/pr\u00f8ve ut idretten i idrettslaget<br><strong>Varighet:<\/strong>&nbsp;En gymtime pr. klasse<br><strong>Pris:&nbsp;<\/strong>Gratis \u2013 dette er utviklingskonsulentens kjerneoppgave.<\/p>\n<\/div><\/div>\n\n\n\n<div class=\"wp-block-msswb-panel msswb-panel-container\"><div class=\"mwwsb-panel-header\"><div class=\"mwwsb-panel-title\">Nybegynnerkurs<\/div><div class=\"mwwsb-panel-icon\"><span class=\"dashicon dashicons dashicons-arrow-down-alt2\"><\/span><\/div><\/div><div class=\"msswb-panel-content\">\n<p><em>Etter skolebes\u00f8k starter aktiviteten i klubben. Her m\u00e5 fast treningstid v\u00e6re p\u00e5 plass til lagene. Som oftest er klubben avhengig av at foresatte tar p\u00e5 seg roller som trenere\/lagledere. I et nybegynnerkurs s\u00e5 tar NBF p\u00e5 seg trenerrollen p\u00e5 lagets treninger i 5 uker. Etter dette m\u00e5 foresatte ta over denne rollen. Det er viktig \u00e5 p\u00e5peke at foresatte m\u00e5 v\u00e6re med v\u00e5r instrukt\u00f8r i disse ukene, men vi kan lede aktiviteten. Forh\u00e5pentligvis vil dette gi nok kompetanse til foresatte om \u00e5 \u00abta over\u00bb aktiviteten p\u00e5 fast basis etter disse ukene.<\/em>&nbsp;vi tilbyr ogs\u00e5 kurset \u00abVelkommen til innebandy\u00bb i etterkant av disse ukene.<\/p>\n\n\n\n<p><strong>M\u00e5lgruppe og l\u00e6ringsm\u00e5l:&nbsp;<\/strong>Aktiviteten er for barna, men hovedm\u00e5let er at foresatte gjennom kurset kan overta som trenere\/lagledere etter disse ukene med \u00abinnleid\u00bb trenere.<br><strong>Varighet:<\/strong>&nbsp;En dag i uka i inntil 5 uker<br><strong>Pris:&nbsp;<\/strong>Dette b\u00f8r v\u00e6re gratis for deltakerne. Vi anbefaler dog at innmelding i klubb \u2013 og innbetaling av medlemsklubb gj\u00f8res slik at man f\u00e5r registrert ut\u00f8verne som medlemmer. Klubben betaler ingenting til forbundet for disse ukene.<\/p>\n<\/div><\/div>\n\n\n\n<div class=\"wp-block-msswb-panel msswb-panel-container\"><div class=\"mwwsb-panel-header\"><div class=\"mwwsb-panel-title\">Camper<\/div><div class=\"mwwsb-panel-icon\"><span class=\"dashicon dashicons dashicons-arrow-down-alt2\"><\/span><\/div><\/div><div class=\"msswb-panel-content\">\n<p>Vi har camper i h\u00f8stferier, vinterferier og sommerferier. Vi legger ut informasjon om campene p\u00e5 v\u00e5re nettsider. I motsetning til mange andre idretter<\/p>\n<\/div><\/div>\n<\/div>\n\n\n\n<div class=\"wp-block-column\">\n<h2 class=\"wp-block-heading\">Om skolebes\u00f8ket<\/h2>\n\n\n\n<div class=\"wp-block-msswb-panel msswb-panel-container\"><div class=\"mwwsb-panel-header\"><div class=\"mwwsb-panel-title\">Om skolebes\u00f8ket<\/div><div class=\"mwwsb-panel-icon\"><span class=\"dashicon dashicons dashicons-arrow-down-alt2\"><\/span><\/div><\/div><div class=\"msswb-panel-content\">\n<p>Selv om det er Utviklingskonsulentene som utf\u00f8rer selve bes\u00f8ket p\u00e5 skolen s\u00e5 er det viktig at klubben har gjort noe arbeid i forkant, og er klar for \u00e5 ta imot barna som \u00f8nsker \u00e5 pr\u00f8ve ut innebandy i etterkant. Under f\u00f8lger en oppskrift p\u00e5 hva som m\u00e5 v\u00e6re klart f\u00f8r og etter skolebes\u00f8ket.<\/p>\n<\/div><\/div>\n\n\n\n<div class=\"wp-block-msswb-panel msswb-panel-container\"><div class=\"mwwsb-panel-header\"><div class=\"mwwsb-panel-title\">F\u00f8r skolebes\u00f8ket<\/div><div class=\"mwwsb-panel-icon\"><span class=\"dashicon dashicons dashicons-arrow-down-alt2\"><\/span><\/div><\/div><div class=\"msswb-panel-content\">\n<ol class=\"wp-block-list\"><li>Klubben tar kontakt med Utviklingskonsulent med tanke p\u00e5 skolebes\u00f8k. Klubben m\u00e5 ha en plan for hvilke skoler og hvilke trinn man \u00f8nsker \u00e5 rekruttere fra.<\/li><li>Utviklingskonsulenten avtaler med skolen tidspunkt for skolebes\u00f8k<\/li><li>Klubben m\u00e5 lage et informasjonsskriv om innebandyaktiviteten i klubben som skal deles ut til alle elever p\u00e5 selve skolebes\u00f8ket<\/li><li>Det er viktig at klubben har en treningstid til de ulike gruppene man da \u00f8nsker skal starte med innebandy.<\/li><\/ol>\n<\/div><\/div>\n\n\n\n<div class=\"wp-block-msswb-panel msswb-panel-container\"><div class=\"mwwsb-panel-header\"><div class=\"mwwsb-panel-title\">Etter skolebes\u00f8ket<\/div><div class=\"mwwsb-panel-icon\"><span class=\"dashicon dashicons dashicons-arrow-down-alt2\"><\/span><\/div><\/div><div class=\"msswb-panel-content\">\n<ol class=\"wp-block-list\"><li>Avtal med Utviklingskonsulenten at man avholder et nybegynnerkurs s\u00e5 tidlig som mulig etter skolebes\u00f8k.<\/li><li>Viktig at klubben har satt av en fast treningstid til de som \u00f8nsker \u00e5 starte<\/li><li>Avhold et foreldrem\u00f8te samtidig som barna er p\u00e5 trening nr. 1 eller 2.&nbsp;<\/li><li>Kommuniser at det er viktig at de foresatte bidrar i klubben for at aktiviteten skal videref\u00f8res. Her trengs b\u00e5de trenere\/lagledere etc.<\/li><\/ol>\n<\/div><\/div>\n<\/div>\n<\/div>\n\n\n\n<div class=\"wp-block-msswb-spacer msswb-spacer-container\" style=\"height:50px\"><div class=\"line\" style=\"height:25px\"><\/div><div class=\"line-center-divider\"><\/div><\/div>\n\n\n\n<p class=\"has-drop-cap has-white-normal-color has-black-normal-background-color has-text-color has-background\">Dette er den prim\u00e6re tiltakspakken vi har for \u00e5 bist\u00e5 klubbene med \u00e5 rekruttere ut\u00f8vere. Alt dette er klubbstyrt \u2013 vi stiller med personell til \u00e5 gj\u00f8re den f\u00f8rste rekrutteringsfasen. Det er viktig \u00e5 huske p\u00e5 at en ting er \u00e5 f\u00e5 rekruttert de inn til den f\u00f8rste klubbtreningen i fra skolebes\u00f8ket \u2013 mens det er helt opp til klubben om man klarer \u00e5 beholde disse ut\u00f8verne uke etter uke. N\u00f8kkelen her trenere\/lagledere og et sosialt godt milj\u00f8. F\u00e5r man til dette i alle klubbens ulike lag er man godt p\u00e5 vei. Vi anbefaler alle klubber \u00e5 jobbe for \u00e5 \u00f8ke rekrutteringen \u2013 og vi i NBF skal selvf\u00f8lgelig bist\u00e5. Kontakt oss n\u00e5!<\/p>\n\n\n\n<div class=\"wp-block-msswb-spacer msswb-spacer-container\" style=\"height:50px\"><div class=\"line\" style=\"height:25px\"><\/div><div class=\"line-center-divider\"><\/div><\/div>\n\n\n\n<div class=\"wp-block-msswb-panel msswb-panel-container\"><div class=\"mwwsb-panel-header\"><div class=\"mwwsb-panel-title\">Kontaktinformasjon Utviklingsavdelingen SVBR<\/div><div class=\"mwwsb-panel-icon\"><span class=\"dashicon dashicons dashicons-arrow-down-alt2\"><\/span><\/div><\/div><div class=\"msswb-panel-content\"><div class=\"msswb-display-internal-post-frontend-app-v2\" data-url-encoded-attrs=\"%7B%22displayInternalPost%22%3A%7B%22blog_id%22%3A12%2C%22ID%22%3A2649%7D%7D\" data-dip-id=\"\" ><\/div><\/div><\/div>\n","protected":false},"excerpt":{"rendered":"<p>Rekruttere ut\u00f8vere \u00c5 rekruttere ut\u00f8vere er det f\u00f8rste man tenker p\u00e5 med en klubb. For hva har man dersom man ikke har noen aktive som ut\u00f8ver aktiviteten? Her har vi i Utviklingsavdelingen lang erfaring med hvordan vi skal bidra til at klubbene f\u00e5r markedsf\u00f8rt sin idrett i skolene i n\u00e6rheten. Skolebes\u00f8k er noe vi gj\u00f8r [&hellip;]<\/p>\n","protected":false},"author":11,"featured_media":0,"parent":1522,"menu_order":0,"comment_status":"closed","ping_status":"closed","template":"","meta":{"cover_meta":"","footnotes":""},"class_list":["post-5588","page","type-page","status-publish","hentry"],"_links":{"self":[{"href":"https:\/\/bandyforbundet.no\/sorvest-bandyregion\/index.php?rest_route=\/wp\/v2\/pages\/5588","targetHints":{"allow":["GET"]}}],"collection":[{"href":"https:\/\/bandyforbundet.no\/sorvest-bandyregion\/index.php?rest_route=\/wp\/v2\/pages"}],"about":[{"href":"https:\/\/bandyforbundet.no\/sorvest-bandyregion\/index.php?rest_route=\/wp\/v2\/types\/page"}],"author":[{"embeddable":true,"href":"https:\/\/bandyforbundet.no\/sorvest-bandyregion\/index.php?rest_route=\/wp\/v2\/users\/11"}],"replies":[{"embeddable":true,"href":"https:\/\/bandyforbundet.no\/sorvest-bandyregion\/index.php?rest_route=%2Fwp%2Fv2%2Fcomments&post=5588"}],"version-history":[{"count":12,"href":"https:\/\/bandyforbundet.no\/sorvest-bandyregion\/index.php?rest_route=\/wp\/v2\/pages\/5588\/revisions"}],"predecessor-version":[{"id":7731,"href":"https:\/\/bandyforbundet.no\/sorvest-bandyregion\/index.php?rest_route=\/wp\/v2\/pages\/5588\/revisions\/7731"}],"up":[{"embeddable":true,"href":"https:\/\/bandyforbundet.no\/sorvest-bandyregion\/index.php?rest_route=\/wp\/v2\/pages\/1522"}],"wp:attachment":[{"href":"https:\/\/bandyforbundet.no\/sorvest-bandyregion\/index.php?rest_route=%2Fwp%2Fv2%2Fmedia&parent=5588"}],"curies":[{"name":"wp","href":"https:\/\/api.w.org\/{rel}","templated":true}]}}